{"id":72,"date":"2025-06-21T18:27:30","date_gmt":"2025-06-21T18:27:30","guid":{"rendered":"https:\/\/digitalbusinessdeveloper.com\/saude\/services-details-goldengrace\/"},"modified":"2025-06-29T21:29:55","modified_gmt":"2025-06-29T21:29:55","slug":"servico-1","status":"publish","type":"page","link":"https:\/\/digitalbusinessdeveloper.com\/saude\/servico-1\/","title":{"rendered":"Servi\u00e7o 1"},"content":{"rendered":"<div  class=\"tpgb-container-row tpgb-block-4f95_72    alignfull  tpgb-container-inline  tpgb-container-full \" data-id=\"4f95_72 \"   >\n<div  class=\"tpgb-wrap-411d_72   tpgb-anim-dur-normal tpgb-view-animation\" data-animationSetting='{&quot;anime&quot;:{&quot;md&quot;:&quot;fadeIn&quot;,&quot;sm&quot;:&quot;&quot;,&quot;xs&quot;:&quot;&quot;}}' ><div  class=\"tpgb-heading-title tpgb-relative-block heading_style tpgb-block-411d_72  heading-style-1\"><div class=\"sub-style\"><div class=\"sub-heading \"><h6 class=\"heading-sub-title\">Servi\u00e7o 1<\/h6><\/div><div class=\"head-title \"><h1 class=\"heading-title\">Servi\u00e7os Personalizados de Sa\u00fade Domiciliar<\/h1><\/div><\/div><\/div><\/div>\n\n<div  class=\"tpgb-container-row tpgb-block-c559_72    alignwide  tpgb-container-inline  tpgb-container-wide \" data-id=\"c559_72 \"   ><div class=\"tpgb-cont-in\">\n\n<div class=\"tpgb-wrap-7190_72 tpgb-position-absolute tpgb-tab-position-absolute tpgb-mobile-position-absolute\"><div class=\"wp-block-tpgb-tp-image tpgb-image tpgb-block-7190_72\"><figure class=\"tpgb-figure\"><img decoding=\"async\" width=\"1140\" height=\"488\" src=\"https:\/\/digitalbusinessdeveloper.com\/saude\/wp-content\/uploads\/2025\/06\/service-details.png\" alt=\"\" class=\"tpgb-img-inner wp-image-29\" loading=\"lazy\" srcset=\"https:\/\/digitalbusinessdeveloper.com\/saude\/wp-content\/uploads\/2025\/06\/service-details.png 1140w, https:\/\/digitalbusinessdeveloper.com\/saude\/wp-content\/uploads\/2025\/06\/service-details-300x128.png 300w, https:\/\/digitalbusinessdeveloper.com\/saude\/wp-content\/uploads\/2025\/06\/service-details-1024x438.png 1024w, https:\/\/digitalbusinessdeveloper.com\/saude\/wp-content\/uploads\/2025\/06\/service-details-768x329.png 768w\" sizes=\"auto, (max-width: 1140px) 100vw, 1140px\" \/><\/figure><\/div><\/div>\n\n<\/div><\/div>\n<\/div>\n\n<div  class=\"tpgb-container-row tpgb-block-718d_72    alignwide  tpgb-container-inline  tpgb-container-wide \" data-id=\"718d_72 \"   ><div class=\"tpgb-cont-in\">\n<div  class=\"tpgb-container-row tpgb-block-c592_72    alignfull   tpgb-container-full \" data-id=\"c592_72 \"   >\n<div class=\"tpgb-container-col tpgb-block-c7b2_72 \" data-id=\"c7b2_72\"  >\n\n<h2 class=\"wp-block-tpgb-tp-heading tp-core-heading tpgb-block-1411_72\">Cuidados P\u00f3s-Cir\u00fargicos<\/h2>\n\n\n\n<div class=\"wp-block-tpgb-tp-image tpgb-image tpgb-block-e27d_72\"><figure class=\"tpgb-figure\"><img decoding=\"async\" width=\"726\" height=\"459\" src=\"https:\/\/digitalbusinessdeveloper.com\/saude\/wp-content\/uploads\/2025\/06\/young-doctor-gesturing-thumb-up-elderly-patient-1.png\" alt=\"\" class=\"tpgb-img-inner wp-image-67\" loading=\"lazy\" srcset=\"https:\/\/digitalbusinessdeveloper.com\/saude\/wp-content\/uploads\/2025\/06\/young-doctor-gesturing-thumb-up-elderly-patient-1.png 726w, https:\/\/digitalbusinessdeveloper.com\/saude\/wp-content\/uploads\/2025\/06\/young-doctor-gesturing-thumb-up-elderly-patient-1-300x190.png 300w\" sizes=\"auto, (max-width: 726px) 100vw, 726px\" \/><\/figure><\/div>\n\n\n\n<div class=\"tpgb-pro-paragraph tpgb-block-e350_72\"><div class=\"pro-paragraph-inner\"><p>Os cuidados p\u00f3s-cir\u00fargicos s\u00e3o essenciais para garantir uma recupera\u00e7\u00e3o tranquila e bem-sucedida. A jornada para a cura envolve aten\u00e7\u00e3o cuidadosa \u00e0s necessidades f\u00edsicas, emocionais e alimentares, assim como monitoramento constante do local da cirurgia e da sa\u00fade geral. Os primeiros dias ap\u00f3s a cirurgia exigem vigil\u00e2ncia extra; \u00e9 importante manter a \u00e1rea cir\u00fargica limpa, seguir as orienta\u00e7\u00f5es do m\u00e9dico para troca de curativos e observar quaisquer sinais de infec\u00e7\u00e3o, como vermelhid\u00e3o, incha\u00e7o ou secre\u00e7\u00e3o incomum.<\/p><\/div><\/div>\n\n\n\n<div class=\"tpgb-pro-paragraph tpgb-block-a28d_72\"><div class=\"pro-paragraph-inner\"><p>O manejo da dor tamb\u00e9m \u00e9 crucial durante esse per\u00edodo. Seguindo os m\u00e9todos prescritos para al\u00edvio da dor\u2014seja medica\u00e7\u00e3o, exerc\u00edcios suaves ou aplica\u00e7\u00e3o de compressas frias\u2014os pacientes podem controlar o desconforto de forma eficaz, permitindo que descansem e se recuperem com mais conforto.<\/p><\/div><\/div>\n\n\n\n<div class=\"tpgb-pro-paragraph tpgb-block-0f6d_72\"><div class=\"pro-paragraph-inner\"><p>Ap\u00f3s a cirurgia, cuidados p\u00f3s-operat\u00f3rios abrangentes s\u00e3o essenciais para garantir uma recupera\u00e7\u00e3o segura e confort\u00e1vel, reduzir o risco de complica\u00e7\u00f5es e promover a cura geral. Os detalhes a seguir cobrem \u00e1reas importantes dos cuidados p\u00f3s-cir\u00fargicos, incluindo manejo da ferida, controle da dor, nutri\u00e7\u00e3o, mobilidade, bem-estar emocional e acompanhamento.<\/p><\/div><\/div>\n\n\n\n<h3 class=\"wp-block-tpgb-tp-heading tp-core-heading tpgb-block-5050_72\">Nossa instala\u00e7\u00e3o<\/h3>\n\n\n<div class=\"tpgb-stylist-list tpgb-relative-block tpgb-block-908e_72  align-left  \" ><div class=\"tpgb-icon-list-items d-flex-center\"><div id=\"tooltip69ecdf026a200\" class=\"tpgb-icon-list-item tp-repeater-item-j04r active\"  ><div class=\"tpgb-icon-list-icon\"><i class=\"list-icon fas fa-circle\" aria-hidden=\"true\"><\/i><\/div><div class=\"tpgb-icon-list-text\"><p>Controle da Dor e Cuidados com Feridas<\/p><\/div><\/div><div id=\"tooltip69ecdf026a20b\" class=\"tpgb-icon-list-item tp-repeater-item-k1y9 \"  ><div class=\"tpgb-icon-list-icon\"><i class=\"list-icon fas fa-circle\" aria-hidden=\"true\"><\/i><\/div><div class=\"tpgb-icon-list-text\"><p>Dieta e Preven\u00e7\u00e3o de Co\u00e1gulos Sangu\u00edneos<\/p><\/div><\/div><div id=\"tooltip69ecdf026a212\" class=\"tpgb-icon-list-item tp-repeater-item-t781 \"  ><div class=\"tpgb-icon-list-icon\"><i class=\"list-icon fas fa-circle\" aria-hidden=\"true\"><\/i><\/div><div class=\"tpgb-icon-list-text\"><p>Atividade F\u00edsica e Mobilidade<\/p><\/div><\/div><div id=\"tooltip69ecdf026a219\" class=\"tpgb-icon-list-item tp-repeater-item-7ynb \"  ><div class=\"tpgb-icon-list-icon\"><i class=\"list-icon fas fa-circle\" aria-hidden=\"true\"><\/i><\/div><div class=\"tpgb-icon-list-text\"><p>Apoio Mental e Emocional<\/p><\/div><\/div><div id=\"tooltip69ecdf026a21e\" class=\"tpgb-icon-list-item tp-repeater-item-f3sd \"  ><div class=\"tpgb-icon-list-icon\"><i class=\"list-icon fas fa-circle\" aria-hidden=\"true\"><\/i><\/div><div class=\"tpgb-icon-list-text\"><p>Higiene e Preven\u00e7\u00e3o de Infec\u00e7\u00f5es<\/p><\/div><\/div><\/div><\/div>\n<\/div>\n\n<div class=\"tpgb-container-col tpgb-block-cc1f_72 \" data-id=\"cc1f_72\"  >\n\n<h3 class=\"wp-block-tpgb-tp-heading tp-core-heading tpgb-block-a5ac_72\">Categoria<\/h3>\n\n\n<div  class=\"tpgb-container-row tpgb-block-d8e2_72    alignwide  tpgb-container-inline  tpgb-container-wide \" data-id=\"d8e2_72 \"   ><div class=\"tpgb-cont-in\">\n<div class=\"tpgb-plus-button tpgb-relative-block tpgb-block-77b6_72 button-style-10   \"><div class=\"animted-content-inner\"><a href=\"#\"   class=\"button-link-wrap     \" role=\"button\" aria-label=\"Cuidados P\u00f3s-Cir\u00fargicos\" data-hover=\"Click Here\" ><span>Cuidados P\u00f3s-Cir\u00fargicos<\/span><\/a><\/div><\/div>\n\n<div class=\"tpgb-plus-button tpgb-relative-block tpgb-block-5d05_72 button-style-10   \"><div class=\"animted-content-inner\"><a href=\"#\"   class=\"button-link-wrap     \" role=\"button\" aria-label=\"Servi\u00e7os de Cuidados para Idosos\" data-hover=\"Click Here\" ><span>Servi\u00e7os de Cuidados para Idosos<\/span><\/a><\/div><\/div>\n\n<div class=\"tpgb-plus-button tpgb-relative-block tpgb-block-e2df_72 button-style-10   \"><div class=\"animted-content-inner\"><a href=\"#\"   class=\"button-link-wrap     \" role=\"button\" aria-label=\"Cuidados Pessoais\" data-hover=\"Click Here\" ><span>Cuidados Pessoais<\/span><\/a><\/div><\/div>\n\n<div class=\"tpgb-plus-button tpgb-relative-block tpgb-block-7ede_72 button-style-10   \"><div class=\"animted-content-inner\"><a href=\"#\"   class=\"button-link-wrap     \" role=\"button\" aria-label=\"Enfermagem Especializada\" data-hover=\"Click Here\" ><span>Enfermagem Especializada<\/span><\/a><\/div><\/div>\n\n<div class=\"tpgb-plus-button tpgb-relative-block tpgb-block-ce6f_72 button-style-10   \"><div class=\"animted-content-inner\"><a href=\"#\"   class=\"button-link-wrap     \" role=\"button\" aria-label=\"Suporte 24 horas por dia, 7 dias por semana\" data-hover=\"Click Here\" ><span>Suporte 24 horas por dia, 7 dias por semana<\/span><\/a><\/div><\/div>\n\n<div class=\"tpgb-plus-button tpgb-relative-block tpgb-block-7745_72 button-style-10   \"><div class=\"animted-content-inner\"><a href=\"#\"   class=\"button-link-wrap     \" role=\"button\" aria-label=\"Cuidados de Fim de Vida\" data-hover=\"Click Here\" ><span>Cuidados de Fim de Vida<\/span><\/a><\/div><\/div>\n\n<div class=\"tpgb-plus-button tpgb-relative-block tpgb-block-f2ae_72 button-style-10   \"><div class=\"animted-content-inner\"><a href=\"#\"   class=\"button-link-wrap     \" role=\"button\" aria-label=\"Cuidados para Necessidades Especiais\" data-hover=\"Click Here\" ><span>Cuidados para Necessidades Especiais<\/span><\/a><\/div><\/div>\n\n<div class=\"tpgb-plus-button tpgb-relative-block tpgb-block-5fac_72 button-style-10   \"><div class=\"animted-content-inner\"><a href=\"#\"   class=\"button-link-wrap     \" role=\"button\" aria-label=\"Alta Hospitalar\" data-hover=\"Click Here\" ><span>Alta Hospitalar<\/span><\/a><\/div><\/div>\n<\/div><\/div>\n\n<div  class=\"tpgb-container-row tpgb-block-2394_72    alignwide  tpgb-container-inline  tpgb-container-wide \" data-id=\"2394_72 \"   ><div class=\"tpgb-cont-in\">\n<div  class=\"tpgb-heading-title tpgb-relative-block heading_style tpgb-block-da87_72  heading-style-1\"><div class=\"sub-style\"><div class=\"head-title \"><h3 class=\"heading-title\">Baixar Guias de Cuidados<\/h3><\/div><div class=\"sub-heading \"><p class=\"heading-sub-title\">PDF <\/p><\/div><\/div><\/div>\n<\/div><\/div>\n<\/div>\n<\/div>\n\n\n<div class=\"tpgb-pro-paragraph tpgb-block-a4ed_72\"><div class=\"pro-paragraph-inner\"><p>O apoio emocional \u00e9 igualmente importante nos cuidados p\u00f3s-cir\u00fargicos. A recupera\u00e7\u00e3o pode ser desafiadora, e os pacientes podem sentir frustra\u00e7\u00e3o, ansiedade ou at\u00e9 depress\u00e3o, especialmente se enfrentarem restri\u00e7\u00f5es de mobilidade ou nas atividades di\u00e1rias. Familiares e cuidadores desempenham um papel importante, oferecendo encorajamento, ajudando nas tarefas di\u00e1rias e mantendo o paciente focado nas metas de recupera\u00e7\u00e3o.<\/p><\/div><\/div>\n\n\n\n<div class=\"tpgb-pro-paragraph tpgb-block-66ad_72\"><div class=\"pro-paragraph-inner\"><p>A nutri\u00e7\u00e3o desempenha um papel vital na recupera\u00e7\u00e3o, por isso recomenda-se uma dieta rica em prote\u00ednas, vitaminas e minerais para apoiar a repara\u00e7\u00e3o dos tecidos e a fun\u00e7\u00e3o imunol\u00f3gica. Manter-se hidratado tamb\u00e9m ajuda na cicatriza\u00e7\u00e3o e pode prevenir complica\u00e7\u00f5es como a constipa\u00e7\u00e3o, que \u00e9 um efeito colateral comum de certos medicamentos para dor. As consultas de acompanhamento devem ser priorizadas para monitorar o progresso, tratar quaisquer preocupa\u00e7\u00f5es e ajustar os cuidados conforme necess\u00e1rio. Por meio de um cuidado atento e hol\u00edstico, a fase p\u00f3s-cir\u00fargica pode ser gerenciada de forma eficaz, estabelecendo a base para uma recupera\u00e7\u00e3o saud\u00e1vel e completa.<\/p><\/div><\/div>\n\n\n\n<div class=\"tpgb-pro-paragraph tpgb-block-c3f0_72\"><div class=\"pro-paragraph-inner\"><p>Em resumo, os cuidados p\u00f3s-cir\u00fargicos s\u00e3o um processo multifacetado que envolve aten\u00e7\u00e3o constante \u00e0s necessidades f\u00edsicas e emocionais. Seguindo o plano de cuidados recomendado, mantendo comunica\u00e7\u00e3o aberta com a equipe de sa\u00fade e promovendo um ambiente de apoio, o processo de recupera\u00e7\u00e3o pode ser mais tranquilo e eficaz. Com cuidados diligentes, voc\u00ea pode ajudar a prevenir complica\u00e7\u00f5es e apoiar sua jornada de volta \u00e0 sa\u00fade plena.<\/p><\/div><\/div>\n\n<\/div><\/div>\n\n<div  class=\"tpgb-container-row tpgb-block-0405_72    alignwide  tpgb-container-inline  tpgb-container-wide \" data-id=\"0405_72 \"   ><div class=\"tpgb-cont-in\">\n<div  class=\"tpgb-wrap-424a_72   tpgb-anim-dur-normal tpgb-view-animation\" data-animationSetting='{&quot;anime&quot;:{&quot;md&quot;:&quot;fadeIn&quot;,&quot;sm&quot;:&quot;&quot;,&quot;xs&quot;:&quot;&quot;}}' ><div  class=\"tpgb-heading-title tpgb-relative-block heading_style tpgb-block-424a_72  heading-style-1\"><div class=\"sub-style\"><div class=\"sub-heading \"><h6 class=\"heading-sub-title\">\u2500\u2500\u2500 D\u00favidas<\/h6><\/div><div class=\"head-title \"><h2 class=\"heading-title\">Perguntas Frequentes sobre Cuidados<\/h2><\/div><\/div><\/div><\/div>\n\n\n<div class=\"tpgb-wrap-0585_72  tpgb-view-animation tpgb-anim-dur-normal\" data-animationsetting=\"{&quot;anime&quot;:{&quot;md&quot;:&quot;fadeIn&quot;}}\"><div class=\"tpgb-pro-paragraph tpgb-block-0585_72\"><div class=\"pro-paragraph-inner\"><p>Nossa equipe dedicada est\u00e1 comprometida em promover a independ\u00eancia e o bem-estar por meio de assist\u00eancia personalizada, atividades envolventes e um forte senso de comunidade.<\/p><\/div><\/div><\/div>\n\n\n\n<div class=\"tpgb-accordion tpgb-block-3a3c_72\"><div class=\"tpgb-accor-wrap\" data-type=\"accordion\" role=\"tablist\"><div class=\"tpgb-accor-item tpgb-relative-block\"><div class=\"tpgb-accordion-header tpgb-trans-linear-before text-left\" id=\"tpag-tab-title-3a3c_721\" role=\"tab\" data-tab=\"1\" aria-controls=\"tpag-tab-title-3a3c_721\"><span class=\"accordion-title-icon-wrap\"><h3 class=\"accordion-title\">Quais tipos de servi\u00e7os de cuidados para idosos est\u00e3o dispon\u00edveis?<\/h3><\/span><div class=\"accordion-toggle-icon\"><span class=\"close-toggle-icon toggle-icon\"><i class=\"fas fa-angle-down\"><\/i><\/span><span class=\"open-toggle-icon toggle-icon\"><i class=\"fas fa-angle-up\"><\/i><\/span><\/div><\/div><div id=\"tpag-tab-content-3a3c_721\" class=\"tpgb-accordion-content\" role=\"tabpanel\" data-tab=\"1\" aria-labelledby=\"tpag-tab-title-3a3c_721\"><div class=\"tpgb-content-editor text-left\">Os servi\u00e7os de cuidados para idosos englobam diversas op\u00e7\u00f5es para atender \u00e0s necessidades individuais, incluindo assist\u00eancia domiciliar, cuidados de enfermagem especializada e suporte de cuidados pessoais. Os servi\u00e7os tamb\u00e9m podem incluir administra\u00e7\u00e3o de medicamentos, companhia e cuidados tempor\u00e1rios para cuidadores familiares.<\/div><\/div><\/div><div class=\"tpgb-accor-item tpgb-relative-block\"><div class=\"tpgb-accordion-header tpgb-trans-linear-before text-left\" id=\"tpag-tab-title-3a3c_722\" role=\"tab\" data-tab=\"2\" aria-controls=\"tpag-tab-title-3a3c_722\"><span class=\"accordion-title-icon-wrap\"><h3 class=\"accordion-title\">Como posso saber se meu ente querido idoso precisa de assist\u00eancia?<\/h3><\/span><div class=\"accordion-toggle-icon\"><span class=\"close-toggle-icon toggle-icon\"><i class=\"fas fa-angle-down\"><\/i><\/span><span class=\"open-toggle-icon toggle-icon\"><i class=\"fas fa-angle-up\"><\/i><\/span><\/div><\/div><div id=\"tpag-tab-content-3a3c_722\" class=\"tpgb-accordion-content\" role=\"tabpanel\" data-tab=\"2\" aria-labelledby=\"tpag-tab-title-3a3c_722\"><div class=\"tpgb-content-editor text-left\">Se seu ente querido idoso tem dificuldades com atividades di\u00e1rias como cozinhar, limpar ou cuidados pessoais, pode ser hora de assist\u00eancia domiciliar. Sinais incluem problemas de mem\u00f3ria, neglig\u00eancia da higiene, desafios de mobilidade ou dificuldade em administrar medicamentos. Observar mudan\u00e7as no comportamento ou na sa\u00fade pode ajudar a determinar se eles precisam de apoio adicional.<\/div><\/div><\/div><div class=\"tpgb-accor-item tpgb-relative-block\"><div class=\"tpgb-accordion-header tpgb-trans-linear-before text-left\" id=\"tpag-tab-title-3a3c_723\" role=\"tab\" data-tab=\"3\" aria-controls=\"tpag-tab-title-3a3c_723\"><span class=\"accordion-title-icon-wrap\"><h3 class=\"accordion-title\">Qual \u00e9 o processo para organizar os servi\u00e7os de cuidados para idosos?<\/h3><\/span><div class=\"accordion-toggle-icon\"><span class=\"close-toggle-icon toggle-icon\"><i class=\"fas fa-angle-down\"><\/i><\/span><span class=\"open-toggle-icon toggle-icon\"><i class=\"fas fa-angle-up\"><\/i><\/span><\/div><\/div><div id=\"tpag-tab-content-3a3c_723\" class=\"tpgb-accordion-content\" role=\"tabpanel\" data-tab=\"3\" aria-labelledby=\"tpag-tab-title-3a3c_723\"><div class=\"tpgb-content-editor text-left\">Para organizar os servi\u00e7os de cuidados para idosos, comece avaliando as necessidades do seu ente querido, como cuidados pessoais, suporte m\u00e9dico ou companhia. Pesquise provedores de servi\u00e7os confi\u00e1veis, entre em contato para discutir as op\u00e7\u00f5es e agende uma consulta inicial. Ap\u00f3s escolher um provedor, um plano de cuidados \u00e9 elaborado para atender \u00e0s necessidades espec\u00edficas do seu ente querido.<\/div><\/div><\/div><div class=\"tpgb-accor-item tpgb-relative-block\"><div class=\"tpgb-accordion-header tpgb-trans-linear-before text-left\" id=\"tpag-tab-title-3a3c_724\" role=\"tab\" data-tab=\"4\" aria-controls=\"tpag-tab-title-3a3c_724\"><span class=\"accordion-title-icon-wrap\"><h3 class=\"accordion-title\">Seus cuidadores s\u00e3o treinados e passam por verifica\u00e7\u00e3o de antecedentes?<\/h3><\/span><div class=\"accordion-toggle-icon\"><span class=\"close-toggle-icon toggle-icon\"><i class=\"fas fa-angle-down\"><\/i><\/span><span class=\"open-toggle-icon toggle-icon\"><i class=\"fas fa-angle-up\"><\/i><\/span><\/div><\/div><div id=\"tpag-tab-content-3a3c_724\" class=\"tpgb-accordion-content\" role=\"tabpanel\" data-tab=\"4\" aria-labelledby=\"tpag-tab-title-3a3c_724\"><div class=\"tpgb-content-editor text-left\">Sim, todos os nossos cuidadores s\u00e3o treinados profissionalmente e passam por rigorosas verifica\u00e7\u00f5es de antecedentes para garantir a seguran\u00e7a e a qualidade do cuidado para seus entes queridos. Priorizamos a contrata\u00e7\u00e3o de profissionais qualificados e confi\u00e1veis para oferecer servi\u00e7os de assist\u00eancia domiciliar compassivos e confi\u00e1veis.<\/div><\/div><\/div><\/div><\/div>\n\n<\/div><\/div>","protected":false},"excerpt":{"rendered":"","protected":false},"author":1,"featured_media":0,"parent":0,"menu_order":0,"comment_status":"closed","ping_status":"closed","template":"","meta":{"tpgb_global_settings":"","footnotes":""},"class_list":["post-72","page","type-page","status-publish","hentry"],"tpgb_featured_images":null,"tpgb_post_meta_info":{"get_date":"21 de junho de 2025","get_modified_date":"29 de junho de 2025","author_name":"Sa\u00fade","author_url":"https:\/\/digitalbusinessdeveloper.com\/saude\/author\/miron8547\/","author_email":"one.business.bom@gmail.com","author_website":"https:\/\/digitalbusinessdeveloper.com\/saude","author_description":"","author_facebook":"","author_twitter":"","author_instagram":"","author_role":["administrator"],"author_firstname":"","author_lastname":"","user_login":"Miron8547@","author_avatar":"<img alt='' src='https:\/\/secure.gravatar.com\/avatar\/5924486c3e144a515ef457360cd44db83137ba2cf95df35d5b293beccc0fee9d?s=200&#038;d=mm&#038;r=g' srcset='https:\/\/secure.gravatar.com\/avatar\/5924486c3e144a515ef457360cd44db83137ba2cf95df35d5b293beccc0fee9d?s=400&#038;d=mm&#038;r=g 2x' class='avatar avatar-200 photo' height='200' width='200' loading='lazy' decoding='async'\/>","author_avatar_url":"https:\/\/secure.gravatar.com\/avatar\/5924486c3e144a515ef457360cd44db83137ba2cf95df35d5b293beccc0fee9d?s=96&d=mm&r=g","comment_count":0,"post_likes":0,"post_views":0},"tpgb_post_category":[],"_links":{"self":[{"href":"https:\/\/digitalbusinessdeveloper.com\/saude\/wp-json\/wp\/v2\/pages\/72","targetHints":{"allow":["GET"]}}],"collection":[{"href":"https:\/\/digitalbusinessdeveloper.com\/saude\/wp-json\/wp\/v2\/pages"}],"about":[{"href":"https:\/\/digitalbusinessdeveloper.com\/saude\/wp-json\/wp\/v2\/types\/page"}],"author":[{"embeddable":true,"href":"https:\/\/digitalbusinessdeveloper.com\/saude\/wp-json\/wp\/v2\/users\/1"}],"replies":[{"embeddable":true,"href":"https:\/\/digitalbusinessdeveloper.com\/saude\/wp-json\/wp\/v2\/comments?post=72"}],"version-history":[{"count":5,"href":"https:\/\/digitalbusinessdeveloper.com\/saude\/wp-json\/wp\/v2\/pages\/72\/revisions"}],"predecessor-version":[{"id":181,"href":"https:\/\/digitalbusinessdeveloper.com\/saude\/wp-json\/wp\/v2\/pages\/72\/revisions\/181"}],"wp:attachment":[{"href":"https:\/\/digitalbusinessdeveloper.com\/saude\/wp-json\/wp\/v2\/media?parent=72"}],"curies":[{"name":"wp","href":"https:\/\/api.w.org\/{rel}","templated":true}]}}