{"id":70,"date":"2025-06-21T18:27:30","date_gmt":"2025-06-21T18:27:30","guid":{"rendered":"https:\/\/digitalbusinessdeveloper.com\/saude\/about-us-goldengrace\/"},"modified":"2025-06-29T21:27:41","modified_gmt":"2025-06-29T21:27:41","slug":"quem-somos","status":"publish","type":"page","link":"https:\/\/digitalbusinessdeveloper.com\/saude\/quem-somos\/","title":{"rendered":"Quem Somos"},"content":{"rendered":"<div  class=\"tpgb-container-row tpgb-block-4f95_70    alignfull  tpgb-container-inline  tpgb-container-full \" data-id=\"4f95_70 \"   >\n<div  class=\"tpgb-wrap-411d_70   tpgb-anim-dur-normal tpgb-view-animation\" data-animationSetting='{&quot;anime&quot;:{&quot;md&quot;:&quot;fadeIn&quot;,&quot;sm&quot;:&quot;&quot;,&quot;xs&quot;:&quot;&quot;}}' ><div  class=\"tpgb-heading-title tpgb-relative-block heading_style tpgb-block-411d_70  heading-style-1\"><div class=\"sub-style\"><div class=\"sub-heading \"><h6 class=\"heading-sub-title\">Quem Somos<\/h6><\/div><div class=\"head-title \"><h1 class=\"heading-title\">Dedicado \u00e0 Excel\u00eancia em Cuidados para Idosos<\/h1><\/div><\/div><\/div><\/div>\n\n<div  class=\"tpgb-container-row tpgb-block-c559_70    alignwide  tpgb-container-inline  tpgb-container-wide \" data-id=\"c559_70 \"   ><div class=\"tpgb-cont-in\">\n\n<div class=\"tpgb-wrap-7190_70 tpgb-position-absolute tpgb-tab-position-absolute tpgb-mobile-position-absolute\"><div class=\"wp-block-tpgb-tp-image tpgb-image tpgb-block-7190_70\"><figure class=\"tpgb-figure\"><img decoding=\"async\" width=\"1140\" height=\"488\" src=\"https:\/\/digitalbusinessdeveloper.com\/saude\/wp-content\/uploads\/2025\/06\/about-us-1.png\" alt=\"\" class=\"tpgb-img-inner wp-image-17\" loading=\"lazy\" srcset=\"https:\/\/digitalbusinessdeveloper.com\/saude\/wp-content\/uploads\/2025\/06\/about-us-1.png 1140w, https:\/\/digitalbusinessdeveloper.com\/saude\/wp-content\/uploads\/2025\/06\/about-us-1-300x128.png 300w, https:\/\/digitalbusinessdeveloper.com\/saude\/wp-content\/uploads\/2025\/06\/about-us-1-1024x438.png 1024w, https:\/\/digitalbusinessdeveloper.com\/saude\/wp-content\/uploads\/2025\/06\/about-us-1-768x329.png 768w\" sizes=\"auto, (max-width: 1140px) 100vw, 1140px\" \/><\/figure><\/div><\/div>\n\n<\/div><\/div>\n<\/div>\n\n<div  class=\"tpgb-container-row tpgb-block-f649_70    alignwide   tpgb-container-wide \" data-id=\"f649_70 \"   ><div class=\"tpgb-cont-in\">\n<div class=\"tpgb-container-col tpgb-block-a081_70 \" data-id=\"a081_70\"  >\n\n<div class=\"wp-block-tpgb-tp-image tpgb-image tpgb-block-f637_70\"><figure class=\"tpgb-figure\"><img decoding=\"async\" width=\"418\" height=\"446\" src=\"https:\/\/digitalbusinessdeveloper.com\/saude\/wp-content\/uploads\/2025\/06\/15-years.png\" alt=\"\" class=\"tpgb-img-inner wp-image-38\" loading=\"lazy\" srcset=\"https:\/\/digitalbusinessdeveloper.com\/saude\/wp-content\/uploads\/2025\/06\/15-years.png 418w, https:\/\/digitalbusinessdeveloper.com\/saude\/wp-content\/uploads\/2025\/06\/15-years-281x300.png 281w\" sizes=\"auto, (max-width: 418px) 100vw, 418px\" \/><\/figure><\/div>\n\n\n<div  class=\"tpgb-wrap-3780_70  tpgb-position-absolute tpgb-tab-position-absolute tpgb-mobile-position-absolute \"  ><div class=\"tpgb-number-counter tpgb-relative-block counter-style-1 text-center tpgb-block-3780_70 \"><div class=\"number-counter-inner tpgb-relative-block tpgb-trans-ease \"><div class=\"counter-wrap-content\"><h5 class=\"nc-counter-number tpgb-trans-ease\"><span class=\"counter-number-inner numscroller\" data-min=\"0\" data-max=\"15\" data-delay=\"5\" data-increment=\"5\" data-numeration=\"default\">0<\/span><\/h5><a href=\"#\"    aria-label=\"Years of&lt;\/br&gt;experience in&lt;\/br&gt;this field\"><h6 class=\"counter-title tpgb-trans-ease\">Years of<\/br>experience in<\/br>this field<\/h6><\/a><\/div><\/div><\/div><\/div>\n<\/div>\n\n<div class=\"tpgb-container-col tpgb-block-695b_70 \" data-id=\"695b_70\"  >\n<div  class=\"tpgb-wrap-67ca_70   tpgb-anim-dur-normal tpgb-view-animation\" data-animationSetting='{&quot;anime&quot;:{&quot;md&quot;:&quot;fadeIn&quot;,&quot;sm&quot;:&quot;&quot;,&quot;xs&quot;:&quot;&quot;}}' ><div  class=\"tpgb-heading-title tpgb-relative-block heading_style tpgb-block-67ca_70  heading-style-1\"><div class=\"sub-style\"><div class=\"sub-heading \"><h6 class=\"heading-sub-title\">\u2500\u2500\u2500 Bem-vindo<\/h6><\/div><div class=\"head-title \"><h2 class=\"heading-title\">Bem-vindo ao Cuidado para Idosos: Sua Jornada para uma Vida Melhor<\/h2><\/div><\/div><\/div><\/div>\n\n\n<div class=\"tpgb-wrap-4e4e_70  tpgb-view-animation tpgb-anim-dur-normal\" data-animationsetting=\"{&quot;anime&quot;:{&quot;md&quot;:&quot;fadeIn&quot;}}\"><div class=\"tpgb-pro-paragraph tpgb-block-4e4e_70\"><div class=\"pro-paragraph-inner\"><p>No Senior Care, acreditamos que todo idoso merece uma vida plena e vibrante. Nossa equipe dedicada est\u00e1 aqui para apoiar voc\u00ea em cada etapa, oferecendo cuidados personalizados adaptados \u00e0s suas necessidades e prefer\u00eancias \u00fanicas. Desde assist\u00eancia domiciliar at\u00e9 atividades envolventes, focamos em melhorar sua qualidade de vida e promover a independ\u00eancia. Nossos cuidadores compassivos est\u00e3o comprometidos em criar um ambiente seguro e acolhedor, garantindo que voc\u00ea se sinta valorizado e respeitado.<\/p><\/div><\/div><\/div>\n\n\n<div class=\"tpgb-stylist-list tpgb-relative-block tpgb-block-4b40_70  align-left  \" ><div class=\"tpgb-icon-list-items d-flex-center\"><div id=\"tooltip69ecdf014bee9\" class=\"tpgb-icon-list-item tp-repeater-item-1zwg active\"  ><div class=\"tpgb-icon-list-icon\"><img decoding=\"async\" src=\"https:\/\/digitalbusinessdeveloper.com\/saude\/wp-content\/uploads\/2025\/06\/Safety-Security-Guarantee.svg\" class=\"attachment-full size-full\" alt=\"Safety &amp; Security Guarantee\" \/><\/div><div class=\"tpgb-icon-list-text\"><p>Garantia de Seguran\u00e7a e Prote\u00e7\u00e3o<\/p><\/div><\/div><div id=\"tooltip69ecdf014bfaa\" class=\"tpgb-icon-list-item tp-repeater-item-0 \"  ><div class=\"tpgb-icon-list-icon\"><img decoding=\"async\" src=\"https:\/\/digitalbusinessdeveloper.com\/saude\/wp-content\/uploads\/2025\/06\/Restore-Style-Living-1.svg\" class=\"attachment-full size-full\" alt=\"Restore Style Living\" \/><\/div><div class=\"tpgb-icon-list-text\"><p>Restaurar Estilo de Vida<\/p><\/div><\/div><\/div><\/div>\n<\/div>\n<\/div><\/div>\n\n<div  class=\"tpgb-container-row tpgb-block-32db_70    alignwide  tpgb-container-inline  tpgb-container-wide \" data-id=\"32db_70 \"   ><div class=\"tpgb-cont-in\">\n<div  class=\"tpgb-heading-title tpgb-relative-block heading_style tpgb-block-1c5f_70  heading-style-1\"><div class=\"sub-style\"><div class=\"sub-heading \"><h6 class=\"heading-sub-title\">\u2500\u2500\u2500 Bem-vindo \u00e0 GoldenGrace<\/h6><\/div><div class=\"head-title \"><h2 class=\"heading-title\">Servi\u00e7os de Apoio para Idosos<\/h2><\/div><\/div><\/div>\n\n\n<div class=\"tpgb-pro-paragraph tpgb-block-e350_70\"><div class=\"pro-paragraph-inner\"><p>Nossa equipe dedicada est\u00e1 comprometida em promover a independ\u00eancia e o bem-estar por meio de assist\u00eancia personalizada, atividades envolventes e um forte senso de comunidade.<\/p><\/div><\/div>\n\n\n<div  class=\"tpgb-container-row tpgb-block-be82_70    alignwide  tpgb-container-inline  tpgb-container-wide \" data-id=\"be82_70 \"   ><div class=\"tpgb-cont-in\">\n<div class=\"tpgb-infobox tpgb-relative-block tpgb-trans-linear tpgb-block-850d_70  info-box-style-3 \" ><div class=\"post-inner-loop \"><div class=\"info-box-inner tpgb-trans-linear tpgb_cnt_hvr_effect tpgb-relative-block tp-info-nc cnt_hvr_\"><div class=\"info-box-bg-box tpgb-trans-linear \"><div class=\"text-alignment\"><div class=\"style-3\"><div class=\"info-icon-content\"><div class=\"service-icon-wrap tpgb-trans-linear\"><img decoding=\"async\" src=\"https:\/\/digitalbusinessdeveloper.com\/saude\/wp-content\/uploads\/2025\/06\/Elder-Care-Services.svg\" class=\"service-icon tpgb-trans-linear\" alt=\"Info Box\" \/><\/div><\/div><h3 class=\"service-title tpgb-trans-linear\">Servi\u00e7os de Cuidados para Idosos<\/h3><div class=\"service-desc tpgb-trans-linear\">Suporte compassivo e personalizado para melhorar a qualidade de vida dos idosos.<\/div><div class=\"infobox-btn-block \"><div class=\"tpgb-adv-button button-style-8\"><a class=\"button-link-wrap\"  href=\"\"     >Saiba Mais<span class=\"btn-icon button-after\"><i class=\"fas fa-arrow-right \"><\/i><\/span><\/a><\/div><\/div><\/div><\/div><\/div><div class=\"infobox-overlay-color tpgb-trans-linear\"><\/div><\/div><\/div><\/div>\n\n<div class=\"tpgb-infobox tpgb-relative-block tpgb-trans-linear tpgb-block-9dab_70  info-box-style-3 \" ><div class=\"post-inner-loop \"><div class=\"info-box-inner tpgb-trans-linear tpgb_cnt_hvr_effect tpgb-relative-block tp-info-nc cnt_hvr_\"><div class=\"info-box-bg-box tpgb-trans-linear \"><div class=\"text-alignment\"><div class=\"style-3\"><div class=\"info-icon-content\"><div class=\"service-icon-wrap tpgb-trans-linear\"><img decoding=\"async\" src=\"https:\/\/digitalbusinessdeveloper.com\/saude\/wp-content\/uploads\/2025\/06\/Personal-Care.svg\" class=\"service-icon tpgb-trans-linear\" alt=\"Info Box\" \/><\/div><\/div><h3 class=\"service-title tpgb-trans-linear\">Cuidados Pessoais<\/h3><div class=\"service-desc tpgb-trans-linear\">Oferece assist\u00eancia personalizada com atividades di\u00e1rias, garantindo conforto e dignidade.<\/div><div class=\"infobox-btn-block \"><div class=\"tpgb-adv-button button-style-8\"><a class=\"button-link-wrap\"  href=\"\"     >Saiba Mais<span class=\"btn-icon button-after\"><i class=\"fas fa-arrow-right \"><\/i><\/span><\/a><\/div><\/div><\/div><\/div><\/div><div class=\"infobox-overlay-color tpgb-trans-linear\"><\/div><\/div><\/div><\/div>\n\n<div class=\"tpgb-infobox tpgb-relative-block tpgb-trans-linear tpgb-block-1aa0_70  info-box-style-3 \" ><div class=\"post-inner-loop \"><div class=\"info-box-inner tpgb-trans-linear tpgb_cnt_hvr_effect tpgb-relative-block tp-info-nc cnt_hvr_\"><div class=\"info-box-bg-box tpgb-trans-linear \"><div class=\"text-alignment\"><div class=\"style-3\"><div class=\"info-icon-content\"><div class=\"service-icon-wrap tpgb-trans-linear\"><img decoding=\"async\" src=\"https:\/\/digitalbusinessdeveloper.com\/saude\/wp-content\/uploads\/2025\/06\/Skilled-Nursing.svg\" class=\"service-icon tpgb-trans-linear\" alt=\"Info Box\" \/><\/div><\/div><h3 class=\"service-title tpgb-trans-linear\">Enfermagem Especializada<\/h3><div class=\"service-desc tpgb-trans-linear\">Oferece cuidado m\u00e9dico abrangente e suporte de profissionais licenciados.<\/div><div class=\"infobox-btn-block \"><div class=\"tpgb-adv-button button-style-8\"><a class=\"button-link-wrap\"  href=\"\"     >Saiba Mais<span class=\"btn-icon button-after\"><i class=\"fas fa-arrow-right \"><\/i><\/span><\/a><\/div><\/div><\/div><\/div><\/div><div class=\"infobox-overlay-color tpgb-trans-linear\"><\/div><\/div><\/div><\/div>\n\n<div class=\"tpgb-infobox tpgb-relative-block tpgb-trans-linear tpgb-block-77b4_70  info-box-style-3 \" ><div class=\"post-inner-loop \"><div class=\"info-box-inner tpgb-trans-linear tpgb_cnt_hvr_effect tpgb-relative-block tp-info-nc cnt_hvr_\"><div class=\"info-box-bg-box tpgb-trans-linear \"><div class=\"text-alignment\"><div class=\"style-3\"><div class=\"info-icon-content\"><div class=\"service-icon-wrap tpgb-trans-linear\"><img decoding=\"async\" src=\"https:\/\/digitalbusinessdeveloper.com\/saude\/wp-content\/uploads\/2025\/06\/Support.svg\" class=\"service-icon tpgb-trans-linear\" alt=\"Info Box\" \/><\/div><\/div><h3 class=\"service-title tpgb-trans-linear\">Suporte 24\/7<\/h3><div class=\"service-desc tpgb-trans-linear\">Garante assist\u00eancia e cuidado cont\u00ednuos para idosos, proporcionando tranquilidade.<\/div><div class=\"infobox-btn-block \"><div class=\"tpgb-adv-button button-style-8\"><a class=\"button-link-wrap\"  href=\"\"     >Saiba Mais<span class=\"btn-icon button-after\"><i class=\"fas fa-arrow-right \"><\/i><\/span><\/a><\/div><\/div><\/div><\/div><\/div><div class=\"infobox-overlay-color tpgb-trans-linear\"><\/div><\/div><\/div><\/div>\n<\/div><\/div>\n<\/div><\/div>\n\n<div  class=\"tpgb-container-row tpgb-block-dbd9_70    alignwide  tpgb-container-inline  tpgb-container-wide \" data-id=\"dbd9_70 \"   ><div class=\"tpgb-cont-in\">\n<div  class=\"tpgb-heading-title tpgb-relative-block heading_style tpgb-block-ddd9_70  heading-style-1\"><div class=\"sub-style\"><div class=\"sub-heading \"><h6 class=\"heading-sub-title\">\u2500\u2500\u2500 Depoimento<\/h6><\/div><div class=\"head-title \"><h2 class=\"heading-title\">O que Meus Clientes Dizem<\/h2><\/div><\/div><\/div>\n\n\n<div class=\"tpgb-pro-paragraph tpgb-block-ec6f_70\"><div class=\"pro-paragraph-inner\"><p>Nossos clientes frequentemente compartilham hist\u00f3rias emocionantes sobre suas experi\u00eancias conosco, destacando a qualidade do cuidado e do suporte que recebem.<\/p><\/div><\/div>\n\n\n<div  class=\"tpgb-wrap-547f_70  tpgb-wrap-fw \"  ><div class=\"tpgb-testimonials tpgb-relative-block testimonial-style-2  tpgb-block-547f_70   tpgb-isotope \"  data-layout=\"grid\" data-id=\"547f_70\"  ><div class=\"post-loop-inner tpgb-row\"><div class=\"grid-item  tpgb-col tpgb-col-lg-6 tpgb-col-md-6 tpgb-col-sm-12 tpgb-col-12 tp-repeater-item-klrf\" ><div class=\"testimonial-list-content\" ><div class=\"testimonial-content-text\"><div class=\"entry-content scroll-on-hover\">A equipe foi compassiva e atenciosa, fazendo-a se sentir valorizada todos os dias. Sentimo-nos apoiados durante todo o processo, e a comunica\u00e7\u00e3o foi excelente.<\/div><\/div><div class=\"post-content-image\"><div class=\"author-thumb\"><img loading=\"lazy\" decoding=\"async\" width=\"60\" height=\"60\" src=\"https:\/\/digitalbusinessdeveloper.com\/saude\/wp-content\/uploads\/2025\/06\/Ruby-Turner.png\" class=\"attachment-medium size-medium\" alt=\"Ruby Turner\" srcset=\"https:\/\/digitalbusinessdeveloper.com\/saude\/wp-content\/uploads\/2025\/06\/Ruby-Turner.png 60w, https:\/\/digitalbusinessdeveloper.com\/saude\/wp-content\/uploads\/2025\/06\/Ruby-Turner-150x150.png 150w, https:\/\/digitalbusinessdeveloper.com\/saude\/wp-content\/uploads\/2025\/06\/Ruby-Turner-700x700.png 700w\" sizes=\"auto, (max-width: 60px) 100vw, 60px\" \/><\/div><div class=\"testi-post-title\">Ruby R. Turner<\/div><div class=\"testi-post-designation\">Operador Executivo<\/div><\/div><\/div><\/div><div class=\"grid-item  tpgb-col tpgb-col-lg-6 tpgb-col-md-6 tpgb-col-sm-12 tpgb-col-12 tp-repeater-item-6t0d\" ><div class=\"testimonial-list-content\" ><div class=\"testimonial-content-text\"><div class=\"entry-content scroll-on-hover\">Os cuidadores s\u00e3o dedicados e capacitados, fazendo uma verdadeira diferen\u00e7a. Eles forneceram excelente comunica\u00e7\u00e3o durante todo o meu processo de recupera\u00e7\u00e3o. Eu realmente me senti cuidado, e minha fam\u00edlia apreciou as atualiza\u00e7\u00f5es.<\/div><\/div><div class=\"post-content-image\"><div class=\"author-thumb\"><img loading=\"lazy\" decoding=\"async\" width=\"60\" height=\"60\" src=\"https:\/\/digitalbusinessdeveloper.com\/saude\/wp-content\/uploads\/2025\/06\/Jesse-Kinchen.png\" class=\"attachment-medium size-medium\" alt=\"Jesse Kinchen\" srcset=\"https:\/\/digitalbusinessdeveloper.com\/saude\/wp-content\/uploads\/2025\/06\/Jesse-Kinchen.png 60w, https:\/\/digitalbusinessdeveloper.com\/saude\/wp-content\/uploads\/2025\/06\/Jesse-Kinchen-150x150.png 150w, https:\/\/digitalbusinessdeveloper.com\/saude\/wp-content\/uploads\/2025\/06\/Jesse-Kinchen-700x700.png 700w\" sizes=\"auto, (max-width: 60px) 100vw, 60px\" \/><\/div><div class=\"testi-post-title\">Jesse M. Kinchen<\/div><div class=\"testi-post-designation\">Artista J\u00fanior<\/div><\/div><\/div><\/div><\/div><\/div><\/div>\n<\/div><\/div>\n\n<div  class=\"tpgb-container-row tpgb-block-8f9f_70    alignwide   tpgb-container-wide \" data-id=\"8f9f_70 \"   ><div class=\"tpgb-cont-in\">\n<div class=\"tpgb-container-col tpgb-block-9d26_70 \" data-id=\"9d26_70\"  >\n<div  class=\"tpgb-heading-title tpgb-relative-block heading_style tpgb-block-80d7_70  heading-style-1\"><div class=\"sub-style\"><div class=\"sub-heading \"><h6 class=\"heading-sub-title\">\u2500\u2500\u2500 Conhe\u00e7a Sobre N\u00f3s<\/h6><\/div><div class=\"head-title \"><h2 class=\"heading-title\">Nossa Equipe de Cuidadores na GoldenGrace<\/h2><\/div><\/div><\/div>\n\n\n<div class=\"tpgb-pro-paragraph tpgb-block-9e1e_70\"><div class=\"pro-paragraph-inner\"><p>A equipe da ApexRoof \u00e9 composta por profissionais altamente qualificados que oferecem os servi\u00e7os de telhados mais excepcionais. Sua experi\u00eancia e compromisso garantem resultados de alta qualidade em cada projeto.<\/p><\/div><\/div>\n\n\n\n<div class=\"wp-block-tpgb-tp-button-core tp-button-core tpgb-block-90aa_70\"><a href=\"#\" target=\"_self\" rel=\"follow noopener\" class=\"tpgb-btn-link\"><span class=\"tpgb-btn-wrap\"><span class=\"tpgb-btn-txt\">Saiba Mais<\/span><\/span><\/a><\/div>\n\n<\/div>\n\n<div class=\"tpgb-container-col tpgb-block-322a_70 \" data-id=\"322a_70\"  >\n<div  class=\"tpgb-wrap-7388_70  tpgb-wrap-fw \"  ><div id=\"7388_70\" class=\"tpgb-block-7388_70 tpgb-relative-block  tpgb-team-member-list team-style-1  \" data-style=\"style-1\" data-layout=\"grid\" data-id=\"7388_70\"><div class=\"post-loop-inner tpgb-row\"><div class=\"grid-item tpgb-col-12 tpgb-col-lg-6 tpgb-col-md-6 tpgb-col-sm-12\"><div class=\"team-list-content tpgb-trans-linear\"><div class=\"post-content-image\"><a href=\"\"  aria-label=\"\"><div class=\"tpgb-team-profile\"><span class=\"thumb-wrap\"><img loading=\"lazy\" decoding=\"async\" width=\"261\" height=\"243\" src=\"https:\/\/digitalbusinessdeveloper.com\/saude\/wp-content\/uploads\/2025\/06\/Doctor-one.png\" class=\"attachment-full size-full\" alt=\"Doctor one\" \/><\/span><\/div><\/a><div class=\"tpgb-team-social-content\"><div class=\"tpgb-team-social-list\"><div class=\"fb-link\"><a href=\"#\"    aria-label=\"Facebook\"><i class=\"fab fa-facebook-f\" aria-hidden=\"true\"><\/i><\/a><\/div><div class=\"twitter-link\"><a href=\"#\"    aria-label=\"Twitter\"><i class=\"fab fa-twitter\" aria-hidden=\"true\"><\/i><\/a><\/div><div class=\"instagram-link\"><a href=\"#\"    aria-label=\"Instagram\"><i class=\"fab fa-instagram\" aria-hidden=\"true\"><\/i><\/a><\/div><\/div><\/div><\/div><div class=\"post-content-bottom\"><\/div><\/div><\/div><div class=\"grid-item tpgb-col-12 tpgb-col-lg-6 tpgb-col-md-6 tpgb-col-sm-12\"><div class=\"team-list-content tpgb-trans-linear\"><div class=\"post-content-image\"><a href=\"\"  aria-label=\"\"><div class=\"tpgb-team-profile\"><span class=\"thumb-wrap\"><img loading=\"lazy\" decoding=\"async\" width=\"262\" height=\"243\" src=\"https:\/\/digitalbusinessdeveloper.com\/saude\/wp-content\/uploads\/2025\/06\/doctor-two.png\" class=\"attachment-full size-full\" alt=\"doctor two\" \/><\/span><\/div><\/a><div class=\"tpgb-team-social-content\"><div class=\"tpgb-team-social-list\"><div class=\"fb-link\"><a href=\"#\"    aria-label=\"Facebook\"><i class=\"fab fa-facebook-f\" aria-hidden=\"true\"><\/i><\/a><\/div><div class=\"twitter-link\"><a href=\"#\"    aria-label=\"Twitter\"><i class=\"fab fa-twitter\" aria-hidden=\"true\"><\/i><\/a><\/div><div class=\"instagram-link\"><a href=\"#\"    aria-label=\"Instagram\"><i class=\"fab fa-instagram\" aria-hidden=\"true\"><\/i><\/a><\/div><\/div><\/div><\/div><div class=\"post-content-bottom\"><\/div><\/div><\/div><div class=\"grid-item tpgb-col-12 tpgb-col-lg-6 tpgb-col-md-6 tpgb-col-sm-12\"><div class=\"team-list-content tpgb-trans-linear\"><div class=\"post-content-image\"><a href=\"\"  aria-label=\"\"><div class=\"tpgb-team-profile\"><span class=\"thumb-wrap\"><img loading=\"lazy\" decoding=\"async\" width=\"261\" height=\"243\" src=\"https:\/\/digitalbusinessdeveloper.com\/saude\/wp-content\/uploads\/2025\/06\/doctor-three.png\" class=\"attachment-full size-full\" alt=\"doctor three\" \/><\/span><\/div><\/a><div class=\"tpgb-team-social-content\"><div class=\"tpgb-team-social-list\"><div class=\"fb-link\"><a href=\"#\"    aria-label=\"Facebook\"><i class=\"fab fa-facebook-f\" aria-hidden=\"true\"><\/i><\/a><\/div><div class=\"twitter-link\"><a href=\"#\"    aria-label=\"Twitter\"><i class=\"fab fa-twitter\" aria-hidden=\"true\"><\/i><\/a><\/div><div class=\"instagram-link\"><a href=\"#\"    aria-label=\"Instagram\"><i class=\"fab fa-instagram\" aria-hidden=\"true\"><\/i><\/a><\/div><\/div><\/div><\/div><div class=\"post-content-bottom\"><\/div><\/div><\/div><div class=\"grid-item tpgb-col-12 tpgb-col-lg-6 tpgb-col-md-6 tpgb-col-sm-12\"><div class=\"team-list-content tpgb-trans-linear\"><div class=\"post-content-image\"><a href=\"\"  aria-label=\"\"><div class=\"tpgb-team-profile\"><span class=\"thumb-wrap\"><img loading=\"lazy\" decoding=\"async\" width=\"262\" height=\"243\" src=\"https:\/\/digitalbusinessdeveloper.com\/saude\/wp-content\/uploads\/2025\/06\/doctor-four.png\" class=\"attachment-full size-full\" alt=\"doctor four\" \/><\/span><\/div><\/a><div class=\"tpgb-team-social-content\"><div class=\"tpgb-team-social-list\"><div class=\"fb-link\"><a href=\"#\"    aria-label=\"Facebook\"><i class=\"fab fa-facebook-f\" aria-hidden=\"true\"><\/i><\/a><\/div><div class=\"twitter-link\"><a href=\"#\"    aria-label=\"Twitter\"><i class=\"fab fa-twitter\" aria-hidden=\"true\"><\/i><\/a><\/div><div class=\"instagram-link\"><a href=\"#\"    aria-label=\"Instagram\"><i class=\"fab fa-instagram\" aria-hidden=\"true\"><\/i><\/a><\/div><\/div><\/div><\/div><div class=\"post-content-bottom\"><\/div><\/div><\/div><\/div><\/div><\/div>\n<\/div>\n<\/div><\/div>","protected":false},"excerpt":{"rendered":"","protected":false},"author":1,"featured_media":0,"parent":0,"menu_order":0,"comment_status":"closed","ping_status":"closed","template":"","meta":{"tpgb_global_settings":"","footnotes":""},"class_list":["post-70","page","type-page","status-publish","hentry"],"tpgb_featured_images":null,"tpgb_post_meta_info":{"get_date":"21 de junho de 2025","get_modified_date":"29 de junho de 2025","author_name":"Sa\u00fade","author_url":"https:\/\/digitalbusinessdeveloper.com\/saude\/author\/miron8547\/","author_email":"one.business.bom@gmail.com","author_website":"https:\/\/digitalbusinessdeveloper.com\/saude","author_description":"","author_facebook":"","author_twitter":"","author_instagram":"","author_role":["administrator"],"author_firstname":"","author_lastname":"","user_login":"Miron8547@","author_avatar":"<img alt='' src='https:\/\/secure.gravatar.com\/avatar\/5924486c3e144a515ef457360cd44db83137ba2cf95df35d5b293beccc0fee9d?s=200&#038;d=mm&#038;r=g' srcset='https:\/\/secure.gravatar.com\/avatar\/5924486c3e144a515ef457360cd44db83137ba2cf95df35d5b293beccc0fee9d?s=400&#038;d=mm&#038;r=g 2x' class='avatar avatar-200 photo' height='200' width='200' loading='lazy' decoding='async'\/>","author_avatar_url":"https:\/\/secure.gravatar.com\/avatar\/5924486c3e144a515ef457360cd44db83137ba2cf95df35d5b293beccc0fee9d?s=96&d=mm&r=g","comment_count":0,"post_likes":0,"post_views":0},"tpgb_post_category":[],"_links":{"self":[{"href":"https:\/\/digitalbusinessdeveloper.com\/saude\/wp-json\/wp\/v2\/pages\/70","targetHints":{"allow":["GET"]}}],"collection":[{"href":"https:\/\/digitalbusinessdeveloper.com\/saude\/wp-json\/wp\/v2\/pages"}],"about":[{"href":"https:\/\/digitalbusinessdeveloper.com\/saude\/wp-json\/wp\/v2\/types\/page"}],"author":[{"embeddable":true,"href":"https:\/\/digitalbusinessdeveloper.com\/saude\/wp-json\/wp\/v2\/users\/1"}],"replies":[{"embeddable":true,"href":"https:\/\/digitalbusinessdeveloper.com\/saude\/wp-json\/wp\/v2\/comments?post=70"}],"version-history":[{"count":5,"href":"https:\/\/digitalbusinessdeveloper.com\/saude\/wp-json\/wp\/v2\/pages\/70\/revisions"}],"predecessor-version":[{"id":178,"href":"https:\/\/digitalbusinessdeveloper.com\/saude\/wp-json\/wp\/v2\/pages\/70\/revisions\/178"}],"wp:attachment":[{"href":"https:\/\/digitalbusinessdeveloper.com\/saude\/wp-json\/wp\/v2\/media?parent=70"}],"curies":[{"name":"wp","href":"https:\/\/api.w.org\/{rel}","templated":true}]}}