{"id":45,"date":"2025-06-21T18:27:12","date_gmt":"2025-06-21T18:27:12","guid":{"rendered":"https:\/\/digitalbusinessdeveloper.com\/saude\/contact-us-goldengrace\/"},"modified":"2025-06-29T19:24:59","modified_gmt":"2025-06-29T19:24:59","slug":"contato","status":"publish","type":"page","link":"https:\/\/digitalbusinessdeveloper.com\/saude\/contato\/","title":{"rendered":"Contato"},"content":{"rendered":"<div  class=\"tpgb-container-row tpgb-block-4f95_45    alignfull  tpgb-container-inline  tpgb-container-full \" data-id=\"4f95_45 \"   >\n<div  class=\"tpgb-wrap-411d_45   tpgb-anim-dur-normal tpgb-view-animation\" data-animationSetting='{&quot;anime&quot;:{&quot;md&quot;:&quot;fadeIn&quot;,&quot;sm&quot;:&quot;&quot;,&quot;xs&quot;:&quot;&quot;}}' ><div  class=\"tpgb-heading-title tpgb-relative-block heading_style tpgb-block-411d_45  heading-style-1\"><div class=\"sub-style\"><div class=\"sub-heading \"><h6 class=\"heading-sub-title\">Contato<\/h6><\/div><div class=\"head-title \"><h1 class=\"heading-title\">Estamos Aqui para Ajudar<\/h1><\/div><\/div><\/div><\/div>\n\n<div  class=\"tpgb-container-row tpgb-block-c559_45    alignwide  tpgb-container-inline  tpgb-container-wide \" data-id=\"c559_45 \"   ><div class=\"tpgb-cont-in\">\n\n<div class=\"tpgb-wrap-7190_45 tpgb-position-absolute tpgb-tab-position-absolute tpgb-mobile-position-absolute\"><div class=\"wp-block-tpgb-tp-image tpgb-image tpgb-block-7190_45\"><figure class=\"tpgb-figure\"><img decoding=\"async\" width=\"1140\" height=\"488\" src=\"https:\/\/digitalbusinessdeveloper.com\/saude\/wp-content\/uploads\/2025\/06\/contact-us-5.png\" alt=\"\" class=\"tpgb-img-inner wp-image-27\" loading=\"lazy\" srcset=\"https:\/\/digitalbusinessdeveloper.com\/saude\/wp-content\/uploads\/2025\/06\/contact-us-5.png 1140w, https:\/\/digitalbusinessdeveloper.com\/saude\/wp-content\/uploads\/2025\/06\/contact-us-5-300x128.png 300w, https:\/\/digitalbusinessdeveloper.com\/saude\/wp-content\/uploads\/2025\/06\/contact-us-5-1024x438.png 1024w, https:\/\/digitalbusinessdeveloper.com\/saude\/wp-content\/uploads\/2025\/06\/contact-us-5-768x329.png 768w\" sizes=\"auto, (max-width: 1140px) 100vw, 1140px\" \/><\/figure><\/div><\/div>\n\n<\/div><\/div>\n<\/div>\n\n<div  class=\"tpgb-container-row tpgb-block-435f_45    alignwide   tpgb-container-wide \" data-id=\"435f_45 \"   ><div class=\"tpgb-cont-in\">\n<div class=\"tpgb-container-col tpgb-block-9c76_45 \" data-id=\"9c76_45\"  >\n\n<h2 class=\"wp-block-tpgb-tp-heading tp-core-heading tpgb-block-83c1_45\">Entre em Contato Conosco<\/h2>\n\n<\/div>\n\n<div class=\"tpgb-container-col tpgb-block-2a0b_45 \" data-id=\"2a0b_45\"  >\n<div class=\"tpgb-google-map tpgb-relative-block tpgb-block-c38a_45 \"><div id=\"gmap-c38a_45\" class=\"tpgb-adv-map\" data-id=\"gmap-c38a_45\" data-map-settings=\"{&quot;places&quot;:[{&quot;address&quot;:&quot;&quot;,&quot;latitude&quot;:40.68841350000000289810486719943583011627197265625,&quot;longitude&quot;:-74.360616899999996576298144645988941192626953125,&quot;pin_icon&quot;:&quot;&quot;,&quot;latOrAddr&quot;:&quot;latitude&quot;}],&quot;options&quot;:{&quot;zoom&quot;:8,&quot;scrollwheel&quot;:true,&quot;draggable&quot;:true,&quot;panControl&quot;:true,&quot;zoomControl&quot;:true,&quot;scaleControl&quot;:true,&quot;mapTypeControl&quot;:true,&quot;fullscreenControl&quot;:true,&quot;streetViewControl&quot;:true,&quot;mapTypeId&quot;:&quot;roadmap&quot;}}\" ><\/div><\/div>\n<\/div>\n<\/div><\/div>\n\n<div  class=\"tpgb-container-row tpgb-block-e856_45    alignwide  tpgb-container-inline  tpgb-container-wide \" data-id=\"e856_45 \"   ><div class=\"tpgb-cont-in\">\n<div class=\"tpgb-infobox tpgb-relative-block tpgb-trans-linear tpgb-block-850d_45  info-box-style-3 \" ><div class=\"post-inner-loop \"><div class=\"info-box-inner tpgb-trans-linear tpgb_cnt_hvr_effect tpgb-relative-block tp-info-nc cnt_hvr_\"><div class=\"info-box-bg-box tpgb-trans-linear \"><div class=\"text-alignment\"><div class=\"style-3\"><div class=\"info-icon-content\"><div class=\"service-icon-wrap tpgb-trans-linear\"><span class=\"service-icon tpgb-trans-linear  icon-none\"><i class=\"fas fa-map-marker-alt\"><\/i><\/span><\/div><\/div><h3 class=\"service-title tpgb-trans-linear\">Localiza\u00e7\u00e3o do Escrit\u00f3rio<\/h3><div class=\"service-desc tpgb-trans-linear\">873 Ashmor Drive<\/br>Wadena, MN 56482<\/div><\/div><\/div><\/div><div class=\"infobox-overlay-color tpgb-trans-linear\"><\/div><\/div><\/div><\/div>\n\n<div class=\"tpgb-infobox tpgb-relative-block tpgb-trans-linear tpgb-block-95ea_45  info-box-style-3 \" ><div class=\"post-inner-loop \"><div class=\"info-box-inner tpgb-trans-linear tpgb_cnt_hvr_effect tpgb-relative-block tp-info-nc cnt_hvr_\"><div class=\"info-box-bg-box tpgb-trans-linear \"><div class=\"text-alignment\"><div class=\"style-3\"><div class=\"info-icon-content\"><div class=\"service-icon-wrap tpgb-trans-linear\"><span class=\"service-icon tpgb-trans-linear  icon-none\"><i class=\"fas fa-phone-alt\"><\/i><\/span><\/div><\/div><h3 class=\"service-title tpgb-trans-linear\">Telefone <\/h3><div class=\"service-desc tpgb-trans-linear\">218-272-8150<\/br>908-344-6419<\/div><\/div><\/div><\/div><div class=\"infobox-overlay-color tpgb-trans-linear\"><\/div><\/div><\/div><\/div>\n\n<div class=\"tpgb-infobox tpgb-relative-block tpgb-trans-linear tpgb-block-722f_45  info-box-style-3 \" ><div class=\"post-inner-loop \"><div class=\"info-box-inner tpgb-trans-linear tpgb_cnt_hvr_effect tpgb-relative-block tp-info-nc cnt_hvr_\"><div class=\"info-box-bg-box tpgb-trans-linear \"><div class=\"text-alignment\"><div class=\"style-3\"><div class=\"info-icon-content\"><div class=\"service-icon-wrap tpgb-trans-linear\"><span class=\"service-icon tpgb-trans-linear  icon-none\"><i class=\"fas fa-envelope\"><\/i><\/span><\/div><\/div><h3 class=\"service-title tpgb-trans-linear\">Email <\/h3><div class=\"service-desc tpgb-trans-linear\">eldercare@gmail.com<\/br>goldengrace@gmail.com<\/div><\/div><\/div><\/div><div class=\"infobox-overlay-color tpgb-trans-linear\"><\/div><\/div><\/div><\/div>\n<\/div><\/div>","protected":false},"excerpt":{"rendered":"","protected":false},"author":1,"featured_media":0,"parent":0,"menu_order":0,"comment_status":"closed","ping_status":"closed","template":"","meta":{"tpgb_global_settings":"","footnotes":""},"class_list":["post-45","page","type-page","status-publish","hentry"],"tpgb_featured_images":null,"tpgb_post_meta_info":{"get_date":"21 de junho de 2025","get_modified_date":"29 de junho de 2025","author_name":"Sa\u00fade","author_url":"https:\/\/digitalbusinessdeveloper.com\/saude\/author\/miron8547\/","author_email":"one.business.bom@gmail.com","author_website":"https:\/\/digitalbusinessdeveloper.com\/saude","author_description":"","author_facebook":"","author_twitter":"","author_instagram":"","author_role":["administrator"],"author_firstname":"","author_lastname":"","user_login":"Miron8547@","author_avatar":"<img alt='' src='https:\/\/secure.gravatar.com\/avatar\/5924486c3e144a515ef457360cd44db83137ba2cf95df35d5b293beccc0fee9d?s=200&#038;d=mm&#038;r=g' srcset='https:\/\/secure.gravatar.com\/avatar\/5924486c3e144a515ef457360cd44db83137ba2cf95df35d5b293beccc0fee9d?s=400&#038;d=mm&#038;r=g 2x' class='avatar avatar-200 photo' height='200' width='200' loading='lazy' decoding='async'\/>","author_avatar_url":"https:\/\/secure.gravatar.com\/avatar\/5924486c3e144a515ef457360cd44db83137ba2cf95df35d5b293beccc0fee9d?s=96&d=mm&r=g","comment_count":0,"post_likes":0,"post_views":0},"tpgb_post_category":[],"_links":{"self":[{"href":"https:\/\/digitalbusinessdeveloper.com\/saude\/wp-json\/wp\/v2\/pages\/45","targetHints":{"allow":["GET"]}}],"collection":[{"href":"https:\/\/digitalbusinessdeveloper.com\/saude\/wp-json\/wp\/v2\/pages"}],"about":[{"href":"https:\/\/digitalbusinessdeveloper.com\/saude\/wp-json\/wp\/v2\/types\/page"}],"author":[{"embeddable":true,"href":"https:\/\/digitalbusinessdeveloper.com\/saude\/wp-json\/wp\/v2\/users\/1"}],"replies":[{"embeddable":true,"href":"https:\/\/digitalbusinessdeveloper.com\/saude\/wp-json\/wp\/v2\/comments?post=45"}],"version-history":[{"count":4,"href":"https:\/\/digitalbusinessdeveloper.com\/saude\/wp-json\/wp\/v2\/pages\/45\/revisions"}],"predecessor-version":[{"id":162,"href":"https:\/\/digitalbusinessdeveloper.com\/saude\/wp-json\/wp\/v2\/pages\/45\/revisions\/162"}],"wp:attachment":[{"href":"https:\/\/digitalbusinessdeveloper.com\/saude\/wp-json\/wp\/v2\/media?parent=45"}],"curies":[{"name":"wp","href":"https:\/\/api.w.org\/{rel}","templated":true}]}}