{"id":121,"date":"2025-06-21T19:12:24","date_gmt":"2025-06-21T19:12:24","guid":{"rendered":"https:\/\/digitalbusinessdeveloper.com\/saude\/?page_id=121"},"modified":"2025-06-29T23:31:48","modified_gmt":"2025-06-29T23:31:48","slug":"regioes-de-atendimento","status":"publish","type":"page","link":"https:\/\/digitalbusinessdeveloper.com\/saude\/regioes-de-atendimento\/","title":{"rendered":"Regi\u00f5es de Atendimento"},"content":{"rendered":"<div  class=\"tpgb-container-row tpgb-block-4f95_121    alignfull  tpgb-container-inline  tpgb-container-full \" data-id=\"4f95_121 \"   >\n<div  class=\"tpgb-wrap-411d_121   tpgb-anim-dur-normal tpgb-view-animation\" data-animationSetting='{&quot;anime&quot;:{&quot;md&quot;:&quot;fadeIn&quot;,&quot;sm&quot;:&quot;&quot;,&quot;xs&quot;:&quot;&quot;}}' ><div  class=\"tpgb-heading-title tpgb-relative-block heading_style tpgb-block-411d_121  heading-style-1\"><div class=\"sub-style\"><div class=\"sub-heading \"><h6 class=\"heading-sub-title\">Regi\u00f5es de Atendimento<\/h6><\/div><div class=\"head-title \"><h1 class=\"heading-title\">Servi\u00e7os Personalizados de Sa\u00fade Domiciliar<\/h1><\/div><\/div><\/div><\/div>\n\n<div  class=\"tpgb-container-row tpgb-block-c559_121    alignwide  tpgb-container-inline  tpgb-container-wide \" data-id=\"c559_121 \"   ><div class=\"tpgb-cont-in\">\n\n<div class=\"tpgb-wrap-7190_121 tpgb-position-absolute tpgb-tab-position-absolute tpgb-mobile-position-absolute\"><div class=\"wp-block-tpgb-tp-image tpgb-image tpgb-block-7190_121\"><figure class=\"tpgb-figure\"><img decoding=\"async\" width=\"1140\" height=\"488\" src=\"https:\/\/digitalbusinessdeveloper.com\/saude\/wp-content\/uploads\/2025\/06\/services.png\" alt=\"\" class=\"tpgb-img-inner wp-image-25\" loading=\"lazy\" srcset=\"https:\/\/digitalbusinessdeveloper.com\/saude\/wp-content\/uploads\/2025\/06\/services.png 1140w, https:\/\/digitalbusinessdeveloper.com\/saude\/wp-content\/uploads\/2025\/06\/services-300x128.png 300w, https:\/\/digitalbusinessdeveloper.com\/saude\/wp-content\/uploads\/2025\/06\/services-1024x438.png 1024w, https:\/\/digitalbusinessdeveloper.com\/saude\/wp-content\/uploads\/2025\/06\/services-768x329.png 768w\" sizes=\"auto, (max-width: 1140px) 100vw, 1140px\" \/><\/figure><\/div><\/div>\n\n<\/div><\/div>\n<\/div>\n\n<div  class=\"tpgb-container-row tpgb-block-32db_121    alignwide  tpgb-container-inline  tpgb-container-wide \" data-id=\"32db_121 \"   ><div class=\"tpgb-cont-in\">\n<div  class=\"tpgb-wrap-1c5f_121   tpgb-anim-dur-normal tpgb-view-animation\" data-animationSetting='{&quot;anime&quot;:{&quot;md&quot;:&quot;fadeIn&quot;,&quot;sm&quot;:&quot;&quot;,&quot;xs&quot;:&quot;&quot;}}' ><div  class=\"tpgb-heading-title tpgb-relative-block heading_style tpgb-block-1c5f_121  heading-style-1\"><div class=\"sub-style\"><div class=\"sub-heading \"><h6 class=\"heading-sub-title\">\u2500\u2500\u2500 Bem-vindo<\/h6><\/div><div class=\"head-title \"><h2 class=\"heading-title\">Regi\u00f5es que atendemos<\/h2><\/div><\/div><\/div><\/div>\n\n\n<div class=\"tpgb-wrap-e350_121  tpgb-view-animation tpgb-anim-dur-normal\" data-animationsetting=\"{&quot;anime&quot;:{&quot;md&quot;:&quot;fadeIn&quot;}}\"><div class=\"tpgb-pro-paragraph tpgb-block-e350_121\"><div class=\"pro-paragraph-inner\"><p>Nossa equipe dedicada est\u00e1 comprometida em promover a independ\u00eancia e o bem-estar por meio de assist\u00eancia personalizada, atividades envolventes e um forte senso de comunidade.<\/p><\/div><\/div><\/div>\n\n\n<div  class=\"tpgb-container-row tpgb-block-be82_121    alignwide  tpgb-container-inline  tpgb-container-wide \" data-id=\"be82_121 \"   ><div class=\"tpgb-cont-in\">\n<div class=\"tpgb-infobox tpgb-relative-block tpgb-trans-linear tpgb-block-850d_121  info-box-style-3 \" ><div class=\"post-inner-loop \"><div class=\"info-box-inner tpgb-trans-linear tpgb_cnt_hvr_effect tpgb-relative-block tp-info-nc cnt_hvr_\"><div class=\"info-box-bg-box tpgb-trans-linear \"><div class=\"text-alignment\"><div class=\"style-3\"><div class=\"info-icon-content\"><div class=\"service-icon-wrap tpgb-trans-linear\"><img decoding=\"async\" src=\"https:\/\/digitalbusinessdeveloper.com\/saude\/wp-content\/uploads\/2025\/06\/Elder-Care-Services.svg\" class=\"service-icon tpgb-trans-linear\" alt=\"Info Box\" \/><\/div><\/div><h3 class=\"service-title tpgb-trans-linear\">Ipanema (Zona Sul &#8211; Rio de Janeiro)<\/h3><div class=\"service-desc tpgb-trans-linear\">Compassionate support and personalized to enhance the quality of life for seniors.<\/div><div class=\"infobox-btn-block \"><div class=\"tpgb-adv-button button-style-8\"><a class=\"button-link-wrap\"  href=\"\"     >Saiba Mais<span class=\"btn-icon button-after\"><i class=\"fas fa-arrow-right \"><\/i><\/span><\/a><\/div><\/div><\/div><\/div><\/div><div class=\"infobox-overlay-color tpgb-trans-linear\"><\/div><\/div><\/div><\/div>\n\n<div class=\"tpgb-infobox tpgb-relative-block tpgb-trans-linear tpgb-block-9dab_121  info-box-style-3 \" ><div class=\"post-inner-loop \"><div class=\"info-box-inner tpgb-trans-linear tpgb_cnt_hvr_effect tpgb-relative-block tp-info-nc cnt_hvr_\"><div class=\"info-box-bg-box tpgb-trans-linear \"><div class=\"text-alignment\"><div class=\"style-3\"><div class=\"info-icon-content\"><div class=\"service-icon-wrap tpgb-trans-linear\"><img decoding=\"async\" src=\"https:\/\/digitalbusinessdeveloper.com\/saude\/wp-content\/uploads\/2025\/06\/Personal-Care.svg\" class=\"service-icon tpgb-trans-linear\" alt=\"Info Box\" \/><\/div><\/div><h3 class=\"service-title tpgb-trans-linear\">Leblon (Zona Sul &#8211; Rio de Janeiro)<\/h3><div class=\"service-desc tpgb-trans-linear\">Provides tailored assistance with daily activities, ensuring comfort, dignity.<\/div><div class=\"infobox-btn-block \"><div class=\"tpgb-adv-button button-style-8\"><a class=\"button-link-wrap\"  href=\"\"     >Saiba Mais<span class=\"btn-icon button-after\"><i class=\"fas fa-arrow-right \"><\/i><\/span><\/a><\/div><\/div><\/div><\/div><\/div><div class=\"infobox-overlay-color tpgb-trans-linear\"><\/div><\/div><\/div><\/div>\n\n<div class=\"tpgb-infobox tpgb-relative-block tpgb-trans-linear tpgb-block-1aa0_121  info-box-style-3 \" ><div class=\"post-inner-loop \"><div class=\"info-box-inner tpgb-trans-linear tpgb_cnt_hvr_effect tpgb-relative-block tp-info-nc cnt_hvr_\"><div class=\"info-box-bg-box tpgb-trans-linear \"><div class=\"text-alignment\"><div class=\"style-3\"><div class=\"info-icon-content\"><div class=\"service-icon-wrap tpgb-trans-linear\"><img decoding=\"async\" src=\"https:\/\/digitalbusinessdeveloper.com\/saude\/wp-content\/uploads\/2025\/06\/Skilled-Nursing.svg\" class=\"service-icon tpgb-trans-linear\" alt=\"Info Box\" \/><\/div><\/div><h3 class=\"service-title tpgb-trans-linear\">Barra da Tijuca (Zona Oeste &#8211; Rio de Janeiro)<\/h3><div class=\"service-desc tpgb-trans-linear\">Delivers comprehensive medical care and support from licensed professionals.<\/div><div class=\"infobox-btn-block \"><div class=\"tpgb-adv-button button-style-8\"><a class=\"button-link-wrap\"  href=\"\"     >Saiba Mais<span class=\"btn-icon button-after\"><i class=\"fas fa-arrow-right \"><\/i><\/span><\/a><\/div><\/div><\/div><\/div><\/div><div class=\"infobox-overlay-color tpgb-trans-linear\"><\/div><\/div><\/div><\/div>\n\n<div class=\"tpgb-infobox tpgb-relative-block tpgb-trans-linear tpgb-block-77b4_121  info-box-style-3 \" ><div class=\"post-inner-loop \"><div class=\"info-box-inner tpgb-trans-linear tpgb_cnt_hvr_effect tpgb-relative-block tp-info-nc cnt_hvr_\"><div class=\"info-box-bg-box tpgb-trans-linear \"><div class=\"text-alignment\"><div class=\"style-3\"><div class=\"info-icon-content\"><div class=\"service-icon-wrap tpgb-trans-linear\"><img decoding=\"async\" src=\"https:\/\/digitalbusinessdeveloper.com\/saude\/wp-content\/uploads\/2025\/06\/Support.svg\" class=\"service-icon tpgb-trans-linear\" alt=\"Info Box\" \/><\/div><\/div><h3 class=\"service-title tpgb-trans-linear\">Jardim Bot\u00e2nico (Zona Sul &#8211; Rio de Janeiro)<\/h3><div class=\"service-desc tpgb-trans-linear\">Ensures round-the-clock assistance and care for seniors, providing peace of mind.<\/div><div class=\"infobox-btn-block \"><div class=\"tpgb-adv-button button-style-8\"><a class=\"button-link-wrap\"  href=\"\"     >Saiba Mais<span class=\"btn-icon button-after\"><i class=\"fas fa-arrow-right \"><\/i><\/span><\/a><\/div><\/div><\/div><\/div><\/div><div class=\"infobox-overlay-color tpgb-trans-linear\"><\/div><\/div><\/div><\/div>\n\n<div class=\"tpgb-infobox tpgb-relative-block tpgb-trans-linear tpgb-block-bb15_121  info-box-style-3 \" ><div class=\"post-inner-loop \"><div class=\"info-box-inner tpgb-trans-linear tpgb_cnt_hvr_effect tpgb-relative-block tp-info-nc cnt_hvr_\"><div class=\"info-box-bg-box tpgb-trans-linear \"><div class=\"text-alignment\"><div class=\"style-3\"><div class=\"info-icon-content\"><div class=\"service-icon-wrap tpgb-trans-linear\"><img decoding=\"async\" src=\"https:\/\/digitalbusinessdeveloper.com\/saude\/wp-content\/uploads\/2025\/06\/After-Surgery-Care-1.svg\" class=\"service-icon tpgb-trans-linear\" alt=\"Info Box\" \/><\/div><\/div><h3 class=\"service-title tpgb-trans-linear\">S\u00e3o Conrado (Zona Sul &#8211; Rio de Janeiro)<\/h3><div class=\"service-desc tpgb-trans-linear\">Comprehensive after-surgery care to support a smooth, comfortable recovery.<\/div><div class=\"infobox-btn-block \"><div class=\"tpgb-adv-button button-style-8\"><a class=\"button-link-wrap\"  href=\"\"     >Saiba Mais<span class=\"btn-icon button-after\"><i class=\"fas fa-arrow-right \"><\/i><\/span><\/a><\/div><\/div><\/div><\/div><\/div><div class=\"infobox-overlay-color tpgb-trans-linear\"><\/div><\/div><\/div><\/div>\n\n<div class=\"tpgb-infobox tpgb-relative-block tpgb-trans-linear tpgb-block-53f0_121  info-box-style-3 \" ><div class=\"post-inner-loop \"><div class=\"info-box-inner tpgb-trans-linear tpgb_cnt_hvr_effect tpgb-relative-block tp-info-nc cnt_hvr_\"><div class=\"info-box-bg-box tpgb-trans-linear \"><div class=\"text-alignment\"><div class=\"style-3\"><div class=\"info-icon-content\"><div class=\"service-icon-wrap tpgb-trans-linear\"><img decoding=\"async\" src=\"https:\/\/digitalbusinessdeveloper.com\/saude\/wp-content\/uploads\/2025\/06\/End-Of-Life-Care-1.svg\" class=\"service-icon tpgb-trans-linear\" alt=\"Info Box\" \/><\/div><\/div><h3 class=\"service-title tpgb-trans-linear\">G\u00e1vea (Zona Sul &#8211; Rio de Janeiro)<\/h3><div class=\"service-desc tpgb-trans-linear\">Providing compassionate support during life\u2019s final journey,\u2028ensuring comfort and peace.<\/div><div class=\"infobox-btn-block \"><div class=\"tpgb-adv-button button-style-8\"><a class=\"button-link-wrap\"  href=\"\"     >Saiba Mais<span class=\"btn-icon button-after\"><i class=\"fas fa-arrow-right \"><\/i><\/span><\/a><\/div><\/div><\/div><\/div><\/div><div class=\"infobox-overlay-color tpgb-trans-linear\"><\/div><\/div><\/div><\/div>\n\n<div class=\"tpgb-infobox tpgb-relative-block tpgb-trans-linear tpgb-block-3f47_121  info-box-style-3 \" ><div class=\"post-inner-loop \"><div class=\"info-box-inner tpgb-trans-linear tpgb_cnt_hvr_effect tpgb-relative-block tp-info-nc cnt_hvr_\"><div class=\"info-box-bg-box tpgb-trans-linear \"><div class=\"text-alignment\"><div class=\"style-3\"><div class=\"info-icon-content\"><div class=\"service-icon-wrap tpgb-trans-linear\"><img decoding=\"async\" src=\"https:\/\/digitalbusinessdeveloper.com\/saude\/wp-content\/uploads\/2025\/06\/Special-Need-Care-1.svg\" class=\"service-icon tpgb-trans-linear\" alt=\"Info Box\" \/><\/div><\/div><h3 class=\"service-title tpgb-trans-linear\">Vargem Grande (Zona Oeste &#8211; Rio de Janeiro)<\/h3><div class=\"service-desc tpgb-trans-linear\">Dedicated support tailored to meet unique needs with compassion and expertise.<\/div><div class=\"infobox-btn-block \"><div class=\"tpgb-adv-button button-style-8\"><a class=\"button-link-wrap\"  href=\"\"     >Saiba Mais<span class=\"btn-icon button-after\"><i class=\"fas fa-arrow-right \"><\/i><\/span><\/a><\/div><\/div><\/div><\/div><\/div><div class=\"infobox-overlay-color tpgb-trans-linear\"><\/div><\/div><\/div><\/div>\n\n<div class=\"tpgb-infobox tpgb-relative-block tpgb-trans-linear tpgb-block-dd23_121  info-box-style-3 \" ><div class=\"post-inner-loop \"><div class=\"info-box-inner tpgb-trans-linear tpgb_cnt_hvr_effect tpgb-relative-block tp-info-nc cnt_hvr_\"><div class=\"info-box-bg-box tpgb-trans-linear \"><div class=\"text-alignment\"><div class=\"style-3\"><div class=\"info-icon-content\"><div class=\"service-icon-wrap tpgb-trans-linear\"><img decoding=\"async\" src=\"https:\/\/digitalbusinessdeveloper.com\/saude\/wp-content\/uploads\/2025\/06\/Hospital-Discharge-1.svg\" class=\"service-icon tpgb-trans-linear\" alt=\"Info Box\" \/><\/div><\/div><h3 class=\"service-title tpgb-trans-linear\">Niter\u00f3i &#8211; Icara\u00ed (cidade de Niter\u00f3i, RJ)<\/h3><div class=\"service-desc tpgb-trans-linear\">Seamless transitions from hospital to home, ensuring a smooth recovery process.<\/div><div class=\"infobox-btn-block \"><div class=\"tpgb-adv-button button-style-8\"><a class=\"button-link-wrap\"  href=\"\"     >Saiba Mais<span class=\"btn-icon button-after\"><i class=\"fas fa-arrow-right \"><\/i><\/span><\/a><\/div><\/div><\/div><\/div><\/div><div class=\"infobox-overlay-color tpgb-trans-linear\"><\/div><\/div><\/div><\/div>\n<\/div><\/div>\n<\/div><\/div>\n\n<div  class=\"tpgb-container-row tpgb-block-435f_121    alignwide   tpgb-container-wide \" data-id=\"435f_121 \"   ><div class=\"tpgb-cont-in\">\n<div class=\"tpgb-container-col tpgb-block-9c76_121 \" data-id=\"9c76_121\"  >\n\n<div class=\"wp-block-tpgb-tp-image tpgb-image tpgb-block-d3d1_121\"><figure class=\"tpgb-figure\"><img decoding=\"async\" width=\"532\" height=\"586\" src=\"https:\/\/digitalbusinessdeveloper.com\/saude\/wp-content\/uploads\/2025\/06\/Fill-The-Form-Book-Online-Consultations.png\" alt=\"\" class=\"tpgb-img-inner wp-image-58\" loading=\"lazy\" srcset=\"https:\/\/digitalbusinessdeveloper.com\/saude\/wp-content\/uploads\/2025\/06\/Fill-The-Form-Book-Online-Consultations.png 532w, https:\/\/digitalbusinessdeveloper.com\/saude\/wp-content\/uploads\/2025\/06\/Fill-The-Form-Book-Online-Consultations-272x300.png 272w\" sizes=\"auto, (max-width: 532px) 100vw, 532px\" \/><\/figure><\/div>\n\n<\/div>\n\n<div class=\"tpgb-container-col tpgb-block-2a0b_121 \" data-id=\"2a0b_121\"  >\n<div  class=\"tpgb-wrap-be7e_121   tpgb-anim-dur-normal tpgb-view-animation\" data-animationSetting='{&quot;anime&quot;:{&quot;md&quot;:&quot;fadeIn&quot;,&quot;sm&quot;:&quot;&quot;,&quot;xs&quot;:&quot;&quot;}}' ><div  class=\"tpgb-heading-title tpgb-relative-block heading_style tpgb-block-be7e_121  heading-style-1\"><div class=\"sub-style\"><div class=\"sub-heading \"><h6 class=\"heading-sub-title\">\u2500\u2500\u2500 Agendamento<\/h6><\/div><div class=\"head-title \"><h2 class=\"heading-title\">Agende Consultas Online<\/h2><\/div><\/div><\/div><\/div>\n<\/div>\n<\/div><\/div>\n\n<div  class=\"tpgb-container-row tpgb-block-0405_121    alignwide  tpgb-container-inline  tpgb-container-wide \" data-id=\"0405_121 \"   ><div class=\"tpgb-cont-in\">\n<div  class=\"tpgb-wrap-da87_121   tpgb-anim-dur-normal tpgb-view-animation\" data-animationSetting='{&quot;anime&quot;:{&quot;md&quot;:&quot;fadeIn&quot;,&quot;sm&quot;:&quot;&quot;,&quot;xs&quot;:&quot;&quot;}}' ><div  class=\"tpgb-heading-title tpgb-relative-block heading_style tpgb-block-da87_121  heading-style-1\"><div class=\"sub-style\"><div class=\"sub-heading \"><h6 class=\"heading-sub-title\">\u2500\u2500\u2500 D\u00favidas<\/h6><\/div><div class=\"head-title \"><h2 class=\"heading-title\">Perguntas Frequentes sobre Cuidados<\/h2><\/div><\/div><\/div><\/div>\n\n\n<div class=\"tpgb-wrap-0585_121  tpgb-view-animation tpgb-anim-dur-normal\" data-animationsetting=\"{&quot;anime&quot;:{&quot;md&quot;:&quot;fadeIn&quot;}}\"><div class=\"tpgb-pro-paragraph tpgb-block-0585_121\"><div class=\"pro-paragraph-inner\"><p>Nossa equipe dedicada est\u00e1 comprometida em promover a independ\u00eancia e o bem-estar por meio de assist\u00eancia personalizada, atividades envolventes e um forte senso de comunidade.<\/p><\/div><\/div><\/div>\n\n\n\n<div class=\"tpgb-accordion tpgb-block-3a3c_121\"><div class=\"tpgb-accor-wrap\" data-type=\"accordion\" role=\"tablist\"><div class=\"tpgb-accor-item tpgb-relative-block\"><div class=\"tpgb-accordion-header tpgb-trans-linear-before text-left\" id=\"tpag-tab-title-3a3c_1211\" role=\"tab\" data-tab=\"1\" aria-controls=\"tpag-tab-title-3a3c_1211\"><span class=\"accordion-title-icon-wrap\"><h3 class=\"accordion-title\">Quais tipos de servi\u00e7os de cuidados para idosos est\u00e3o dispon\u00edveis?<\/h3><\/span><div class=\"accordion-toggle-icon\"><span class=\"close-toggle-icon toggle-icon\"><i class=\"fas fa-angle-down\"><\/i><\/span><span class=\"open-toggle-icon toggle-icon\"><i class=\"fas fa-angle-up\"><\/i><\/span><\/div><\/div><div id=\"tpag-tab-content-3a3c_1211\" class=\"tpgb-accordion-content\" role=\"tabpanel\" data-tab=\"1\" aria-labelledby=\"tpag-tab-title-3a3c_1211\"><div class=\"tpgb-content-editor text-left\">Os servi\u00e7os de cuidados para idosos englobam diversas op\u00e7\u00f5es para atender \u00e0s necessidades individuais, incluindo assist\u00eancia domiciliar, cuidados de enfermagem especializada e suporte de cuidados pessoais. Os servi\u00e7os tamb\u00e9m podem incluir administra\u00e7\u00e3o de medicamentos, companhia e cuidados tempor\u00e1rios para cuidadores familiares.<\/div><\/div><\/div><div class=\"tpgb-accor-item tpgb-relative-block\"><div class=\"tpgb-accordion-header tpgb-trans-linear-before text-left\" id=\"tpag-tab-title-3a3c_1212\" role=\"tab\" data-tab=\"2\" aria-controls=\"tpag-tab-title-3a3c_1212\"><span class=\"accordion-title-icon-wrap\"><h3 class=\"accordion-title\">Como posso saber se meu ente querido idoso precisa de assist\u00eancia?<\/h3><\/span><div class=\"accordion-toggle-icon\"><span class=\"close-toggle-icon toggle-icon\"><i class=\"fas fa-angle-down\"><\/i><\/span><span class=\"open-toggle-icon toggle-icon\"><i class=\"fas fa-angle-up\"><\/i><\/span><\/div><\/div><div id=\"tpag-tab-content-3a3c_1212\" class=\"tpgb-accordion-content\" role=\"tabpanel\" data-tab=\"2\" aria-labelledby=\"tpag-tab-title-3a3c_1212\"><div class=\"tpgb-content-editor text-left\">Se seu ente querido idoso tem dificuldades com atividades di\u00e1rias como cozinhar, limpar ou cuidados pessoais, pode ser hora de assist\u00eancia domiciliar. Sinais incluem problemas de mem\u00f3ria, neglig\u00eancia da higiene, desafios de mobilidade ou dificuldade em administrar medicamentos. Observar mudan\u00e7as no comportamento ou na sa\u00fade pode ajudar a determinar se eles precisam de apoio adicional.<\/div><\/div><\/div><div class=\"tpgb-accor-item tpgb-relative-block\"><div class=\"tpgb-accordion-header tpgb-trans-linear-before text-left\" id=\"tpag-tab-title-3a3c_1213\" role=\"tab\" data-tab=\"3\" aria-controls=\"tpag-tab-title-3a3c_1213\"><span class=\"accordion-title-icon-wrap\"><h3 class=\"accordion-title\">Qual \u00e9 o processo para organizar os servi\u00e7os de cuidados para idosos?<\/h3><\/span><div class=\"accordion-toggle-icon\"><span class=\"close-toggle-icon toggle-icon\"><i class=\"fas fa-angle-down\"><\/i><\/span><span class=\"open-toggle-icon toggle-icon\"><i class=\"fas fa-angle-up\"><\/i><\/span><\/div><\/div><div id=\"tpag-tab-content-3a3c_1213\" class=\"tpgb-accordion-content\" role=\"tabpanel\" data-tab=\"3\" aria-labelledby=\"tpag-tab-title-3a3c_1213\"><div class=\"tpgb-content-editor text-left\">Para organizar os servi\u00e7os de cuidados para idosos, comece avaliando as necessidades do seu ente querido, como cuidados pessoais, suporte m\u00e9dico ou companhia. Pesquise provedores de servi\u00e7os confi\u00e1veis, entre em contato para discutir as op\u00e7\u00f5es e agende uma consulta inicial. Ap\u00f3s escolher um provedor, um plano de cuidados \u00e9 elaborado para atender \u00e0s necessidades espec\u00edficas do seu ente querido.<\/div><\/div><\/div><div class=\"tpgb-accor-item tpgb-relative-block\"><div class=\"tpgb-accordion-header tpgb-trans-linear-before text-left\" id=\"tpag-tab-title-3a3c_1214\" role=\"tab\" data-tab=\"4\" aria-controls=\"tpag-tab-title-3a3c_1214\"><span class=\"accordion-title-icon-wrap\"><h3 class=\"accordion-title\">Seus cuidadores s\u00e3o treinados e passam por verifica\u00e7\u00e3o de antecedentes?<\/h3><\/span><div class=\"accordion-toggle-icon\"><span class=\"close-toggle-icon toggle-icon\"><i class=\"fas fa-angle-down\"><\/i><\/span><span class=\"open-toggle-icon toggle-icon\"><i class=\"fas fa-angle-up\"><\/i><\/span><\/div><\/div><div id=\"tpag-tab-content-3a3c_1214\" class=\"tpgb-accordion-content\" role=\"tabpanel\" data-tab=\"4\" aria-labelledby=\"tpag-tab-title-3a3c_1214\"><div class=\"tpgb-content-editor text-left\">Sim, todos os nossos cuidadores s\u00e3o treinados profissionalmente e passam por rigorosas verifica\u00e7\u00f5es de antecedentes para garantir a seguran\u00e7a e a qualidade do cuidado para seus entes queridos. Priorizamos a contrata\u00e7\u00e3o de profissionais qualificados e confi\u00e1veis para oferecer servi\u00e7os de assist\u00eancia domiciliar compassivos e confi\u00e1veis.<\/div><\/div><\/div><\/div><\/div>\n\n<\/div><\/div>","protected":false},"excerpt":{"rendered":"","protected":false},"author":1,"featured_media":0,"parent":0,"menu_order":0,"comment_status":"closed","ping_status":"closed","template":"","meta":{"tpgb_global_settings":"","footnotes":""},"class_list":["post-121","page","type-page","status-publish","hentry"],"tpgb_featured_images":null,"tpgb_post_meta_info":{"get_date":"21 de junho de 2025","get_modified_date":"29 de junho de 2025","author_name":"Sa\u00fade","author_url":"https:\/\/digitalbusinessdeveloper.com\/saude\/author\/miron8547\/","author_email":"one.business.bom@gmail.com","author_website":"https:\/\/digitalbusinessdeveloper.com\/saude","author_description":"","author_facebook":"","author_twitter":"","author_instagram":"","author_role":["administrator"],"author_firstname":"","author_lastname":"","user_login":"Miron8547@","author_avatar":"<img alt='' src='https:\/\/secure.gravatar.com\/avatar\/5924486c3e144a515ef457360cd44db83137ba2cf95df35d5b293beccc0fee9d?s=200&#038;d=mm&#038;r=g' srcset='https:\/\/secure.gravatar.com\/avatar\/5924486c3e144a515ef457360cd44db83137ba2cf95df35d5b293beccc0fee9d?s=400&#038;d=mm&#038;r=g 2x' class='avatar avatar-200 photo' height='200' width='200' loading='lazy' decoding='async'\/>","author_avatar_url":"https:\/\/secure.gravatar.com\/avatar\/5924486c3e144a515ef457360cd44db83137ba2cf95df35d5b293beccc0fee9d?s=96&d=mm&r=g","comment_count":0,"post_likes":0,"post_views":0},"tpgb_post_category":[],"_links":{"self":[{"href":"https:\/\/digitalbusinessdeveloper.com\/saude\/wp-json\/wp\/v2\/pages\/121","targetHints":{"allow":["GET"]}}],"collection":[{"href":"https:\/\/digitalbusinessdeveloper.com\/saude\/wp-json\/wp\/v2\/pages"}],"about":[{"href":"https:\/\/digitalbusinessdeveloper.com\/saude\/wp-json\/wp\/v2\/types\/page"}],"author":[{"embeddable":true,"href":"https:\/\/digitalbusinessdeveloper.com\/saude\/wp-json\/wp\/v2\/users\/1"}],"replies":[{"embeddable":true,"href":"https:\/\/digitalbusinessdeveloper.com\/saude\/wp-json\/wp\/v2\/comments?post=121"}],"version-history":[{"count":8,"href":"https:\/\/digitalbusinessdeveloper.com\/saude\/wp-json\/wp\/v2\/pages\/121\/revisions"}],"predecessor-version":[{"id":188,"href":"https:\/\/digitalbusinessdeveloper.com\/saude\/wp-json\/wp\/v2\/pages\/121\/revisions\/188"}],"wp:attachment":[{"href":"https:\/\/digitalbusinessdeveloper.com\/saude\/wp-json\/wp\/v2\/media?parent=121"}],"curies":[{"name":"wp","href":"https:\/\/api.w.org\/{rel}","templated":true}]}}