{"id":99,"date":"2025-06-24T14:09:45","date_gmt":"2025-06-24T14:09:45","guid":{"rendered":"https:\/\/digitalbusinessdeveloper.com\/restaurant\/contact-us-tastewheels\/"},"modified":"2025-06-24T14:26:13","modified_gmt":"2025-06-24T14:26:13","slug":"contato","status":"publish","type":"page","link":"https:\/\/digitalbusinessdeveloper.com\/restaurant\/contato\/","title":{"rendered":"Contato"},"content":{"rendered":"<div  class=\"tpgb-container-row tpgb-block-b77c_99    alignfull  tpgb-container-inline  tpgb-container-wide \" data-id=\"b77c_99 \"   ><div class=\"tpgb-cont-in\">\n\n<h1 class=\"wp-block-tpgb-tp-heading tp-core-heading tpgb-block-e4b6_99\">Contato<\/h1>\n\n\n<div class=\"tp-breadcrumbs tpgb-block-2902_99 \"><div class=\"pt_plus_breadcrumbs_bar bred-center\"><div class=\"pt_plus_breadcrumbs_bar_inner bred_style_1\"><nav id=\"breadcrumbs\"><span class=\"bc_home\"><a class=\"home_bread_tab\" href=\"https:\/\/gtemplates.wdesignkit.com\/tastewheels\/\"  >Home<i class=\" fas fa-angle-right bread-sep-icon\" ><\/i><\/a><\/span> <span class=\"del\"><\/span> <span class=\"current_active\"><div class=\"current_tab_sec\">P\u00e1gina<\/div><\/span><\/nav><\/div><\/div><\/div>\n<\/div><\/div>\n\n<div  class=\"tpgb-container-row tpgb-block-a6d1_99    alignfull  tpgb-container-inline  tpgb-container-wide \" data-id=\"a6d1_99 \"   ><div class=\"tpgb-cont-in\">\n<div  class=\"tpgb-heading-title tpgb-relative-block heading_style tpgb-block-4602_99  heading-style-1\"><div class=\"sub-style\"><div class=\"head-title \"><h2 class=\"heading-title\">Estamos Sempre Aqui para Fornecer a Ajuda que Voc\u00ea Precisa<\/h2><\/div><div class=\"sub-heading \"><p class=\"heading-sub-title\">Estamos aqui para ajudar com quaisquer d\u00favidas, preocupa\u00e7\u00f5es ou sugest\u00f5es que voc\u00ea tenha. N\u00e3o hesite em entrar em contato com nossa equipe amig\u00e1vel, estamos a apenas uma mensagem de dist\u00e2ncia!<\/p><\/div><\/div><\/div>\n\n<div class=\"tp-form-block nxt-style-1 tpgb-relative-block tpgb-block-b105_99 \" data-block-id=\"b105_99\"><form id=\"\" class=\"nxt-form\" data-formdata=eTBxVnVhWFQ0SjVnbmswcnZTVXAvVXVFZUhNSWtYaGV0b2JHdXpCZWxOQnVjMTJLUlFjQ1JKQWswWDBJaEx4cUsydGw2VngyS0J1WHBSdnFqVmFmYlZ6K29WZW95QzRpdHJxc2JVajFObWRpV05VVlRpTC83TFErMFF2MlNHeGduVTlncVJLdWtscHZ1S1o3OHRZY3pGb0tIV2JXMUJtQit3a1RBMkprNzFFdi95V1MxaTVIVTI0S21ndHVvMFluVkxpN3p5NGlaV0VzeGVYUzhsYVlGWkZhKzdQcU5ROHNENFk2RkhQS0syaXNpanRjZVN1U2pZN3V2QWlLcElERQ==  data-actionOption=\"[{&quot;value&quot;: &quot;Email&quot;, &quot;label&quot;: &quot;Email&quot;}]\">\n\n<div class=\"tp-form-name-field tpgb-block-4b49_99\"><div class=\"nxt-name-input\"><label class=\"nxt-name-label \"><\/label><div class=\"nxt-input-container\"><input class=\"nxt-name-richtext\" type=\"text\" placeholder=\"Primeiro Nome\" data-required=\"false\" autocomplete=\"off\" name=\"text-field\" maxlength=\"\"\/><\/div><span class=\"nxt-error-show\" data-error-message=\"This field is required.\" data-name-validation=\"false\"><\/span><\/div><\/div>\n\n\n\n<div class=\"tp-form-name-field tpgb-block-bdf1_99\"><div class=\"nxt-name-input\"><label class=\"nxt-name-label \"><\/label><div class=\"nxt-input-container\"><input class=\"nxt-name-richtext\" type=\"text\" placeholder=\"Sobrenome\" data-required=\"false\" autocomplete=\"off\" name=\"text-field\" maxlength=\"\"\/><\/div><span class=\"nxt-error-show\" data-error-message=\"This field is required.\" data-name-validation=\"false\"><\/span><\/div><\/div>\n\n\n\n<div class=\"tp-form-email-field tpgb-block-5c44_99 \"><div class=\"nxt-email-input\"><label class=\"nxt-email-label \"><\/label><div class=\"nxt-input-container\"><input type=\"email\" placeholder=\"Email\" class=\"nxt-email-richtext\" data-required=\"false\" autocomplete=\"off\" name=\"email\"\/><\/div><span class=\"nxt-error-email\" data-error-message=\"This field is required.\"><\/span><\/div><\/div>\n\n\n\n<div class=\"tp-form-name-field tpgb-block-f7a0_99\"><div class=\"nxt-name-input\"><label class=\"nxt-name-label \"><\/label><div class=\"nxt-input-container\"><input class=\"nxt-name-richtext\" type=\"text\" placeholder=\"Telefone\" data-required=\"false\" autocomplete=\"off\" name=\"text-field\" maxlength=\"\"\/><\/div><span class=\"nxt-error-show\" data-error-message=\"This field is required.\" data-name-validation=\"false\"><\/span><\/div><\/div>\n\n\n\n<div class=\"tp-form-message-field tpgb-block-212d_99 \"><div class=\"nxt-message-input\"><label class=\"nxt-message-label \"><\/label><textarea placeholder=\"Mensagem\" class=\"nxt-message-richtext\" data-required=\"false\" autocomplete=\"off\" rows=\"4\" name=\"message\"><\/textarea><span class=\"nxt-message-error\" data-error-message=\"This field is required.\"><\/span><\/div><\/div>\n\n\n\n<div class=\"nxt-submit-button tpgb-block-f35a_99 nxt-btn-block\"><button type=\"submit\" class=\"nxt-submit\"><span class=\"nxt-btn-text\">Enviar<\/span><span class=\"nxt-loader\"><\/span><\/button><\/div>\n\n <\/form><span class=\"nxt-success-message\" data-success-message=\"Thank you for your message. It has been sent.\"><\/span><\/div>\n<\/div><\/div>\n\n<div  class=\"tpgb-container-row tpgb-block-baf9_99    alignfull  tpgb-container-inline  tpgb-container-wide \" data-id=\"baf9_99 \"   ><div class=\"tpgb-cont-in\">\n<div class=\"tpgb-google-map tpgb-relative-block tpgb-block-517e_99 \"><div id=\"gmap-517e_99\" class=\"tpgb-adv-map\" data-id=\"gmap-517e_99\" data-map-settings=\"{&quot;places&quot;:[{&quot;address&quot;:&quot;&quot;,&quot;latitude&quot;:40.68841350000000289810486719943583011627197265625,&quot;longitude&quot;:-74.360616899999996576298144645988941192626953125,&quot;pin_icon&quot;:&quot;&quot;,&quot;latOrAddr&quot;:&quot;latitude&quot;}],&quot;options&quot;:{&quot;zoom&quot;:8,&quot;scrollwheel&quot;:true,&quot;draggable&quot;:true,&quot;panControl&quot;:true,&quot;zoomControl&quot;:true,&quot;scaleControl&quot;:true,&quot;mapTypeControl&quot;:true,&quot;fullscreenControl&quot;:true,&quot;streetViewControl&quot;:true,&quot;mapTypeId&quot;:&quot;roadmap&quot;}}\" ><\/div><\/div>\n<\/div><\/div>","protected":false},"excerpt":{"rendered":"","protected":false},"author":1,"featured_media":0,"parent":0,"menu_order":0,"comment_status":"closed","ping_status":"closed","template":"","meta":{"tpgb_global_settings":"","footnotes":""},"class_list":["post-99","page","type-page","status-publish","hentry"],"tpgb_featured_images":null,"tpgb_post_meta_info":{"get_date":"24 de junho de 2025","get_modified_date":"24 de junho de 2025","author_name":"Restaurante","author_url":"https:\/\/digitalbusinessdeveloper.com\/restaurant\/author\/miron8547\/","author_email":"one.business.bom@gmail.com","author_website":"https:\/\/digitalbusinessdeveloper.com\/restaurant","author_description":"","author_facebook":"","author_twitter":"","author_instagram":"","author_role":["administrator"],"author_firstname":"","author_lastname":"","user_login":"Miron8547@","author_avatar":"<img alt='' src='https:\/\/secure.gravatar.com\/avatar\/5924486c3e144a515ef457360cd44db83137ba2cf95df35d5b293beccc0fee9d?s=200&#038;d=mm&#038;r=g' srcset='https:\/\/secure.gravatar.com\/avatar\/5924486c3e144a515ef457360cd44db83137ba2cf95df35d5b293beccc0fee9d?s=400&#038;d=mm&#038;r=g 2x' class='avatar avatar-200 photo' height='200' width='200' loading='lazy' decoding='async'\/>","author_avatar_url":"https:\/\/secure.gravatar.com\/avatar\/5924486c3e144a515ef457360cd44db83137ba2cf95df35d5b293beccc0fee9d?s=96&d=mm&r=g","comment_count":0,"post_likes":0,"post_views":0},"tpgb_post_category":[],"_links":{"self":[{"href":"https:\/\/digitalbusinessdeveloper.com\/restaurant\/wp-json\/wp\/v2\/pages\/99","targetHints":{"allow":["GET"]}}],"collection":[{"href":"https:\/\/digitalbusinessdeveloper.com\/restaurant\/wp-json\/wp\/v2\/pages"}],"about":[{"href":"https:\/\/digitalbusinessdeveloper.com\/restaurant\/wp-json\/wp\/v2\/types\/page"}],"author":[{"embeddable":true,"href":"https:\/\/digitalbusinessdeveloper.com\/restaurant\/wp-json\/wp\/v2\/users\/1"}],"replies":[{"embeddable":true,"href":"https:\/\/digitalbusinessdeveloper.com\/restaurant\/wp-json\/wp\/v2\/comments?post=99"}],"version-history":[{"count":3,"href":"https:\/\/digitalbusinessdeveloper.com\/restaurant\/wp-json\/wp\/v2\/pages\/99\/revisions"}],"predecessor-version":[{"id":123,"href":"https:\/\/digitalbusinessdeveloper.com\/restaurant\/wp-json\/wp\/v2\/pages\/99\/revisions\/123"}],"wp:attachment":[{"href":"https:\/\/digitalbusinessdeveloper.com\/restaurant\/wp-json\/wp\/v2\/media?parent=99"}],"curies":[{"name":"wp","href":"https:\/\/api.w.org\/{rel}","templated":true}]}}