{"id":91,"date":"2025-06-24T14:09:44","date_gmt":"2025-06-24T14:09:44","guid":{"rendered":"https:\/\/digitalbusinessdeveloper.com\/restaurant\/about-us-tastewheels\/"},"modified":"2025-06-24T20:52:27","modified_gmt":"2025-06-24T20:52:27","slug":"quem-somos","status":"publish","type":"page","link":"https:\/\/digitalbusinessdeveloper.com\/restaurant\/quem-somos\/","title":{"rendered":"Quem Somos"},"content":{"rendered":"<div  class=\"tpgb-container-row tpgb-block-b77c_91    alignfull  tpgb-container-inline  tpgb-container-wide \" data-id=\"b77c_91 \"   ><div class=\"tpgb-cont-in\">\n\n<h1 class=\"wp-block-tpgb-tp-heading tp-core-heading tpgb-block-e4b6_91\">Quem Somos<\/h1>\n\n\n<div class=\"tp-breadcrumbs tpgb-block-2902_91 \"><div class=\"pt_plus_breadcrumbs_bar bred-center\"><div class=\"pt_plus_breadcrumbs_bar_inner bred_style_1\"><nav id=\"breadcrumbs\"><span class=\"bc_home\"><a class=\"home_bread_tab\" href=\"https:\/\/gtemplates.wdesignkit.com\/tastewheels\/\"  >Home<i class=\" fas fa-angle-right bread-sep-icon\" ><\/i><\/a><\/span> <span class=\"del\"><\/span> <span class=\"current_active\"><div class=\"current_tab_sec\">P\u00e1gina<\/div><\/span><\/nav><\/div><\/div><\/div>\n<\/div><\/div>\n\n<div  class=\"tpgb-container-row tpgb-block-5440_91    alignfull  tpgb-container-inline  tpgb-container-full \" data-id=\"5440_91 \"   >\n<div  class=\"tpgb-container-row tpgb-block-ef6f_91    alignwide  tpgb-container-inline  tpgb-container-wide \" data-id=\"ef6f_91 \"   ><div class=\"tpgb-cont-in\">\n\n<h2 class=\"wp-block-tpgb-tp-heading tp-core-heading tpgb-block-ca8e_91\">Sua aventura culin\u00e1ria com a TasteWheels<\/h2>\n\n\n\n<div class=\"wp-block-tpgb-tp-image tpgb-image tpgb-block-967f_91\"><figure class=\"tpgb-figure\"><img decoding=\"async\" width=\"1120\" height=\"501\" src=\"https:\/\/digitalbusinessdeveloper.com\/restaurant\/wp-content\/uploads\/2025\/06\/advantures-image.png\" alt=\"\" class=\"tpgb-img-inner wp-image-35\" loading=\"lazy\" srcset=\"https:\/\/digitalbusinessdeveloper.com\/restaurant\/wp-content\/uploads\/2025\/06\/advantures-image.png 1120w, https:\/\/digitalbusinessdeveloper.com\/restaurant\/wp-content\/uploads\/2025\/06\/advantures-image-300x134.png 300w, https:\/\/digitalbusinessdeveloper.com\/restaurant\/wp-content\/uploads\/2025\/06\/advantures-image-1024x458.png 1024w, https:\/\/digitalbusinessdeveloper.com\/restaurant\/wp-content\/uploads\/2025\/06\/advantures-image-768x344.png 768w\" sizes=\"auto, (max-width: 1120px) 100vw, 1120px\" \/><\/figure><\/div>\n\n\n<div  class=\"tpgb-container-row tpgb-block-6f36_91    alignfull  tpgb-container-inline  tpgb-container-full \" data-id=\"6f36_91 \"   >\n<div  class=\"tpgb-heading-title tpgb-relative-block heading_style tpgb-block-10db_91  heading-style-1\"><div class=\"sub-style\"><div class=\"head-title \"><h2 class=\"heading-title\">Bem-vindo \u00e0 TasteWheels<\/h2><\/div><div class=\"sub-heading \"><h3 class=\"heading-sub-title\">Trazendo sabores ousados para voc\u00ea <br>em todos os lugares<\/h3><\/div><\/div><\/div>\n\n\n<p class=\"wp-block-tpgb-tp-heading tp-core-heading tpgb-block-b3e3_91\">Na TasteWheels, somos movidos pelo amor pela boa comida e pela paix\u00e3o por aventura. Nosso food truck traz sabores ousados e frescos diretamente at\u00e9 voc\u00ea, oferecendo um card\u00e1pio diversificado que est\u00e1 sempre mudando e evoluindo.<\/p>\n\n\n\n<p class=\"wp-block-tpgb-tp-heading tp-core-heading tpgb-block-5b52_91\">De comidas reconfortantes e saborosas a pratos de fus\u00e3o \u00fanicos, nosso objetivo \u00e9 criar refei\u00e7\u00f5es memor\u00e1veis para cada ocasi\u00e3o. Seja saboreando um lanche r\u00e1pido ou comemorando um evento especial, a TasteWheels est\u00e1 aqui para tornar tudo delicioso e inesquec\u00edvel!<\/p>\n\n<\/div>\n<\/div><\/div>\n\n<div class=\"tpgb-stylist-list tpgb-relative-block tpgb-block-c245_91  align-center tablet-align-center mobile-align-center  \" ><div class=\"tpgb-icon-list-items d-flex-center\"><div id=\"tooltip69ecdf06c3c78\" class=\"tpgb-icon-list-item tp-repeater-item-aujq active\"  ><div class=\"tpgb-icon-list-text\"><p>Chiado<\/p><\/div><\/div><div id=\"tooltip69ecdf06c3c82\" class=\"tpgb-icon-list-item tp-repeater-item-xhys \"  ><div class=\"tpgb-icon-list-text\"><p>Desejo<\/p><\/div><\/div><div id=\"tooltip69ecdf06c3c88\" class=\"tpgb-icon-list-item tp-repeater-item-9ug1 \"  ><div class=\"tpgb-icon-list-text\"><p>Nhac Nhac<\/p><\/div><\/div><div id=\"tooltip69ecdf06c3c8d\" class=\"tpgb-icon-list-item tp-repeater-item-gjfs \"  ><div class=\"tpgb-icon-list-text\"><p>Saboroso<\/p><\/div><\/div><div id=\"tooltip69ecdf06c3c92\" class=\"tpgb-icon-list-item tp-repeater-item-gdeb \"  ><div class=\"tpgb-icon-list-text\"><p>Mord\u00edvel<\/p><\/div><\/div><div id=\"tooltip69ecdf06c3c98\" class=\"tpgb-icon-list-item tp-repeater-item-m1dv \"  ><div class=\"tpgb-icon-list-text\"><p>Toque<\/p><\/div><\/div><div id=\"tooltip69ecdf06c3c9c\" class=\"tpgb-icon-list-item tp-repeater-item-0e7x \"  ><div class=\"tpgb-icon-list-text\"><p>Petisco<\/p><\/div><\/div><div id=\"tooltip69ecdf06c3ca0\" class=\"tpgb-icon-list-item tp-repeater-item-cash \"  ><div class=\"tpgb-icon-list-text\"><p>Chapa<\/p><\/div><\/div><div id=\"tooltip69ecdf06c3ca4\" class=\"tpgb-icon-list-item tp-repeater-item-0 \"  ><div class=\"tpgb-icon-list-text\"><p>Lanche<\/p><\/div><\/div><\/div><\/div>\n<\/div>\n\n<div  class=\"tpgb-container-row tpgb-block-e45c_91    alignfull  tpgb-container-inline  tpgb-container-wide \" data-id=\"e45c_91 \"   ><div class=\"tpgb-cont-in\">\n<div  class=\"tpgb-heading-title tpgb-relative-block heading_style tpgb-block-ade5_91  heading-style-1\"><div class=\"sub-style\"><div class=\"head-title \"><h2 class=\"heading-title\">Navegue por Categoria Explore Seus Favoritos<\/h2><\/div><div class=\"sub-heading \"><p class=\"heading-sub-title\">\u201cNavegue por nossas diversas categorias para descobrir uma variedade de receitas deliciosas. Seja voc\u00ea est\u00e1 desejando algo salgado, doce ou saud\u00e1vel, temos op\u00e7\u00f5es para todos os gostos!\u201d<\/p><\/div><\/div><\/div>\n\n<div  class=\"tpgb-container-row tpgb-block-7a0a_91    alignfull  tpgb-container-inline  tpgb-container-full \" data-id=\"7a0a_91 \"   >\n<div class=\"tpgb-infobox tpgb-relative-block tpgb-trans-linear tpgb-block-9673_91  info-box-style-3 \" ><div class=\"post-inner-loop \"><div class=\"info-box-inner tpgb-trans-linear tpgb_cnt_hvr_effect tpgb-relative-block tp-info-nc cnt_hvr_\"><div class=\"info-box-bg-box tpgb-trans-linear \"><div class=\"text-alignment\"><div class=\"style-3\"><div class=\"info-icon-content\"><div class=\"service-icon-wrap tpgb-trans-linear\"><img decoding=\"async\" src=\"https:\/\/digitalbusinessdeveloper.com\/restaurant\/wp-content\/uploads\/2025\/06\/Breakfast.svg\" class=\"service-icon tpgb-trans-linear\" alt=\"Info Box\" \/><\/div><\/div><h3 class=\"service-title tpgb-trans-linear\">Caf\u00e9 da manh\u00e3<\/h3><div class=\"service-desc tpgb-trans-linear\"><\/div><\/div><\/div><\/div><div class=\"infobox-overlay-color tpgb-trans-linear\"><\/div><\/div><\/div><\/div>\n\n<div class=\"tpgb-infobox tpgb-relative-block tpgb-trans-linear tpgb-block-9144_91  info-box-style-3 \" ><div class=\"post-inner-loop \"><div class=\"info-box-inner tpgb-trans-linear tpgb_cnt_hvr_effect tpgb-relative-block tp-info-nc cnt_hvr_\"><div class=\"info-box-bg-box tpgb-trans-linear \"><div class=\"text-alignment\"><div class=\"style-3\"><div class=\"info-icon-content\"><div class=\"service-icon-wrap tpgb-trans-linear\"><img decoding=\"async\" src=\"https:\/\/digitalbusinessdeveloper.com\/restaurant\/wp-content\/uploads\/2025\/06\/Lunch.svg\" class=\"service-icon tpgb-trans-linear\" alt=\"Info Box\" \/><\/div><\/div><h3 class=\"service-title tpgb-trans-linear\">Almo\u00e7o<\/h3><div class=\"service-desc tpgb-trans-linear\"><\/div><\/div><\/div><\/div><div class=\"infobox-overlay-color tpgb-trans-linear\"><\/div><\/div><\/div><\/div>\n\n<div class=\"tpgb-infobox tpgb-relative-block tpgb-trans-linear tpgb-block-aa6d_91  info-box-style-3 \" ><div class=\"post-inner-loop \"><div class=\"info-box-inner tpgb-trans-linear tpgb_cnt_hvr_effect tpgb-relative-block tp-info-nc cnt_hvr_\"><div class=\"info-box-bg-box tpgb-trans-linear \"><div class=\"text-alignment\"><div class=\"style-3\"><div class=\"info-icon-content\"><div class=\"service-icon-wrap tpgb-trans-linear\"><img decoding=\"async\" src=\"https:\/\/digitalbusinessdeveloper.com\/restaurant\/wp-content\/uploads\/2025\/06\/Drink.svg\" class=\"service-icon tpgb-trans-linear\" alt=\"Info Box\" \/><\/div><\/div><h3 class=\"service-title tpgb-trans-linear\">Bebida<\/h3><div class=\"service-desc tpgb-trans-linear\"><\/div><\/div><\/div><\/div><div class=\"infobox-overlay-color tpgb-trans-linear\"><\/div><\/div><\/div><\/div>\n\n<div class=\"tpgb-infobox tpgb-relative-block tpgb-trans-linear tpgb-block-35ce_91  info-box-style-3 \" ><div class=\"post-inner-loop \"><div class=\"info-box-inner tpgb-trans-linear tpgb_cnt_hvr_effect tpgb-relative-block tp-info-nc cnt_hvr_\"><div class=\"info-box-bg-box tpgb-trans-linear \"><div class=\"text-alignment\"><div class=\"style-3\"><div class=\"info-icon-content\"><div class=\"service-icon-wrap tpgb-trans-linear\"><img decoding=\"async\" src=\"https:\/\/digitalbusinessdeveloper.com\/restaurant\/wp-content\/uploads\/2025\/06\/Dessert.svg\" class=\"service-icon tpgb-trans-linear\" alt=\"Info Box\" \/><\/div><\/div><h3 class=\"service-title tpgb-trans-linear\">Sobremesa<\/h3><div class=\"service-desc tpgb-trans-linear\"><\/div><\/div><\/div><\/div><div class=\"infobox-overlay-color tpgb-trans-linear\"><\/div><\/div><\/div><\/div>\n<\/div>\n<\/div><\/div>\n\n<div  class=\"tpgb-container-row tpgb-block-a6d1_91    alignfull  tpgb-container-inline  tpgb-container-wide \" data-id=\"a6d1_91 \"   ><div class=\"tpgb-cont-in\">\n<div  class=\"tpgb-heading-title tpgb-relative-block heading_style tpgb-block-4602_91  heading-style-1\"><div class=\"sub-style\"><div class=\"head-title \"><h2 class=\"heading-title\">Estamos sempre aqui para fornecer a ajuda que voc\u00ea precisa<\/h2><\/div><div class=\"sub-heading \"><p class=\"heading-sub-title\">Estamos aqui para ajudar com qualquer d\u00favida, preocupa\u00e7\u00e3o ou feedback que voc\u00ea tenha. N\u00e3o hesite em entrar em contato com nossa equipe amig\u00e1vel, estamos a apenas uma mensagem de dist\u00e2ncia!<\/p><\/div><\/div><\/div>\n\n<div class=\"tp-form-block nxt-style-1 tpgb-relative-block tpgb-block-b105_91 \" data-block-id=\"b105_91\"><form id=\"\" class=\"nxt-form\" data-formdata=eTBxVnVhWFQ0SjVnbmswcnZTVXAvVXVFZUhNSWtYaGV0b2JHdXpCZWxOQnVjMTJLUlFjQ1JKQWswWDBJaEx4cUsydGw2VngyS0J1WHBSdnFqVmFmYlZ6K29WZW95QzRpdHJxc2JVajFObWRpV05VVlRpTC83TFErMFF2MlNHeGduVTlncVJLdWtscHZ1S1o3OHRZY3pGb0tIV2JXMUJtQit3a1RBMkprNzFFdi95V1MxaTVIVTI0S21ndHVvMFluVkxpN3p5NGlaV0VzeGVYUzhsYVlGUTdTWlBMRzd0NS9YQzBMNU5hSWhvZkxHajQ1cVBObHJ4TWNLeE12T2tnRA==  data-actionOption=\"[{&quot;value&quot;: &quot;Email&quot;, &quot;label&quot;: &quot;Email&quot;}]\">\n\n<div class=\"tp-form-name-field tpgb-block-4b49_91\"><div class=\"nxt-name-input\"><label class=\"nxt-name-label \"><\/label><div class=\"nxt-input-container\"><input class=\"nxt-name-richtext\" type=\"text\" placeholder=\"Nome\" data-required=\"false\" autocomplete=\"off\" name=\"text-field\" maxlength=\"\"\/><\/div><span class=\"nxt-error-show\" data-error-message=\"This field is required.\" data-name-validation=\"false\"><\/span><\/div><\/div>\n\n\n\n<div class=\"tp-form-name-field tpgb-block-bdf1_91\"><div class=\"nxt-name-input\"><label class=\"nxt-name-label \"><\/label><div class=\"nxt-input-container\"><input class=\"nxt-name-richtext\" type=\"text\" placeholder=\"Sobrenome\" data-required=\"false\" autocomplete=\"off\" name=\"text-field\" maxlength=\"\"\/><\/div><span class=\"nxt-error-show\" data-error-message=\"This field is required.\" data-name-validation=\"false\"><\/span><\/div><\/div>\n\n\n\n<div class=\"tp-form-email-field tpgb-block-5c44_91 \"><div class=\"nxt-email-input\"><label class=\"nxt-email-label \"><\/label><div class=\"nxt-input-container\"><input type=\"email\" placeholder=\"Email\" class=\"nxt-email-richtext\" data-required=\"false\" autocomplete=\"off\" name=\"email\"\/><\/div><span class=\"nxt-error-email\" data-error-message=\"This field is required.\"><\/span><\/div><\/div>\n\n\n\n<div class=\"tp-form-name-field tpgb-block-f7a0_91\"><div class=\"nxt-name-input\"><label class=\"nxt-name-label \"><\/label><div class=\"nxt-input-container\"><input class=\"nxt-name-richtext\" type=\"text\" placeholder=\"Telefone\" data-required=\"false\" autocomplete=\"off\" name=\"text-field\" maxlength=\"\"\/><\/div><span class=\"nxt-error-show\" data-error-message=\"This field is required.\" data-name-validation=\"false\"><\/span><\/div><\/div>\n\n\n\n<div class=\"tp-form-message-field tpgb-block-212d_91 \"><div class=\"nxt-message-input\"><label class=\"nxt-message-label \"><\/label><textarea placeholder=\"Mensagem\" class=\"nxt-message-richtext\" data-required=\"false\" autocomplete=\"off\" rows=\"4\" name=\"message\"><\/textarea><span class=\"nxt-message-error\" data-error-message=\"This field is required.\"><\/span><\/div><\/div>\n\n\n\n<div class=\"nxt-submit-button tpgb-block-f35a_91 nxt-btn-block\"><button type=\"submit\" class=\"nxt-submit\"><span class=\"nxt-btn-text\">Enviar<\/span><span class=\"nxt-loader\"><\/span><\/button><\/div>\n\n <\/form><span class=\"nxt-success-message\" data-success-message=\"Thank you for your message. It has been sent.\"><\/span><\/div>\n<\/div><\/div>","protected":false},"excerpt":{"rendered":"","protected":false},"author":1,"featured_media":0,"parent":0,"menu_order":0,"comment_status":"closed","ping_status":"closed","template":"","meta":{"tpgb_global_settings":"","footnotes":""},"class_list":["post-91","page","type-page","status-publish","hentry"],"tpgb_featured_images":null,"tpgb_post_meta_info":{"get_date":"24 de junho de 2025","get_modified_date":"24 de junho de 2025","author_name":"Restaurante","author_url":"https:\/\/digitalbusinessdeveloper.com\/restaurant\/author\/miron8547\/","author_email":"one.business.bom@gmail.com","author_website":"https:\/\/digitalbusinessdeveloper.com\/restaurant","author_description":"","author_facebook":"","author_twitter":"","author_instagram":"","author_role":["administrator"],"author_firstname":"","author_lastname":"","user_login":"Miron8547@","author_avatar":"<img alt='' src='https:\/\/secure.gravatar.com\/avatar\/5924486c3e144a515ef457360cd44db83137ba2cf95df35d5b293beccc0fee9d?s=200&#038;d=mm&#038;r=g' srcset='https:\/\/secure.gravatar.com\/avatar\/5924486c3e144a515ef457360cd44db83137ba2cf95df35d5b293beccc0fee9d?s=400&#038;d=mm&#038;r=g 2x' class='avatar avatar-200 photo' height='200' width='200' loading='lazy' decoding='async'\/>","author_avatar_url":"https:\/\/secure.gravatar.com\/avatar\/5924486c3e144a515ef457360cd44db83137ba2cf95df35d5b293beccc0fee9d?s=96&d=mm&r=g","comment_count":0,"post_likes":0,"post_views":0},"tpgb_post_category":[],"_links":{"self":[{"href":"https:\/\/digitalbusinessdeveloper.com\/restaurant\/wp-json\/wp\/v2\/pages\/91","targetHints":{"allow":["GET"]}}],"collection":[{"href":"https:\/\/digitalbusinessdeveloper.com\/restaurant\/wp-json\/wp\/v2\/pages"}],"about":[{"href":"https:\/\/digitalbusinessdeveloper.com\/restaurant\/wp-json\/wp\/v2\/types\/page"}],"author":[{"embeddable":true,"href":"https:\/\/digitalbusinessdeveloper.com\/restaurant\/wp-json\/wp\/v2\/users\/1"}],"replies":[{"embeddable":true,"href":"https:\/\/digitalbusinessdeveloper.com\/restaurant\/wp-json\/wp\/v2\/comments?post=91"}],"version-history":[{"count":2,"href":"https:\/\/digitalbusinessdeveloper.com\/restaurant\/wp-json\/wp\/v2\/pages\/91\/revisions"}],"predecessor-version":[{"id":133,"href":"https:\/\/digitalbusinessdeveloper.com\/restaurant\/wp-json\/wp\/v2\/pages\/91\/revisions\/133"}],"wp:attachment":[{"href":"https:\/\/digitalbusinessdeveloper.com\/restaurant\/wp-json\/wp\/v2\/media?parent=91"}],"curies":[{"name":"wp","href":"https:\/\/api.w.org\/{rel}","templated":true}]}}