{"id":87,"date":"2025-06-23T13:53:10","date_gmt":"2025-06-23T13:53:10","guid":{"rendered":"https:\/\/digitalbusinessdeveloper.com\/petshops\/services-detail-pawfusion\/"},"modified":"2025-06-30T14:45:40","modified_gmt":"2025-06-30T14:45:40","slug":"servico-1","status":"publish","type":"page","link":"https:\/\/digitalbusinessdeveloper.com\/petshops\/servico-1\/","title":{"rendered":"Servi\u00e7o 1"},"content":{"rendered":"<div  class=\"tpgb-container-row tpgb-block-3845_87    alignfull  tpgb-container-inline  tpgb-container-wide \" data-id=\"3845_87 \"   ><div class=\"tpgb-cont-in\">\n<div  class=\"tpgb-container-row tpgb-block-f1ad_87    alignwide  tpgb-container-inline  tpgb-container-wide \" data-id=\"f1ad_87 \"   ><div class=\"tpgb-cont-in\">\n<div  class=\"tpgb-container-row tpgb-block-ed8f_87    alignwide  tpgb-container-inline  tpgb-container-wide \" data-id=\"ed8f_87 \"   ><div class=\"tpgb-cont-in\">\n\n<h3 class=\"wp-block-tpgb-tp-heading tp-core-heading tpgb-block-2d6d_87\">Service Detail<\/h3>\n\n\n<div class=\"tp-breadcrumbs tpgb-block-2bea_87 \"><div class=\"pt_plus_breadcrumbs_bar \"><div class=\"pt_plus_breadcrumbs_bar_inner bred_style_1\"><nav id=\"breadcrumbs\"><span class=\"bc_home\"><a class=\"home_bread_tab\" href=\"https:\/\/digitalbusinessdeveloper.com\/petshops\/\"  >Home<i class=\" fas fa-angle-right bread-sep-icon\" ><\/i><\/a><\/span> <span class=\"del\"><\/span> <span class=\"current\"><div class=\"current_tab_sec\">P\u00e1gina<\/div><\/span><\/nav><\/div><\/div><\/div>\n<\/div><\/div>\n\n\n<div class=\"wp-block-tpgb-tp-image tpgb-image tpgb-block-be32_87\"><figure class=\"tpgb-figure\"><img decoding=\"async\" width=\"1052\" height=\"646\" src=\"https:\/\/digitalbusinessdeveloper.com\/petshops\/wp-content\/uploads\/2025\/06\/adorable-kittens-with-fuzzy-hair-sitting-white-surface-with-two-guinea-pigs.png\" alt=\"\" class=\"tpgb-img-inner wp-image-31\" loading=\"lazy\" srcset=\"https:\/\/digitalbusinessdeveloper.com\/petshops\/wp-content\/uploads\/2025\/06\/adorable-kittens-with-fuzzy-hair-sitting-white-surface-with-two-guinea-pigs.png 1052w, https:\/\/digitalbusinessdeveloper.com\/petshops\/wp-content\/uploads\/2025\/06\/adorable-kittens-with-fuzzy-hair-sitting-white-surface-with-two-guinea-pigs-300x184.png 300w, https:\/\/digitalbusinessdeveloper.com\/petshops\/wp-content\/uploads\/2025\/06\/adorable-kittens-with-fuzzy-hair-sitting-white-surface-with-two-guinea-pigs-1024x629.png 1024w, https:\/\/digitalbusinessdeveloper.com\/petshops\/wp-content\/uploads\/2025\/06\/adorable-kittens-with-fuzzy-hair-sitting-white-surface-with-two-guinea-pigs-768x472.png 768w\" sizes=\"auto, (max-width: 1052px) 100vw, 1052px\" \/><\/figure><\/div>\n\n<\/div><\/div>\n<\/div><\/div>\n\n<div  class=\"tpgb-container-row tpgb-block-7951_87    alignwide   tpgb-container-wide \" data-id=\"7951_87 \"   ><div class=\"tpgb-cont-in\">\n<div class=\"tpgb-container-col tpgb-block-8ed6_87 \" data-id=\"8ed6_87\"  >\n\n<div class=\"wp-block-tpgb-tp-image tpgb-image tpgb-block-fee1_87\"><figure class=\"tpgb-figure\"><img decoding=\"async\" width=\"1472\" height=\"854\" src=\"https:\/\/digitalbusinessdeveloper.com\/petshops\/wp-content\/uploads\/2025\/06\/miniature-poodle-grooming-salon-1-1.png\" alt=\"\" class=\"tpgb-img-inner wp-image-51\" loading=\"lazy\" srcset=\"https:\/\/digitalbusinessdeveloper.com\/petshops\/wp-content\/uploads\/2025\/06\/miniature-poodle-grooming-salon-1-1.png 1472w, https:\/\/digitalbusinessdeveloper.com\/petshops\/wp-content\/uploads\/2025\/06\/miniature-poodle-grooming-salon-1-1-300x174.png 300w, https:\/\/digitalbusinessdeveloper.com\/petshops\/wp-content\/uploads\/2025\/06\/miniature-poodle-grooming-salon-1-1-1024x594.png 1024w, https:\/\/digitalbusinessdeveloper.com\/petshops\/wp-content\/uploads\/2025\/06\/miniature-poodle-grooming-salon-1-1-768x446.png 768w\" sizes=\"auto, (max-width: 1472px) 100vw, 1472px\" \/><\/figure><\/div>\n\n\n<div  class=\"tpgb-heading-title tpgb-relative-block heading_style tpgb-block-564f_87  heading-style-1\"><div class=\"sub-style\"><div class=\"head-title \"><h2 class=\"heading-title\">Tosa Completa para Pets<\/h2><\/div><div class=\"sub-heading \"><h6 class=\"heading-sub-title\">Cortes de unhas seguros e precisos, junto com cuidados especiais para as patas, garantindo que os pets possam andar confortavelmente. Detalhes sobre banhos suaves e completos com shampoos seguros para pets, para manter os pelos limpos e brilhantes, al\u00e9m de escova\u00e7\u00e3o para reduzir a queda e evitar n\u00f3s. Op\u00e7\u00f5es de cortes espec\u00edficos para cada ra\u00e7a, aparos e estilos personalizados, atendendo ao visual \u00fanico e \u00e0s necessidades de conforto de cada pet. Limpeza delicada das \u00e1reas sens\u00edveis para reduzir o risco de infec\u00e7\u00f5es e manter os pets com apar\u00eancia fresca. Op\u00e7\u00f5es de escova\u00e7\u00e3o regular ou limpeza profunda para apoiar a sa\u00fade dental, o h\u00e1lito fresco e o bem-estar geral.<br><br>Apresenta\u00e7\u00e3o de uma equipe de tosadores certificados com treinamento especializado, garantindo que conhecem as necessidades \u00fanicas de v\u00e1rias ra\u00e7as. \u00canfase em criar uma experi\u00eancia de tosa calma e sem estresse por meio de um manuseio gentil e cuidado individualizado, especialmente para pets ansiosos. Informa\u00e7\u00f5es sobre cronogramas e pacotes de tosa que ajudam os donos a estabelecer uma rotina para a tosa do pet. Garantia do uso de produtos hipoalerg\u00eanicos e seguros para pets, adequados para animais com pele sens\u00edvel, al\u00e9m de ferramentas sanitizadas para cada sess\u00e3o de tosa.<\/h6><\/div><\/div><\/div>\n\n<div  class=\"tpgb-heading-title tpgb-relative-block heading_style tpgb-block-a0f6_87  heading-style-1\"><div class=\"sub-style\"><div class=\"head-title \"><h2 class=\"heading-title\">Processo<\/h2><\/div><div class=\"sub-heading \"><h6 class=\"heading-sub-title\">Os donos de pets podem come\u00e7ar entrando em contato com a instala\u00e7\u00e3o por telefone, e-mail ou formul\u00e1rio online para fazer perguntas ou manifestar interesse nos servi\u00e7os. Os donos podem agendar facilmente uma consulta online ou por telefone, escolhendo a data e hora preferidas. O processo tamb\u00e9m pode incluir op\u00e7\u00f5es para agendamentos recorrentes de servi\u00e7os como tosa ou creche. Pode ser oferecida uma consulta pr\u00e9via ao servi\u00e7o, onde a equipe discute as necessidades espec\u00edficas do pet, quaisquer requisitos especiais e responde a d\u00favidas do dono.<\/h6><\/div><\/div><\/div>\n\n<div class=\"tpgb-stylist-list tpgb-relative-block tpgb-block-fefd_87  align-left  \" ><div class=\"tpgb-icon-list-items d-flex-center\"><div id=\"tooltip69ece0af778bf\" class=\"tpgb-icon-list-item tp-repeater-item-7ub6 active\"  ><div class=\"tpgb-icon-list-icon\"><i class=\"list-icon fas fa-circle\" aria-hidden=\"true\"><\/i><\/div><div class=\"tpgb-icon-list-text\"><p>Nossos tosadores qualificados oferecem cuidado personalizado com aten\u00e7\u00e3o aos detalhes e carinho.<\/p><\/div><\/div><div id=\"tooltip69ece0af778ca\" class=\"tpgb-icon-list-item tp-repeater-item-06b6 \"  ><div class=\"tpgb-icon-list-icon\"><i class=\"list-icon fas fa-circle\" aria-hidden=\"true\"><\/i><\/div><div class=\"tpgb-icon-list-text\"><p>Nosso objetivo \u00e9 garantir que todo pet saia do nosso sal\u00e3o se sentindo mimado.<\/p><\/div><\/div><div id=\"tooltip69ece0af778d2\" class=\"tpgb-icon-list-item tp-repeater-item-jtr1 \"  ><div class=\"tpgb-icon-list-icon\"><i class=\"list-icon fas fa-circle\" aria-hidden=\"true\"><\/i><\/div><div class=\"tpgb-icon-list-text\"><p>Usamos apenas os melhores produtos adaptados \u00e0s necessidades espec\u00edficas do seu pet para garantir conforto.<\/p><\/div><\/div><\/div><\/div>\n\n<div  class=\"tpgb-container-row tpgb-block-b7a9_87    alignwide  tpgb-container-inline  tpgb-container-wide \" data-id=\"b7a9_87 \"   ><div class=\"tpgb-cont-in\">\n\n<div class=\"wp-block-tpgb-tp-image tpgb-image tpgb-block-59d8_87\"><figure class=\"tpgb-figure\"><img decoding=\"async\" width=\"704\" height=\"541\" src=\"https:\/\/digitalbusinessdeveloper.com\/petshops\/wp-content\/uploads\/2025\/06\/female-is-grooming-trimming-australian-shepherd-salon.png\" alt=\"\" class=\"tpgb-img-inner wp-image-77\" loading=\"lazy\" srcset=\"https:\/\/digitalbusinessdeveloper.com\/petshops\/wp-content\/uploads\/2025\/06\/female-is-grooming-trimming-australian-shepherd-salon.png 704w, https:\/\/digitalbusinessdeveloper.com\/petshops\/wp-content\/uploads\/2025\/06\/female-is-grooming-trimming-australian-shepherd-salon-300x231.png 300w\" sizes=\"auto, (max-width: 704px) 100vw, 704px\" \/><\/figure><\/div>\n\n\n\n<div class=\"wp-block-tpgb-tp-image tpgb-image tpgb-block-cb34_87\"><figure class=\"tpgb-figure\"><img decoding=\"async\" width=\"704\" height=\"541\" src=\"https:\/\/digitalbusinessdeveloper.com\/petshops\/wp-content\/uploads\/2025\/06\/close-up-doctor-checking-dog-s-ear-1.png\" alt=\"\" class=\"tpgb-img-inner wp-image-80\" loading=\"lazy\" srcset=\"https:\/\/digitalbusinessdeveloper.com\/petshops\/wp-content\/uploads\/2025\/06\/close-up-doctor-checking-dog-s-ear-1.png 704w, https:\/\/digitalbusinessdeveloper.com\/petshops\/wp-content\/uploads\/2025\/06\/close-up-doctor-checking-dog-s-ear-1-300x231.png 300w\" sizes=\"auto, (max-width: 704px) 100vw, 704px\" \/><\/figure><\/div>\n\n<\/div><\/div>\n\n<div  class=\"tpgb-container-row tpgb-block-d8a2_87    alignwide  tpgb-container-inline  tpgb-container-wide \" data-id=\"d8a2_87 \"   ><div class=\"tpgb-cont-in\">\n<div  class=\"tpgb-wrap-c636_87   tpgb-anim-dur-fast tpgb-view-animation\" data-animationSetting='{&quot;anime&quot;:{&quot;md&quot;:&quot;fadeIn&quot;,&quot;sm&quot;:&quot;&quot;,&quot;xs&quot;:&quot;&quot;}}' ><div  class=\"tpgb-heading-title tpgb-relative-block heading_style tpgb-block-c636_87  heading-style-1\"><div class=\"sub-style\"><div class=\"head-title \"><h2 class=\"heading-title\">Perguntas Frequentes<\/h2><\/div><\/div><\/div><\/div>\n\n\n<div class=\"tpgb-accordion tpgb-block-342c_87\"><div class=\"tpgb-accor-wrap\" data-type=\"accordion\" role=\"tablist\"><div class=\"tpgb-accor-item tpgb-relative-block\"><div class=\"tpgb-accordion-header tpgb-trans-linear-before text-left\" id=\"tpag-tab-title-342c_871\" role=\"tab\" data-tab=\"1\" aria-controls=\"tpag-tab-title-342c_871\"><span class=\"accordion-title-icon-wrap\"><h3 class=\"accordion-title\">Quais servi\u00e7os voc\u00eas oferecem?<\/h3><\/span><div class=\"accordion-toggle-icon\"><span class=\"close-toggle-icon toggle-icon\"><i class=\"far fa-arrow-alt-circle-right\"><\/i><\/span><span class=\"open-toggle-icon toggle-icon\"><i class=\"far fa-arrow-alt-circle-down\"><\/i><\/span><\/div><\/div><div id=\"tpag-tab-content-342c_871\" class=\"tpgb-accordion-content\" role=\"tabpanel\" data-tab=\"1\" aria-labelledby=\"tpag-tab-title-342c_871\"><div class=\"tpgb-content-editor text-left\">Oferecemos tosa, hospedagem, creche, cuidados veterin\u00e1rios, treinamento e mais, tudo adaptado \u00e0s necessidades do seu pet. Atendemos uma ampla variedade de animais, incluindo c\u00e3es, gatos, pequenos animais e alguns pets ex\u00f3ticos.\n<\/div><\/div><\/div><div class=\"tpgb-accor-item tpgb-relative-block\"><div class=\"tpgb-accordion-header tpgb-trans-linear-before text-left\" id=\"tpag-tab-title-342c_872\" role=\"tab\" data-tab=\"2\" aria-controls=\"tpag-tab-title-342c_872\"><span class=\"accordion-title-icon-wrap\"><h3 class=\"accordion-title\">Como fa\u00e7o para agendar uma consulta?<\/h3><\/span><div class=\"accordion-toggle-icon\"><span class=\"close-toggle-icon toggle-icon\"><i class=\"far fa-arrow-alt-circle-right\"><\/i><\/span><span class=\"open-toggle-icon toggle-icon\"><i class=\"far fa-arrow-alt-circle-down\"><\/i><\/span><\/div><\/div><div id=\"tpag-tab-content-342c_872\" class=\"tpgb-accordion-content\" role=\"tabpanel\" data-tab=\"2\" aria-labelledby=\"tpag-tab-title-342c_872\"><div class=\"tpgb-content-editor text-left\">Oferecemos tosa, hospedagem, creche, cuidados veterin\u00e1rios, treinamento e mais, tudo adaptado \u00e0s necessidades do seu pet. Atendemos uma ampla variedade de animais, incluindo c\u00e3es, gatos, pequenos animais e alguns pets ex\u00f3ticos.<\/div><\/div><\/div><div class=\"tpgb-accor-item tpgb-relative-block\"><div class=\"tpgb-accordion-header tpgb-trans-linear-before text-left\" id=\"tpag-tab-title-342c_873\" role=\"tab\" data-tab=\"3\" aria-controls=\"tpag-tab-title-342c_873\"><span class=\"accordion-title-icon-wrap\"><h3 class=\"accordion-title\">Quais s\u00e3o seus hor\u00e1rios de funcionamento?<\/h3><\/span><div class=\"accordion-toggle-icon\"><span class=\"close-toggle-icon toggle-icon\"><i class=\"far fa-arrow-alt-circle-right\"><\/i><\/span><span class=\"open-toggle-icon toggle-icon\"><i class=\"far fa-arrow-alt-circle-down\"><\/i><\/span><\/div><\/div><div id=\"tpag-tab-content-342c_873\" class=\"tpgb-accordion-content\" role=\"tabpanel\" data-tab=\"3\" aria-labelledby=\"tpag-tab-title-342c_873\"><div class=\"tpgb-content-editor text-left\">Oferecemos tosa, hospedagem, creche, cuidados veterin\u00e1rios, treinamento e mais, tudo adaptado \u00e0s necessidades do seu pet. Atendemos uma ampla variedade de animais, incluindo c\u00e3es, gatos, pequenos animais e alguns pets ex\u00f3ticos.<\/div><\/div><\/div><div class=\"tpgb-accor-item tpgb-relative-block\"><div class=\"tpgb-accordion-header tpgb-trans-linear-before text-left\" id=\"tpag-tab-title-342c_874\" role=\"tab\" data-tab=\"4\" aria-controls=\"tpag-tab-title-342c_874\"><span class=\"accordion-title-icon-wrap\"><h3 class=\"accordion-title\">Quais servi\u00e7os de tosa voc\u00eas oferecem?<\/h3><\/span><div class=\"accordion-toggle-icon\"><span class=\"close-toggle-icon toggle-icon\"><i class=\"far fa-arrow-alt-circle-right\"><\/i><\/span><span class=\"open-toggle-icon toggle-icon\"><i class=\"far fa-arrow-alt-circle-down\"><\/i><\/span><\/div><\/div><div id=\"tpag-tab-content-342c_874\" class=\"tpgb-accordion-content\" role=\"tabpanel\" data-tab=\"4\" aria-labelledby=\"tpag-tab-title-342c_874\"><div class=\"tpgb-content-editor text-left\">Oferecemos tosa, hospedagem, creche, cuidados veterin\u00e1rios, treinamento e mais, tudo adaptado \u00e0s necessidades do seu pet. Atendemos uma ampla variedade de animais, incluindo c\u00e3es, gatos, pequenos animais e alguns pets ex\u00f3ticos.<\/div><\/div><\/div><div class=\"tpgb-accor-item tpgb-relative-block\"><div class=\"tpgb-accordion-header tpgb-trans-linear-before text-left\" id=\"tpag-tab-title-342c_875\" role=\"tab\" data-tab=\"5\" aria-controls=\"tpag-tab-title-342c_875\"><span class=\"accordion-title-icon-wrap\"><h3 class=\"accordion-title\">Quais servi\u00e7os de tosa voc\u00eas oferecem?<\/h3><\/span><div class=\"accordion-toggle-icon\"><span class=\"close-toggle-icon toggle-icon\"><i class=\"far fa-arrow-alt-circle-right\"><\/i><\/span><span class=\"open-toggle-icon toggle-icon\"><i class=\"far fa-arrow-alt-circle-down\"><\/i><\/span><\/div><\/div><div id=\"tpag-tab-content-342c_875\" class=\"tpgb-accordion-content\" role=\"tabpanel\" data-tab=\"5\" aria-labelledby=\"tpag-tab-title-342c_875\"><div class=\"tpgb-content-editor text-left\">Oferecemos tosa, hospedagem, creche, cuidados veterin\u00e1rios, treinamento e mais, tudo adaptado \u00e0s necessidades do seu pet. Atendemos uma ampla variedade de animais, incluindo c\u00e3es, gatos, pequenos animais e alguns pets ex\u00f3ticos.<\/div><\/div><\/div><\/div><\/div>\n\n<\/div><\/div>\n<\/div>\n\n<div class=\"tpgb-container-col tpgb-block-4631_87 \" data-id=\"4631_87\"  >\n<div  class=\"tpgb-container-row tpgb-block-ca2a_87    alignwide  tpgb-container-inline  tpgb-container-wide \" data-id=\"ca2a_87 \"   ><div class=\"tpgb-cont-in\">\n\n<h3 class=\"wp-block-tpgb-tp-heading tp-core-heading tpgb-block-4da4_87\">Nossos Servi\u00e7os<\/h3>\n\n<\/div><\/div>\n\n<div  class=\"tpgb-container-row tpgb-block-3e30_87    alignwide  tpgb-container-inline  tpgb-container-wide \" data-id=\"3e30_87 \"   ><div class=\"tpgb-cont-in\">\n\n<h3 class=\"wp-block-tpgb-tp-heading tp-core-heading tpgb-block-2356_87\">Publica\u00e7\u00e3o Recente<\/h3>\n\n\n<div  class=\"tpgb-wrap-b529_87  tpgb-wrap-fw \"  ><div id=\"b529_87\" class=\"tpgb-post-listing tpgb-relative-block    tpgb-block-b529_87 dynamic-style-2 tpgb-isotope layout-style-1 \" data-id=\"b529_87\" data-style=\"dynamic-style-2\"   data-layout=\"grid\"  data-connection=\"tpgb_search\"   ><div class=\"tpgb-row post-loop-inner\" ><div class=\"grid-item tpgb-col  tpgb-col-lg-6 tpgb-col-md-12 tpgb-col-sm-12 tpgb-col-12\">\r\n<div class=\"dynamic-list-content tpgb-dynamic-tran\">\r\n\t\r\n\t \r\n\t<div class=\"post-content-image\">\r\n\t\t\t<div class=\"tpgb-post-featured-img tpgb-dynamic-tran hover-image-none\">\r\n\t\t<a href=\"https:\/\/digitalbusinessdeveloper.com\/petshops\/hello-world\/\" aria-label=\"Hello world!\">\r\n\t\t\t<img decoding=\"async\" src=\"https:\/\/digitalbusinessdeveloper.com\/petshops\/wp-content\/plugins\/the-plus-addons-for-block-editor\/assets\/images\/tpgb-placeholder.jpg\" alt=\"Hello world!\"  class=\"tpgb-d-block tpgb-post-img tpgb-dynamic-tran\">\t\t<\/a>\r\n\t<\/div>\t\t\t<\/div>\r\n\t\t\r\n\t<div class=\"tpgb-content-bottom text-left\">\r\n\t\t\t\t\t\t<h3 class=\"tpgb-post-title tpgb-dynamic-tran\">\r\n\t<a href=\"https:\/\/digitalbusinessdeveloper.com\/petshops\/hello-world\/\">Hello world!<\/a>\r\n<\/h3>\t\t<div class=\"tpgb-post-hover-content\">\r\n\t\t\t<div class=\"post-meta-info post-info-style-1\">\r\n\t    <span class=\"post-meta-date\"><a href=\"https:\/\/digitalbusinessdeveloper.com\/petshops\/hello-world\/\" class=\"tpgb-dynamic-tran post-entry-date\">23 de junho de 2025<\/a><\/span>\r\n<\/div>\r\n\r\n\t\t<\/div>\r\n\t\t\t<\/div>\r\n\t\t<\/div><\/div><\/div><\/div><\/div>\n<\/div><\/div>\n\n<div  class=\"tpgb-container-row tpgb-block-2ce8_87    alignwide  tpgb-container-inline  tpgb-container-wide \" data-id=\"2ce8_87 \"   ><div class=\"tpgb-cont-in\">\n\n<h3 class=\"wp-block-tpgb-tp-heading tp-core-heading tpgb-block-e7ba_87\">Tags<\/h3>\n\n<\/div><\/div>\n<\/div>\n<\/div><\/div>","protected":false},"excerpt":{"rendered":"","protected":false},"author":1,"featured_media":0,"parent":0,"menu_order":0,"comment_status":"closed","ping_status":"closed","template":"","meta":{"tpgb_global_settings":"","footnotes":""},"class_list":["post-87","page","type-page","status-publish","hentry"],"tpgb_featured_images":null,"tpgb_post_meta_info":{"get_date":"23 de junho de 2025","get_modified_date":"30 de junho de 2025","author_name":"Petshops","author_url":"https:\/\/digitalbusinessdeveloper.com\/petshops\/author\/miron8547\/","author_email":"one.business.bom@gmail.com","author_website":"https:\/\/digitalbusinessdeveloper.com\/petshops","author_description":"","author_facebook":"","author_twitter":"","author_instagram":"","author_role":["administrator"],"author_firstname":"","author_lastname":"","user_login":"Miron8547@","author_avatar":"<img alt='' src='https:\/\/secure.gravatar.com\/avatar\/5924486c3e144a515ef457360cd44db83137ba2cf95df35d5b293beccc0fee9d?s=200&#038;d=mm&#038;r=g' srcset='https:\/\/secure.gravatar.com\/avatar\/5924486c3e144a515ef457360cd44db83137ba2cf95df35d5b293beccc0fee9d?s=400&#038;d=mm&#038;r=g 2x' class='avatar avatar-200 photo' height='200' width='200' loading='lazy' decoding='async'\/>","author_avatar_url":"https:\/\/secure.gravatar.com\/avatar\/5924486c3e144a515ef457360cd44db83137ba2cf95df35d5b293beccc0fee9d?s=96&d=mm&r=g","comment_count":0,"post_likes":0,"post_views":0},"tpgb_post_category":[],"_links":{"self":[{"href":"https:\/\/digitalbusinessdeveloper.com\/petshops\/wp-json\/wp\/v2\/pages\/87","targetHints":{"allow":["GET"]}}],"collection":[{"href":"https:\/\/digitalbusinessdeveloper.com\/petshops\/wp-json\/wp\/v2\/pages"}],"about":[{"href":"https:\/\/digitalbusinessdeveloper.com\/petshops\/wp-json\/wp\/v2\/types\/page"}],"author":[{"embeddable":true,"href":"https:\/\/digitalbusinessdeveloper.com\/petshops\/wp-json\/wp\/v2\/users\/1"}],"replies":[{"embeddable":true,"href":"https:\/\/digitalbusinessdeveloper.com\/petshops\/wp-json\/wp\/v2\/comments?post=87"}],"version-history":[{"count":3,"href":"https:\/\/digitalbusinessdeveloper.com\/petshops\/wp-json\/wp\/v2\/pages\/87\/revisions"}],"predecessor-version":[{"id":205,"href":"https:\/\/digitalbusinessdeveloper.com\/petshops\/wp-json\/wp\/v2\/pages\/87\/revisions\/205"}],"wp:attachment":[{"href":"https:\/\/digitalbusinessdeveloper.com\/petshops\/wp-json\/wp\/v2\/media?parent=87"}],"curies":[{"name":"wp","href":"https:\/\/api.w.org\/{rel}","templated":true}]}}