{"id":85,"date":"2025-06-23T13:53:07","date_gmt":"2025-06-23T13:53:07","guid":{"rendered":"https:\/\/digitalbusinessdeveloper.com\/petshops\/contact-us-pawfusion\/"},"modified":"2025-06-29T19:45:03","modified_gmt":"2025-06-29T19:45:03","slug":"contato","status":"publish","type":"page","link":"https:\/\/digitalbusinessdeveloper.com\/petshops\/contato\/","title":{"rendered":"Contato"},"content":{"rendered":"<div  class=\"tpgb-container-row tpgb-block-3845_85    alignwide  tpgb-container-inline  tpgb-container-wide \" data-id=\"3845_85 \"   ><div class=\"tpgb-cont-in\">\n<div  class=\"tpgb-container-row tpgb-block-f1ad_85    alignwide  tpgb-container-inline  tpgb-container-wide \" data-id=\"f1ad_85 \"   ><div class=\"tpgb-cont-in\">\n<div  class=\"tpgb-container-row tpgb-block-ed8f_85    alignwide  tpgb-container-inline  tpgb-container-wide \" data-id=\"ed8f_85 \"   ><div class=\"tpgb-cont-in\">\n\n<h3 class=\"wp-block-tpgb-tp-heading tp-core-heading tpgb-block-2d6d_85\">Contato<\/h3>\n\n\n<div class=\"tp-breadcrumbs tpgb-block-2bea_85 \"><div class=\"pt_plus_breadcrumbs_bar \"><div class=\"pt_plus_breadcrumbs_bar_inner bred_style_1\"><nav id=\"breadcrumbs\"><span class=\"bc_home\"><a class=\"home_bread_tab\" href=\"https:\/\/digitalbusinessdeveloper.com\/petshops\/\"  >Home<i class=\" fas fa-angle-right bread-sep-icon\" ><\/i><\/a><\/span> <span class=\"del\"><\/span> <span class=\"current\"><div class=\"current_tab_sec\">P\u00e1gina<\/div><\/span><\/nav><\/div><\/div><\/div>\n<\/div><\/div>\n\n\n<div class=\"wp-block-tpgb-tp-image tpgb-image tpgb-block-be32_85\"><figure class=\"tpgb-figure\"><img decoding=\"async\" width=\"1100\" height=\"646\" src=\"https:\/\/digitalbusinessdeveloper.com\/petshops\/wp-content\/uploads\/2025\/06\/young-yakutian-laika-siamese-cat.png\" alt=\"\" class=\"tpgb-img-inner wp-image-23\" loading=\"lazy\" srcset=\"https:\/\/digitalbusinessdeveloper.com\/petshops\/wp-content\/uploads\/2025\/06\/young-yakutian-laika-siamese-cat.png 1100w, https:\/\/digitalbusinessdeveloper.com\/petshops\/wp-content\/uploads\/2025\/06\/young-yakutian-laika-siamese-cat-300x176.png 300w, https:\/\/digitalbusinessdeveloper.com\/petshops\/wp-content\/uploads\/2025\/06\/young-yakutian-laika-siamese-cat-1024x601.png 1024w, https:\/\/digitalbusinessdeveloper.com\/petshops\/wp-content\/uploads\/2025\/06\/young-yakutian-laika-siamese-cat-768x451.png 768w\" sizes=\"auto, (max-width: 1100px) 100vw, 1100px\" \/><\/figure><\/div>\n\n<\/div><\/div>\n<\/div><\/div>\n\n<div  class=\"tpgb-container-row tpgb-block-b9d1_85    alignwide   tpgb-container-wide \" data-id=\"b9d1_85 \"   ><div class=\"tpgb-cont-in\">\n<div class=\"tpgb-container-col tpgb-block-639e_85 \" data-id=\"639e_85\"  >\n\n<div class=\"wp-block-tpgb-tp-image tpgb-image tpgb-block-f727_85\"><figure class=\"tpgb-figure\"><img decoding=\"async\" width=\"704\" height=\"1230\" src=\"https:\/\/digitalbusinessdeveloper.com\/petshops\/wp-content\/uploads\/2025\/06\/portrait-small-yawning-puppy-papillon.png\" alt=\"\" class=\"tpgb-img-inner wp-image-46\" loading=\"lazy\" srcset=\"https:\/\/digitalbusinessdeveloper.com\/petshops\/wp-content\/uploads\/2025\/06\/portrait-small-yawning-puppy-papillon.png 704w, https:\/\/digitalbusinessdeveloper.com\/petshops\/wp-content\/uploads\/2025\/06\/portrait-small-yawning-puppy-papillon-172x300.png 172w, https:\/\/digitalbusinessdeveloper.com\/petshops\/wp-content\/uploads\/2025\/06\/portrait-small-yawning-puppy-papillon-586x1024.png 586w\" sizes=\"auto, (max-width: 704px) 100vw, 704px\" \/><\/figure><\/div>\n\n<\/div>\n\n<div class=\"tpgb-container-col tpgb-block-e18e_85 \" data-id=\"e18e_85\"  >\n<div  class=\"tpgb-heading-title tpgb-relative-block heading_style tpgb-block-c636_85  heading-style-1\"><div class=\"sub-style\"><div class=\"head-title \"><h2 class=\"heading-title\">Enviar Mensagem<\/h2><\/div><\/div><\/div>\n<\/div>\n<\/div><\/div>\n\n<div  class=\"tpgb-container-row tpgb-block-6827_85    alignwide  tpgb-container-inline  tpgb-container-wide \" data-id=\"6827_85 \"   ><div class=\"tpgb-cont-in\">\n<div class=\"tpgb-google-map tpgb-relative-block tpgb-block-9463_85 \"><div id=\"gmap-9463_85\" class=\"tpgb-adv-map\" data-id=\"gmap-9463_85\" data-map-settings=\"{&quot;places&quot;:[{&quot;address&quot;:&quot;&quot;,&quot;latitude&quot;:40.68841350000000289810486719943583011627197265625,&quot;longitude&quot;:-74.360616899999996576298144645988941192626953125,&quot;pin_icon&quot;:&quot;&quot;,&quot;latOrAddr&quot;:&quot;latitude&quot;}],&quot;options&quot;:{&quot;zoom&quot;:8,&quot;scrollwheel&quot;:true,&quot;draggable&quot;:true,&quot;panControl&quot;:false,&quot;zoomControl&quot;:false,&quot;scaleControl&quot;:false,&quot;mapTypeControl&quot;:false,&quot;fullscreenControl&quot;:false,&quot;streetViewControl&quot;:false,&quot;mapTypeId&quot;:&quot;roadmap&quot;}}\" ><\/div><\/div>\n<\/div><\/div>\n\n<div  class=\"tpgb-container-row tpgb-block-c8eb_85    alignwide  tpgb-container-inline  tpgb-container-wide \" data-id=\"c8eb_85 \"   ><div class=\"tpgb-cont-in\">\n<div class=\"tpgb-infobox tpgb-relative-block tpgb-trans-linear tpgb-block-c8f3_85  info-box-style-3 \" ><div class=\"post-inner-loop \"><div class=\"info-box-inner tpgb-trans-linear tpgb_cnt_hvr_effect tpgb-relative-block tp-info-nc cnt_hvr_\"><div class=\"info-box-bg-box tpgb-trans-linear \"><div class=\"text-alignment\"><div class=\"style-3\"><div class=\"info-icon-content\"><div class=\"service-icon-wrap tpgb-trans-linear\"><img decoding=\"async\" src=\"https:\/\/digitalbusinessdeveloper.com\/petshops\/wp-content\/uploads\/2025\/06\/pet-1-3.svg\" class=\"service-icon tpgb-trans-linear\" alt=\"Info Box\" \/><\/div><\/div><h3 class=\"service-title tpgb-trans-linear\">Localiza\u00e7\u00e3o do Escrit\u00f3rio<\/h3><div class=\"service-desc tpgb-trans-linear\">3136 Lockhart Drive Barrie, ON L4M USA-1435<\/div><\/div><\/div><\/div><div class=\"infobox-overlay-color tpgb-trans-linear\"><\/div><\/div><\/div><\/div>\n\n<div class=\"tpgb-infobox tpgb-relative-block tpgb-trans-linear tpgb-block-16a0_85  info-box-style-3 \" ><div class=\"post-inner-loop \"><div class=\"info-box-inner tpgb-trans-linear tpgb_cnt_hvr_effect tpgb-relative-block tp-info-nc cnt_hvr_\"><a href=\"tel:+1%20800-525-54-589\u2028\" class=\"info-box-bg-box tpgb-trans-linear \"   ><div class=\"text-alignment\"><div class=\"style-3\"><div class=\"info-icon-content\"><div class=\"service-icon-wrap tpgb-trans-linear\"><img decoding=\"async\" src=\"https:\/\/digitalbusinessdeveloper.com\/petshops\/wp-content\/uploads\/2025\/06\/Frame-14-1.svg\" class=\"service-icon tpgb-trans-linear\" alt=\"Info Box\" \/><\/div><\/div><h3 class=\"service-title tpgb-trans-linear\">Detalhes de Contato<\/h3><div class=\"service-desc tpgb-trans-linear\">+1 800-525-54-589\u2028<br> +1 300-223-23-752<\/div><\/div><\/div><\/a><div class=\"infobox-overlay-color tpgb-trans-linear\"><\/div><\/div><\/div><\/div>\n\n<div class=\"tpgb-infobox tpgb-relative-block tpgb-trans-linear tpgb-block-e05f_85  info-box-style-3 \" ><div class=\"post-inner-loop \"><div class=\"info-box-inner tpgb-trans-linear tpgb_cnt_hvr_effect tpgb-relative-block tp-info-nc cnt_hvr_\"><a href=\"mailto:info@pawfusion.com\" class=\"info-box-bg-box tpgb-trans-linear \"   ><div class=\"text-alignment\"><div class=\"style-3\"><div class=\"info-icon-content\"><div class=\"service-icon-wrap tpgb-trans-linear\"><img decoding=\"async\" src=\"https:\/\/digitalbusinessdeveloper.com\/petshops\/wp-content\/uploads\/2025\/06\/Frame-14-1-1.svg\" class=\"service-icon tpgb-trans-linear\" alt=\"Info Box\" \/><\/div><\/div><h3 class=\"service-title tpgb-trans-linear\">Email <\/h3><div class=\"service-desc tpgb-trans-linear\">info@pawfusion.com<br>info@pawcare.com<\/div><\/div><\/div><\/a><div class=\"infobox-overlay-color tpgb-trans-linear\"><\/div><\/div><\/div><\/div>\n<\/div><\/div>","protected":false},"excerpt":{"rendered":"","protected":false},"author":1,"featured_media":0,"parent":0,"menu_order":0,"comment_status":"closed","ping_status":"closed","template":"","meta":{"tpgb_global_settings":"","footnotes":""},"class_list":["post-85","page","type-page","status-publish","hentry"],"tpgb_featured_images":null,"tpgb_post_meta_info":{"get_date":"23 de junho de 2025","get_modified_date":"29 de junho de 2025","author_name":"Petshops","author_url":"https:\/\/digitalbusinessdeveloper.com\/petshops\/author\/miron8547\/","author_email":"one.business.bom@gmail.com","author_website":"https:\/\/digitalbusinessdeveloper.com\/petshops","author_description":"","author_facebook":"","author_twitter":"","author_instagram":"","author_role":["administrator"],"author_firstname":"","author_lastname":"","user_login":"Miron8547@","author_avatar":"<img alt='' src='https:\/\/secure.gravatar.com\/avatar\/5924486c3e144a515ef457360cd44db83137ba2cf95df35d5b293beccc0fee9d?s=200&#038;d=mm&#038;r=g' srcset='https:\/\/secure.gravatar.com\/avatar\/5924486c3e144a515ef457360cd44db83137ba2cf95df35d5b293beccc0fee9d?s=400&#038;d=mm&#038;r=g 2x' class='avatar avatar-200 photo' height='200' width='200' loading='lazy' decoding='async'\/>","author_avatar_url":"https:\/\/secure.gravatar.com\/avatar\/5924486c3e144a515ef457360cd44db83137ba2cf95df35d5b293beccc0fee9d?s=96&d=mm&r=g","comment_count":0,"post_likes":0,"post_views":0},"tpgb_post_category":[],"_links":{"self":[{"href":"https:\/\/digitalbusinessdeveloper.com\/petshops\/wp-json\/wp\/v2\/pages\/85","targetHints":{"allow":["GET"]}}],"collection":[{"href":"https:\/\/digitalbusinessdeveloper.com\/petshops\/wp-json\/wp\/v2\/pages"}],"about":[{"href":"https:\/\/digitalbusinessdeveloper.com\/petshops\/wp-json\/wp\/v2\/types\/page"}],"author":[{"embeddable":true,"href":"https:\/\/digitalbusinessdeveloper.com\/petshops\/wp-json\/wp\/v2\/users\/1"}],"replies":[{"embeddable":true,"href":"https:\/\/digitalbusinessdeveloper.com\/petshops\/wp-json\/wp\/v2\/comments?post=85"}],"version-history":[{"count":3,"href":"https:\/\/digitalbusinessdeveloper.com\/petshops\/wp-json\/wp\/v2\/pages\/85\/revisions"}],"predecessor-version":[{"id":198,"href":"https:\/\/digitalbusinessdeveloper.com\/petshops\/wp-json\/wp\/v2\/pages\/85\/revisions\/198"}],"wp:attachment":[{"href":"https:\/\/digitalbusinessdeveloper.com\/petshops\/wp-json\/wp\/v2\/media?parent=85"}],"curies":[{"name":"wp","href":"https:\/\/api.w.org\/{rel}","templated":true}]}}