{"id":111,"date":"2025-06-23T14:01:47","date_gmt":"2025-06-23T14:01:47","guid":{"rendered":"https:\/\/digitalbusinessdeveloper.com\/petshops\/services-pawfusion\/"},"modified":"2025-06-24T13:01:40","modified_gmt":"2025-06-24T13:01:40","slug":"todos-os-servicos","status":"publish","type":"page","link":"https:\/\/digitalbusinessdeveloper.com\/petshops\/todos-os-servicos\/","title":{"rendered":"Todos os Servi\u00e7os"},"content":{"rendered":"<div  class=\"tpgb-container-row tpgb-block-3845_111    alignwide  tpgb-container-inline  tpgb-container-wide \" data-id=\"3845_111 \"   ><div class=\"tpgb-cont-in\">\n<div  class=\"tpgb-container-row tpgb-block-f1ad_111    alignwide  tpgb-container-inline  tpgb-container-wide \" data-id=\"f1ad_111 \"   ><div class=\"tpgb-cont-in\">\n<div  class=\"tpgb-container-row tpgb-block-ed8f_111    alignwide  tpgb-container-inline  tpgb-container-wide \" data-id=\"ed8f_111 \"   ><div class=\"tpgb-cont-in\">\n\n<h3 class=\"wp-block-tpgb-tp-heading tp-core-heading tpgb-block-2d6d_111\">Service<\/h3>\n\n\n<div class=\"tp-breadcrumbs tpgb-block-2bea_111 \"><div class=\"pt_plus_breadcrumbs_bar \"><div class=\"pt_plus_breadcrumbs_bar_inner bred_style_1\"><nav id=\"breadcrumbs\"><span class=\"bc_home\"><a class=\"home_bread_tab\" href=\"https:\/\/digitalbusinessdeveloper.com\/petshops\/\"  >Home<i class=\" fas fa-angle-right bread-sep-icon\" ><\/i><\/a><\/span> <span class=\"del\"><\/span> <span class=\"current\"><div class=\"current_tab_sec\">P\u00e1gina<\/div><\/span><\/nav><\/div><\/div><\/div>\n<\/div><\/div>\n\n\n<div class=\"wp-block-tpgb-tp-image tpgb-image tpgb-block-be32_111\"><figure class=\"tpgb-figure\"><img decoding=\"async\" width=\"1040\" height=\"646\" src=\"https:\/\/digitalbusinessdeveloper.com\/petshops\/wp-content\/uploads\/2025\/06\/cat-dog-together-front-white-background.png\" alt=\"\" class=\"tpgb-img-inner wp-image-36\" loading=\"lazy\" srcset=\"https:\/\/digitalbusinessdeveloper.com\/petshops\/wp-content\/uploads\/2025\/06\/cat-dog-together-front-white-background.png 1040w, https:\/\/digitalbusinessdeveloper.com\/petshops\/wp-content\/uploads\/2025\/06\/cat-dog-together-front-white-background-300x186.png 300w, https:\/\/digitalbusinessdeveloper.com\/petshops\/wp-content\/uploads\/2025\/06\/cat-dog-together-front-white-background-1024x636.png 1024w, https:\/\/digitalbusinessdeveloper.com\/petshops\/wp-content\/uploads\/2025\/06\/cat-dog-together-front-white-background-768x477.png 768w\" sizes=\"auto, (max-width: 1040px) 100vw, 1040px\" \/><\/figure><\/div>\n\n<\/div><\/div>\n<\/div><\/div>\n\n<div  class=\"tpgb-container-row tpgb-block-0fd7_111    alignwide  tpgb-container-inline  tpgb-container-wide \" data-id=\"0fd7_111 \"   ><div class=\"tpgb-cont-in\">\n<div  class=\"tpgb-wrap-aac7_111   tpgb-anim-dur-fast tpgb-view-animation\" data-animationSetting='{&quot;anime&quot;:{&quot;md&quot;:&quot;fadeIn&quot;,&quot;sm&quot;:&quot;&quot;,&quot;xs&quot;:&quot;&quot;}}' ><div  class=\"tpgb-heading-title tpgb-relative-block heading_style tpgb-block-aac7_111  heading-style-1\"><div class=\"sub-style\"><div class=\"head-title \"><h2 class=\"heading-title\">Tosa e Hospedagem para Pets Felizes<\/h2><\/div><div class=\"sub-heading \"><h6 class=\"heading-sub-title\">Apresenta\u00e7\u00e3o dos tosadores experientes da equipe, destacando suas qualifica\u00e7\u00f5es e paix\u00e3o pelo cuidado com os animais, o que garante aos donos que seus pets est\u00e3o em boas m\u00e3os.<\/h6><\/div><\/div><\/div><\/div>\n\n<div  class=\"tpgb-container-row tpgb-block-c8eb_111    alignwide  tpgb-container-inline  tpgb-container-wide \" data-id=\"c8eb_111 \"   ><div class=\"tpgb-cont-in\">\n<div class=\"tpgb-infobox tpgb-relative-block tpgb-trans-linear tpgb-block-3eff_111  info-box-style-3 \" ><div class=\"post-inner-loop \"><div class=\"info-box-inner tpgb-trans-linear tpgb_cnt_hvr_effect tpgb-relative-block tp-info-nc cnt_hvr_\"><a href=\"https:\/\/gtemplates.wdesignkit.com\/pawfusion\/service-detail\/\" class=\"info-box-bg-box tpgb-trans-linear \"   ><div class=\"text-alignment\"><div class=\"style-3\"><div class=\"info-icon-content\"><div class=\"service-icon-wrap tpgb-trans-linear\"><img loading=\"lazy\" decoding=\"async\" width=\"584\" height=\"420\" src=\"https:\/\/digitalbusinessdeveloper.com\/petshops\/wp-content\/uploads\/2025\/06\/cute-little-dog-with-owners-pet-shop.png\" class=\"service-icon tpgb-trans-linear\" alt=\"Info Box\" srcset=\"https:\/\/digitalbusinessdeveloper.com\/petshops\/wp-content\/uploads\/2025\/06\/cute-little-dog-with-owners-pet-shop.png 584w, https:\/\/digitalbusinessdeveloper.com\/petshops\/wp-content\/uploads\/2025\/06\/cute-little-dog-with-owners-pet-shop-300x216.png 300w\" sizes=\"auto, (max-width: 584px) 100vw, 584px\" \/><\/div><\/div><h3 class=\"service-title tpgb-trans-linear\">Instala\u00e7\u00f5es de Hospedagem Aconchegantes<\/h3><h6 class=\"service-desc tpgb-trans-linear\">Informa\u00e7\u00f5es sobre a cama de alta qualidade, brinquedos e m\u00f3veis fornecidos para garantir o conforto dos pets.<\/h6><\/div><\/div><\/a><div class=\"infobox-overlay-color tpgb-trans-linear\"><\/div><\/div><\/div><\/div>\n\n<div class=\"tpgb-infobox tpgb-relative-block tpgb-trans-linear tpgb-block-cfcd_111  info-box-style-3 \" ><div class=\"post-inner-loop \"><div class=\"info-box-inner tpgb-trans-linear tpgb_cnt_hvr_effect tpgb-relative-block tp-info-nc cnt_hvr_\"><a href=\"https:\/\/gtemplates.wdesignkit.com\/pawfusion\/service-detail\/\" class=\"info-box-bg-box tpgb-trans-linear \"   ><div class=\"text-alignment\"><div class=\"style-3\"><div class=\"info-icon-content\"><div class=\"service-icon-wrap tpgb-trans-linear\"><img loading=\"lazy\" decoding=\"async\" width=\"584\" height=\"420\" src=\"https:\/\/digitalbusinessdeveloper.com\/petshops\/wp-content\/uploads\/2025\/06\/miniature-poodle-grooming-salon-1.png\" class=\"service-icon tpgb-trans-linear\" alt=\"Info Box\" srcset=\"https:\/\/digitalbusinessdeveloper.com\/petshops\/wp-content\/uploads\/2025\/06\/miniature-poodle-grooming-salon-1.png 584w, https:\/\/digitalbusinessdeveloper.com\/petshops\/wp-content\/uploads\/2025\/06\/miniature-poodle-grooming-salon-1-300x216.png 300w\" sizes=\"auto, (max-width: 584px) 100vw, 584px\" \/><\/div><\/div><h3 class=\"service-title tpgb-trans-linear\">Servi\u00e7os de Tosa Especializados<\/h3><h6 class=\"service-desc tpgb-trans-linear\">Informa\u00e7\u00f5es sobre as medidas tomadas para garantir uma experi\u00eancia de tosa segura, incluindo pr\u00e1ticas de sanitiza\u00e7\u00e3o.<\/h6><\/div><\/div><\/a><div class=\"infobox-overlay-color tpgb-trans-linear\"><\/div><\/div><\/div><\/div>\n\n<div class=\"tpgb-infobox tpgb-relative-block tpgb-trans-linear tpgb-block-a242_111  info-box-style-3 \" ><div class=\"post-inner-loop \"><div class=\"info-box-inner tpgb-trans-linear tpgb_cnt_hvr_effect tpgb-relative-block tp-info-nc cnt_hvr_\"><a href=\"https:\/\/gtemplates.wdesignkit.com\/pawfusion\/service-detail\/\" class=\"info-box-bg-box tpgb-trans-linear \"   ><div class=\"text-alignment\"><div class=\"style-3\"><div class=\"info-icon-content\"><div class=\"service-icon-wrap tpgb-trans-linear\"><img loading=\"lazy\" decoding=\"async\" width=\"584\" height=\"420\" src=\"https:\/\/digitalbusinessdeveloper.com\/petshops\/wp-content\/uploads\/2025\/06\/woman-giving-treats-her-dog-1.png\" class=\"service-icon tpgb-trans-linear\" alt=\"Info Box\" srcset=\"https:\/\/digitalbusinessdeveloper.com\/petshops\/wp-content\/uploads\/2025\/06\/woman-giving-treats-her-dog-1.png 584w, https:\/\/digitalbusinessdeveloper.com\/petshops\/wp-content\/uploads\/2025\/06\/woman-giving-treats-her-dog-1-300x216.png 300w\" sizes=\"auto, (max-width: 584px) 100vw, 584px\" \/><\/div><\/div><h3 class=\"service-title tpgb-trans-linear\">Cuidado Feito Especialmente para o Seu Pet<\/h3><h6 class=\"service-desc tpgb-trans-linear\">Descri\u00e7\u00e3o da instala\u00e7\u00e3o de tosa projetada para proporcionar uma experi\u00eancia sem estresse para os pets.<\/h6><\/div><\/div><\/a><div class=\"infobox-overlay-color tpgb-trans-linear\"><\/div><\/div><\/div><\/div>\n\n<div class=\"tpgb-infobox tpgb-relative-block tpgb-trans-linear tpgb-block-5688_111  info-box-style-3 \" ><div class=\"post-inner-loop \"><div class=\"info-box-inner tpgb-trans-linear tpgb_cnt_hvr_effect tpgb-relative-block tp-info-nc cnt_hvr_\"><a href=\"https:\/\/gtemplates.wdesignkit.com\/pawfusion\/service-detail\/\" class=\"info-box-bg-box tpgb-trans-linear \"   ><div class=\"text-alignment\"><div class=\"style-3\"><div class=\"info-icon-content\"><div class=\"service-icon-wrap tpgb-trans-linear\"><img loading=\"lazy\" decoding=\"async\" width=\"584\" height=\"420\" src=\"https:\/\/digitalbusinessdeveloper.com\/petshops\/wp-content\/uploads\/2025\/06\/woman-her-shiba-inu-dog-appointment-veterinary-clinic.png\" class=\"service-icon tpgb-trans-linear\" alt=\"Info Box\" srcset=\"https:\/\/digitalbusinessdeveloper.com\/petshops\/wp-content\/uploads\/2025\/06\/woman-her-shiba-inu-dog-appointment-veterinary-clinic.png 584w, https:\/\/digitalbusinessdeveloper.com\/petshops\/wp-content\/uploads\/2025\/06\/woman-her-shiba-inu-dog-appointment-veterinary-clinic-300x216.png 300w\" sizes=\"auto, (max-width: 584px) 100vw, 584px\" \/><\/div><\/div><h3 class=\"service-title tpgb-trans-linear\">Centro de Ado\u00e7\u00e3o de Animais<\/h3><h6 class=\"service-desc tpgb-trans-linear\">Informa\u00e7\u00f5es sobre a cama de alta qualidade, brinquedos e m\u00f3veis fornecidos para garantir o bem-estar dos pets.<\/h6><\/div><\/div><\/a><div class=\"infobox-overlay-color tpgb-trans-linear\"><\/div><\/div><\/div><\/div>\n\n<div class=\"tpgb-infobox tpgb-relative-block tpgb-trans-linear tpgb-block-e97e_111  info-box-style-3 \" ><div class=\"post-inner-loop \"><div class=\"info-box-inner tpgb-trans-linear tpgb_cnt_hvr_effect tpgb-relative-block tp-info-nc cnt_hvr_\"><a href=\"https:\/\/gtemplates.wdesignkit.com\/pawfusion\/service-detail\/\" class=\"info-box-bg-box tpgb-trans-linear \"   ><div class=\"text-alignment\"><div class=\"style-3\"><div class=\"info-icon-content\"><div class=\"service-icon-wrap tpgb-trans-linear\"><img loading=\"lazy\" decoding=\"async\" width=\"584\" height=\"420\" src=\"https:\/\/digitalbusinessdeveloper.com\/petshops\/wp-content\/uploads\/2025\/06\/beautiful-sad-woman-saying-goodbye-her-old-german-shepherd-professional-male-veterinarian-preparing-ready-put-down-sick-dog-3.png\" class=\"service-icon tpgb-trans-linear\" alt=\"Info Box\" srcset=\"https:\/\/digitalbusinessdeveloper.com\/petshops\/wp-content\/uploads\/2025\/06\/beautiful-sad-woman-saying-goodbye-her-old-german-shepherd-professional-male-veterinarian-preparing-ready-put-down-sick-dog-3.png 584w, https:\/\/digitalbusinessdeveloper.com\/petshops\/wp-content\/uploads\/2025\/06\/beautiful-sad-woman-saying-goodbye-her-old-german-shepherd-professional-male-veterinarian-preparing-ready-put-down-sick-dog-3-300x216.png 300w\" sizes=\"auto, (max-width: 584px) 100vw, 584px\" \/><\/div><\/div><h3 class=\"service-title tpgb-trans-linear\">Cl\u00ednica Veterin\u00e1ria de Bem-Estar<\/h3><h6 class=\"service-desc tpgb-trans-linear\">Informa\u00e7\u00f5es sobre a cama de alta qualidade, brinquedos e m\u00f3veis fornecidos para garantir o conforto dos pets.<\/h6><\/div><\/div><\/a><div class=\"infobox-overlay-color tpgb-trans-linear\"><\/div><\/div><\/div><\/div>\n\n<div class=\"tpgb-infobox tpgb-relative-block tpgb-trans-linear tpgb-block-e8fe_111  info-box-style-3 \" ><div class=\"post-inner-loop \"><div class=\"info-box-inner tpgb-trans-linear tpgb_cnt_hvr_effect tpgb-relative-block tp-info-nc cnt_hvr_\"><a href=\"https:\/\/gtemplates.wdesignkit.com\/pawfusion\/service-detail\/\" class=\"info-box-bg-box tpgb-trans-linear \"   ><div class=\"text-alignment\"><div class=\"style-3\"><div class=\"info-icon-content\"><div class=\"service-icon-wrap tpgb-trans-linear\"><img loading=\"lazy\" decoding=\"async\" width=\"584\" height=\"420\" src=\"https:\/\/digitalbusinessdeveloper.com\/petshops\/wp-content\/uploads\/2025\/06\/dog-american-pit-bull-terrier-portrait-nature.png\" class=\"service-icon tpgb-trans-linear\" alt=\"Info Box\" srcset=\"https:\/\/digitalbusinessdeveloper.com\/petshops\/wp-content\/uploads\/2025\/06\/dog-american-pit-bull-terrier-portrait-nature.png 584w, https:\/\/digitalbusinessdeveloper.com\/petshops\/wp-content\/uploads\/2025\/06\/dog-american-pit-bull-terrier-portrait-nature-300x216.png 300w\" sizes=\"auto, (max-width: 584px) 100vw, 584px\" \/><\/div><\/div><h3 class=\"service-title tpgb-trans-linear\">Abrigo Cora\u00e7\u00f5es &amp; Lares<\/h3><h6 class=\"service-desc tpgb-trans-linear\">Informa\u00e7\u00f5es sobre a cama de alta qualidade, brinquedos e m\u00f3veis fornecidos para garantir o conforto dos pets.<\/h6><\/div><\/div><\/a><div class=\"infobox-overlay-color tpgb-trans-linear\"><\/div><\/div><\/div><\/div>\n<\/div><\/div>\n<\/div><\/div>\n\n<div  class=\"tpgb-container-row tpgb-block-76c2_111    alignfull  tpgb-container-inline  tpgb-container-wide \" data-id=\"76c2_111 \"   ><div class=\"tpgb-cont-in\">\n<div  class=\"tpgb-wrap-f187_111   tpgb-anim-dur-fast tpgb-view-animation\" data-animationSetting='{&quot;anime&quot;:{&quot;md&quot;:&quot;fadeIn&quot;,&quot;sm&quot;:&quot;&quot;,&quot;xs&quot;:&quot;&quot;}}' ><div  class=\"tpgb-heading-title tpgb-relative-block heading_style tpgb-block-f187_111  heading-style-1\"><div class=\"sub-style\"><div class=\"head-title \"><h2 class=\"heading-title\">Mem\u00f3rias Patudas<\/h2><\/div><div class=\"sub-heading \"><h6 class=\"heading-sub-title\">Uma cole\u00e7\u00e3o de imagens de alta qualidade mostrando pets durante suas visitas, como nas sess\u00f5es de tosa, momentos de brincadeira, aulas de treinamento ou socializa\u00e7\u00e3o com outros animais.<\/h6><\/div><\/div><\/div><\/div>\n\n<div  class=\"tpgb-container-row tpgb-block-5e8e_111    alignwide  tpgb-container-inline  tpgb-container-wide \" data-id=\"5e8e_111 \"   ><div class=\"tpgb-cont-in\">\n\n<div class=\"wp-block-tpgb-tp-image tpgb-image tpgb-block-d7cf_111\"><figure class=\"tpgb-figure\"><img decoding=\"async\" width=\"940\" height=\"780\" src=\"https:\/\/digitalbusinessdeveloper.com\/petshops\/wp-content\/uploads\/2025\/06\/front-view-senior-couple-with-cat-home.png\" alt=\"\" class=\"tpgb-img-inner wp-image-92\" loading=\"lazy\" srcset=\"https:\/\/digitalbusinessdeveloper.com\/petshops\/wp-content\/uploads\/2025\/06\/front-view-senior-couple-with-cat-home.png 940w, https:\/\/digitalbusinessdeveloper.com\/petshops\/wp-content\/uploads\/2025\/06\/front-view-senior-couple-with-cat-home-300x249.png 300w, https:\/\/digitalbusinessdeveloper.com\/petshops\/wp-content\/uploads\/2025\/06\/front-view-senior-couple-with-cat-home-768x637.png 768w\" sizes=\"auto, (max-width: 940px) 100vw, 940px\" \/><\/figure><\/div>\n\n\n\n<div class=\"wp-block-tpgb-tp-image tpgb-image tpgb-block-5468_111\"><figure class=\"tpgb-figure\"><img decoding=\"async\" width=\"740\" height=\"780\" src=\"https:\/\/digitalbusinessdeveloper.com\/petshops\/wp-content\/uploads\/2025\/06\/full-shot-woman-with-dog-knitting.png\" alt=\"\" class=\"tpgb-img-inner wp-image-98\" loading=\"lazy\" srcset=\"https:\/\/digitalbusinessdeveloper.com\/petshops\/wp-content\/uploads\/2025\/06\/full-shot-woman-with-dog-knitting.png 740w, https:\/\/digitalbusinessdeveloper.com\/petshops\/wp-content\/uploads\/2025\/06\/full-shot-woman-with-dog-knitting-285x300.png 285w\" sizes=\"auto, (max-width: 740px) 100vw, 740px\" \/><\/figure><\/div>\n\n\n\n<div class=\"wp-block-tpgb-tp-image tpgb-image tpgb-block-0f56_111\"><figure class=\"tpgb-figure\"><img decoding=\"async\" width=\"540\" height=\"780\" src=\"https:\/\/digitalbusinessdeveloper.com\/petshops\/wp-content\/uploads\/2025\/06\/old-person-with-their-pet-dog-1.png\" alt=\"\" class=\"tpgb-img-inner wp-image-101\" loading=\"lazy\" srcset=\"https:\/\/digitalbusinessdeveloper.com\/petshops\/wp-content\/uploads\/2025\/06\/old-person-with-their-pet-dog-1.png 540w, https:\/\/digitalbusinessdeveloper.com\/petshops\/wp-content\/uploads\/2025\/06\/old-person-with-their-pet-dog-1-208x300.png 208w\" sizes=\"auto, (max-width: 540px) 100vw, 540px\" \/><\/figure><\/div>\n\n<\/div><\/div>\n\n<div  class=\"tpgb-container-row tpgb-block-4344_111    alignwide  tpgb-container-inline  tpgb-container-wide \" data-id=\"4344_111 \"   ><div class=\"tpgb-cont-in\">\n\n<div class=\"wp-block-tpgb-tp-image tpgb-image tpgb-block-e431_111\"><figure class=\"tpgb-figure\"><img decoding=\"async\" width=\"1140\" height=\"780\" src=\"https:\/\/digitalbusinessdeveloper.com\/petshops\/wp-content\/uploads\/2025\/06\/man-with-greyhound-dog-home-couch-1.png\" alt=\"\" class=\"tpgb-img-inner wp-image-107\" loading=\"lazy\" srcset=\"https:\/\/digitalbusinessdeveloper.com\/petshops\/wp-content\/uploads\/2025\/06\/man-with-greyhound-dog-home-couch-1.png 1140w, https:\/\/digitalbusinessdeveloper.com\/petshops\/wp-content\/uploads\/2025\/06\/man-with-greyhound-dog-home-couch-1-300x205.png 300w, https:\/\/digitalbusinessdeveloper.com\/petshops\/wp-content\/uploads\/2025\/06\/man-with-greyhound-dog-home-couch-1-1024x701.png 1024w, https:\/\/digitalbusinessdeveloper.com\/petshops\/wp-content\/uploads\/2025\/06\/man-with-greyhound-dog-home-couch-1-768x525.png 768w\" sizes=\"auto, (max-width: 1140px) 100vw, 1140px\" \/><\/figure><\/div>\n\n\n\n<div class=\"wp-block-tpgb-tp-image tpgb-image tpgb-block-30b8_111\"><figure class=\"tpgb-figure\"><img decoding=\"async\" width=\"1140\" height=\"780\" src=\"https:\/\/digitalbusinessdeveloper.com\/petshops\/wp-content\/uploads\/2025\/06\/couple-playing-with-dog.png\" alt=\"\" class=\"tpgb-img-inner wp-image-110\" loading=\"lazy\" srcset=\"https:\/\/digitalbusinessdeveloper.com\/petshops\/wp-content\/uploads\/2025\/06\/couple-playing-with-dog.png 1140w, https:\/\/digitalbusinessdeveloper.com\/petshops\/wp-content\/uploads\/2025\/06\/couple-playing-with-dog-300x205.png 300w, https:\/\/digitalbusinessdeveloper.com\/petshops\/wp-content\/uploads\/2025\/06\/couple-playing-with-dog-1024x701.png 1024w, https:\/\/digitalbusinessdeveloper.com\/petshops\/wp-content\/uploads\/2025\/06\/couple-playing-with-dog-768x525.png 768w\" sizes=\"auto, (max-width: 1140px) 100vw, 1140px\" \/><\/figure><\/div>\n\n<\/div><\/div>\n<\/div><\/div>\n\n<div  class=\"tpgb-container-row tpgb-block-0c9d_111    alignwide  tpgb-container-inline  tpgb-container-wide \" data-id=\"0c9d_111 \"   ><div class=\"tpgb-cont-in\">\n\n<h3 class=\"wp-block-tpgb-tp-heading tp-core-heading tpgb-block-c42f_111\">Conhe\u00e7a Nossa Equipe de Cuidados com Pets<\/h3>\n\n\n<div  class=\"tpgb-wrap-4c51_111  tpgb-wrap-fw \"  ><div id=\"4c51_111\" class=\"tpgb-block-4c51_111 tpgb-relative-block  tpgb-team-member-list team-style-1  \" data-style=\"style-1\" data-layout=\"grid\" data-id=\"4c51_111\"><div class=\"post-loop-inner tpgb-row\"><div class=\"grid-item tpgb-col-12 tpgb-col-lg-4 tpgb-col-md-4 tpgb-col-sm-12\"><div class=\"team-list-content tpgb-trans-linear\"><div class=\"post-content-image\"><a href=\"\"  aria-label=\"Tosador de Animais\"><div class=\"tpgb-team-profile\"><span class=\"thumb-wrap\"><img loading=\"lazy\" decoding=\"async\" width=\"528\" height=\"690\" src=\"https:\/\/digitalbusinessdeveloper.com\/petshops\/wp-content\/uploads\/2025\/06\/image-8.png\" class=\"attachment-full size-full\" alt=\"image\" srcset=\"https:\/\/digitalbusinessdeveloper.com\/petshops\/wp-content\/uploads\/2025\/06\/image-8.png 528w, https:\/\/digitalbusinessdeveloper.com\/petshops\/wp-content\/uploads\/2025\/06\/image-8-230x300.png 230w\" sizes=\"auto, (max-width: 528px) 100vw, 528px\" \/><\/span><\/div><\/a><div class=\"tpgb-team-social-content\"><div class=\"tpgb-team-social-list\"><div class=\"fb-link\"><a href=\"#\"    aria-label=\"Facebook\"><i class=\"fab fa-facebook-f\" aria-hidden=\"true\"><\/i><\/a><\/div><div class=\"instagram-link\"><a href=\"#\"    aria-label=\"Instagram\"><i class=\"fab fa-instagram\" aria-hidden=\"true\"><\/i><\/a><\/div><\/div><\/div><\/div><div class=\"post-content-bottom\"><h3 class=\"tpgb-post-title\"><a href=\"\" >Tosador de Animais<\/a><\/h3><div class=\"tpgb-member-designation\">Tosador de Animais<\/div><\/div><\/div><\/div><div class=\"grid-item tpgb-col-12 tpgb-col-lg-4 tpgb-col-md-4 tpgb-col-sm-12\"><div class=\"team-list-content tpgb-trans-linear\"><div class=\"post-content-image\"><a href=\"\"  aria-label=\"Tosador de Animais\"><div class=\"tpgb-team-profile\"><span class=\"thumb-wrap\"><img loading=\"lazy\" decoding=\"async\" width=\"528\" height=\"690\" src=\"https:\/\/digitalbusinessdeveloper.com\/petshops\/wp-content\/uploads\/2025\/06\/image.png\" class=\"attachment-full size-full\" alt=\"image\" srcset=\"https:\/\/digitalbusinessdeveloper.com\/petshops\/wp-content\/uploads\/2025\/06\/image.png 528w, https:\/\/digitalbusinessdeveloper.com\/petshops\/wp-content\/uploads\/2025\/06\/image-230x300.png 230w\" sizes=\"auto, (max-width: 528px) 100vw, 528px\" \/><\/span><\/div><\/a><div class=\"tpgb-team-social-content\"><div class=\"tpgb-team-social-list\"><div class=\"fb-link\"><a href=\"#\"    aria-label=\"Facebook\"><i class=\"fab fa-facebook-f\" aria-hidden=\"true\"><\/i><\/a><\/div><div class=\"instagram-link\"><a href=\"#\"    aria-label=\"Instagram\"><i class=\"fab fa-instagram\" aria-hidden=\"true\"><\/i><\/a><\/div><\/div><\/div><\/div><div class=\"post-content-bottom\"><h3 class=\"tpgb-post-title\"><a href=\"\" >Tosador de Animais<\/a><\/h3><div class=\"tpgb-member-designation\">Tosador de Animais<\/div><\/div><\/div><\/div><div class=\"grid-item tpgb-col-12 tpgb-col-lg-4 tpgb-col-md-4 tpgb-col-sm-12\"><div class=\"team-list-content tpgb-trans-linear\"><div class=\"post-content-image\"><a href=\"\"  aria-label=\"Tosador de Animais\"><div class=\"tpgb-team-profile\"><span class=\"thumb-wrap\"><img loading=\"lazy\" decoding=\"async\" width=\"528\" height=\"690\" src=\"https:\/\/digitalbusinessdeveloper.com\/petshops\/wp-content\/uploads\/2025\/06\/image-1.png\" class=\"attachment-full size-full\" alt=\"image-1\" srcset=\"https:\/\/digitalbusinessdeveloper.com\/petshops\/wp-content\/uploads\/2025\/06\/image-1.png 528w, https:\/\/digitalbusinessdeveloper.com\/petshops\/wp-content\/uploads\/2025\/06\/image-1-230x300.png 230w\" sizes=\"auto, (max-width: 528px) 100vw, 528px\" \/><\/span><\/div><\/a><div class=\"tpgb-team-social-content\"><div class=\"tpgb-team-social-list\"><div class=\"fb-link\"><a href=\"#\"    aria-label=\"Facebook\"><i class=\"fab fa-facebook-f\" aria-hidden=\"true\"><\/i><\/a><\/div><div class=\"instagram-link\"><a href=\"#\"    aria-label=\"Instagram\"><i class=\"fab fa-instagram\" aria-hidden=\"true\"><\/i><\/a><\/div><\/div><\/div><\/div><div class=\"post-content-bottom\"><h3 class=\"tpgb-post-title\"><a href=\"\" >Tosador de Animais<\/a><\/h3><div class=\"tpgb-member-designation\">Tosador de Animais<\/div><\/div><\/div><\/div><\/div><\/div><\/div>\n<\/div><\/div>","protected":false},"excerpt":{"rendered":"","protected":false},"author":1,"featured_media":0,"parent":0,"menu_order":0,"comment_status":"closed","ping_status":"closed","template":"","meta":{"tpgb_global_settings":"","footnotes":""},"class_list":["post-111","page","type-page","status-publish","hentry"],"tpgb_featured_images":null,"tpgb_post_meta_info":{"get_date":"23 de junho de 2025","get_modified_date":"24 de junho de 2025","author_name":"Petshops","author_url":"https:\/\/digitalbusinessdeveloper.com\/petshops\/author\/miron8547\/","author_email":"one.business.bom@gmail.com","author_website":"https:\/\/digitalbusinessdeveloper.com\/petshops","author_description":"","author_facebook":"","author_twitter":"","author_instagram":"","author_role":["administrator"],"author_firstname":"","author_lastname":"","user_login":"Miron8547@","author_avatar":"<img alt='' src='https:\/\/secure.gravatar.com\/avatar\/5924486c3e144a515ef457360cd44db83137ba2cf95df35d5b293beccc0fee9d?s=200&#038;d=mm&#038;r=g' srcset='https:\/\/secure.gravatar.com\/avatar\/5924486c3e144a515ef457360cd44db83137ba2cf95df35d5b293beccc0fee9d?s=400&#038;d=mm&#038;r=g 2x' class='avatar avatar-200 photo' height='200' width='200' loading='lazy' decoding='async'\/>","author_avatar_url":"https:\/\/secure.gravatar.com\/avatar\/5924486c3e144a515ef457360cd44db83137ba2cf95df35d5b293beccc0fee9d?s=96&d=mm&r=g","comment_count":0,"post_likes":0,"post_views":0},"tpgb_post_category":[],"_links":{"self":[{"href":"https:\/\/digitalbusinessdeveloper.com\/petshops\/wp-json\/wp\/v2\/pages\/111","targetHints":{"allow":["GET"]}}],"collection":[{"href":"https:\/\/digitalbusinessdeveloper.com\/petshops\/wp-json\/wp\/v2\/pages"}],"about":[{"href":"https:\/\/digitalbusinessdeveloper.com\/petshops\/wp-json\/wp\/v2\/types\/page"}],"author":[{"embeddable":true,"href":"https:\/\/digitalbusinessdeveloper.com\/petshops\/wp-json\/wp\/v2\/users\/1"}],"replies":[{"embeddable":true,"href":"https:\/\/digitalbusinessdeveloper.com\/petshops\/wp-json\/wp\/v2\/comments?post=111"}],"version-history":[{"count":3,"href":"https:\/\/digitalbusinessdeveloper.com\/petshops\/wp-json\/wp\/v2\/pages\/111\/revisions"}],"predecessor-version":[{"id":146,"href":"https:\/\/digitalbusinessdeveloper.com\/petshops\/wp-json\/wp\/v2\/pages\/111\/revisions\/146"}],"wp:attachment":[{"href":"https:\/\/digitalbusinessdeveloper.com\/petshops\/wp-json\/wp\/v2\/media?parent=111"}],"curies":[{"name":"wp","href":"https:\/\/api.w.org\/{rel}","templated":true}]}}