{"id":90,"date":"2025-06-20T00:30:33","date_gmt":"2025-06-20T00:30:33","guid":{"rendered":"https:\/\/digitalbusinessdeveloper.com\/jardinagem\/gallery-agricraft\/"},"modified":"2025-06-29T19:18:21","modified_gmt":"2025-06-29T19:18:21","slug":"galeria","status":"publish","type":"page","link":"https:\/\/digitalbusinessdeveloper.com\/jardinagem\/galeria\/","title":{"rendered":"Galeria"},"content":{"rendered":"<div  class=\"tpgb-container-row tpgb-block-7dec_90    alignwide  tpgb-container-inline  tpgb-container-wide \" data-id=\"7dec_90 \"   ><div class=\"tpgb-cont-in\">\n<div class=\"tp-breadcrumbs tpgb-block-a2cc_90 \"><div class=\"pt_plus_breadcrumbs_bar \"><div class=\"pt_plus_breadcrumbs_bar_inner bred_style_1\"><nav id=\"breadcrumbs\"><span class=\"bc_home\"><a class=\"home_bread_tab\" href=\"https:\/\/digitalbusinessdeveloper.com\/jardinagem\/\"  >Home<i class=\" fas fa-angle-right bread-sep-icon\" ><\/i><\/a><\/span> <span class=\"del\"><\/span> <span class=\"current_active\"><div class=\"current_tab_sec\">P\u00e1gina<\/div><\/span><\/nav><\/div><\/div><\/div>\n\n\n<div class=\"tpgb-wrap-5bd2_90  tpgb-view-animation tpgb-anim-dur-normal\" data-animationsetting=\"{&quot;anime&quot;:{&quot;md&quot;:&quot;fadeIn&quot;}}\"><h1 class=\"wp-block-tpgb-tp-heading tp-core-heading tpgb-block-5bd2_90\">Galeria<\/h1><\/div>\n\n<\/div><\/div>\n\n<div  class=\"tpgb-container-row tpgb-block-1d9b_90    alignwide  tpgb-container-inline  tpgb-container-wide \" data-id=\"1d9b_90 \"   ><div class=\"tpgb-cont-in\">\n<div  class=\"tpgb-container-row tpgb-block-2c5c_90    alignwide  tpgb-container-inline  tpgb-container-wide \" data-id=\"2c5c_90 \"   ><div class=\"tpgb-cont-in\">\n\n<h4 class=\"wp-block-tpgb-tp-heading tp-core-heading tpgb-block-5985_90\">Agricultura<\/h4>\n\n\n\n<hr class=\"wp-block-separator has-alpha-channel-opacity is-style-wide\"\/>\n\n\n\n<h4 class=\"wp-block-tpgb-tp-heading tp-core-heading tpgb-block-11f8_90\">Galeria<\/h4>\n\n<\/div><\/div>\n\n\n<div class=\"tpgb-wrap-4934_90  tpgb-view-animation tpgb-anim-dur-normal\" data-animationsetting=\"{&quot;anime&quot;:{&quot;md&quot;:&quot;fadeInLeft&quot;}}\"><div class=\"tpgb-pro-paragraph tpgb-block-4934_90\"><h2 class=\"pro-heading-inner\">A beleza da agricultura sustent\u00e1vel<\/h2><div class=\"pro-paragraph-inner\"><p>Explore nossa galeria para ver o cora\u00e7\u00e3o da nossa jornada agr\u00edcola. Do plantio \u00e0 colheita, cada imagem captura a paix\u00e3o e dedica\u00e7\u00e3o que envolvem o cultivo de safras saud\u00e1veis e sustent\u00e1veis. Veja de perto as pr\u00e1ticas inovadoras e as equipes dedicadas por tr\u00e1s do nosso sucesso, e experimente a beleza da agricultura em todas as esta\u00e7\u00f5es.<\/p><\/div><\/div><\/div>\n\n\n<div  class=\"tpgb-container-row tpgb-block-f354_90    alignwide  tpgb-container-inline  tpgb-container-wide \" data-id=\"f354_90 \"   ><div class=\"tpgb-cont-in\">\n\n<div class=\"wp-block-tpgb-tp-image tpgb-image tpgb-block-58e9_90\"><figure class=\"tpgb-figure\"><img decoding=\"async\" width=\"512\" height=\"401\" src=\"https:\/\/digitalbusinessdeveloper.com\/jardinagem\/wp-content\/uploads\/2025\/06\/farming1-1-1.png\" alt=\"\" class=\"tpgb-img-inner wp-image-23\" loading=\"lazy\" srcset=\"https:\/\/digitalbusinessdeveloper.com\/jardinagem\/wp-content\/uploads\/2025\/06\/farming1-1-1.png 512w, https:\/\/digitalbusinessdeveloper.com\/jardinagem\/wp-content\/uploads\/2025\/06\/farming1-1-1-300x235.png 300w\" sizes=\"auto, (max-width: 512px) 100vw, 512px\" \/><\/figure><\/div>\n\n\n\n<div class=\"wp-block-tpgb-tp-image tpgb-image tpgb-block-c8f7_90\"><figure class=\"tpgb-figure\"><img decoding=\"async\" width=\"272\" height=\"401\" src=\"https:\/\/digitalbusinessdeveloper.com\/jardinagem\/wp-content\/uploads\/2025\/06\/farming2-1-2.png\" alt=\"\" class=\"tpgb-img-inner wp-image-40\" loading=\"lazy\" srcset=\"https:\/\/digitalbusinessdeveloper.com\/jardinagem\/wp-content\/uploads\/2025\/06\/farming2-1-2.png 272w, https:\/\/digitalbusinessdeveloper.com\/jardinagem\/wp-content\/uploads\/2025\/06\/farming2-1-2-203x300.png 203w\" sizes=\"auto, (max-width: 272px) 100vw, 272px\" \/><\/figure><\/div>\n\n\n\n<div class=\"wp-block-tpgb-tp-image tpgb-image tpgb-block-cb14_90\"><figure class=\"tpgb-figure\"><img decoding=\"async\" width=\"272\" height=\"401\" src=\"https:\/\/digitalbusinessdeveloper.com\/jardinagem\/wp-content\/uploads\/2025\/06\/farming3-1.png\" alt=\"\" class=\"tpgb-img-inner wp-image-49\" loading=\"lazy\" srcset=\"https:\/\/digitalbusinessdeveloper.com\/jardinagem\/wp-content\/uploads\/2025\/06\/farming3-1.png 272w, https:\/\/digitalbusinessdeveloper.com\/jardinagem\/wp-content\/uploads\/2025\/06\/farming3-1-203x300.png 203w\" sizes=\"auto, (max-width: 272px) 100vw, 272px\" \/><\/figure><\/div>\n\n<\/div><\/div>\n\n<div  class=\"tpgb-container-row tpgb-block-f45d_90    alignwide  tpgb-container-inline  tpgb-container-wide \" data-id=\"f45d_90 \"   ><div class=\"tpgb-cont-in\">\n\n<div class=\"wp-block-tpgb-tp-image tpgb-image tpgb-block-f81c_90\"><figure class=\"tpgb-figure\"><img decoding=\"async\" width=\"272\" height=\"401\" src=\"https:\/\/digitalbusinessdeveloper.com\/jardinagem\/wp-content\/uploads\/2025\/06\/farming4-1-1.png\" alt=\"\" class=\"tpgb-img-inner wp-image-59\" loading=\"lazy\" srcset=\"https:\/\/digitalbusinessdeveloper.com\/jardinagem\/wp-content\/uploads\/2025\/06\/farming4-1-1.png 272w, https:\/\/digitalbusinessdeveloper.com\/jardinagem\/wp-content\/uploads\/2025\/06\/farming4-1-1-203x300.png 203w\" sizes=\"auto, (max-width: 272px) 100vw, 272px\" \/><\/figure><\/div>\n\n\n\n<div class=\"wp-block-tpgb-tp-image tpgb-image tpgb-block-f935_90\"><figure class=\"tpgb-figure\"><img decoding=\"async\" width=\"272\" height=\"401\" src=\"https:\/\/digitalbusinessdeveloper.com\/jardinagem\/wp-content\/uploads\/2025\/06\/farming5-1-1.png\" alt=\"\" class=\"tpgb-img-inner wp-image-66\" loading=\"lazy\" srcset=\"https:\/\/digitalbusinessdeveloper.com\/jardinagem\/wp-content\/uploads\/2025\/06\/farming5-1-1.png 272w, https:\/\/digitalbusinessdeveloper.com\/jardinagem\/wp-content\/uploads\/2025\/06\/farming5-1-1-203x300.png 203w\" sizes=\"auto, (max-width: 272px) 100vw, 272px\" \/><\/figure><\/div>\n\n\n\n<div class=\"wp-block-tpgb-tp-image tpgb-image tpgb-block-29bb_90\"><figure class=\"tpgb-figure\"><img decoding=\"async\" width=\"512\" height=\"401\" src=\"https:\/\/digitalbusinessdeveloper.com\/jardinagem\/wp-content\/uploads\/2025\/06\/farming6-1-1.png\" alt=\"\" class=\"tpgb-img-inner wp-image-75\" loading=\"lazy\" srcset=\"https:\/\/digitalbusinessdeveloper.com\/jardinagem\/wp-content\/uploads\/2025\/06\/farming6-1-1.png 512w, https:\/\/digitalbusinessdeveloper.com\/jardinagem\/wp-content\/uploads\/2025\/06\/farming6-1-1-300x235.png 300w\" sizes=\"auto, (max-width: 512px) 100vw, 512px\" \/><\/figure><\/div>\n\n<\/div><\/div>\n\n<div  class=\"tpgb-container-row tpgb-block-4497_90    alignwide  tpgb-container-inline  tpgb-container-wide \" data-id=\"4497_90 \"   ><div class=\"tpgb-cont-in\">\n\n<div class=\"wp-block-tpgb-tp-image tpgb-image tpgb-block-a927_90\"><figure class=\"tpgb-figure\"><img decoding=\"async\" width=\"272\" height=\"401\" src=\"https:\/\/digitalbusinessdeveloper.com\/jardinagem\/wp-content\/uploads\/2025\/06\/image-11.png\" alt=\"\" class=\"tpgb-img-inner wp-image-83\" loading=\"lazy\" srcset=\"https:\/\/digitalbusinessdeveloper.com\/jardinagem\/wp-content\/uploads\/2025\/06\/image-11.png 272w, https:\/\/digitalbusinessdeveloper.com\/jardinagem\/wp-content\/uploads\/2025\/06\/image-11-203x300.png 203w\" sizes=\"auto, (max-width: 272px) 100vw, 272px\" \/><\/figure><\/div>\n\n\n\n<div class=\"wp-block-tpgb-tp-image tpgb-image tpgb-block-714f_90\"><figure class=\"tpgb-figure\"><img decoding=\"async\" width=\"532\" height=\"401\" src=\"https:\/\/digitalbusinessdeveloper.com\/jardinagem\/wp-content\/uploads\/2025\/06\/image-10.png\" alt=\"\" class=\"tpgb-img-inner wp-image-87\" loading=\"lazy\" srcset=\"https:\/\/digitalbusinessdeveloper.com\/jardinagem\/wp-content\/uploads\/2025\/06\/image-10.png 532w, https:\/\/digitalbusinessdeveloper.com\/jardinagem\/wp-content\/uploads\/2025\/06\/image-10-300x226.png 300w\" sizes=\"auto, (max-width: 532px) 100vw, 532px\" \/><\/figure><\/div>\n\n\n\n<div class=\"wp-block-tpgb-tp-image tpgb-image tpgb-block-1a32_90\"><figure class=\"tpgb-figure\"><img decoding=\"async\" width=\"272\" height=\"401\" src=\"https:\/\/digitalbusinessdeveloper.com\/jardinagem\/wp-content\/uploads\/2025\/06\/image-12.png\" alt=\"\" class=\"tpgb-img-inner wp-image-89\" loading=\"lazy\" srcset=\"https:\/\/digitalbusinessdeveloper.com\/jardinagem\/wp-content\/uploads\/2025\/06\/image-12.png 272w, https:\/\/digitalbusinessdeveloper.com\/jardinagem\/wp-content\/uploads\/2025\/06\/image-12-203x300.png 203w\" sizes=\"auto, (max-width: 272px) 100vw, 272px\" \/><\/figure><\/div>\n\n<\/div><\/div>\n<\/div><\/div>\n\n<div  class=\"tpgb-container-row tpgb-block-25e8_90    alignwide  tpgb-container-inline  tpgb-container-wide \" data-id=\"25e8_90 \"   ><div class=\"tpgb-cont-in\">\n\n<div class=\"tpgb-wrap-d1f7_90  tpgb-view-animation tpgb-anim-dur-normal\" data-animationsetting=\"{&quot;anime&quot;:{&quot;md&quot;:&quot;fadeInLeft&quot;}}\"><h2 class=\"wp-block-tpgb-tp-heading tp-core-heading tpgb-block-d1f7_90\">Confiado por mais de 10.000 parceiros<\/h2><\/div>\n\n\n<div  class=\"tpgb-container-row tpgb-block-44ae_90    alignwide  tpgb-container-inline  tpgb-container-wide \" data-id=\"44ae_90 \"   ><div class=\"tpgb-cont-in\">\n\n<div class=\"wp-block-tpgb-tp-image tpgb-image tpgb-block-b602_90\"><figure class=\"tpgb-figure\"><img decoding=\"async\" width=\"153\" height=\"39\" src=\"https:\/\/digitalbusinessdeveloper.com\/jardinagem\/wp-content\/uploads\/2025\/06\/Logo.4-1.png\" alt=\"\" class=\"tpgb-img-inner wp-image-19\" loading=\"lazy\"\/><\/figure><\/div>\n\n\n\n<div class=\"wp-block-tpgb-tp-image tpgb-image tpgb-block-2991_90\"><figure class=\"tpgb-figure\"><img decoding=\"async\" width=\"218\" height=\"41\" src=\"https:\/\/digitalbusinessdeveloper.com\/jardinagem\/wp-content\/uploads\/2025\/06\/Logo.3-1.png\" alt=\"\" class=\"tpgb-img-inner wp-image-32\" loading=\"lazy\"\/><\/figure><\/div>\n\n\n\n<div class=\"wp-block-tpgb-tp-image tpgb-image tpgb-block-692b_90\"><figure class=\"tpgb-figure\"><img decoding=\"async\" width=\"220\" height=\"41\" src=\"https:\/\/digitalbusinessdeveloper.com\/jardinagem\/wp-content\/uploads\/2025\/06\/Logo.2.png\" alt=\"\" class=\"tpgb-img-inner wp-image-41\" loading=\"lazy\"\/><\/figure><\/div>\n\n\n\n<div class=\"wp-block-tpgb-tp-image tpgb-image tpgb-block-e7ec_90\"><figure class=\"tpgb-figure\"><img decoding=\"async\" width=\"187\" height=\"41\" src=\"https:\/\/digitalbusinessdeveloper.com\/jardinagem\/wp-content\/uploads\/2025\/06\/Logo.1-1.png\" alt=\"\" class=\"tpgb-img-inner wp-image-43\" loading=\"lazy\"\/><\/figure><\/div>\n\n<\/div><\/div>\n<\/div><\/div>\n\n<div  class=\"tpgb-container-row tpgb-block-d431_90    alignwide  tpgb-container-inline  tpgb-container-wide \" data-id=\"d431_90 \"   ><div class=\"tpgb-cont-in\">\n<div  class=\"tpgb-container-row tpgb-block-57c5_90    alignwide  tpgb-container-inline  tpgb-container-wide \" data-id=\"57c5_90 \"   ><div class=\"tpgb-cont-in\">\n\n<h4 class=\"wp-block-tpgb-tp-heading tp-core-heading tpgb-block-1b0e_90\">Agricultura<\/h4>\n\n\n\n<hr class=\"wp-block-separator has-alpha-channel-opacity is-style-wide\"\/>\n\n\n\n<h4 class=\"wp-block-tpgb-tp-heading tp-core-heading tpgb-block-6ba0_90\">Contato<\/h4>\n\n<\/div><\/div>\n\n\n<div class=\"tpgb-wrap-3cfb_90  tpgb-view-animation tpgb-anim-dur-normal\" data-animationsetting=\"{&quot;anime&quot;:{&quot;md&quot;:&quot;fadeInLeft&quot;}}\"><h2 class=\"wp-block-tpgb-tp-heading tp-core-heading tpgb-block-3cfb_90\">O futuro da agricultura come\u00e7a aqui<\/h2><\/div>\n\n\n<div  class=\"tpgb-container-row tpgb-block-8283_90    alignwide  tpgb-container-inline  tpgb-container-wide \" data-id=\"8283_90 \"   ><div class=\"tpgb-cont-in\">\n<div class=\"tpgb-infobox tpgb-relative-block tpgb-trans-linear tpgb-block-7065_90  info-box-style-3 \" ><div class=\"post-inner-loop \"><div class=\"info-box-inner tpgb-trans-linear tpgb_cnt_hvr_effect tpgb-relative-block tp-info-nc cnt_hvr_\"><div class=\"info-box-bg-box tpgb-trans-linear \"><div class=\"text-alignment\"><div class=\"style-3\"><div class=\"info-icon-content\"><div class=\"service-icon-wrap tpgb-trans-linear\"><span class=\"service-icon tpgb-trans-linear  icon-rounded\"><i class=\"far fa-map\"><\/i><\/span><\/div><\/div><div class=\"service-title tpgb-trans-linear\">Localiza\u00e7\u00e3o do Escrit\u00f3rio<\/div><div class=\"service-desc tpgb-trans-linear\">3136 Lockhart Drive Barrie, ON L4M USA-1435<\/div><\/div><\/div><\/div><div class=\"infobox-overlay-color tpgb-trans-linear\"><\/div><\/div><\/div><\/div>\n\n<div class=\"tpgb-infobox tpgb-relative-block tpgb-trans-linear tpgb-block-cd9e_90  info-box-style-3 \" ><div class=\"post-inner-loop \"><div class=\"info-box-inner tpgb-trans-linear tpgb_cnt_hvr_effect tpgb-relative-block tp-info-nc cnt_hvr_\"><div class=\"info-box-bg-box tpgb-trans-linear \"><div class=\"text-alignment\"><div class=\"style-3\"><div class=\"info-icon-content\"><div class=\"service-icon-wrap tpgb-trans-linear\"><span class=\"service-icon tpgb-trans-linear  icon-rounded\"><i class=\"fas fa-phone-alt\"><\/i><\/span><\/div><\/div><a href=\"tel:%20800-525-54-589\" class=\"service-title tpgb-trans-linear\"   >Detalhes para Contato<\/a><div class=\"service-desc tpgb-trans-linear\"> +1 800-525-54-589\u2028<br>+1 300-223-23-752<\/div><\/div><\/div><\/div><div class=\"infobox-overlay-color tpgb-trans-linear\"><\/div><\/div><\/div><\/div>\n\n<div class=\"tpgb-infobox tpgb-relative-block tpgb-trans-linear tpgb-block-7140_90  info-box-style-3 \" ><div class=\"post-inner-loop \"><div class=\"info-box-inner tpgb-trans-linear tpgb_cnt_hvr_effect tpgb-relative-block tp-info-nc cnt_hvr_\"><div class=\"info-box-bg-box tpgb-trans-linear \"><div class=\"text-alignment\"><div class=\"style-3\"><div class=\"info-icon-content\"><div class=\"service-icon-wrap tpgb-trans-linear\"><span class=\"service-icon tpgb-trans-linear  icon-rounded\"><i class=\"fas fa-mail-bulk\"><\/i><\/span><\/div><\/div><a href=\"mailto:Support@Agricraft.com\" class=\"service-title tpgb-trans-linear\"   >Envie-nos um e-mail<\/a><div class=\"service-desc tpgb-trans-linear\">3136 Lockhart Drive Barrie, ON L4M USA-1435<\/div><\/div><\/div><\/div><div class=\"infobox-overlay-color tpgb-trans-linear\"><\/div><\/div><\/div><\/div>\n<\/div><\/div>\n<\/div><\/div>\n\n<div  class=\"tpgb-container-row tpgb-block-e20f_90    alignwide  tpgb-container-inline  tpgb-container-wide \" data-id=\"e20f_90 \"   ><div class=\"tpgb-cont-in\">\n<div  class=\"tpgb-container-row tpgb-block-343d_90    alignwide  tpgb-container-inline  tpgb-container-wide \" data-id=\"343d_90 \"   ><div class=\"tpgb-cont-in\">\n\n<h4 class=\"wp-block-tpgb-tp-heading tp-core-heading tpgb-block-dfe7_90\">Agricultura<\/h4>\n\n\n\n<hr class=\"wp-block-separator has-alpha-channel-opacity is-style-wide\"\/>\n\n\n\n<h4 class=\"wp-block-tpgb-tp-heading tp-core-heading tpgb-block-6474_90\">Depoimento<\/h4>\n\n<\/div><\/div>\n\n\n<div class=\"tpgb-wrap-e886_90  tpgb-view-animation tpgb-anim-dur-normal\" data-animationsetting=\"{&quot;anime&quot;:{&quot;md&quot;:&quot;fadeInLeft&quot;}}\"><h2 class=\"wp-block-tpgb-tp-heading tp-core-heading tpgb-block-e886_90\">Leia depoimentos reais de agricultores que confiam em nossos servi\u00e7os<\/h2><\/div>\n\n\n<div  class=\"tpgb-wrap-1173_90  tpgb-wrap-fw \"  ><div class=\"tpgb-testimonials tpgb-relative-block testimonial-style-2  tpgb-block-1173_90   tpgb-isotope \"  data-layout=\"grid\" data-id=\"1173_90\"  ><div class=\"post-loop-inner tpgb-row\"><div class=\"grid-item  tpgb-col tpgb-col-lg-4 tpgb-col-md-6 tpgb-col-sm-12 tpgb-col-12 tp-repeater-item-ed0w\" ><div class=\"testimonial-list-content\" ><div class=\"testimonial-content-text\"><div class=\"entry-content scroll-on-hover\">\u201cA AgriCraft transformou verdadeiramente as opera\u00e7\u00f5es da nossa fazenda. As solu\u00e7\u00f5es de manejo de culturas aumentaram nosso rendimento e tamb\u00e9m melhoraram a sa\u00fade do solo. N\u00e3o poder\u00edamos estar mais satisfeitos com o suporte deles.\u201d<\/div><\/div><div class=\"post-content-image\"><div class=\"author-thumb\"><img loading=\"lazy\" decoding=\"async\" width=\"54\" height=\"55\" src=\"https:\/\/digitalbusinessdeveloper.com\/jardinagem\/wp-content\/uploads\/2025\/06\/Sarah-Thompson.png\" class=\"attachment-medium size-medium\" alt=\"Sarah Thompson\" srcset=\"https:\/\/digitalbusinessdeveloper.com\/jardinagem\/wp-content\/uploads\/2025\/06\/Sarah-Thompson.png 54w, https:\/\/digitalbusinessdeveloper.com\/jardinagem\/wp-content\/uploads\/2025\/06\/Sarah-Thompson-150x150.png 150w, https:\/\/digitalbusinessdeveloper.com\/jardinagem\/wp-content\/uploads\/2025\/06\/Sarah-Thompson-700x700.png 700w\" sizes=\"auto, (max-width: 54px) 100vw, 54px\" \/><\/div><div class=\"testi-post-title\">Sarah Thompson<\/div><div class=\"testi-post-designation\">Propriet\u00e1rio de Fazenda Org\u00e2nica<\/div><\/div><\/div><\/div><div class=\"grid-item  tpgb-col tpgb-col-lg-4 tpgb-col-md-6 tpgb-col-sm-12 tpgb-col-12 tp-repeater-item-x0ib\" ><div class=\"testimonial-list-content\" ><div class=\"testimonial-content-text\"><div class=\"entry-content scroll-on-hover\">\u201cCom as pr\u00e1ticas sustent\u00e1veis da AgriCraft, reduzimos drasticamente o desperd\u00edcio de \u00e1gua e vimos melhorias significativas na qualidade das culturas. A equipe deles \u00e9 dedicada e experiente \u2014 recomendamos muito!\u201d<\/div><\/div><div class=\"post-content-image\"><div class=\"author-thumb\"><img loading=\"lazy\" decoding=\"async\" width=\"54\" height=\"55\" src=\"https:\/\/digitalbusinessdeveloper.com\/jardinagem\/wp-content\/uploads\/2025\/06\/Rajiv-Patel.png\" class=\"attachment-medium size-medium\" alt=\"Rajiv Patel\" srcset=\"https:\/\/digitalbusinessdeveloper.com\/jardinagem\/wp-content\/uploads\/2025\/06\/Rajiv-Patel.png 54w, https:\/\/digitalbusinessdeveloper.com\/jardinagem\/wp-content\/uploads\/2025\/06\/Rajiv-Patel-150x150.png 150w, https:\/\/digitalbusinessdeveloper.com\/jardinagem\/wp-content\/uploads\/2025\/06\/Rajiv-Patel-700x700.png 700w\" sizes=\"auto, (max-width: 54px) 100vw, 54px\" \/><\/div><div class=\"testi-post-title\">Rajiv Patel<\/div><div class=\"testi-post-designation\">Consultor em Agricultura Sustent\u00e1vel<\/div><\/div><\/div><\/div><div class=\"grid-item  tpgb-col tpgb-col-lg-4 tpgb-col-md-6 tpgb-col-sm-12 tpgb-col-12 tp-repeater-item-sy5q\" ><div class=\"testimonial-list-content\" ><div class=\"testimonial-content-text\"><div class=\"entry-content scroll-on-hover\">\u201cA integra\u00e7\u00e3o da tecnologia da AgriCraft tornou a agricultura mais eficiente e orientada por dados. As ferramentas de precis\u00e3o nos ajudaram a tomar decis\u00f5es informadas que aumentam a produtividade. Tem sido uma experi\u00eancia!\u201d<\/div><\/div><div class=\"post-content-image\"><div class=\"author-thumb\"><img loading=\"lazy\" decoding=\"async\" width=\"54\" height=\"55\" src=\"https:\/\/digitalbusinessdeveloper.com\/jardinagem\/wp-content\/uploads\/2025\/06\/Emily-Chen-1.png\" class=\"attachment-medium size-medium\" alt=\"Emily Chen\" srcset=\"https:\/\/digitalbusinessdeveloper.com\/jardinagem\/wp-content\/uploads\/2025\/06\/Emily-Chen-1.png 54w, https:\/\/digitalbusinessdeveloper.com\/jardinagem\/wp-content\/uploads\/2025\/06\/Emily-Chen-1-150x150.png 150w, https:\/\/digitalbusinessdeveloper.com\/jardinagem\/wp-content\/uploads\/2025\/06\/Emily-Chen-1-700x700.png 700w\" sizes=\"auto, (max-width: 54px) 100vw, 54px\" \/><\/div><div class=\"testi-post-title\">Emily Chen<\/div><div class=\"testi-post-designation\">Gerente de Opera\u00e7\u00f5es Agr\u00edcolas<\/div><\/div><\/div><\/div><\/div><\/div><\/div>\n<\/div><\/div>","protected":false},"excerpt":{"rendered":"","protected":false},"author":1,"featured_media":0,"parent":0,"menu_order":0,"comment_status":"closed","ping_status":"closed","template":"","meta":{"tpgb_global_settings":"","footnotes":""},"class_list":["post-90","page","type-page","status-publish","hentry"],"tpgb_featured_images":null,"tpgb_post_meta_info":{"get_date":"20 de junho de 2025","get_modified_date":"29 de junho de 2025","author_name":"Jardinagem","author_url":"https:\/\/digitalbusinessdeveloper.com\/jardinagem\/author\/miron8547\/","author_email":"one.business.bom@gmail.com","author_website":"https:\/\/digitalbusinessdeveloper.com\/jardinagem","author_description":"","author_facebook":"","author_twitter":"","author_instagram":"","author_role":["administrator"],"author_firstname":"","author_lastname":"","user_login":"Miron8547@","author_avatar":"<img alt='' src='https:\/\/secure.gravatar.com\/avatar\/5924486c3e144a515ef457360cd44db83137ba2cf95df35d5b293beccc0fee9d?s=200&#038;d=mm&#038;r=g' srcset='https:\/\/secure.gravatar.com\/avatar\/5924486c3e144a515ef457360cd44db83137ba2cf95df35d5b293beccc0fee9d?s=400&#038;d=mm&#038;r=g 2x' class='avatar avatar-200 photo' height='200' width='200' loading='lazy' decoding='async'\/>","author_avatar_url":"https:\/\/secure.gravatar.com\/avatar\/5924486c3e144a515ef457360cd44db83137ba2cf95df35d5b293beccc0fee9d?s=96&d=mm&r=g","comment_count":0,"post_likes":0,"post_views":0},"tpgb_post_category":[],"_links":{"self":[{"href":"https:\/\/digitalbusinessdeveloper.com\/jardinagem\/wp-json\/wp\/v2\/pages\/90","targetHints":{"allow":["GET"]}}],"collection":[{"href":"https:\/\/digitalbusinessdeveloper.com\/jardinagem\/wp-json\/wp\/v2\/pages"}],"about":[{"href":"https:\/\/digitalbusinessdeveloper.com\/jardinagem\/wp-json\/wp\/v2\/types\/page"}],"author":[{"embeddable":true,"href":"https:\/\/digitalbusinessdeveloper.com\/jardinagem\/wp-json\/wp\/v2\/users\/1"}],"replies":[{"embeddable":true,"href":"https:\/\/digitalbusinessdeveloper.com\/jardinagem\/wp-json\/wp\/v2\/comments?post=90"}],"version-history":[{"count":4,"href":"https:\/\/digitalbusinessdeveloper.com\/jardinagem\/wp-json\/wp\/v2\/pages\/90\/revisions"}],"predecessor-version":[{"id":244,"href":"https:\/\/digitalbusinessdeveloper.com\/jardinagem\/wp-json\/wp\/v2\/pages\/90\/revisions\/244"}],"wp:attachment":[{"href":"https:\/\/digitalbusinessdeveloper.com\/jardinagem\/wp-json\/wp\/v2\/media?parent=90"}],"curies":[{"name":"wp","href":"https:\/\/api.w.org\/{rel}","templated":true}]}}