{"id":82,"date":"2025-06-20T00:30:20","date_gmt":"2025-06-20T00:30:20","guid":{"rendered":"https:\/\/digitalbusinessdeveloper.com\/jardinagem\/blog-agricraft\/"},"modified":"2025-06-29T19:19:00","modified_gmt":"2025-06-29T19:19:00","slug":"blog","status":"publish","type":"page","link":"https:\/\/digitalbusinessdeveloper.com\/jardinagem\/blog\/","title":{"rendered":"Blog"},"content":{"rendered":"<div  class=\"tpgb-container-row tpgb-block-7dec_82    alignwide  tpgb-container-inline  tpgb-container-wide \" data-id=\"7dec_82 \"   ><div class=\"tpgb-cont-in\">\n<div class=\"tp-breadcrumbs tpgb-block-a2cc_82 \"><div class=\"pt_plus_breadcrumbs_bar \"><div class=\"pt_plus_breadcrumbs_bar_inner bred_style_1\"><nav id=\"breadcrumbs\"><span class=\"bc_home\"><a class=\"home_bread_tab\" href=\"https:\/\/digitalbusinessdeveloper.com\/jardinagem\/\"  >Home<i class=\" fas fa-angle-right bread-sep-icon\" ><\/i><\/a><\/span> <span class=\"del\"><\/span> <span class=\"current_active\"><div class=\"current_tab_sec\">P\u00e1gina<\/div><\/span><\/nav><\/div><\/div><\/div>\n\n\n<div class=\"tpgb-wrap-5bd2_82  tpgb-view-animation tpgb-anim-dur-normal\" data-animationsetting=\"{&quot;anime&quot;:{&quot;md&quot;:&quot;fadeIn&quot;}}\"><h1 class=\"wp-block-tpgb-tp-heading tp-core-heading tpgb-block-5bd2_82\">Blog<\/h1><\/div>\n\n<\/div><\/div>\n\n<div  class=\"tpgb-container-row tpgb-block-61fd_82    alignwide  tpgb-container-inline  tpgb-container-wide \" data-id=\"61fd_82 \"   ><div class=\"tpgb-cont-in\">\n<div  class=\"tpgb-container-row tpgb-block-1a57_82    alignwide  tpgb-container-inline  tpgb-container-wide \" data-id=\"1a57_82 \"   ><div class=\"tpgb-cont-in\">\n\n<h4 class=\"wp-block-tpgb-tp-heading tp-core-heading tpgb-block-9c37_82\">Agricultura<\/h4>\n\n\n\n<hr class=\"wp-block-separator has-alpha-channel-opacity is-style-wide\"\/>\n\n\n\n<h4 class=\"wp-block-tpgb-tp-heading tp-core-heading tpgb-block-a041_82\">Blog<\/h4>\n\n<\/div><\/div>\n\n\n<div class=\"tpgb-wrap-1eb8_82  tpgb-view-animation tpgb-anim-dur-normal\" data-animationsetting=\"{&quot;anime&quot;:{&quot;md&quot;:&quot;fadeInLeft&quot;}}\"><h2 class=\"wp-block-tpgb-tp-heading tp-core-heading tpgb-block-1eb8_82\">O Futuro da Agricultura Come\u00e7a Aqui<\/h2><\/div>\n\n\n<div  class=\"tpgb-wrap-977a_82  tpgb-wrap-fw \"  ><div id=\"977a_82\" class=\"tpgb-post-listing tpgb-relative-block    tpgb-block-977a_82 dynamic-style-2 tpgb-isotope layout-style-1 \" data-id=\"977a_82\" data-style=\"dynamic-style-2\"   data-layout=\"grid\"  data-connection=\"tpgb_search\"   ><div class=\"tpgb-row post-loop-inner\" ><div class=\"grid-item tpgb-col  tpgb-col-lg-4 tpgb-col-md-6 tpgb-col-sm-12 tpgb-col-12\">\r\n<div class=\"dynamic-list-content tpgb-dynamic-tran\">\r\n\t\r\n\t \r\n\t<div class=\"post-content-image\">\r\n\t\t\t<div class=\"tpgb-post-featured-img tpgb-dynamic-tran hover-image-none\">\r\n\t\t<a href=\"https:\/\/digitalbusinessdeveloper.com\/jardinagem\/jardinagem-e-agricultura-guia-completo-para-cultivar-com-sucesso\/\" aria-label=\"Jardinagem e Agricultura: Guia Completo para Cultivar com Sucesso\">\r\n\t\t\t<img loading=\"lazy\" decoding=\"async\" width=\"700\" height=\"700\" src=\"https:\/\/digitalbusinessdeveloper.com\/jardinagem\/wp-content\/uploads\/2025\/06\/image-10-700x700.png\" class=\"tpgb-d-block tpgb-post-img tpgb-dynamic-tran wp-post-image\" alt=\"\" srcset=\"https:\/\/digitalbusinessdeveloper.com\/jardinagem\/wp-content\/uploads\/2025\/06\/image-10-700x700.png 700w, https:\/\/digitalbusinessdeveloper.com\/jardinagem\/wp-content\/uploads\/2025\/06\/image-10-150x150.png 150w\" sizes=\"auto, (max-width: 700px) 100vw, 700px\" \/>\t\t<\/a>\r\n\t<\/div>\t\t\t<\/div>\r\n\t\t\r\n\t<div class=\"tpgb-content-bottom text-center\">\r\n\t\t\t\t\t\t<h4 class=\"tpgb-post-title tpgb-dynamic-tran\">\r\n\t<a href=\"https:\/\/digitalbusinessdeveloper.com\/jardinagem\/jardinagem-e-agricultura-guia-completo-para-cultivar-com-sucesso\/\">Jardinagem e Agricultura: Guia Completo para Cultivar com Sucesso<\/a>\r\n<\/h4>\t\t<div class=\"tpgb-post-hover-content\">\r\n\t\t\t\t<div class=\"tpgb-post-excerpt tpgb-d-block tpgb-dynamic-tran\"><p>Seja voc\u00ea um entusiasta da jardinagem ou um agricultor experiente, entender os fundamentos da jardinagem e agricultura \u00e9 essencial para obter colheitas saud\u00e1veis e abundantes. Neste artigo, vamos explorar dicas pr\u00e1ticas, t\u00e9cnicas eficientes e as melhores pr\u00e1ticas para maximizar seus resultados no cultivo de plantas e alimentos. O que \u00e9 Jardinagem e Agricultura? Jardinagem \u00e9 [&hellip;]<\/p><\/div>\r\n<div class=\"post-meta-info post-info-style-1\">\r\n\t    <span class=\"post-meta-date\"><a href=\"https:\/\/digitalbusinessdeveloper.com\/jardinagem\/jardinagem-e-agricultura-guia-completo-para-cultivar-com-sucesso\/\" class=\"tpgb-dynamic-tran post-entry-date\">20 de junho de 2025<\/a><\/span>\r\n<\/div>\r\n\r\n\t\t<\/div>\r\n\t\t\t<\/div>\r\n\t\t<\/div><\/div><div class=\"grid-item tpgb-col  tpgb-col-lg-4 tpgb-col-md-6 tpgb-col-sm-12 tpgb-col-12\">\r\n<div class=\"dynamic-list-content tpgb-dynamic-tran\">\r\n\t\r\n\t \r\n\t<div class=\"post-content-image\">\r\n\t\t\t<div class=\"tpgb-post-featured-img tpgb-dynamic-tran hover-image-none\">\r\n\t\t<a href=\"https:\/\/digitalbusinessdeveloper.com\/jardinagem\/jardinagem-e-agricultura-estrategias-essenciais-para-cultivar-com-sucesso\/\" aria-label=\"Jardinagem e Agricultura: Estrat\u00e9gias Essenciais para Cultivar com Sucesso\">\r\n\t\t\t<img loading=\"lazy\" decoding=\"async\" width=\"700\" height=\"700\" src=\"https:\/\/digitalbusinessdeveloper.com\/jardinagem\/wp-content\/uploads\/2025\/06\/Accordian-image-700x700.png\" class=\"tpgb-d-block tpgb-post-img tpgb-dynamic-tran wp-post-image\" alt=\"\" srcset=\"https:\/\/digitalbusinessdeveloper.com\/jardinagem\/wp-content\/uploads\/2025\/06\/Accordian-image-700x700.png 700w, https:\/\/digitalbusinessdeveloper.com\/jardinagem\/wp-content\/uploads\/2025\/06\/Accordian-image-150x150.png 150w\" sizes=\"auto, (max-width: 700px) 100vw, 700px\" \/>\t\t<\/a>\r\n\t<\/div>\t\t\t<\/div>\r\n\t\t\r\n\t<div class=\"tpgb-content-bottom text-center\">\r\n\t\t\t\t\t\t<h4 class=\"tpgb-post-title tpgb-dynamic-tran\">\r\n\t<a href=\"https:\/\/digitalbusinessdeveloper.com\/jardinagem\/jardinagem-e-agricultura-estrategias-essenciais-para-cultivar-com-sucesso\/\">Jardinagem e Agricultura: Estrat\u00e9gias Essenciais para Cultivar com Sucesso<\/a>\r\n<\/h4>\t\t<div class=\"tpgb-post-hover-content\">\r\n\t\t\t\t<div class=\"tpgb-post-excerpt tpgb-d-block tpgb-dynamic-tran\"><p>Cultivar plantas, seja para um jardim ornamental ou para produ\u00e7\u00e3o de alimentos, \u00e9 uma atividade que exige conhecimento e dedica\u00e7\u00e3o. A jardinagem e a agricultura s\u00e3o pr\u00e1ticas que, al\u00e9m de promoverem a sustentabilidade, trazem in\u00fameros benef\u00edcios para a sa\u00fade e o bem-estar. A Import\u00e2ncia da Jardinagem e Agricultura Sustent\u00e1vel A agricultura sustent\u00e1vel busca equilibrar a [&hellip;]<\/p><\/div>\r\n<div class=\"post-meta-info post-info-style-1\">\r\n\t    <span class=\"post-meta-date\"><a href=\"https:\/\/digitalbusinessdeveloper.com\/jardinagem\/jardinagem-e-agricultura-estrategias-essenciais-para-cultivar-com-sucesso\/\" class=\"tpgb-dynamic-tran post-entry-date\">20 de junho de 2025<\/a><\/span>\r\n<\/div>\r\n\r\n\t\t<\/div>\r\n\t\t\t<\/div>\r\n\t\t<\/div><\/div><div class=\"grid-item tpgb-col  tpgb-col-lg-4 tpgb-col-md-6 tpgb-col-sm-12 tpgb-col-12\">\r\n<div class=\"dynamic-list-content tpgb-dynamic-tran\">\r\n\t\r\n\t \r\n\t<div class=\"post-content-image\">\r\n\t\t\t<div class=\"tpgb-post-featured-img tpgb-dynamic-tran hover-image-none\">\r\n\t\t<a href=\"https:\/\/digitalbusinessdeveloper.com\/jardinagem\/jardinagem-e-agricultura-dicas-praticas-para-um-cultivo-eficiente-e-sustentavel\/\" aria-label=\"Jardinagem e Agricultura: Dicas Pr\u00e1ticas para um Cultivo Eficiente e Sustent\u00e1vel\">\r\n\t\t\t<img loading=\"lazy\" decoding=\"async\" width=\"700\" height=\"700\" src=\"https:\/\/digitalbusinessdeveloper.com\/jardinagem\/wp-content\/uploads\/2025\/06\/farming6-1-1-700x700.png\" class=\"tpgb-d-block tpgb-post-img tpgb-dynamic-tran wp-post-image\" alt=\"\" srcset=\"https:\/\/digitalbusinessdeveloper.com\/jardinagem\/wp-content\/uploads\/2025\/06\/farming6-1-1-700x700.png 700w, https:\/\/digitalbusinessdeveloper.com\/jardinagem\/wp-content\/uploads\/2025\/06\/farming6-1-1-150x150.png 150w\" sizes=\"auto, (max-width: 700px) 100vw, 700px\" \/>\t\t<\/a>\r\n\t<\/div>\t\t\t<\/div>\r\n\t\t\r\n\t<div class=\"tpgb-content-bottom text-center\">\r\n\t\t\t\t\t\t<h4 class=\"tpgb-post-title tpgb-dynamic-tran\">\r\n\t<a href=\"https:\/\/digitalbusinessdeveloper.com\/jardinagem\/jardinagem-e-agricultura-dicas-praticas-para-um-cultivo-eficiente-e-sustentavel\/\">Jardinagem e Agricultura: Dicas Pr\u00e1ticas para um Cultivo Eficiente e Sustent\u00e1vel<\/a>\r\n<\/h4>\t\t<div class=\"tpgb-post-hover-content\">\r\n\t\t\t\t<div class=\"tpgb-post-excerpt tpgb-d-block tpgb-dynamic-tran\"><p>A jardinagem e a agricultura s\u00e3o atividades fundamentais para quem deseja produzir alimentos frescos e manter um contato mais pr\u00f3ximo com a natureza. Seja em um pequeno jardim urbano ou em uma fazenda, cultivar plantas de forma eficiente e sustent\u00e1vel traz benef\u00edcios para a sa\u00fade, o meio ambiente e o bolso. Por Que Investir em [&hellip;]<\/p><\/div>\r\n<div class=\"post-meta-info post-info-style-1\">\r\n\t    <span class=\"post-meta-date\"><a href=\"https:\/\/digitalbusinessdeveloper.com\/jardinagem\/jardinagem-e-agricultura-dicas-praticas-para-um-cultivo-eficiente-e-sustentavel\/\" class=\"tpgb-dynamic-tran post-entry-date\">20 de junho de 2025<\/a><\/span>\r\n<\/div>\r\n\r\n\t\t<\/div>\r\n\t\t\t<\/div>\r\n\t\t<\/div><\/div><\/div><\/div><\/div>\n<\/div><\/div>\n\n<div  class=\"tpgb-container-row tpgb-block-6a99_82    alignwide  tpgb-container-inline  tpgb-container-wide \" data-id=\"6a99_82 \"   ><div class=\"tpgb-cont-in\">\n<div  class=\"tpgb-container-row tpgb-block-aec6_82    alignwide  tpgb-container-inline  tpgb-container-wide \" data-id=\"aec6_82 \"   ><div class=\"tpgb-cont-in\">\n\n<h4 class=\"wp-block-tpgb-tp-heading tp-core-heading tpgb-block-6d6e_82\">Agricultura<\/h4>\n\n\n\n<hr class=\"wp-block-separator has-alpha-channel-opacity is-style-wide\"\/>\n\n\n\n<h4 class=\"wp-block-tpgb-tp-heading tp-core-heading tpgb-block-566b_82\">Galeria<\/h4>\n\n<\/div><\/div>\n\n\n<div class=\"tpgb-wrap-4329_82  tpgb-view-animation tpgb-anim-dur-normal\" data-animationsetting=\"{&quot;anime&quot;:{&quot;md&quot;:&quot;fadeInLeft&quot;}}\"><div class=\"tpgb-pro-paragraph tpgb-block-4329_82\"><h2 class=\"pro-heading-inner\">A Beleza da Agricultura Sustent\u00e1vel<\/h2><div class=\"pro-paragraph-inner\"><p>Explore nossa galeria para ver o cora\u00e7\u00e3o da nossa jornada agr\u00edcola. Desde o processo de plantio at\u00e9 a colheita, cada imagem captura a paix\u00e3o e a dedica\u00e7\u00e3o que envolvem o cultivo de culturas saud\u00e1veis e sustent\u00e1veis. Conhe\u00e7a de perto as pr\u00e1ticas inovadoras e as equipes dedicadas por tr\u00e1s do nosso sucesso e experimente a beleza da agricultura em todas as esta\u00e7\u00f5es.<\/p><\/div><\/div><\/div>\n\n\n<div  class=\"tpgb-container-row tpgb-block-0f34_82    alignwide  tpgb-container-inline  tpgb-container-wide \" data-id=\"0f34_82 \"   ><div class=\"tpgb-cont-in\">\n\n<div class=\"wp-block-tpgb-tp-image tpgb-image tpgb-block-f0c9_82\"><figure class=\"tpgb-figure\"><img decoding=\"async\" width=\"512\" height=\"401\" src=\"https:\/\/digitalbusinessdeveloper.com\/jardinagem\/wp-content\/uploads\/2025\/06\/farming1-1-2.png\" alt=\"\" class=\"tpgb-img-inner wp-image-24\" loading=\"lazy\" srcset=\"https:\/\/digitalbusinessdeveloper.com\/jardinagem\/wp-content\/uploads\/2025\/06\/farming1-1-2.png 512w, https:\/\/digitalbusinessdeveloper.com\/jardinagem\/wp-content\/uploads\/2025\/06\/farming1-1-2-300x235.png 300w\" sizes=\"auto, (max-width: 512px) 100vw, 512px\" \/><\/figure><\/div>\n\n\n\n<div class=\"wp-block-tpgb-tp-image tpgb-image tpgb-block-7dff_82\"><figure class=\"tpgb-figure\"><img decoding=\"async\" width=\"272\" height=\"401\" src=\"https:\/\/digitalbusinessdeveloper.com\/jardinagem\/wp-content\/uploads\/2025\/06\/farming2-1-1.png\" alt=\"\" class=\"tpgb-img-inner wp-image-39\" loading=\"lazy\" srcset=\"https:\/\/digitalbusinessdeveloper.com\/jardinagem\/wp-content\/uploads\/2025\/06\/farming2-1-1.png 272w, https:\/\/digitalbusinessdeveloper.com\/jardinagem\/wp-content\/uploads\/2025\/06\/farming2-1-1-203x300.png 203w\" sizes=\"auto, (max-width: 272px) 100vw, 272px\" \/><\/figure><\/div>\n\n\n\n<div class=\"wp-block-tpgb-tp-image tpgb-image tpgb-block-88d0_82\"><figure class=\"tpgb-figure\"><img decoding=\"async\" width=\"272\" height=\"401\" src=\"https:\/\/digitalbusinessdeveloper.com\/jardinagem\/wp-content\/uploads\/2025\/06\/farming3-1-1.png\" alt=\"\" class=\"tpgb-img-inner wp-image-48\" loading=\"lazy\" srcset=\"https:\/\/digitalbusinessdeveloper.com\/jardinagem\/wp-content\/uploads\/2025\/06\/farming3-1-1.png 272w, https:\/\/digitalbusinessdeveloper.com\/jardinagem\/wp-content\/uploads\/2025\/06\/farming3-1-1-203x300.png 203w\" sizes=\"auto, (max-width: 272px) 100vw, 272px\" \/><\/figure><\/div>\n\n<\/div><\/div>\n\n<div  class=\"tpgb-container-row tpgb-block-1f30_82    alignwide  tpgb-container-inline  tpgb-container-wide \" data-id=\"1f30_82 \"   ><div class=\"tpgb-cont-in\">\n\n<div class=\"wp-block-tpgb-tp-image tpgb-image tpgb-block-5043_82\"><figure class=\"tpgb-figure\"><img decoding=\"async\" width=\"272\" height=\"401\" src=\"https:\/\/digitalbusinessdeveloper.com\/jardinagem\/wp-content\/uploads\/2025\/06\/farming4-1-2.png\" alt=\"\" class=\"tpgb-img-inner wp-image-61\" loading=\"lazy\" srcset=\"https:\/\/digitalbusinessdeveloper.com\/jardinagem\/wp-content\/uploads\/2025\/06\/farming4-1-2.png 272w, https:\/\/digitalbusinessdeveloper.com\/jardinagem\/wp-content\/uploads\/2025\/06\/farming4-1-2-203x300.png 203w\" sizes=\"auto, (max-width: 272px) 100vw, 272px\" \/><\/figure><\/div>\n\n\n\n<div class=\"wp-block-tpgb-tp-image tpgb-image tpgb-block-4f38_82\"><figure class=\"tpgb-figure\"><img decoding=\"async\" width=\"272\" height=\"401\" src=\"https:\/\/digitalbusinessdeveloper.com\/jardinagem\/wp-content\/uploads\/2025\/06\/farming5-1-2.png\" alt=\"\" class=\"tpgb-img-inner wp-image-67\" loading=\"lazy\" srcset=\"https:\/\/digitalbusinessdeveloper.com\/jardinagem\/wp-content\/uploads\/2025\/06\/farming5-1-2.png 272w, https:\/\/digitalbusinessdeveloper.com\/jardinagem\/wp-content\/uploads\/2025\/06\/farming5-1-2-203x300.png 203w\" sizes=\"auto, (max-width: 272px) 100vw, 272px\" \/><\/figure><\/div>\n\n\n\n<div class=\"wp-block-tpgb-tp-image tpgb-image tpgb-block-bd3d_82\"><figure class=\"tpgb-figure\"><img decoding=\"async\" width=\"512\" height=\"401\" src=\"https:\/\/digitalbusinessdeveloper.com\/jardinagem\/wp-content\/uploads\/2025\/06\/farming6-1-2.png\" alt=\"\" class=\"tpgb-img-inner wp-image-76\" loading=\"lazy\" srcset=\"https:\/\/digitalbusinessdeveloper.com\/jardinagem\/wp-content\/uploads\/2025\/06\/farming6-1-2.png 512w, https:\/\/digitalbusinessdeveloper.com\/jardinagem\/wp-content\/uploads\/2025\/06\/farming6-1-2-300x235.png 300w\" sizes=\"auto, (max-width: 512px) 100vw, 512px\" \/><\/figure><\/div>\n\n<\/div><\/div>\n<\/div><\/div>\n\n<div  class=\"tpgb-container-row tpgb-block-d431_82    alignwide  tpgb-container-inline  tpgb-container-wide \" data-id=\"d431_82 \"   ><div class=\"tpgb-cont-in\">\n<div  class=\"tpgb-container-row tpgb-block-57c5_82    alignwide  tpgb-container-inline  tpgb-container-wide \" data-id=\"57c5_82 \"   ><div class=\"tpgb-cont-in\">\n\n<h4 class=\"wp-block-tpgb-tp-heading tp-core-heading tpgb-block-1b0e_82\">Agricultura<\/h4>\n\n\n\n<hr class=\"wp-block-separator has-alpha-channel-opacity is-style-wide\"\/>\n\n\n\n<h4 class=\"wp-block-tpgb-tp-heading tp-core-heading tpgb-block-6ba0_82\">Contato<\/h4>\n\n<\/div><\/div>\n\n\n<div class=\"tpgb-wrap-3cfb_82  tpgb-view-animation tpgb-anim-dur-normal\" data-animationsetting=\"{&quot;anime&quot;:{&quot;md&quot;:&quot;fadeIn&quot;}}\"><h2 class=\"wp-block-tpgb-tp-heading tp-core-heading tpgb-block-3cfb_82\">O Futuro da Agricultura Come\u00e7a Aqui<\/h2><\/div>\n\n\n<div  class=\"tpgb-container-row tpgb-block-8283_82    alignwide  tpgb-container-inline  tpgb-container-wide \" data-id=\"8283_82 \"   ><div class=\"tpgb-cont-in\">\n<div class=\"tpgb-infobox tpgb-relative-block tpgb-trans-linear tpgb-block-7065_82  info-box-style-3 \" ><div class=\"post-inner-loop \"><div class=\"info-box-inner tpgb-trans-linear tpgb_cnt_hvr_effect tpgb-relative-block tp-info-nc cnt_hvr_\"><div class=\"info-box-bg-box tpgb-trans-linear \"><div class=\"text-alignment\"><div class=\"style-3\"><div class=\"info-icon-content\"><div class=\"service-icon-wrap tpgb-trans-linear\"><span class=\"service-icon tpgb-trans-linear  icon-rounded\"><i class=\"far fa-map\"><\/i><\/span><\/div><\/div><div class=\"service-title tpgb-trans-linear\">Localiza\u00e7\u00e3o do Escrit\u00f3rio<\/div><div class=\"service-desc tpgb-trans-linear\">3136 Lockhart Drive Barrie, ON L4M USA-1435<\/div><\/div><\/div><\/div><div class=\"infobox-overlay-color tpgb-trans-linear\"><\/div><\/div><\/div><\/div>\n\n<div class=\"tpgb-infobox tpgb-relative-block tpgb-trans-linear tpgb-block-cd9e_82  info-box-style-3 \" ><div class=\"post-inner-loop \"><div class=\"info-box-inner tpgb-trans-linear tpgb_cnt_hvr_effect tpgb-relative-block tp-info-nc cnt_hvr_\"><div class=\"info-box-bg-box tpgb-trans-linear \"><div class=\"text-alignment\"><div class=\"style-3\"><div class=\"info-icon-content\"><div class=\"service-icon-wrap tpgb-trans-linear\"><span class=\"service-icon tpgb-trans-linear  icon-rounded\"><i class=\"fas fa-phone-alt\"><\/i><\/span><\/div><\/div><a href=\"tel:%20800-525-54-589\" class=\"service-title tpgb-trans-linear\"   >Detalhes de Contato<\/a><div class=\"service-desc tpgb-trans-linear\"> +1 800-525-54-589\u2028<br>+1 300-223-23-752<\/div><\/div><\/div><\/div><div class=\"infobox-overlay-color tpgb-trans-linear\"><\/div><\/div><\/div><\/div>\n\n<div class=\"tpgb-infobox tpgb-relative-block tpgb-trans-linear tpgb-block-7140_82  info-box-style-3 \" ><div class=\"post-inner-loop \"><div class=\"info-box-inner tpgb-trans-linear tpgb_cnt_hvr_effect tpgb-relative-block tp-info-nc cnt_hvr_\"><div class=\"info-box-bg-box tpgb-trans-linear \"><div class=\"text-alignment\"><div class=\"style-3\"><div class=\"info-icon-content\"><div class=\"service-icon-wrap tpgb-trans-linear\"><span class=\"service-icon tpgb-trans-linear  icon-rounded\"><i class=\"fas fa-mail-bulk\"><\/i><\/span><\/div><\/div><a href=\"mailto:Support@Agricraft.com\" class=\"service-title tpgb-trans-linear\"   >Localiza\u00e7\u00e3o do Escrit\u00f3rio<\/a><div class=\"service-desc tpgb-trans-linear\">3136 Lockhart Drive Barrie, ON L4M USA-1435<\/div><\/div><\/div><\/div><div class=\"infobox-overlay-color tpgb-trans-linear\"><\/div><\/div><\/div><\/div>\n<\/div><\/div>\n<\/div><\/div>\n\n<div  class=\"tpgb-container-row tpgb-block-e20f_82    alignwide  tpgb-container-inline  tpgb-container-wide \" data-id=\"e20f_82 \"   ><div class=\"tpgb-cont-in\">\n<div  class=\"tpgb-container-row tpgb-block-343d_82    alignwide  tpgb-container-inline  tpgb-container-wide \" data-id=\"343d_82 \"   ><div class=\"tpgb-cont-in\">\n\n<h4 class=\"wp-block-tpgb-tp-heading tp-core-heading tpgb-block-dfe7_82\">Agricultura<\/h4>\n\n\n\n<hr class=\"wp-block-separator has-alpha-channel-opacity is-style-wide\"\/>\n\n\n\n<h4 class=\"wp-block-tpgb-tp-heading tp-core-heading tpgb-block-6474_82\">Depoimento<\/h4>\n\n<\/div><\/div>\n\n\n<div class=\"tpgb-wrap-e886_82  tpgb-view-animation tpgb-anim-dur-normal\" data-animationsetting=\"{&quot;anime&quot;:{&quot;md&quot;:&quot;fadeInLeft&quot;}}\"><h2 class=\"wp-block-tpgb-tp-heading tp-core-heading tpgb-block-e886_82\">Leia Depoimentos Reais de Agricultores que Confiam em Nossos Servi\u00e7os<\/h2><\/div>\n\n\n<div  class=\"tpgb-wrap-1173_82  tpgb-wrap-fw \"  ><div class=\"tpgb-testimonials tpgb-relative-block testimonial-style-2  tpgb-block-1173_82   tpgb-isotope \"  data-layout=\"grid\" data-id=\"1173_82\"  ><div class=\"post-loop-inner tpgb-row\"><div class=\"grid-item  tpgb-col tpgb-col-lg-4 tpgb-col-md-6 tpgb-col-sm-12 tpgb-col-12 tp-repeater-item-ed0w\" ><div class=\"testimonial-list-content\" ><div class=\"testimonial-content-text\"><div class=\"entry-content scroll-on-hover\">\u201cA AgriCraft realmente transformou as opera\u00e7\u00f5es da nossa fazenda. Suas solu\u00e7\u00f5es de manejo de culturas n\u00e3o s\u00f3 aumentaram nossa produtividade, mas tamb\u00e9m melhoraram a sa\u00fade do solo. N\u00e3o poder\u00edamos estar mais satisfeitos com o suporte deles.\u201d<\/div><\/div><div class=\"post-content-image\"><div class=\"author-thumb\"><img loading=\"lazy\" decoding=\"async\" width=\"54\" height=\"55\" src=\"https:\/\/digitalbusinessdeveloper.com\/jardinagem\/wp-content\/uploads\/2025\/06\/Sarah-Thompson.png\" class=\"attachment-medium size-medium\" alt=\"Sarah Thompson\" srcset=\"https:\/\/digitalbusinessdeveloper.com\/jardinagem\/wp-content\/uploads\/2025\/06\/Sarah-Thompson.png 54w, https:\/\/digitalbusinessdeveloper.com\/jardinagem\/wp-content\/uploads\/2025\/06\/Sarah-Thompson-150x150.png 150w, https:\/\/digitalbusinessdeveloper.com\/jardinagem\/wp-content\/uploads\/2025\/06\/Sarah-Thompson-700x700.png 700w\" sizes=\"auto, (max-width: 54px) 100vw, 54px\" \/><\/div><div class=\"testi-post-title\">Sarah Thompson<\/div><div class=\"testi-post-designation\">Propriet\u00e1rio de Fazenda Org\u00e2nica<\/div><\/div><\/div><\/div><div class=\"grid-item  tpgb-col tpgb-col-lg-4 tpgb-col-md-6 tpgb-col-sm-12 tpgb-col-12 tp-repeater-item-x0ib\" ><div class=\"testimonial-list-content\" ><div class=\"testimonial-content-text\"><div class=\"entry-content scroll-on-hover\">\u201cCom as pr\u00e1ticas sustent\u00e1veis da AgriCraft, reduzimos drasticamente o desperd\u00edcio de \u00e1gua e vimos melhorias significativas na qualidade das culturas. A equipe deles \u00e9 dedicada e conhecedora \u2014 recomendamos muito!\u201d<\/div><\/div><div class=\"post-content-image\"><div class=\"author-thumb\"><img loading=\"lazy\" decoding=\"async\" width=\"54\" height=\"55\" src=\"https:\/\/digitalbusinessdeveloper.com\/jardinagem\/wp-content\/uploads\/2025\/06\/Rajiv-Patel.png\" class=\"attachment-medium size-medium\" alt=\"Rajiv Patel\" srcset=\"https:\/\/digitalbusinessdeveloper.com\/jardinagem\/wp-content\/uploads\/2025\/06\/Rajiv-Patel.png 54w, https:\/\/digitalbusinessdeveloper.com\/jardinagem\/wp-content\/uploads\/2025\/06\/Rajiv-Patel-150x150.png 150w, https:\/\/digitalbusinessdeveloper.com\/jardinagem\/wp-content\/uploads\/2025\/06\/Rajiv-Patel-700x700.png 700w\" sizes=\"auto, (max-width: 54px) 100vw, 54px\" \/><\/div><div class=\"testi-post-title\">Rajiv Patel<\/div><div class=\"testi-post-designation\">Consultor de Agricultura Sustent\u00e1vel<\/div><\/div><\/div><\/div><div class=\"grid-item  tpgb-col tpgb-col-lg-4 tpgb-col-md-6 tpgb-col-sm-12 tpgb-col-12 tp-repeater-item-sy5q\" ><div class=\"testimonial-list-content\" ><div class=\"testimonial-content-text\"><div class=\"entry-content scroll-on-hover\">\u201cIntegrar a tecnologia da AgriCraft tornou a agricultura mais eficiente e orientada por dados. As ferramentas de precis\u00e3o deles nos ajudaram a tomar decis\u00f5es informadas que aumentam a produtividade. Tem sido uma experi\u00eancia incr\u00edvel!\u201d<\/div><\/div><div class=\"post-content-image\"><div class=\"author-thumb\"><img loading=\"lazy\" decoding=\"async\" width=\"54\" height=\"55\" src=\"https:\/\/digitalbusinessdeveloper.com\/jardinagem\/wp-content\/uploads\/2025\/06\/Emily-Chen-1.png\" class=\"attachment-medium size-medium\" alt=\"Emily Chen\" srcset=\"https:\/\/digitalbusinessdeveloper.com\/jardinagem\/wp-content\/uploads\/2025\/06\/Emily-Chen-1.png 54w, https:\/\/digitalbusinessdeveloper.com\/jardinagem\/wp-content\/uploads\/2025\/06\/Emily-Chen-1-150x150.png 150w, https:\/\/digitalbusinessdeveloper.com\/jardinagem\/wp-content\/uploads\/2025\/06\/Emily-Chen-1-700x700.png 700w\" sizes=\"auto, (max-width: 54px) 100vw, 54px\" \/><\/div><div class=\"testi-post-title\">Emily Chen<\/div><div class=\"testi-post-designation\">Gerente de Opera\u00e7\u00f5es Agr\u00edcolas<\/div><\/div><\/div><\/div><\/div><\/div><\/div>\n<\/div><\/div>","protected":false},"excerpt":{"rendered":"","protected":false},"author":1,"featured_media":0,"parent":0,"menu_order":0,"comment_status":"closed","ping_status":"closed","template":"","meta":{"tpgb_global_settings":"","footnotes":""},"class_list":["post-82","page","type-page","status-publish","hentry"],"tpgb_featured_images":null,"tpgb_post_meta_info":{"get_date":"20 de junho de 2025","get_modified_date":"29 de junho de 2025","author_name":"Jardinagem","author_url":"https:\/\/digitalbusinessdeveloper.com\/jardinagem\/author\/miron8547\/","author_email":"one.business.bom@gmail.com","author_website":"https:\/\/digitalbusinessdeveloper.com\/jardinagem","author_description":"","author_facebook":"","author_twitter":"","author_instagram":"","author_role":["administrator"],"author_firstname":"","author_lastname":"","user_login":"Miron8547@","author_avatar":"<img alt='' src='https:\/\/secure.gravatar.com\/avatar\/5924486c3e144a515ef457360cd44db83137ba2cf95df35d5b293beccc0fee9d?s=200&#038;d=mm&#038;r=g' srcset='https:\/\/secure.gravatar.com\/avatar\/5924486c3e144a515ef457360cd44db83137ba2cf95df35d5b293beccc0fee9d?s=400&#038;d=mm&#038;r=g 2x' class='avatar avatar-200 photo' height='200' width='200' loading='lazy' decoding='async'\/>","author_avatar_url":"https:\/\/secure.gravatar.com\/avatar\/5924486c3e144a515ef457360cd44db83137ba2cf95df35d5b293beccc0fee9d?s=96&d=mm&r=g","comment_count":0,"post_likes":0,"post_views":0},"tpgb_post_category":[],"_links":{"self":[{"href":"https:\/\/digitalbusinessdeveloper.com\/jardinagem\/wp-json\/wp\/v2\/pages\/82","targetHints":{"allow":["GET"]}}],"collection":[{"href":"https:\/\/digitalbusinessdeveloper.com\/jardinagem\/wp-json\/wp\/v2\/pages"}],"about":[{"href":"https:\/\/digitalbusinessdeveloper.com\/jardinagem\/wp-json\/wp\/v2\/types\/page"}],"author":[{"embeddable":true,"href":"https:\/\/digitalbusinessdeveloper.com\/jardinagem\/wp-json\/wp\/v2\/users\/1"}],"replies":[{"embeddable":true,"href":"https:\/\/digitalbusinessdeveloper.com\/jardinagem\/wp-json\/wp\/v2\/comments?post=82"}],"version-history":[{"count":24,"href":"https:\/\/digitalbusinessdeveloper.com\/jardinagem\/wp-json\/wp\/v2\/pages\/82\/revisions"}],"predecessor-version":[{"id":245,"href":"https:\/\/digitalbusinessdeveloper.com\/jardinagem\/wp-json\/wp\/v2\/pages\/82\/revisions\/245"}],"wp:attachment":[{"href":"https:\/\/digitalbusinessdeveloper.com\/jardinagem\/wp-json\/wp\/v2\/media?parent=82"}],"curies":[{"name":"wp","href":"https:\/\/api.w.org\/{rel}","templated":true}]}}