{"id":77,"date":"2025-06-20T00:30:16","date_gmt":"2025-06-20T00:30:16","guid":{"rendered":"https:\/\/digitalbusinessdeveloper.com\/jardinagem\/service-details-agricraft\/"},"modified":"2025-06-29T19:17:07","modified_gmt":"2025-06-29T19:17:07","slug":"servico-cropcare","status":"publish","type":"page","link":"https:\/\/digitalbusinessdeveloper.com\/jardinagem\/servico-cropcare\/","title":{"rendered":"Servi\u00e7o CropCare"},"content":{"rendered":"<div  class=\"tpgb-container-row tpgb-block-7dec_77    alignwide  tpgb-container-inline  tpgb-container-wide \" data-id=\"7dec_77 \"   ><div class=\"tpgb-cont-in\">\n<div class=\"tp-breadcrumbs tpgb-block-a2cc_77 \"><div class=\"pt_plus_breadcrumbs_bar \"><div class=\"pt_plus_breadcrumbs_bar_inner bred_style_1\"><nav id=\"breadcrumbs\"><span class=\"bc_home\"><a class=\"home_bread_tab\" href=\"https:\/\/digitalbusinessdeveloper.com\/jardinagem\/\"  >Home<i class=\" fas fa-angle-right bread-sep-icon\" ><\/i><\/a><\/span> <span class=\"del\"><\/span> <span class=\"current_active\"><div class=\"current_tab_sec\">P\u00e1gina<\/div><\/span><\/nav><\/div><\/div><\/div>\n\n\n<div class=\"tpgb-wrap-5bd2_77  tpgb-view-animation tpgb-anim-dur-normal\" data-animationsetting=\"{&quot;anime&quot;:{&quot;md&quot;:&quot;fadeIn&quot;}}\"><h1 class=\"wp-block-tpgb-tp-heading tp-core-heading tpgb-block-5bd2_77\">Servi\u00e7o CropCare<\/h1><\/div>\n\n<\/div><\/div>\n\n<div  class=\"tpgb-container-row tpgb-block-f899_77    alignwide  tpgb-container-inline  tpgb-container-wide \" data-id=\"f899_77 \"   ><div class=\"tpgb-cont-in\">\n\n<div class=\"wp-block-tpgb-tp-image tpgb-image tpgb-block-d27f_77\"><figure class=\"tpgb-figure\"><img decoding=\"async\" width=\"1060\" height=\"443\" src=\"https:\/\/digitalbusinessdeveloper.com\/jardinagem\/wp-content\/uploads\/2025\/06\/Accordian-image-1.png\" alt=\"\" class=\"tpgb-img-inner wp-image-84\" loading=\"lazy\" srcset=\"https:\/\/digitalbusinessdeveloper.com\/jardinagem\/wp-content\/uploads\/2025\/06\/Accordian-image-1.png 1060w, https:\/\/digitalbusinessdeveloper.com\/jardinagem\/wp-content\/uploads\/2025\/06\/Accordian-image-1-300x125.png 300w, https:\/\/digitalbusinessdeveloper.com\/jardinagem\/wp-content\/uploads\/2025\/06\/Accordian-image-1-1024x428.png 1024w, https:\/\/digitalbusinessdeveloper.com\/jardinagem\/wp-content\/uploads\/2025\/06\/Accordian-image-1-768x321.png 768w\" sizes=\"auto, (max-width: 1060px) 100vw, 1060px\" \/><\/figure><\/div>\n\n\n\n<div class=\"tpgb-wrap-2c1e_77  tpgb-view-animation tpgb-anim-dur-normal\" data-animationsetting=\"{&quot;anime&quot;:{&quot;md&quot;:&quot;fadeInLeft&quot;}}\"><div class=\"tpgb-pro-paragraph tpgb-block-2c1e_77\"><h2 class=\"pro-heading-inner\">CropCare<\/h2><div class=\"pro-paragraph-inner\"><p>Nosso servi\u00e7o CropCare foca na otimiza\u00e7\u00e3o da produtividade das culturas por meio do manejo eficaz de pragas, irriga\u00e7\u00e3o e sa\u00fade do solo. Oferecemos solu\u00e7\u00f5es personalizadas para garantir que suas planta\u00e7\u00f5es prosperem e apresentem os melhores resultados durante toda a temporada de cultivo.<\/p><\/div><\/div><\/div>\n\n\n<div  class=\"tpgb-container-row tpgb-block-1623_77    alignwide  tpgb-container-inline  tpgb-container-wide \" data-id=\"1623_77 \"   ><div class=\"tpgb-cont-in\">\n\n<h3 class=\"wp-block-tpgb-tp-heading tp-core-heading tpgb-block-7968_77\">Vis\u00e3o Geral do Servi\u00e7o CropCare<\/h3>\n\n\n\n<h4 class=\"wp-block-tpgb-tp-heading tp-core-heading tpgb-block-fc91_77\">1. Manejo de Pragas e Doen\u00e7as<\/h4>\n\n\n<div class=\"tpgb-stylist-list tpgb-relative-block tpgb-block-cf67_77  align-left  \" ><div class=\"tpgb-icon-list-items d-flex-center\"><div id=\"tooltip69ecdf589358c\" class=\"tpgb-icon-list-item tp-repeater-item-npnd active\"  ><div class=\"tpgb-icon-list-icon\"><i class=\"list-icon fas fa-circle\" aria-hidden=\"true\"><\/i><\/div><div class=\"tpgb-icon-list-text\"><p>Manejo Integrado de Pragas (MIP): Combina m\u00e9todos biol\u00f3gicos, culturais e qu\u00edmicos para o controle de pragas.<\/p><\/div><\/div><div id=\"tooltip69ecdf5893599\" class=\"tpgb-icon-list-item tp-repeater-item-wthp \"  ><div class=\"tpgb-icon-list-icon\"><i class=\"list-icon fas fa-circle\" aria-hidden=\"true\"><\/i><\/div><div class=\"tpgb-icon-list-text\"><p>Aplica\u00e7\u00e3o de pesticidas: pulveriza\u00e7\u00e3o de fungicidas, herbicidas e inseticidas para controle de pragas e doen\u00e7as.<\/p><\/div><\/div><div id=\"tooltip69ecdf58935a1\" class=\"tpgb-icon-list-item tp-repeater-item-0 \"  ><div class=\"tpgb-icon-list-icon\"><i class=\"list-icon fas fa-circle\" aria-hidden=\"true\"><\/i><\/div><div class=\"tpgb-icon-list-text\"><p>Monitoramento de doen\u00e7as: detec\u00e7\u00e3o precoce e tratamento de doen\u00e7as das plantas para prevenir perdas na colheita.<\/p><\/div><\/div><\/div><\/div>\n\n\n<h4 class=\"wp-block-tpgb-tp-heading tp-core-heading tpgb-block-13b2_77\">2. Sa\u00fade do Solo<\/h4>\n\n\n<div class=\"tpgb-stylist-list tpgb-relative-block tpgb-block-4ca4_77  align-left  \" ><div class=\"tpgb-icon-list-items d-flex-center\"><div id=\"tooltip69ecdf5893678\" class=\"tpgb-icon-list-item tp-repeater-item-npnd active\"  ><div class=\"tpgb-icon-list-icon\"><i class=\"list-icon fas fa-circle\" aria-hidden=\"true\"><\/i><\/div><div class=\"tpgb-icon-list-text\"><p>An\u00e1lise do solo: Avalia\u00e7\u00e3o das condi\u00e7\u00f5es do solo e dos n\u00edveis de nutrientes.<\/p><\/div><\/div><div id=\"tooltip69ecdf5893680\" class=\"tpgb-icon-list-item tp-repeater-item-wthp \"  ><div class=\"tpgb-icon-list-icon\"><i class=\"list-icon fas fa-circle\" aria-hidden=\"true\"><\/i><\/div><div class=\"tpgb-icon-list-text\"><p>Planos de fertiliza\u00e7\u00e3o: Programas personalizados de fertilizantes para nutri\u00e7\u00e3o ideal das culturas.<\/p><\/div><\/div><div id=\"tooltip69ecdf5893686\" class=\"tpgb-icon-list-item tp-repeater-item-0 \"  ><div class=\"tpgb-icon-list-icon\"><i class=\"list-icon fas fa-circle\" aria-hidden=\"true\"><\/i><\/div><div class=\"tpgb-icon-list-text\"><p>Corre\u00e7\u00e3o do solo: Melhorando a estrutura do solo e a reten\u00e7\u00e3o de nutrientes.<\/p><\/div><\/div><\/div><\/div>\n\n\n<h4 class=\"wp-block-tpgb-tp-heading tp-core-heading tpgb-block-a3c9_77\">3. Controle de Plantas Daninhas<\/h4>\n\n\n<div class=\"tpgb-stylist-list tpgb-relative-block tpgb-block-44c2_77  align-left  \" ><div class=\"tpgb-icon-list-items d-flex-center\"><div id=\"tooltip69ecdf589371d\" class=\"tpgb-icon-list-item tp-repeater-item-npnd active\"  ><div class=\"tpgb-icon-list-icon\"><i class=\"list-icon fas fa-circle\" aria-hidden=\"true\"><\/i><\/div><div class=\"tpgb-icon-list-text\"><p>Aplica\u00e7\u00e3o de herbicidas: pulveriza\u00e7\u00e3o direcionada para controle de plantas daninhas.<\/p><\/div><\/div><div id=\"tooltip69ecdf5893724\" class=\"tpgb-icon-list-item tp-repeater-item-wthp \"  ><div class=\"tpgb-icon-list-icon\"><i class=\"list-icon fas fa-circle\" aria-hidden=\"true\"><\/i><\/div><div class=\"tpgb-icon-list-text\"><p>Remo\u00e7\u00e3o mec\u00e2nica de plantas daninhas: uso de equipamentos para eliminar fisicamente as plantas daninhas.<\/p><\/div><\/div><div id=\"tooltip69ecdf5893729\" class=\"tpgb-icon-list-item tp-repeater-item-0 \"  ><div class=\"tpgb-icon-list-icon\"><i class=\"list-icon fas fa-circle\" aria-hidden=\"true\"><\/i><\/div><div class=\"tpgb-icon-list-text\"><p>M\u00e9todos culturais: rota\u00e7\u00e3o de culturas e plantas de cobertura para suprimir plantas daninhas.<\/p><\/div><\/div><\/div><\/div>\n\n\n<h4 class=\"wp-block-tpgb-tp-heading tp-core-heading tpgb-block-c296_77\">4. Nutri\u00e7\u00e3o das Culturas<\/h4>\n\n\n<div class=\"tpgb-stylist-list tpgb-relative-block tpgb-block-6cd4_77  align-left  \" ><div class=\"tpgb-icon-list-items d-flex-center\"><div id=\"tooltip69ecdf58937bb\" class=\"tpgb-icon-list-item tp-repeater-item-npnd active\"  ><div class=\"tpgb-icon-list-icon\"><i class=\"list-icon fas fa-circle\" aria-hidden=\"true\"><\/i><\/div><div class=\"tpgb-icon-list-text\"><p>Misturas personalizadas de fertilizantes: fertilizantes adaptados para atender \u00e0s necessidades espec\u00edficas das culturas.<\/p><\/div><\/div><div id=\"tooltip69ecdf58937c2\" class=\"tpgb-icon-list-item tp-repeater-item-wthp \"  ><div class=\"tpgb-icon-list-icon\"><i class=\"list-icon fas fa-circle\" aria-hidden=\"true\"><\/i><\/div><div class=\"tpgb-icon-list-text\"><p>Aduba\u00e7\u00e3o foliar: aplica\u00e7\u00e3o de nutrientes diretamente nas folhas das plantas para r\u00e1pida absor\u00e7\u00e3o.<\/p><\/div><\/div><\/div><\/div>\n\n\n<h4 class=\"wp-block-tpgb-tp-heading tp-core-heading tpgb-block-b044_77\">5. Solu\u00e7\u00f5es P\u00f3s-Colheita<\/h4>\n\n\n<div class=\"tpgb-stylist-list tpgb-relative-block tpgb-block-de82_77  align-left  \" ><div class=\"tpgb-icon-list-items d-flex-center\"><div id=\"tooltip69ecdf589384f\" class=\"tpgb-icon-list-item tp-repeater-item-npnd active\"  ><div class=\"tpgb-icon-list-icon\"><i class=\"list-icon fas fa-circle\" aria-hidden=\"true\"><\/i><\/div><div class=\"tpgb-icon-list-text\"><p>Prote\u00e7\u00e3o durante o armazenamento: preven\u00e7\u00e3o de deteriora\u00e7\u00e3o e infesta\u00e7\u00e3o de pragas durante o armazenamento.<\/p><\/div><\/div><div id=\"tooltip69ecdf5893856\" class=\"tpgb-icon-list-item tp-repeater-item-wthp \"  ><div class=\"tpgb-icon-list-icon\"><i class=\"list-icon fas fa-circle\" aria-hidden=\"true\"><\/i><\/div><div class=\"tpgb-icon-list-text\"><p>Diretrizes de transporte: pr\u00e1ticas seguras para o manuseio das culturas colhidas.<\/p><\/div><\/div><\/div><\/div>\n<\/div><\/div>\n\n<div  class=\"tpgb-container-row tpgb-block-8a53_77    alignwide  tpgb-container-inline  tpgb-container-wide \" data-id=\"8a53_77 \"   ><div class=\"tpgb-cont-in\">\n<div class=\"tpgb-infobox tpgb-relative-block tpgb-trans-linear tpgb-block-d0d7_77  info-box-style-3 \" ><div class=\"post-inner-loop \"><div class=\"info-box-inner tpgb-trans-linear tpgb_cnt_hvr_effect tpgb-relative-block tp-info-nc cnt_hvr_\"><div class=\"info-box-bg-box tpgb-trans-linear \"><div class=\"text-alignment\"><div class=\"style-3\"><div class=\"info-icon-content\"><div class=\"service-icon-wrap tpgb-trans-linear\"><img loading=\"lazy\" decoding=\"async\" width=\"352\" height=\"151\" src=\"https:\/\/digitalbusinessdeveloper.com\/jardinagem\/wp-content\/uploads\/2025\/06\/image-6.png\" class=\"service-icon tpgb-trans-linear\" alt=\"Info Box\" srcset=\"https:\/\/digitalbusinessdeveloper.com\/jardinagem\/wp-content\/uploads\/2025\/06\/image-6.png 352w, https:\/\/digitalbusinessdeveloper.com\/jardinagem\/wp-content\/uploads\/2025\/06\/image-6-300x129.png 300w\" sizes=\"auto, (max-width: 352px) 100vw, 352px\" \/><\/div><\/div><div class=\"service-title tpgb-trans-linear\">Irriga\u00e7\u00e3o<\/div><p class=\"service-desc tpgb-trans-linear\">Projetamos sistemas de irriga\u00e7\u00e3o eficientes que minimizam o desperd\u00edcio de \u00e1gua e maximizam o crescimento das culturas. Nossas solu\u00e7\u00f5es ajudam a garantir que suas planta\u00e7\u00f5es recebam a quantidade certa de \u00e1gua, independentemente da esta\u00e7\u00e3o.<\/p><\/div><\/div><\/div><div class=\"infobox-overlay-color tpgb-trans-linear\"><\/div><\/div><\/div><\/div>\n\n<div class=\"tpgb-infobox tpgb-relative-block tpgb-trans-linear tpgb-block-c05e_77  info-box-style-3 \" ><div class=\"post-inner-loop \"><div class=\"info-box-inner tpgb-trans-linear tpgb_cnt_hvr_effect tpgb-relative-block tp-info-nc cnt_hvr_\"><div class=\"info-box-bg-box tpgb-trans-linear \"><div class=\"text-alignment\"><div class=\"style-3\"><div class=\"info-icon-content\"><div class=\"service-icon-wrap tpgb-trans-linear\"><img loading=\"lazy\" decoding=\"async\" width=\"356\" height=\"151\" src=\"https:\/\/digitalbusinessdeveloper.com\/jardinagem\/wp-content\/uploads\/2025\/06\/image-7.png\" class=\"service-icon tpgb-trans-linear\" alt=\"Info Box\" srcset=\"https:\/\/digitalbusinessdeveloper.com\/jardinagem\/wp-content\/uploads\/2025\/06\/image-7.png 356w, https:\/\/digitalbusinessdeveloper.com\/jardinagem\/wp-content\/uploads\/2025\/06\/image-7-300x127.png 300w\" sizes=\"auto, (max-width: 356px) 100vw, 356px\" \/><\/div><\/div><div class=\"service-title tpgb-trans-linear\">Consultoria<\/div><p class=\"service-desc tpgb-trans-linear\">Nossos servi\u00e7os de consultoria especializada oferecem aconselhamento personalizado sobre as melhores pr\u00e1ticas agr\u00edcolas. Orientamos voc\u00ea em cada etapa para melhorar a produtividade e a sustentabilidade da sua fazenda.<\/p><\/div><\/div><\/div><div class=\"infobox-overlay-color tpgb-trans-linear\"><\/div><\/div><\/div><\/div>\n\n<div class=\"tpgb-infobox tpgb-relative-block tpgb-trans-linear tpgb-block-eaf1_77  info-box-style-3 \" ><div class=\"post-inner-loop \"><div class=\"info-box-inner tpgb-trans-linear tpgb_cnt_hvr_effect tpgb-relative-block tp-info-nc cnt_hvr_\"><div class=\"info-box-bg-box tpgb-trans-linear \"><div class=\"text-alignment\"><div class=\"style-3\"><div class=\"info-icon-content\"><div class=\"service-icon-wrap tpgb-trans-linear\"><img loading=\"lazy\" decoding=\"async\" width=\"360\" height=\"151\" src=\"https:\/\/digitalbusinessdeveloper.com\/jardinagem\/wp-content\/uploads\/2025\/06\/image-8.png\" class=\"service-icon tpgb-trans-linear\" alt=\"Info Box\" srcset=\"https:\/\/digitalbusinessdeveloper.com\/jardinagem\/wp-content\/uploads\/2025\/06\/image-8.png 360w, https:\/\/digitalbusinessdeveloper.com\/jardinagem\/wp-content\/uploads\/2025\/06\/image-8-300x126.png 300w\" sizes=\"auto, (max-width: 360px) 100vw, 360px\" \/><\/div><\/div><div class=\"service-title tpgb-trans-linear\">Colheita<\/div><p class=\"service-desc tpgb-trans-linear\">Oferecemos solu\u00e7\u00f5es de colheita simplificadas que garantem o m\u00e1ximo rendimento e qualidade. Nossos m\u00e9todos eficientes ajudam voc\u00ea a colher as safras no momento ideal para obter os melhores resultados.<\/p><\/div><\/div><\/div><div class=\"infobox-overlay-color tpgb-trans-linear\"><\/div><\/div><\/div><\/div>\n<\/div><\/div>\n<\/div><\/div>\n\n<div  class=\"tpgb-container-row tpgb-block-25e8_77    alignwide  tpgb-container-inline  tpgb-container-wide \" data-id=\"25e8_77 \"   ><div class=\"tpgb-cont-in\">\n\n<div class=\"tpgb-wrap-d1f7_77  tpgb-view-animation tpgb-anim-dur-normal\" data-animationsetting=\"{&quot;anime&quot;:{&quot;md&quot;:&quot;fadeInLeft&quot;}}\"><h2 class=\"wp-block-tpgb-tp-heading tp-core-heading tpgb-block-d1f7_77\">Confiado por mais de 10.000 parceiros<\/h2><\/div>\n\n\n<div  class=\"tpgb-container-row tpgb-block-44ae_77    alignwide  tpgb-container-inline  tpgb-container-wide \" data-id=\"44ae_77 \"   ><div class=\"tpgb-cont-in\">\n\n<div class=\"wp-block-tpgb-tp-image tpgb-image tpgb-block-b602_77\"><figure class=\"tpgb-figure\"><img decoding=\"async\" width=\"153\" height=\"39\" src=\"https:\/\/digitalbusinessdeveloper.com\/jardinagem\/wp-content\/uploads\/2025\/06\/Logo.4-1.png\" alt=\"\" class=\"tpgb-img-inner wp-image-19\" loading=\"lazy\"\/><\/figure><\/div>\n\n\n\n<div class=\"wp-block-tpgb-tp-image tpgb-image tpgb-block-2991_77\"><figure class=\"tpgb-figure\"><img decoding=\"async\" width=\"218\" height=\"41\" src=\"https:\/\/digitalbusinessdeveloper.com\/jardinagem\/wp-content\/uploads\/2025\/06\/Logo.3-1.png\" alt=\"\" class=\"tpgb-img-inner wp-image-32\" loading=\"lazy\"\/><\/figure><\/div>\n\n\n\n<div class=\"wp-block-tpgb-tp-image tpgb-image tpgb-block-692b_77\"><figure class=\"tpgb-figure\"><img decoding=\"async\" width=\"220\" height=\"41\" src=\"https:\/\/digitalbusinessdeveloper.com\/jardinagem\/wp-content\/uploads\/2025\/06\/Logo.2.png\" alt=\"\" class=\"tpgb-img-inner wp-image-41\" loading=\"lazy\"\/><\/figure><\/div>\n\n\n\n<div class=\"wp-block-tpgb-tp-image tpgb-image tpgb-block-e7ec_77\"><figure class=\"tpgb-figure\"><img decoding=\"async\" width=\"187\" height=\"41\" src=\"https:\/\/digitalbusinessdeveloper.com\/jardinagem\/wp-content\/uploads\/2025\/06\/Logo.1-1.png\" alt=\"\" class=\"tpgb-img-inner wp-image-43\" loading=\"lazy\"\/><\/figure><\/div>\n\n<\/div><\/div>\n<\/div><\/div>\n\n<div  class=\"tpgb-container-row tpgb-block-d431_77    alignwide  tpgb-container-inline  tpgb-container-wide \" data-id=\"d431_77 \"   ><div class=\"tpgb-cont-in\">\n<div  class=\"tpgb-container-row tpgb-block-57c5_77    alignwide  tpgb-container-inline  tpgb-container-wide \" data-id=\"57c5_77 \"   ><div class=\"tpgb-cont-in\">\n\n<h4 class=\"wp-block-tpgb-tp-heading tp-core-heading tpgb-block-1b0e_77\">Agricultura<\/h4>\n\n\n\n<hr class=\"wp-block-separator has-alpha-channel-opacity is-style-wide\"\/>\n\n\n\n<h4 class=\"wp-block-tpgb-tp-heading tp-core-heading tpgb-block-6ba0_77\">Contato<\/h4>\n\n<\/div><\/div>\n\n\n<div class=\"tpgb-wrap-3cfb_77  tpgb-view-animation tpgb-anim-dur-normal\" data-animationsetting=\"{&quot;anime&quot;:{&quot;md&quot;:&quot;fadeInLeft&quot;}}\"><h2 class=\"wp-block-tpgb-tp-heading tp-core-heading tpgb-block-3cfb_77\">O futuro da agricultura come\u00e7a aqui<\/h2><\/div>\n\n\n<div  class=\"tpgb-container-row tpgb-block-8283_77    alignwide  tpgb-container-inline  tpgb-container-wide \" data-id=\"8283_77 \"   ><div class=\"tpgb-cont-in\">\n<div class=\"tpgb-infobox tpgb-relative-block tpgb-trans-linear tpgb-block-7065_77  info-box-style-3 \" ><div class=\"post-inner-loop \"><div class=\"info-box-inner tpgb-trans-linear tpgb_cnt_hvr_effect tpgb-relative-block tp-info-nc cnt_hvr_\"><div class=\"info-box-bg-box tpgb-trans-linear \"><div class=\"text-alignment\"><div class=\"style-3\"><div class=\"info-icon-content\"><div class=\"service-icon-wrap tpgb-trans-linear\"><span class=\"service-icon tpgb-trans-linear  icon-rounded\"><i class=\"far fa-map\"><\/i><\/span><\/div><\/div><div class=\"service-title tpgb-trans-linear\">Localiza\u00e7\u00e3o do Escrit\u00f3rio<\/div><div class=\"service-desc tpgb-trans-linear\">3136 Lockhart Drive Barrie, ON L4M USA-1435<\/div><\/div><\/div><\/div><div class=\"infobox-overlay-color tpgb-trans-linear\"><\/div><\/div><\/div><\/div>\n\n<div class=\"tpgb-infobox tpgb-relative-block tpgb-trans-linear tpgb-block-cd9e_77  info-box-style-3 \" ><div class=\"post-inner-loop \"><div class=\"info-box-inner tpgb-trans-linear tpgb_cnt_hvr_effect tpgb-relative-block tp-info-nc cnt_hvr_\"><div class=\"info-box-bg-box tpgb-trans-linear \"><div class=\"text-alignment\"><div class=\"style-3\"><div class=\"info-icon-content\"><div class=\"service-icon-wrap tpgb-trans-linear\"><span class=\"service-icon tpgb-trans-linear  icon-rounded\"><i class=\"fas fa-phone-alt\"><\/i><\/span><\/div><\/div><a href=\"tel:%20800-525-54-589\" class=\"service-title tpgb-trans-linear\"   >Detalhes para Contato<\/a><div class=\"service-desc tpgb-trans-linear\"> +1 800-525-54-589\u2028<br>+1 300-223-23-752<\/div><\/div><\/div><\/div><div class=\"infobox-overlay-color tpgb-trans-linear\"><\/div><\/div><\/div><\/div>\n\n<div class=\"tpgb-infobox tpgb-relative-block tpgb-trans-linear tpgb-block-7140_77  info-box-style-3 \" ><div class=\"post-inner-loop \"><div class=\"info-box-inner tpgb-trans-linear tpgb_cnt_hvr_effect tpgb-relative-block tp-info-nc cnt_hvr_\"><div class=\"info-box-bg-box tpgb-trans-linear \"><div class=\"text-alignment\"><div class=\"style-3\"><div class=\"info-icon-content\"><div class=\"service-icon-wrap tpgb-trans-linear\"><span class=\"service-icon tpgb-trans-linear  icon-rounded\"><i class=\"fas fa-mail-bulk\"><\/i><\/span><\/div><\/div><a href=\"mailto:Support@Agricraft.com\" class=\"service-title tpgb-trans-linear\"   >Envie-nos um e-mail<\/a><div class=\"service-desc tpgb-trans-linear\">info@gracesalon.com<br>\u2028info@beauty.com<\/div><\/div><\/div><\/div><div class=\"infobox-overlay-color tpgb-trans-linear\"><\/div><\/div><\/div><\/div>\n<\/div><\/div>\n<\/div><\/div>\n\n<div  class=\"tpgb-container-row tpgb-block-e20f_77    alignwide  tpgb-container-inline  tpgb-container-wide \" data-id=\"e20f_77 \"   ><div class=\"tpgb-cont-in\">\n<div  class=\"tpgb-container-row tpgb-block-343d_77    alignwide  tpgb-container-inline  tpgb-container-wide \" data-id=\"343d_77 \"   ><div class=\"tpgb-cont-in\">\n\n<h4 class=\"wp-block-tpgb-tp-heading tp-core-heading tpgb-block-dfe7_77\">Agricultura<\/h4>\n\n\n\n<hr class=\"wp-block-separator has-alpha-channel-opacity is-style-wide\"\/>\n\n\n\n<h4 class=\"wp-block-tpgb-tp-heading tp-core-heading tpgb-block-6474_77\">Depoimento<\/h4>\n\n<\/div><\/div>\n\n\n<div class=\"tpgb-wrap-e886_77  tpgb-view-animation tpgb-anim-dur-normal\" data-animationsetting=\"{&quot;anime&quot;:{&quot;md&quot;:&quot;fadeInLeft&quot;}}\"><h2 class=\"wp-block-tpgb-tp-heading tp-core-heading tpgb-block-e886_77\">Leia depoimentos reais de agricultores que confiam em nossos servi\u00e7os<\/h2><\/div>\n\n\n<div  class=\"tpgb-wrap-1173_77  tpgb-wrap-fw \"  ><div class=\"tpgb-testimonials tpgb-relative-block testimonial-style-2  tpgb-block-1173_77   tpgb-isotope \"  data-layout=\"grid\" data-id=\"1173_77\"  ><div class=\"post-loop-inner tpgb-row\"><div class=\"grid-item  tpgb-col tpgb-col-lg-4 tpgb-col-md-6 tpgb-col-sm-12 tpgb-col-12 tp-repeater-item-ed0w\" ><div class=\"testimonial-list-content\" ><div class=\"testimonial-content-text\"><div class=\"entry-content scroll-on-hover\">\u201cA AgriCraft transformou de verdade as opera\u00e7\u00f5es da nossa fazenda. As solu\u00e7\u00f5es de manejo de culturas aumentaram nossa produtividade e tamb\u00e9m melhoraram a sa\u00fade do solo. N\u00e3o poder\u00edamos estar mais satisfeitos com o suporte deles.\u201d<\/div><\/div><div class=\"post-content-image\"><div class=\"author-thumb\"><img loading=\"lazy\" decoding=\"async\" width=\"54\" height=\"55\" src=\"https:\/\/digitalbusinessdeveloper.com\/jardinagem\/wp-content\/uploads\/2025\/06\/Sarah-Thompson.png\" class=\"attachment-medium size-medium\" alt=\"Sarah Thompson\" srcset=\"https:\/\/digitalbusinessdeveloper.com\/jardinagem\/wp-content\/uploads\/2025\/06\/Sarah-Thompson.png 54w, https:\/\/digitalbusinessdeveloper.com\/jardinagem\/wp-content\/uploads\/2025\/06\/Sarah-Thompson-150x150.png 150w, https:\/\/digitalbusinessdeveloper.com\/jardinagem\/wp-content\/uploads\/2025\/06\/Sarah-Thompson-700x700.png 700w\" sizes=\"auto, (max-width: 54px) 100vw, 54px\" \/><\/div><div class=\"testi-post-title\">Sarah Thompson<\/div><div class=\"testi-post-designation\">Organic Farm Owner<\/div><\/div><\/div><\/div><div class=\"grid-item  tpgb-col tpgb-col-lg-4 tpgb-col-md-6 tpgb-col-sm-12 tpgb-col-12 tp-repeater-item-x0ib\" ><div class=\"testimonial-list-content\" ><div class=\"testimonial-content-text\"><div class=\"entry-content scroll-on-hover\">\u201cCom as pr\u00e1ticas sustent\u00e1veis da AgriCraft, reduzimos drasticamente o desperd\u00edcio de \u00e1gua e vimos melhorias significativas na qualidade das culturas. A equipe deles \u00e9 dedicada e experiente \u2014 recomendamos muito!\u201d<\/div><\/div><div class=\"post-content-image\"><div class=\"author-thumb\"><img loading=\"lazy\" decoding=\"async\" width=\"54\" height=\"55\" src=\"https:\/\/digitalbusinessdeveloper.com\/jardinagem\/wp-content\/uploads\/2025\/06\/Rajiv-Patel.png\" class=\"attachment-medium size-medium\" alt=\"Rajiv Patel\" srcset=\"https:\/\/digitalbusinessdeveloper.com\/jardinagem\/wp-content\/uploads\/2025\/06\/Rajiv-Patel.png 54w, https:\/\/digitalbusinessdeveloper.com\/jardinagem\/wp-content\/uploads\/2025\/06\/Rajiv-Patel-150x150.png 150w, https:\/\/digitalbusinessdeveloper.com\/jardinagem\/wp-content\/uploads\/2025\/06\/Rajiv-Patel-700x700.png 700w\" sizes=\"auto, (max-width: 54px) 100vw, 54px\" \/><\/div><div class=\"testi-post-title\">Rajiv Patel<\/div><div class=\"testi-post-designation\">Eco-Friendly Farming Consultant<\/div><\/div><\/div><\/div><div class=\"grid-item  tpgb-col tpgb-col-lg-4 tpgb-col-md-6 tpgb-col-sm-12 tpgb-col-12 tp-repeater-item-sy5q\" ><div class=\"testimonial-list-content\" ><div class=\"testimonial-content-text\"><div class=\"entry-content scroll-on-hover\">\u201cA integra\u00e7\u00e3o da tecnologia da AgriCraft tornou a agricultura mais eficiente e orientada por dados. As ferramentas de precis\u00e3o nos ajudaram a tomar decis\u00f5es informadas que aumentam a produtividade. Tem sido uma experi\u00eancia incr\u00edvel!\u201d<\/div><\/div><div class=\"post-content-image\"><div class=\"author-thumb\"><img loading=\"lazy\" decoding=\"async\" width=\"54\" height=\"55\" src=\"https:\/\/digitalbusinessdeveloper.com\/jardinagem\/wp-content\/uploads\/2025\/06\/Emily-Chen-1.png\" class=\"attachment-medium size-medium\" alt=\"Emily Chen\" srcset=\"https:\/\/digitalbusinessdeveloper.com\/jardinagem\/wp-content\/uploads\/2025\/06\/Emily-Chen-1.png 54w, https:\/\/digitalbusinessdeveloper.com\/jardinagem\/wp-content\/uploads\/2025\/06\/Emily-Chen-1-150x150.png 150w, https:\/\/digitalbusinessdeveloper.com\/jardinagem\/wp-content\/uploads\/2025\/06\/Emily-Chen-1-700x700.png 700w\" sizes=\"auto, (max-width: 54px) 100vw, 54px\" \/><\/div><div class=\"testi-post-title\">Emily Chen<\/div><div class=\"testi-post-designation\">Farm Operations Manager<\/div><\/div><\/div><\/div><\/div><\/div><\/div>\n<\/div><\/div>","protected":false},"excerpt":{"rendered":"","protected":false},"author":1,"featured_media":0,"parent":0,"menu_order":0,"comment_status":"closed","ping_status":"closed","template":"","meta":{"tpgb_global_settings":"","footnotes":""},"class_list":["post-77","page","type-page","status-publish","hentry"],"tpgb_featured_images":null,"tpgb_post_meta_info":{"get_date":"20 de junho de 2025","get_modified_date":"29 de junho de 2025","author_name":"Jardinagem","author_url":"https:\/\/digitalbusinessdeveloper.com\/jardinagem\/author\/miron8547\/","author_email":"one.business.bom@gmail.com","author_website":"https:\/\/digitalbusinessdeveloper.com\/jardinagem","author_description":"","author_facebook":"","author_twitter":"","author_instagram":"","author_role":["administrator"],"author_firstname":"","author_lastname":"","user_login":"Miron8547@","author_avatar":"<img alt='' src='https:\/\/secure.gravatar.com\/avatar\/5924486c3e144a515ef457360cd44db83137ba2cf95df35d5b293beccc0fee9d?s=200&#038;d=mm&#038;r=g' srcset='https:\/\/secure.gravatar.com\/avatar\/5924486c3e144a515ef457360cd44db83137ba2cf95df35d5b293beccc0fee9d?s=400&#038;d=mm&#038;r=g 2x' class='avatar avatar-200 photo' height='200' width='200' loading='lazy' decoding='async'\/>","author_avatar_url":"https:\/\/secure.gravatar.com\/avatar\/5924486c3e144a515ef457360cd44db83137ba2cf95df35d5b293beccc0fee9d?s=96&d=mm&r=g","comment_count":0,"post_likes":0,"post_views":0},"tpgb_post_category":[],"_links":{"self":[{"href":"https:\/\/digitalbusinessdeveloper.com\/jardinagem\/wp-json\/wp\/v2\/pages\/77","targetHints":{"allow":["GET"]}}],"collection":[{"href":"https:\/\/digitalbusinessdeveloper.com\/jardinagem\/wp-json\/wp\/v2\/pages"}],"about":[{"href":"https:\/\/digitalbusinessdeveloper.com\/jardinagem\/wp-json\/wp\/v2\/types\/page"}],"author":[{"embeddable":true,"href":"https:\/\/digitalbusinessdeveloper.com\/jardinagem\/wp-json\/wp\/v2\/users\/1"}],"replies":[{"embeddable":true,"href":"https:\/\/digitalbusinessdeveloper.com\/jardinagem\/wp-json\/wp\/v2\/comments?post=77"}],"version-history":[{"count":9,"href":"https:\/\/digitalbusinessdeveloper.com\/jardinagem\/wp-json\/wp\/v2\/pages\/77\/revisions"}],"predecessor-version":[{"id":243,"href":"https:\/\/digitalbusinessdeveloper.com\/jardinagem\/wp-json\/wp\/v2\/pages\/77\/revisions\/243"}],"wp:attachment":[{"href":"https:\/\/digitalbusinessdeveloper.com\/jardinagem\/wp-json\/wp\/v2\/media?parent=77"}],"curies":[{"name":"wp","href":"https:\/\/api.w.org\/{rel}","templated":true}]}}