{"id":46,"date":"2025-06-22T23:58:44","date_gmt":"2025-06-22T23:58:44","guid":{"rendered":"https:\/\/digitalbusinessdeveloper.com\/freelancer\/portfolio-details-yellow-theme-jobfolio\/"},"modified":"2025-06-23T13:26:25","modified_gmt":"2025-06-23T13:26:25","slug":"portfolio-1","status":"publish","type":"page","link":"https:\/\/digitalbusinessdeveloper.com\/freelancer\/portfolio-1\/","title":{"rendered":"Portfolio 1"},"content":{"rendered":"<div  class=\"tpgb-container-row tpgb-block-044f13_46    alignwide  tpgb-container-inline  tpgb-container-wide \" data-id=\"044f13_46 \"   ><div class=\"tpgb-cont-in\">\n<div  class=\"tpgb-heading-title tpgb-relative-block heading_style tpgb-block-2e9c9c_46  heading-style-2\"><div class=\"sub-style\"><div class=\"sub-heading \"><h3 class=\"heading-sub-title\">WEB DESIGN<\/h3><\/div><div class=\"head-title \"><h2 class=\"heading-title\">Estudo de Caso de UI\/UX: Foodie Fables<\/h2><\/div><\/div><\/div>\n\n<div id=\"plusf03191_46\" class=\"tpgb-creative-image tpgb-relative-block tpgb-block-f03191_46 \"><div class=\"tpgb-anim-img-parallax tpgb-relative-block\" ><div class=\"tpgb-animate-image bg-imagef03191_46 text-center \" ><figure><div class=\"tpgb-creative-img-wrap \" ><img loading=\"lazy\" decoding=\"async\" width=\"1140\" height=\"739\" src=\"https:\/\/digitalbusinessdeveloper.com\/freelancer\/wp-content\/uploads\/2025\/06\/yellow-theme-portfolio-11.png\" class=\"hover__img info_img\" alt=\"Creative Image\" srcset=\"https:\/\/digitalbusinessdeveloper.com\/freelancer\/wp-content\/uploads\/2025\/06\/yellow-theme-portfolio-11.png 1140w, https:\/\/digitalbusinessdeveloper.com\/freelancer\/wp-content\/uploads\/2025\/06\/yellow-theme-portfolio-11-300x194.png 300w, https:\/\/digitalbusinessdeveloper.com\/freelancer\/wp-content\/uploads\/2025\/06\/yellow-theme-portfolio-11-1024x664.png 1024w, https:\/\/digitalbusinessdeveloper.com\/freelancer\/wp-content\/uploads\/2025\/06\/yellow-theme-portfolio-11-768x498.png 768w\" sizes=\"auto, (max-width: 1140px) 100vw, 1140px\" \/><\/div><\/figure><\/div><\/div><\/div>\n\n\n<div class=\"tpgb-pro-paragraph tpgb-block-17c1aa_46\"><div class=\"pro-paragraph-inner\"><p>Delicie seus sentidos e embarque em uma jornada saborosa pelo encantador mundo de &#8220;Foodie Fables&#8221;. Aqui, a arte de contar hist\u00f3rias se funde com as del\u00edcias da gastronomia, convidando voc\u00ea a explorar o rico mosaico de culturas, sabores e emo\u00e7\u00f5es que se entrela\u00e7am no universo da comida. &#8220;Foodie Fables&#8221; \u00e9 um reino onde os sabores se tornam personagens e os pratos, cap\u00edtulos. Mergulhe em contos tecidos ao redor de banquetes requintados, onde cada prato guarda uma narrativa esperando para ser saboreada.<\/p><\/div><\/div>\n\n\n<div  class=\"tpgb-heading-title tpgb-relative-block heading_style tpgb-block-4a9fa1_46  heading-style-2\"><div class=\"sub-style\"><div class=\"head-title \"><h3 class=\"heading-title\">Detalhes do Projeto:<\/h3><\/div><\/div><\/div>\n\n<div  class=\"tpgb-heading-title tpgb-relative-block heading_style tpgb-block-bf5bc0_46  heading-style-1\"><div class=\"sub-style\"><div class=\"head-title \"><div class=\"heading-title\">URL:<span class=\"title-s \">  www.linkname.com<\/span><\/div><\/div><\/div><\/div>\n\n<div  class=\"tpgb-heading-title tpgb-relative-block heading_style tpgb-block-d2c7ed_46  heading-style-1\"><div class=\"sub-style\"><div class=\"head-title \"><div class=\"heading-title\">Categoria:<span class=\"title-s \">Web Design<\/span><\/div><\/div><\/div><\/div>\n\n<div  class=\"tpgb-heading-title tpgb-relative-block heading_style tpgb-block-5dd339_46  heading-style-1\"><div class=\"sub-style\"><div class=\"head-title \"><div class=\"heading-title\">Data de In\u00edcio: <span class=\"title-s \"> 8 August,2022<\/span><\/div><\/div><\/div><\/div>\n\n<div  class=\"tpgb-heading-title tpgb-relative-block heading_style tpgb-block-8aef61_46  heading-style-1\"><div class=\"sub-style\"><div class=\"head-title \"><div class=\"heading-title\">Data de T\u00e9rmino: <span class=\"title-s \">30 August,2022<\/span><\/div><\/div><\/div><\/div>\n\n<div  class=\"tpgb-heading-title tpgb-relative-block heading_style tpgb-block-e26a02_46  heading-style-1\"><div class=\"sub-style\"><div class=\"head-title \"><div class=\"heading-title\">Tecnologias:  <span class=\"title-s \">Figma, XD<\/span><\/div><\/div><\/div><\/div>\n\n<div  class=\"tpgb-heading-title tpgb-relative-block heading_style tpgb-block-b5a82b_46  heading-style-1\"><div class=\"sub-style\"><div class=\"head-title \"><div class=\"heading-title\">Clientes: <span class=\"title-s \">Anke Fisher<\/span><\/div><\/div><\/div><\/div>\n\n<div  class=\"tpgb-heading-title tpgb-relative-block heading_style tpgb-block-716948_46  heading-style-2\"><div class=\"sub-style\"><div class=\"head-title \"><h3 class=\"heading-title\">Descri\u00e7\u00e3o:<\/h3><\/div><\/div><\/div>\n\n<div  class=\"tpgb-container-row tpgb-block-fb2afa_46    alignfull   tpgb-container-full \" data-id=\"fb2afa_46 \"   >\n<div class=\"tpgb-container-col tpgb-block-e4c80b_46 \" data-id=\"e4c80b_46\"  >\n\n<div class=\"tpgb-pro-paragraph tpgb-block-40aee5_46\"><div class=\"pro-paragraph-inner\"><p>Bem-vindo \u00e0 vanguarda da inova\u00e7\u00e3o, onde a criatividade humana converge com o poder da intelig\u00eancia artificial. O &#8220;Gerador de IA&#8221; \u00e9 sua porta de entrada para um universo onde algoritmos dan\u00e7am com a imagina\u00e7\u00e3o, criando uma nova dimens\u00e3o de possibilidades que redefinem os limites da criatividade.<\/p><\/div><\/div>\n\n\n<div id=\"plus63d1cd_46\" class=\"tpgb-creative-image tpgb-relative-block tpgb-block-63d1cd_46 \"><div class=\"tpgb-anim-img-parallax tpgb-relative-block\" ><div class=\"tpgb-animate-image bg-image63d1cd_46 text-center \" ><figure><div class=\"tpgb-creative-img-wrap \" ><img loading=\"lazy\" decoding=\"async\" width=\"625\" height=\"435\" src=\"https:\/\/digitalbusinessdeveloper.com\/freelancer\/wp-content\/uploads\/2025\/06\/Portfolio-detail-Grid-yellow-new-1.png\" class=\"hover__img info_img\" alt=\"Creative Image\" srcset=\"https:\/\/digitalbusinessdeveloper.com\/freelancer\/wp-content\/uploads\/2025\/06\/Portfolio-detail-Grid-yellow-new-1.png 625w, https:\/\/digitalbusinessdeveloper.com\/freelancer\/wp-content\/uploads\/2025\/06\/Portfolio-detail-Grid-yellow-new-1-300x209.png 300w\" sizes=\"auto, (max-width: 625px) 100vw, 625px\" \/><\/div><\/figure><\/div><\/div><\/div>\n<\/div>\n\n<div class=\"tpgb-container-col tpgb-block-9f72f7_46 \" data-id=\"9f72f7_46\"  >\n\n<div class=\"tpgb-pro-paragraph tpgb-block-2d0ea2_46\"><div class=\"pro-paragraph-inner\"><p>O aconselhamento psicol\u00f3gico \u00e9 uma jornada de autoexplora\u00e7\u00e3o, uma oportunidade para mergulhar nas profundezas das suas emo\u00e7\u00f5es, pensamentos e comportamentos. Juntos, descobrimos as camadas que moldam suas experi\u00eancias, abrindo caminho para a autoconsci\u00eancia e o crescimento pessoal. A vida nos apresenta desafios e o aconselhamento te equipa com ferramentas para enfrent\u00e1-los.<\/p><\/div><\/div>\n\n\n<div id=\"plusd248c2_46\" class=\"tpgb-creative-image tpgb-relative-block tpgb-block-d248c2_46 \"><div class=\"tpgb-anim-img-parallax tpgb-relative-block\" ><div class=\"tpgb-animate-image bg-imaged248c2_46 text-center \" ><figure><div class=\"tpgb-creative-img-wrap \" ><img loading=\"lazy\" decoding=\"async\" width=\"625\" height=\"435\" src=\"https:\/\/digitalbusinessdeveloper.com\/freelancer\/wp-content\/uploads\/2025\/06\/Portfolio-detail-Grid-yellow-new-2.png\" class=\"hover__img info_img\" alt=\"Creative Image\" srcset=\"https:\/\/digitalbusinessdeveloper.com\/freelancer\/wp-content\/uploads\/2025\/06\/Portfolio-detail-Grid-yellow-new-2.png 625w, https:\/\/digitalbusinessdeveloper.com\/freelancer\/wp-content\/uploads\/2025\/06\/Portfolio-detail-Grid-yellow-new-2-300x209.png 300w\" sizes=\"auto, (max-width: 625px) 100vw, 625px\" \/><\/div><\/figure><\/div><\/div><\/div>\n<\/div>\n<\/div>\n\n<div  class=\"tpgb-container-row tpgb-block-1b4d41_46    alignfull  tpgb-container-inline  tpgb-container-full \" data-id=\"1b4d41_46 \"   >\n<div class=\"tpgb-plus-button tpgb-relative-block tpgb-block-3b59c2_46 button-style-12   \"><div class=\"animted-content-inner\"><a href=\"#\"   class=\"button-link-wrap tpgb-trans-linear    \" role=\"button\" aria-label=\"Antes\" data-hover=\"Click Here\" ><span><span class=\"btn-icon tpgb-trans-linear  button-before\"><i class=\"fas fa-arrow-left\"><\/i><\/span>Antes<div class=\"button_line\"><\/div><\/span><\/a><\/div><\/div>\n\n<div class=\"tpgb-plus-button tpgb-relative-block tpgb-block-a8b91c_46 button-style-12   \"><div class=\"animted-content-inner\"><a href=\"#\"   class=\"button-link-wrap tpgb-trans-linear    \" role=\"button\" aria-label=\"Pr\u00f3ximo\" data-hover=\"Click Here\" ><span>Pr\u00f3ximo<span class=\"btn-icon tpgb-trans-linear  button-after\"><i class=\"fas fa-arrow-right\"><\/i><\/span><div class=\"button_line\"><\/div><\/span><\/a><\/div><\/div>\n<\/div>\n<\/div><\/div>","protected":false},"excerpt":{"rendered":"","protected":false},"author":1,"featured_media":0,"parent":0,"menu_order":0,"comment_status":"closed","ping_status":"closed","template":"","meta":{"tpgb_global_settings":"","footnotes":""},"class_list":["post-46","page","type-page","status-publish","hentry"],"tpgb_featured_images":null,"tpgb_post_meta_info":{"get_date":"22 de junho de 2025","get_modified_date":"23 de junho de 2025","author_name":"Freelancer","author_url":"https:\/\/digitalbusinessdeveloper.com\/freelancer\/author\/miron8547\/","author_email":"one.business.bom@gmail.com","author_website":"https:\/\/digitalbusinessdeveloper.com\/freelancer","author_description":"","author_facebook":"","author_twitter":"","author_instagram":"","author_role":["administrator"],"author_firstname":"","author_lastname":"","user_login":"Miron8547@","author_avatar":"<img alt='' src='https:\/\/secure.gravatar.com\/avatar\/5924486c3e144a515ef457360cd44db83137ba2cf95df35d5b293beccc0fee9d?s=200&#038;d=mm&#038;r=g' srcset='https:\/\/secure.gravatar.com\/avatar\/5924486c3e144a515ef457360cd44db83137ba2cf95df35d5b293beccc0fee9d?s=400&#038;d=mm&#038;r=g 2x' class='avatar avatar-200 photo' height='200' width='200' loading='lazy' decoding='async'\/>","author_avatar_url":"https:\/\/secure.gravatar.com\/avatar\/5924486c3e144a515ef457360cd44db83137ba2cf95df35d5b293beccc0fee9d?s=96&d=mm&r=g","comment_count":0,"post_likes":0,"post_views":0},"tpgb_post_category":[],"_links":{"self":[{"href":"https:\/\/digitalbusinessdeveloper.com\/freelancer\/wp-json\/wp\/v2\/pages\/46","targetHints":{"allow":["GET"]}}],"collection":[{"href":"https:\/\/digitalbusinessdeveloper.com\/freelancer\/wp-json\/wp\/v2\/pages"}],"about":[{"href":"https:\/\/digitalbusinessdeveloper.com\/freelancer\/wp-json\/wp\/v2\/types\/page"}],"author":[{"embeddable":true,"href":"https:\/\/digitalbusinessdeveloper.com\/freelancer\/wp-json\/wp\/v2\/users\/1"}],"replies":[{"embeddable":true,"href":"https:\/\/digitalbusinessdeveloper.com\/freelancer\/wp-json\/wp\/v2\/comments?post=46"}],"version-history":[{"count":3,"href":"https:\/\/digitalbusinessdeveloper.com\/freelancer\/wp-json\/wp\/v2\/pages\/46\/revisions"}],"predecessor-version":[{"id":99,"href":"https:\/\/digitalbusinessdeveloper.com\/freelancer\/wp-json\/wp\/v2\/pages\/46\/revisions\/99"}],"wp:attachment":[{"href":"https:\/\/digitalbusinessdeveloper.com\/freelancer\/wp-json\/wp\/v2\/media?parent=46"}],"curies":[{"name":"wp","href":"https:\/\/api.w.org\/{rel}","templated":true}]}}