{"id":29,"date":"2025-06-22T23:58:37","date_gmt":"2025-06-22T23:58:37","guid":{"rendered":"https:\/\/digitalbusinessdeveloper.com\/freelancer\/contact-me-yellow-theme-jobfolio\/"},"modified":"2025-06-29T19:40:56","modified_gmt":"2025-06-29T19:40:56","slug":"contato","status":"publish","type":"page","link":"https:\/\/digitalbusinessdeveloper.com\/freelancer\/contato\/","title":{"rendered":"Contato"},"content":{"rendered":"<div  class=\"tpgb-container-row tpgb-block-86e40b_29    alignwide   tpgb-container-wide \" data-id=\"86e40b_29 \"   ><div class=\"tpgb-cont-in\">\n<div class=\"tpgb-container-col tpgb-block-2c8fd0_29 \" data-id=\"2c8fd0_29\"  >\n<div  class=\"tpgb-heading-title tpgb-relative-block heading_style tpgb-block-dbba65_29  heading-style-3\"><div class=\"sub-style\"><div class=\"head-title \"><h2 class=\"heading-title\">Entre em contato conosco<\/h2><\/div><div class=\"seprator sep-l\"><span class=\"title-sep sep-l\"><\/span><span class=\"title-sep sep-r\"><\/span><\/div><\/div><\/div>\n\n<div class=\"tp-form-block nxt-style-1 tpgb-relative-block tpgb-block-258d_29 \" data-block-id=\"258d_29\"><form id=\"\" class=\"nxt-form\" data-formdata=eTBxVnVhWFQ0SjVnbmswcnZTVXAvVXVFZUhNSWtYaGV0b2JHdXpCZWxOQnVjMTJLUlFjQ1JKQWswWDBJaEx4cUsydGw2VngyS0J1WHBSdnFqVmFmYlZ6K29WZW95QzRpdHJxc2JVajFObWRpV05VVlRpTC83TFErMFF2MlNHeGduVTlncVJLdWtscHZ1S1o3OHRZY3pGb0tIV2JXMUJtQit3a1RBMkprNzFFdi95V1MxaTVIVTI0S21ndHVvMFluVkxpN3p5NGlaV0VzeGVYUzhsYVlGVHRhZElnRVpGU0NyNmdkUkZvWGZmaGEybGlGaXUwT0dJOFdhMUJ1WU9XMA==  data-actionOption=\"[{&quot;value&quot;: &quot;Email&quot;, &quot;label&quot;: &quot;Email&quot;}]\">\n\n<div class=\"tp-form-name-field tpgb-block-0ae7_29\"><div class=\"nxt-name-input\"><label class=\"nxt-name-label \">Name<\/label><div class=\"nxt-input-container\"><input class=\"nxt-name-richtext\" type=\"text\" placeholder=\"Seu Nome\" data-required=\"false\" autocomplete=\"off\" name=\"text-field\" maxlength=\"\"\/><\/div><span class=\"nxt-error-show\" data-error-message=\"This field is required.\" data-name-validation=\"false\"><\/span><\/div><\/div>\n\n\n\n<div class=\"tp-form-email-field tpgb-block-63fc_29 \"><div class=\"nxt-email-input\"><label class=\"nxt-email-label \">Email<\/label><div class=\"nxt-input-container\"><input type=\"email\" placeholder=\"Email\" class=\"nxt-email-richtext\" data-required=\"false\" autocomplete=\"off\" name=\"email\"\/><\/div><span class=\"nxt-error-email\" data-error-message=\"This field is required.\"><\/span><\/div><\/div>\n\n\n\n<div class=\"nxt-number-field tpgb-block-ffa5_29 \"><div class=\"nxt-number-input\"><label class=\"nxt-number-label \">Whatsapp<\/label><div class=\"nxt-input-container\"><input type=\"number\" placeholder=\"N\u00famero\" class=\"nxt-number-richtext\" max=\"\" min=\"\" name=\"number\" data-required=\"false\" oninput=\"javascript: if (this.value.length &gt; this.maxLength) this.value = this.value.slice(0, this.maxLength);\" maxlength=\"15\"\/><\/div><span class=\"nxt-error-number\" data-error-message=\"This field is required.\"><\/span><\/div><\/div>\n\n\n\n<div class=\"nxt-form-option tpgb-block-0b94_29 \"><div class=\"nxt-option-container\"><label class=\"nxt-option-label \">Servi\u00e7os<\/label><select class=\"nxt-option-field\" data-required=\"false\" name=\"select\"><option value=\"UI\/UX Design\">UI\/UX Design<\/option><option value=\"SEO Marketing\">SEO Marketing<\/option><option value=\"Development\">Development<\/option><option value=\"Business Branding\">Business Branding<\/option><option value=\"Game Designing\">Game Designing<\/option><option value=\"Illustration Design\">Illustration Design<\/option><\/select><\/div><span class=\"nxt-error-select\" data-error-message=\"This field is required.\"><\/span><\/div>\n\n\n\n<div class=\"tp-form-name-field tpgb-block-720b_29\"><div class=\"nxt-name-input\"><label class=\"nxt-name-label \">Assunto<\/label><div class=\"nxt-input-container\"><input class=\"nxt-name-richtext\" type=\"text\" placeholder=\"Assunto\" data-required=\"false\" autocomplete=\"off\" name=\"text-field\" maxlength=\"\"\/><\/div><span class=\"nxt-error-show\" data-error-message=\"This field is required.\" data-name-validation=\"false\"><\/span><\/div><\/div>\n\n\n\n<div class=\"tp-form-message-field tpgb-block-1be7_29 \"><div class=\"nxt-message-input\"><label class=\"nxt-message-label \">Mensagem<\/label><textarea placeholder=\"Mensagem\" class=\"nxt-message-richtext\" data-required=\"false\" autocomplete=\"off\" rows=\"4\" name=\"message\"><\/textarea><span class=\"nxt-message-error\" data-error-message=\"This field is required.\"><\/span><\/div><\/div>\n\n\n\n<div class=\"nxt-submit-button tpgb-block-15aa_29 nxt-btn-block\"><button type=\"submit\" class=\"nxt-submit\"><span class=\"nxt-btn-text\">Enviar<\/span><span class=\"nxt-loader\"><\/span><\/button><\/div>\n\n <\/form><span class=\"nxt-success-message\" data-success-message=\"Thank you for your message. It has been sent.\"><\/span><\/div>\n<\/div>\n\n<div class=\"tpgb-container-col tpgb-block-4cf78e_29 \" data-id=\"4cf78e_29\"  >\n<div class=\"tpgb-google-map tpgb-relative-block tpgb-block-b02f03_29 \"><div id=\"gmap-b02f03_29\" class=\"tpgb-adv-map\" data-id=\"gmap-b02f03_29\" data-map-settings=\"{&quot;places&quot;:[{&quot;address&quot;:&quot;&quot;,&quot;latitude&quot;:40.68841350000000289810486719943583011627197265625,&quot;longitude&quot;:-74.360616899999996576298144645988941192626953125,&quot;pin_icon&quot;:&quot;&quot;,&quot;latOrAddr&quot;:&quot;latitude&quot;}],&quot;options&quot;:{&quot;zoom&quot;:8,&quot;scrollwheel&quot;:true,&quot;draggable&quot;:true,&quot;panControl&quot;:true,&quot;zoomControl&quot;:true,&quot;scaleControl&quot;:true,&quot;mapTypeControl&quot;:true,&quot;fullscreenControl&quot;:true,&quot;streetViewControl&quot;:true,&quot;mapTypeId&quot;:&quot;roadmap&quot;}}\" ><\/div><\/div>\n<\/div>\n<\/div><\/div>\n\n<div  class=\"tpgb-container-row tpgb-block-8d791c_29    alignwide  tpgb-container-inline  tpgb-container-wide \" data-id=\"8d791c_29 \"   ><div class=\"tpgb-cont-in\">\n<div class=\"tpgb-infobox tpgb-relative-block tpgb-trans-linear tpgb-block-6f520a_29  info-box-style-3 \" ><div class=\"post-inner-loop \"><div class=\"info-box-inner tpgb-trans-linear tpgb_cnt_hvr_effect tpgb-relative-block tp-info-nc cnt_hvr_float\"><div class=\"info-box-bg-box tpgb-trans-linear \"><div class=\"text-alignment\"><div class=\"style-3\"><div class=\"info-icon-content\"><div class=\"service-icon-wrap tpgb-trans-linear\"><img decoding=\"async\" src=\"https:\/\/digitalbusinessdeveloper.com\/freelancer\/wp-content\/uploads\/2025\/06\/Location-Vector-1.svg\" class=\"service-icon tpgb-trans-linear\" alt=\"Info Box\" \/><\/div><\/div><div class=\"service-title tpgb-trans-linear\">Localiza\u00e7\u00e3o do Escrit\u00f3rio<\/div><div class=\"service-desc tpgb-trans-linear\">403, Port Washington <\/br>Road, Canada.<\/div><\/div><\/div><\/div><div class=\"infobox-overlay-color tpgb-trans-linear\"><\/div><\/div><\/div><\/div>\n\n<div class=\"tpgb-infobox tpgb-relative-block tpgb-trans-linear tpgb-block-cff451_29  info-box-style-3 \" ><div class=\"post-inner-loop \"><div class=\"info-box-inner tpgb-trans-linear tpgb_cnt_hvr_effect tpgb-relative-block tp-info-nc cnt_hvr_float\"><div class=\"info-box-bg-box tpgb-trans-linear \"><div class=\"text-alignment\"><div class=\"style-3\"><div class=\"info-icon-content\"><div class=\"service-icon-wrap tpgb-trans-linear\"><img decoding=\"async\" src=\"https:\/\/digitalbusinessdeveloper.com\/freelancer\/wp-content\/uploads\/2025\/06\/Call-FILL-Vector-1.svg\" class=\"service-icon tpgb-trans-linear\" alt=\"Info Box\" \/><\/div><\/div><div class=\"service-title tpgb-trans-linear\">Detalhes para Contato<\/div><div class=\"service-desc tpgb-trans-linear\">+1 707-583-6405 <br>+1 705-323-9264<\/div><\/div><\/div><\/div><div class=\"infobox-overlay-color tpgb-trans-linear\"><\/div><\/div><\/div><\/div>\n\n<div class=\"tpgb-infobox tpgb-relative-block tpgb-trans-linear tpgb-block-f0fa0e_29  info-box-style-3 \" ><div class=\"post-inner-loop \"><div class=\"info-box-inner tpgb-trans-linear tpgb_cnt_hvr_effect tpgb-relative-block tp-info-nc cnt_hvr_float\"><div class=\"info-box-bg-box tpgb-trans-linear \"><div class=\"text-alignment\"><div class=\"style-3\"><div class=\"info-icon-content\"><div class=\"service-icon-wrap tpgb-trans-linear\"><img decoding=\"async\" src=\"https:\/\/digitalbusinessdeveloper.com\/freelancer\/wp-content\/uploads\/2025\/06\/mail-FILL-Vector-1.svg\" class=\"service-icon tpgb-trans-linear\" alt=\"Info Box\" \/><\/div><\/div><div class=\"service-title tpgb-trans-linear\">Localiza\u00e7\u00e3o do Escrit\u00f3rio<\/div><div class=\"service-desc tpgb-trans-linear\">dianafriedt1020@gmail.com\u2028<\/br>\ninfodianafriedt@yahoo.com<\/div><\/div><\/div><\/div><div class=\"infobox-overlay-color tpgb-trans-linear\"><\/div><\/div><\/div><\/div>\n<\/div><\/div>","protected":false},"excerpt":{"rendered":"","protected":false},"author":1,"featured_media":0,"parent":0,"menu_order":0,"comment_status":"closed","ping_status":"closed","template":"","meta":{"tpgb_global_settings":"","footnotes":""},"class_list":["post-29","page","type-page","status-publish","hentry"],"tpgb_featured_images":null,"tpgb_post_meta_info":{"get_date":"22 de junho de 2025","get_modified_date":"29 de junho de 2025","author_name":"Freelancer","author_url":"https:\/\/digitalbusinessdeveloper.com\/freelancer\/author\/miron8547\/","author_email":"one.business.bom@gmail.com","author_website":"https:\/\/digitalbusinessdeveloper.com\/freelancer","author_description":"","author_facebook":"","author_twitter":"","author_instagram":"","author_role":["administrator"],"author_firstname":"","author_lastname":"","user_login":"Miron8547@","author_avatar":"<img alt='' src='https:\/\/secure.gravatar.com\/avatar\/5924486c3e144a515ef457360cd44db83137ba2cf95df35d5b293beccc0fee9d?s=200&#038;d=mm&#038;r=g' srcset='https:\/\/secure.gravatar.com\/avatar\/5924486c3e144a515ef457360cd44db83137ba2cf95df35d5b293beccc0fee9d?s=400&#038;d=mm&#038;r=g 2x' class='avatar avatar-200 photo' height='200' width='200' loading='lazy' decoding='async'\/>","author_avatar_url":"https:\/\/secure.gravatar.com\/avatar\/5924486c3e144a515ef457360cd44db83137ba2cf95df35d5b293beccc0fee9d?s=96&d=mm&r=g","comment_count":0,"post_likes":0,"post_views":0},"tpgb_post_category":[],"_links":{"self":[{"href":"https:\/\/digitalbusinessdeveloper.com\/freelancer\/wp-json\/wp\/v2\/pages\/29","targetHints":{"allow":["GET"]}}],"collection":[{"href":"https:\/\/digitalbusinessdeveloper.com\/freelancer\/wp-json\/wp\/v2\/pages"}],"about":[{"href":"https:\/\/digitalbusinessdeveloper.com\/freelancer\/wp-json\/wp\/v2\/types\/page"}],"author":[{"embeddable":true,"href":"https:\/\/digitalbusinessdeveloper.com\/freelancer\/wp-json\/wp\/v2\/users\/1"}],"replies":[{"embeddable":true,"href":"https:\/\/digitalbusinessdeveloper.com\/freelancer\/wp-json\/wp\/v2\/comments?post=29"}],"version-history":[{"count":5,"href":"https:\/\/digitalbusinessdeveloper.com\/freelancer\/wp-json\/wp\/v2\/pages\/29\/revisions"}],"predecessor-version":[{"id":107,"href":"https:\/\/digitalbusinessdeveloper.com\/freelancer\/wp-json\/wp\/v2\/pages\/29\/revisions\/107"}],"wp:attachment":[{"href":"https:\/\/digitalbusinessdeveloper.com\/freelancer\/wp-json\/wp\/v2\/media?parent=29"}],"curies":[{"name":"wp","href":"https:\/\/api.w.org\/{rel}","templated":true}]}}