{"id":164,"date":"2025-06-24T21:30:14","date_gmt":"2025-06-24T21:30:14","guid":{"rendered":"https:\/\/digitalbusinessdeveloper.com\/fotografos\/about-us-tattoomuse\/"},"modified":"2025-06-30T14:27:36","modified_gmt":"2025-06-30T14:27:36","slug":"quem-somos","status":"publish","type":"page","link":"https:\/\/digitalbusinessdeveloper.com\/fotografos\/quem-somos\/","title":{"rendered":"Quem Somos"},"content":{"rendered":"<div id=\"HeroSec\" class=\"tpgb-container-row tpgb-block-3f5f_164    alignfull  tpgb-container-inline  tpgb-container-wide \" data-id=\"3f5f_164 \"   ><div class=\"tpgb-cont-in\">\n\n<h1 class=\"wp-block-tpgb-tp-heading tp-core-heading tpgb-block-62a0_164\">Sobre a TattooMuse<\/h1>\n\n\n\n<div class=\"tpgb-pro-paragraph tpgb-block-c553_164\"><div class=\"pro-paragraph-inner\"><p>Na TattooMuse, somos mais do que apenas um neg\u00f3cio. Somos uma equipe dedicada de indiv\u00edduos movidos por uma paix\u00e3o compartilhada e um prop\u00f3sito comum. Nossa jornada come\u00e7ou com uma vis\u00e3o.<\/p><\/div><\/div>\n\n\n<div class=\"tp-video tpgb-video-box tpgb-block-cb6f_164 video_playercb6f_164 \" data-id=\"cb6f_164\"><div class=\"tpgb_video_player tpgb-relative-block   text-\"><a href=\"https:\/\/www.youtube.com\/embed\/TJ1SDXbij8Y\" data-fancybox=\"cb6f_164\"><img decoding=\"async\" class=\"ts-video-image-zoom set-image\" src=\"https:\/\/digitalbusinessdeveloper.com\/fotografos\/wp-content\/uploads\/2025\/06\/about-tattoo-muse-sec.png\" alt=\"video\" \/><div class=\"tp-video-popup-icon\"> <div class=\"tp-video-icon \"><img decoding=\"async\" class=\"ts-video-caption\" src=\"https:\/\/digitalbusinessdeveloper.com\/fotografos\/wp-content\/uploads\/2025\/06\/play-video-icon.svg\" alt=\"play-video-icon.svg\" \/><\/div><\/div><\/a><\/div><\/div>\n\n<div  class=\"tpgb-wrap-b0a0_164  tpgb-position-absolute tpgb-tab-position-absolute tpgb-mobile-position-absolute \"  ><div class=\"tpgb-infobox tpgb-relative-block tpgb-trans-linear tpgb-block-b0a0_164  info-box-style-3 \" ><div class=\"post-inner-loop \"><div class=\"info-box-inner tpgb-trans-linear tpgb_cnt_hvr_effect tpgb-relative-block tp-info-nc cnt_hvr_\"><div class=\"info-box-bg-box tpgb-trans-linear \"><div class=\"text-alignment\"><div class=\"style-3\"><div class=\"info-icon-content\"><div class=\"service-icon-wrap tpgb-trans-linear\"><img loading=\"lazy\" decoding=\"async\" width=\"364\" height=\"243\" src=\"https:\/\/digitalbusinessdeveloper.com\/fotografos\/wp-content\/uploads\/2025\/06\/valencia-b-img-1.png\" class=\"service-icon tpgb-trans-linear\" alt=\"Info Box\" srcset=\"https:\/\/digitalbusinessdeveloper.com\/fotografos\/wp-content\/uploads\/2025\/06\/valencia-b-img-1.png 364w, https:\/\/digitalbusinessdeveloper.com\/fotografos\/wp-content\/uploads\/2025\/06\/valencia-b-img-1-300x200.png 300w\" sizes=\"auto, (max-width: 364px) 100vw, 364px\" \/><\/div><\/div><div class=\"service-title tpgb-trans-linear\">\u201cN\u00e3o consigo expressar o quanto sou grato pelos excelentes servi\u00e7os de cuidado infantil oferecidos pela TattooMuse.\u201d<\/div><div class=\"service-desc tpgb-trans-linear\">Valencia B.<\/div><\/div><\/div><\/div><div class=\"infobox-overlay-color tpgb-trans-linear\"><\/div><\/div><\/div><\/div><\/div>\n<\/div><\/div>\n\n<div  class=\"tpgb-container-row tpgb-block-d8c8_164    alignfull  tpgb-container-inline  tpgb-container-wide \" data-id=\"d8c8_164 \"   ><div class=\"tpgb-cont-in\">\n<div  class=\"tpgb-container-row tpgb-block-2f80_164    alignfull  tpgb-container-inline  tpgb-container-full \" data-id=\"2f80_164 \"   >\n<div class=\"tpgb-number-counter tpgb-relative-block counter-style-1 text-left tpgb-block-52f7_164 \"><div class=\"number-counter-inner tpgb-relative-block tpgb-trans-ease \"><div class=\"counter-wrap-content\"><h5 class=\"nc-counter-number tpgb-trans-ease\"><span class=\"counter-number-inner numscroller\" data-min=\"0\" data-max=\"3020\" data-delay=\"5\" data-increment=\"5\" data-numeration=\"default\">0<\/span><span class=\"counter-symbol-text\">+<\/span><\/h5><a href=\"#\"    aria-label=\"Design de Tatuagem\"><h6 class=\"counter-title tpgb-trans-ease\">Design de Tatuagem<\/h6><\/a><\/div><\/div><\/div>\n\n<div class=\"tpgb-number-counter tpgb-relative-block counter-style-1 text-left tpgb-block-c1b5_164 \"><div class=\"number-counter-inner tpgb-relative-block tpgb-trans-ease \"><div class=\"counter-wrap-content\"><h5 class=\"nc-counter-number tpgb-trans-ease\"><span class=\"counter-number-inner numscroller\" data-min=\"0\" data-max=\"800\" data-delay=\"5\" data-increment=\"5\" data-numeration=\"default\">0<\/span><span class=\"counter-symbol-text\">+<\/span><\/h5><a href=\"#\"    aria-label=\"Perfura\u00e7\u00e3o Realizada\"><h6 class=\"counter-title tpgb-trans-ease\">Perfura\u00e7\u00e3o Realizada<\/h6><\/a><\/div><\/div><\/div>\n\n<div class=\"tpgb-number-counter tpgb-relative-block counter-style-1 text-left tpgb-block-b420_164 \"><div class=\"number-counter-inner tpgb-relative-block tpgb-trans-ease \"><div class=\"counter-wrap-content\"><h5 class=\"nc-counter-number tpgb-trans-ease\"><span class=\"counter-number-inner numscroller\" data-min=\"0\" data-max=\"730\" data-delay=\"5\" data-increment=\"5\" data-numeration=\"default\">0<\/span><span class=\"counter-symbol-text\">+<\/span><\/h5><a href=\"#\"    aria-label=\"Clientes Satisfeitos\"><h6 class=\"counter-title tpgb-trans-ease\">Clientes Satisfeitos<\/h6><\/a><\/div><\/div><\/div>\n\n\n<div class=\"tpgb-pro-paragraph tpgb-block-d936_164\"><div class=\"pro-paragraph-inner\"><p>Na TattooMuse, temos imenso orgulho nas hist\u00f3rias de sucesso de nossos clientes. Hoje, estamos entusiasmados em compartilhar a inspiradora trajet\u00f3ria de Elba J. Kettler, que alcan\u00e7ou sua not\u00e1vel conquista com determina\u00e7\u00e3o, trabalho \u00e1rduo e o apoio da nossa equipe.<\/p><\/div><\/div>\n\n<\/div>\n<\/div><\/div>\n\n<div  class=\"tpgb-container-row tpgb-block-2a7c_164    alignfull   tpgb-container-wide \" data-id=\"2a7c_164 \"   ><div class=\"tpgb-cont-in\">\n<div class=\"tpgb-container-col tpgb-block-450a_164 \" data-id=\"450a_164\"  >\n\n<div class=\"tpgb-pro-paragraph tpgb-block-c69d_164\"><div class=\"pro-paragraph-inner\"><p>A criatividade \u00e9 uma for\u00e7a que reside dentro de cada um de n\u00f3s, esperando para ser liberada e explorada. \u00c9 a fa\u00edsca que acende a inova\u00e7\u00e3o, o pincel. A criatividade \u00e9 uma for\u00e7a que reside dentro de cada um de n\u00f3s, esperando para ser liberada e explorada. \u00c9 a fa\u00edsca que acende a inova\u00e7\u00e3o, o pincel.<\/p><\/div><\/div>\n\n\n<div class=\"tpgb-plus-button tpgb-relative-block tpgb-block-9200_164 button-style-16   \"><div class=\"animted-content-inner\"><a href=\"\"   class=\"button-link-wrap tpgb-trans-linear    \" role=\"button\" aria-label=\"Saiba Mais\" data-hover=\"Click Here\" ><span>Saiba Mais<span class=\"btn-icon tpgb-trans-linear  button-after\"><i class=\"fas fa-arrow-right\"><\/i><\/span><\/span><\/a><\/div><\/div>\n<\/div>\n\n<div class=\"tpgb-container-col tpgb-block-ab91_164 \" data-id=\"ab91_164\"  >\n<div class=\"tpgb-progress-bar tpgb-relative-block tpgb-block-6098_164  \" ><div class=\"progress-bar-media\"><div class=\"prog-title prog-icon\"><span class=\"progres-ims\"><\/span><span class=\"progress-bar-title \">Tatuagem de Corpo Inteiro<\/span><\/div><h5 class=\"counter-number\"><span class=\"theserivce-milestone-number icon-milestone\">90<\/span><span class=\"theserivce-milestone-symbol\">%<\/span><\/h5><\/div><div class=\"progress-bar-skill skill-fill small\"><div class=\"progress-bar-skill-bar-filled\" data-width=\"90%\"><\/div><\/div><\/div>\n\n<div class=\"tpgb-progress-bar tpgb-relative-block tpgb-block-c9d9_164  \" ><div class=\"progress-bar-media\"><div class=\"prog-title prog-icon\"><span class=\"progres-ims\"><\/span><span class=\"progress-bar-title \">Tatuagem Colorida Completa<\/span><\/div><h5 class=\"counter-number\"><span class=\"theserivce-milestone-number icon-milestone\">80<\/span><span class=\"theserivce-milestone-symbol\">%<\/span><\/h5><\/div><div class=\"progress-bar-skill skill-fill small\"><div class=\"progress-bar-skill-bar-filled\" data-width=\"80%\"><\/div><\/div><\/div>\n\n<div class=\"tpgb-progress-bar tpgb-relative-block tpgb-block-ba0e_164  \" ><div class=\"progress-bar-media\"><div class=\"prog-title prog-icon\"><span class=\"progres-ims\"><\/span><span class=\"progress-bar-title \">Arte da Perfura\u00e7\u00e3o<\/span><\/div><h5 class=\"counter-number\"><span class=\"theserivce-milestone-number icon-milestone\">95<\/span><span class=\"theserivce-milestone-symbol\">%<\/span><\/h5><\/div><div class=\"progress-bar-skill skill-fill small\"><div class=\"progress-bar-skill-bar-filled\" data-width=\"95%\"><\/div><\/div><\/div>\n\n<div class=\"tpgb-progress-bar tpgb-relative-block tpgb-block-ed38_164  \" ><div class=\"progress-bar-media\"><div class=\"prog-title prog-icon\"><span class=\"progres-ims\"><\/span><span class=\"progress-bar-title \">3D Tattoo<\/span><\/div><h5 class=\"counter-number\"><span class=\"theserivce-milestone-number icon-milestone\">80<\/span><span class=\"theserivce-milestone-symbol\">%<\/span><\/h5><\/div><div class=\"progress-bar-skill skill-fill small\"><div class=\"progress-bar-skill-bar-filled\" data-width=\"80%\"><\/div><\/div><\/div>\n\n\n<div class=\"wp-block-tpgb-tp-image tpgb-image tpgb-block-bade_164\"><figure class=\"tpgb-figure\"><img decoding=\"async\" width=\"558\" height=\"198\" src=\"https:\/\/digitalbusinessdeveloper.com\/fotografos\/wp-content\/uploads\/2025\/06\/progress-bottom-img.png\" alt=\"\" class=\"tpgb-img-inner wp-image-81\" loading=\"lazy\" srcset=\"https:\/\/digitalbusinessdeveloper.com\/fotografos\/wp-content\/uploads\/2025\/06\/progress-bottom-img.png 558w, https:\/\/digitalbusinessdeveloper.com\/fotografos\/wp-content\/uploads\/2025\/06\/progress-bottom-img-300x106.png 300w\" sizes=\"auto, (max-width: 558px) 100vw, 558px\" \/><\/figure><\/div>\n\n<\/div>\n<\/div><\/div>\n\n<div  class=\"tpgb-container-row tpgb-block-65cf_164    alignfull   tpgb-container-wide \" data-id=\"65cf_164 \"   ><div class=\"tpgb-cont-in\">\n<div class=\"tpgb-container-col tpgb-block-1292_164 \" data-id=\"1292_164\"  >\n\n<h2 class=\"wp-block-tpgb-tp-heading tp-core-heading tpgb-block-4ce9_164\">O Que Nosso Cliente Diz<\/h2>\n\n\n<div  class=\"tpgb-wrap-f43a_164  tpgb-wrap-fw \"  ><div class=\"tpgb-testimonials tpgb-relative-block testimonial-style-1  tpgb-block-f43a_164   dots-style-1 tpgb-carousel splide \" data-splide='{\"updateOnMove\":true,\"direction\":\"ltr\",\"start\":0,\"autoplay\":true,\"speed\":3000,\"interval\":3000,\"drag\":true,\"type\":\"loop\",\"pauseOnHover\":false,\"pagination\":true,\"arrows\":false,\"padding\":\"\",\"perMove\":1,\"perPage\":1,\"wheel\":false,\"releaseWheel\":false,\"waitForTransition\":false,\"keyboard\":false,\"breakpoints\":{\"1024\":{\"pagination\":true,\"drag\":true,\"padding\":\"\",\"perMove\":1,\"perPage\":1,\"focus\":0},\"767\":{\"pagination\":true,\"drag\":true,\"padding\":\"\",\"perMove\":1,\"perPage\":1,\"focus\":0}},\"focus\":0}' data-layout=\"carousel\" data-id=\"f43a_164\"  ><div class=\"post-loop-inner splide__track\"><div class=\"splide__list\"><div class=\"grid-item splide__slide tp-repeater-item-blx7\" ><div class=\"testimonial-list-content\" ><div class=\"testimonial-content-text\"><div class=\"entry-content scroll-on-hover\">\u201cN\u00e3o consigo expressar o quanto sou grato pelos excelentes servi\u00e7os de cuidado infantil oferecidos pela TattooMuse. Os cuidadores n\u00e3o s\u00e3o apenas profissionais altamente treinados; eles tamb\u00e9m s\u00e3o calorosos, carinhosos e atenciosos. Meu filho adora o tempo que passa aqui e, como pai, esse \u00e9 o sentimento mais tranquilizador. Os materiais de aprendizagem s\u00e3o envolventes, adequados para a idade e alinhados perfeitamente com as necessidades de desenvolvimento do nosso filho.\u201d<\/div><\/div><div class=\"post-content-image\"><div class=\"author-thumb\"><img loading=\"lazy\" decoding=\"async\" width=\"69\" height=\"68\" src=\"https:\/\/digitalbusinessdeveloper.com\/fotografos\/wp-content\/uploads\/2025\/06\/JENS-PROFILE-IMG.png\" class=\"attachment-medium size-medium\" alt=\"JENS-PROFILE-IMG\" srcset=\"https:\/\/digitalbusinessdeveloper.com\/fotografos\/wp-content\/uploads\/2025\/06\/JENS-PROFILE-IMG.png 69w, https:\/\/digitalbusinessdeveloper.com\/fotografos\/wp-content\/uploads\/2025\/06\/JENS-PROFILE-IMG-150x150.png 150w, https:\/\/digitalbusinessdeveloper.com\/fotografos\/wp-content\/uploads\/2025\/06\/JENS-PROFILE-IMG-700x700.png 700w\" sizes=\"auto, (max-width: 69px) 100vw, 69px\" \/><\/div><div class=\"testi-post-title\">Jens Friedmann<\/div><div class=\"testi-post-designation\">Musician<\/div><\/div><\/div><\/div><div class=\"grid-item splide__slide tp-repeater-item-6nuh\" ><div class=\"testimonial-list-content\" ><div class=\"testimonial-content-text\"><div class=\"entry-content scroll-on-hover\">\u201cN\u00e3o consigo expressar o quanto sou grato pelos excelentes servi\u00e7os de cuidado infantil oferecidos pela TattooMuse. Os cuidadores n\u00e3o s\u00e3o apenas profissionais altamente treinados; eles tamb\u00e9m s\u00e3o calorosos, carinhosos e atentos. Meu filho adora o tempo que passa aqui e, como pai, esse \u00e9 o sentimento mais tranquilizador. Os materiais de aprendizagem s\u00e3o envolventes, adequados para a idade e perfeitamente alinhados com as necessidades de desenvolvimento do nosso filho.\u201d<\/div><\/div><div class=\"post-content-image\"><div class=\"author-thumb\"><img loading=\"lazy\" decoding=\"async\" width=\"69\" height=\"69\" src=\"https:\/\/digitalbusinessdeveloper.com\/fotografos\/wp-content\/uploads\/2025\/06\/musician-profile-pic.png\" class=\"attachment-medium size-medium\" alt=\"musician-profile-pic\" srcset=\"https:\/\/digitalbusinessdeveloper.com\/fotografos\/wp-content\/uploads\/2025\/06\/musician-profile-pic.png 69w, https:\/\/digitalbusinessdeveloper.com\/fotografos\/wp-content\/uploads\/2025\/06\/musician-profile-pic-150x150.png 150w, https:\/\/digitalbusinessdeveloper.com\/fotografos\/wp-content\/uploads\/2025\/06\/musician-profile-pic-700x700.png 700w\" sizes=\"auto, (max-width: 69px) 100vw, 69px\" \/><\/div><div class=\"testi-post-title\">Noor Friedmann<\/div><div class=\"testi-post-designation\">Singer<\/div><\/div><\/div><\/div><div class=\"grid-item splide__slide tp-repeater-item-15ew\" ><div class=\"testimonial-list-content\" ><div class=\"testimonial-content-text\"><div class=\"entry-content scroll-on-hover\">\u201cCada membro da equipe com quem interagi n\u00e3o foi apenas profissional, mas tamb\u00e9m amig\u00e1vel e conhecedor. Eles dedicaram tempo para responder \u00e0s minhas perguntas, fornecer orienta\u00e7\u00f5es e garantir que eu me sentisse confort\u00e1vel durante todo o processo. As instru\u00e7\u00f5es de cuidados p\u00f3s-procedimento foram detalhadas e contribu\u00edram para um processo de cicatriza\u00e7\u00e3o tranquilo. Cada membro da equipe com quem interagi n\u00e3o foi apenas profissional, mas tamb\u00e9m amig\u00e1vel e conhecedor.\u201d<\/div><\/div><div class=\"post-content-image\"><div class=\"author-thumb\"><img loading=\"lazy\" decoding=\"async\" width=\"68\" height=\"68\" src=\"https:\/\/digitalbusinessdeveloper.com\/fotografos\/wp-content\/uploads\/2025\/06\/tattoo-profile-pic.png\" class=\"attachment-medium size-medium\" alt=\"tattoo-profile-pic\" srcset=\"https:\/\/digitalbusinessdeveloper.com\/fotografos\/wp-content\/uploads\/2025\/06\/tattoo-profile-pic.png 68w, https:\/\/digitalbusinessdeveloper.com\/fotografos\/wp-content\/uploads\/2025\/06\/tattoo-profile-pic-150x150.png 150w, https:\/\/digitalbusinessdeveloper.com\/fotografos\/wp-content\/uploads\/2025\/06\/tattoo-profile-pic-700x700.png 700w\" sizes=\"auto, (max-width: 68px) 100vw, 68px\" \/><\/div><div class=\"testi-post-title\">kim Friedmann<\/div><div class=\"testi-post-designation\">Musician<\/div><\/div><\/div><\/div><\/div><\/div><\/div><\/div>\n<\/div>\n\n<div class=\"tpgb-container-col tpgb-block-0434_164 \" data-id=\"0434_164\"  ><\/div>\n<\/div><\/div>\n\n<div  class=\"tpgb-container-row tpgb-block-b3e1_164    alignfull   tpgb-container-wide \" data-id=\"b3e1_164 \"   ><div class=\"tpgb-cont-in\">\n<div class=\"tpgb-container-col tpgb-block-a03f_164 \" data-id=\"a03f_164\"  >\n\n<div class=\"wp-block-tpgb-tp-image tpgb-image tpgb-block-a365_164\"><figure class=\"tpgb-figure\"><img decoding=\"async\" width=\"609\" height=\"563\" src=\"https:\/\/digitalbusinessdeveloper.com\/fotografos\/wp-content\/uploads\/2025\/06\/Bring-tattoo-Life-Img.png\" alt=\"\" class=\"tpgb-img-inner wp-image-122\" loading=\"lazy\" srcset=\"https:\/\/digitalbusinessdeveloper.com\/fotografos\/wp-content\/uploads\/2025\/06\/Bring-tattoo-Life-Img.png 609w, https:\/\/digitalbusinessdeveloper.com\/fotografos\/wp-content\/uploads\/2025\/06\/Bring-tattoo-Life-Img-300x277.png 300w\" sizes=\"auto, (max-width: 609px) 100vw, 609px\" \/><\/figure><\/div>\n\n<\/div>\n\n<div class=\"tpgb-container-col tpgb-block-bdbf_164 \" data-id=\"bdbf_164\"  >\n\n<h2 class=\"wp-block-tpgb-tp-heading tp-core-heading tpgb-block-6ca6_164\">N\u00f3s Damos Vida \u00e0 Tatuagem<\/h2>\n\n\n\n<div class=\"wp-block-tpgb-tp-icon-box tpgb-icon-box tpgb-block-c8c0_164\"><span class=\"tpgb-nicon-wrap tpgb-nicon-default\"><img decoding=\"async\" class=\"tpgb-nicon wp-image-125\" src=\"https:\/\/digitalbusinessdeveloper.com\/fotografos\/wp-content\/uploads\/2025\/06\/swipe_down_alt_FILL0.svg\" alt=\"icon\"\/><\/span><\/div>\n\n\n\n<h3 class=\"wp-block-tpgb-tp-heading tp-core-heading tpgb-block-75fd_164\">Somos um sal\u00e3o de tatuagem de destaque com artistas experientes.<\/h3>\n\n\n\n<div class=\"tpgb-pro-paragraph tpgb-block-87ed_164\"><div class=\"pro-paragraph-inner\"><p>Estamos entusiasmados em anunciar a chegada da Tattoo Muse, seu novo destino para arte em tatuagem excepcional! Localizada no cora\u00e7\u00e3o da Tattoo Muse, oferecemos um ref\u00fagio onde criatividade, habilidade e experi\u00eancia se unem para criar obras de arte impressionantes na pele.<\/p><\/div><\/div>\n\n<\/div>\n<\/div><\/div>\n\n<div  class=\"tpgb-container-row tpgb-block-5db4_164    alignfull  tpgb-container-inline  tpgb-container-wide \" data-id=\"5db4_164 \"   ><div class=\"tpgb-cont-in\">\n\n<div class=\"tpgb-pro-paragraph tpgb-block-2cbd_164\"><h2 class=\"pro-heading-inner\">Conhe\u00e7a Nosso Artista<\/h2><\/div>\n\n\n<div class=\"tpgb-infobox tpgb-relative-block tpgb-trans-linear tpgb-block-b0f2_164  info-box-style-3 \" ><div class=\"post-inner-loop \"><div class=\"info-box-inner tpgb-trans-linear tpgb_cnt_hvr_effect tpgb-relative-block tp-info-nc cnt_hvr_\"><div class=\"info-box-bg-box tpgb-trans-linear \"><div class=\"text-alignment\"><div class=\"style-3\"><div class=\"info-icon-content\"><div class=\"service-icon-wrap tpgb-trans-linear\"><img loading=\"lazy\" decoding=\"async\" width=\"364\" height=\"396\" src=\"https:\/\/digitalbusinessdeveloper.com\/fotografos\/wp-content\/uploads\/2025\/06\/meet-artist-with-bg-one.png\" class=\"service-icon tpgb-trans-linear\" alt=\"Info Box\" srcset=\"https:\/\/digitalbusinessdeveloper.com\/fotografos\/wp-content\/uploads\/2025\/06\/meet-artist-with-bg-one.png 364w, https:\/\/digitalbusinessdeveloper.com\/fotografos\/wp-content\/uploads\/2025\/06\/meet-artist-with-bg-one-276x300.png 276w\" sizes=\"auto, (max-width: 364px) 100vw, 364px\" \/><\/div><\/div><h5 class=\"service-title tpgb-trans-linear\">Gregory D. Light<\/h5><div class=\"service-desc tpgb-trans-linear\">Artista de Tatuagem<\/div><\/div><\/div><\/div><div class=\"infobox-overlay-color tpgb-trans-linear\"><\/div><\/div><\/div><\/div>\n\n<div class=\"tpgb-infobox tpgb-relative-block tpgb-trans-linear tpgb-block-a370_164  info-box-style-3 \" ><div class=\"post-inner-loop \"><div class=\"info-box-inner tpgb-trans-linear tpgb_cnt_hvr_effect tpgb-relative-block tp-info-nc cnt_hvr_\"><div class=\"info-box-bg-box tpgb-trans-linear \"><div class=\"text-alignment\"><div class=\"style-3\"><div class=\"info-icon-content\"><div class=\"service-icon-wrap tpgb-trans-linear\"><img loading=\"lazy\" decoding=\"async\" width=\"364\" height=\"396\" src=\"https:\/\/digitalbusinessdeveloper.com\/fotografos\/wp-content\/uploads\/2025\/06\/meet-artist-with-bg-two.png\" class=\"service-icon tpgb-trans-linear\" alt=\"Info Box\" srcset=\"https:\/\/digitalbusinessdeveloper.com\/fotografos\/wp-content\/uploads\/2025\/06\/meet-artist-with-bg-two.png 364w, https:\/\/digitalbusinessdeveloper.com\/fotografos\/wp-content\/uploads\/2025\/06\/meet-artist-with-bg-two-276x300.png 276w\" sizes=\"auto, (max-width: 364px) 100vw, 364px\" \/><\/div><\/div><h5 class=\"service-title tpgb-trans-linear\">Malka S. Kawakami<\/h5><div class=\"service-desc tpgb-trans-linear\">Artista de Piercing<\/div><\/div><\/div><\/div><div class=\"infobox-overlay-color tpgb-trans-linear\"><\/div><\/div><\/div><\/div>\n\n<div class=\"tpgb-infobox tpgb-relative-block tpgb-trans-linear tpgb-block-b5ec_164  info-box-style-3 \" ><div class=\"post-inner-loop \"><div class=\"info-box-inner tpgb-trans-linear tpgb_cnt_hvr_effect tpgb-relative-block tp-info-nc cnt_hvr_\"><div class=\"info-box-bg-box tpgb-trans-linear \"><div class=\"text-alignment\"><div class=\"style-3\"><div class=\"info-icon-content\"><div class=\"service-icon-wrap tpgb-trans-linear\"><img loading=\"lazy\" decoding=\"async\" width=\"364\" height=\"396\" src=\"https:\/\/digitalbusinessdeveloper.com\/fotografos\/wp-content\/uploads\/2025\/06\/meet-artist-with-bg-three.png\" class=\"service-icon tpgb-trans-linear\" alt=\"Info Box\" srcset=\"https:\/\/digitalbusinessdeveloper.com\/fotografos\/wp-content\/uploads\/2025\/06\/meet-artist-with-bg-three.png 364w, https:\/\/digitalbusinessdeveloper.com\/fotografos\/wp-content\/uploads\/2025\/06\/meet-artist-with-bg-three-276x300.png 276w\" sizes=\"auto, (max-width: 364px) 100vw, 364px\" \/><\/div><\/div><h5 class=\"service-title tpgb-trans-linear\">Robert T. Chang<\/h5><div class=\"service-desc tpgb-trans-linear\">Artista de Tatuagem<\/div><\/div><\/div><\/div><div class=\"infobox-overlay-color tpgb-trans-linear\"><\/div><\/div><\/div><\/div>\n<\/div><\/div>\n\n<div  class=\"tpgb-container-row tpgb-block-c4cd_164    alignfull   tpgb-container-wide \" data-id=\"c4cd_164 \"   ><div class=\"tpgb-cont-in\">\n<div class=\"tpgb-container-col tpgb-block-8d04_164 \" data-id=\"8d04_164\"  >\n\n<div class=\"tpgb-pro-paragraph tpgb-block-8c2b_164\"><h2 class=\"pro-heading-inner\">Nossas \u00daltimas Not\u00edcias do Nosso Blog<\/h2><div class=\"pro-paragraph-inner\"><p>Fique por dentro das \u00faltimas tend\u00eancias, insights e inspira\u00e7\u00f5es no mundo das tatuagens, piercings e arte corporal atrav\u00e9s do nosso blog. <\/p><\/div><\/div>\n\n\n<div class=\"tpgb-plus-button tpgb-relative-block tpgb-block-6f3d_164 button-style-16   \"><div class=\"animted-content-inner\"><a href=\"\"   class=\"button-link-wrap tpgb-trans-linear    \" role=\"button\" aria-label=\"Saiba Mais\" data-hover=\"Click Here\" ><span>Saiba Mais<span class=\"btn-icon tpgb-trans-linear  button-after\"><i class=\"fas fa-arrow-right\"><\/i><\/span><\/span><\/a><\/div><\/div>\n<\/div>\n\n<div class=\"tpgb-container-col tpgb-block-5b34_164 \" data-id=\"5b34_164\"  >\n<div  class=\"tpgb-wrap-2ee0_164  tpgb-wrap-fw \"  ><h3 class=\"tpgb-no-posts-found\">No Posts found<\/h3><\/div>\n<\/div>\n<\/div><\/div>","protected":false},"excerpt":{"rendered":"","protected":false},"author":1,"featured_media":0,"parent":0,"menu_order":0,"comment_status":"closed","ping_status":"closed","template":"","meta":{"tpgb_global_settings":"","footnotes":""},"class_list":["post-164","page","type-page","status-publish","hentry"],"tpgb_featured_images":null,"tpgb_post_meta_info":{"get_date":"junho 24, 2025","get_modified_date":"junho 30, 2025","author_name":"Fotografos","author_url":"https:\/\/digitalbusinessdeveloper.com\/fotografos\/author\/miron8547\/","author_email":"one.business.bom@gmail.com","author_website":"https:\/\/digitalbusinessdeveloper.com\/fotografos","author_description":"","author_facebook":"","author_twitter":"","author_instagram":"","author_role":["administrator"],"author_firstname":"","author_lastname":"","user_login":"Miron8547@","author_avatar":"<img alt='' src='https:\/\/secure.gravatar.com\/avatar\/5924486c3e144a515ef457360cd44db83137ba2cf95df35d5b293beccc0fee9d?s=200&#038;d=mm&#038;r=g' srcset='https:\/\/secure.gravatar.com\/avatar\/5924486c3e144a515ef457360cd44db83137ba2cf95df35d5b293beccc0fee9d?s=400&#038;d=mm&#038;r=g 2x' class='avatar avatar-200 photo' height='200' width='200' loading='lazy' decoding='async'\/>","author_avatar_url":"https:\/\/secure.gravatar.com\/avatar\/5924486c3e144a515ef457360cd44db83137ba2cf95df35d5b293beccc0fee9d?s=96&d=mm&r=g","comment_count":0,"post_likes":0,"post_views":0},"tpgb_post_category":[],"_links":{"self":[{"href":"https:\/\/digitalbusinessdeveloper.com\/fotografos\/wp-json\/wp\/v2\/pages\/164","targetHints":{"allow":["GET"]}}],"collection":[{"href":"https:\/\/digitalbusinessdeveloper.com\/fotografos\/wp-json\/wp\/v2\/pages"}],"about":[{"href":"https:\/\/digitalbusinessdeveloper.com\/fotografos\/wp-json\/wp\/v2\/types\/page"}],"author":[{"embeddable":true,"href":"https:\/\/digitalbusinessdeveloper.com\/fotografos\/wp-json\/wp\/v2\/users\/1"}],"replies":[{"embeddable":true,"href":"https:\/\/digitalbusinessdeveloper.com\/fotografos\/wp-json\/wp\/v2\/comments?post=164"}],"version-history":[{"count":3,"href":"https:\/\/digitalbusinessdeveloper.com\/fotografos\/wp-json\/wp\/v2\/pages\/164\/revisions"}],"predecessor-version":[{"id":309,"href":"https:\/\/digitalbusinessdeveloper.com\/fotografos\/wp-json\/wp\/v2\/pages\/164\/revisions\/309"}],"wp:attachment":[{"href":"https:\/\/digitalbusinessdeveloper.com\/fotografos\/wp-json\/wp\/v2\/media?parent=164"}],"curies":[{"name":"wp","href":"https:\/\/api.w.org\/{rel}","templated":true}]}}