{"id":158,"date":"2025-06-24T21:30:13","date_gmt":"2025-06-24T21:30:13","guid":{"rendered":"https:\/\/digitalbusinessdeveloper.com\/fotografos\/contact-us-1-tattoomuse\/"},"modified":"2025-06-29T20:21:56","modified_gmt":"2025-06-29T20:21:56","slug":"contato","status":"publish","type":"page","link":"https:\/\/digitalbusinessdeveloper.com\/fotografos\/contato\/","title":{"rendered":"Contato"},"content":{"rendered":"<div id=\"HeroSec\" class=\"tpgb-container-row tpgb-block-83aa_158    alignfull  tpgb-container-inline  tpgb-container-wide \" data-id=\"83aa_158 \"   ><div class=\"tpgb-cont-in\">\n<div  class=\"tpgb-container-row tpgb-block-a795_158    alignwide   tpgb-container-wide \" data-id=\"a795_158 \"   ><div class=\"tpgb-cont-in\">\n<div class=\"tpgb-container-col tpgb-block-4ae9_158 \" data-id=\"4ae9_158\"  ><\/div>\n\n<div class=\"tpgb-container-col tpgb-block-c73c_158 \" data-id=\"c73c_158\"  >\n\n<h1 class=\"wp-block-tpgb-tp-heading tp-core-heading tpgb-block-412e_158\">Agendar uma consulta<\/h1>\n\n\n\n<div class=\"tpgb-pro-paragraph tpgb-block-eb91_158\"><div class=\"pro-paragraph-inner\"><p>Estamos empolgados para come\u00e7ar! Agendar uma consulta conosco \u00e9 o primeiro passo para experimentar nossos servi\u00e7os excepcionais.<\/p><\/div><\/div>\n\n\n<div class=\"tpgb-infobox tpgb-relative-block tpgb-trans-linear tpgb-block-d7d1_158  info-box-style-1 \" ><div class=\"post-inner-loop \"><div class=\"info-box-inner tpgb-trans-linear tpgb_cnt_hvr_effect tpgb-relative-block tp-info-nc cnt_hvr_\"><div class=\"info-box-bg-box tpgb-trans-linear \"><div class=\"service-media text-left vertical-center\"><div class=\"m-r-16 style-1  \"><div class=\"info-icon-content\"><div class=\"service-icon-wrap tpgb-trans-linear\"><span class=\"service-icon tpgb-trans-linear  icon-rounded\"><i class=\"fas fa-map-marker-alt\"><\/i><\/span><\/div><\/div><\/div><div class=\"service-content\"><div class=\"service-title tpgb-trans-linear\">Localiza\u00e7\u00e3o do escrit\u00f3rio<\/div><div class=\"service-desc tpgb-trans-linear\">122 King Street, Melbourne Victoria 2000, Austr\u00e1lia<\/div><\/div><\/div><\/div><div class=\"infobox-overlay-color tpgb-trans-linear\"><\/div><\/div><\/div><\/div>\n\n\n<hr class=\"wp-block-separator has-text-color has-alpha-channel-opacity has-background\" style=\"background-color:#2f2f2f;color:#2f2f2f\"\/>\n\n\n<div class=\"tpgb-infobox tpgb-relative-block tpgb-trans-linear tpgb-block-f876_158  info-box-style-1 \" ><div class=\"post-inner-loop \"><div class=\"info-box-inner tpgb-trans-linear tpgb_cnt_hvr_effect tpgb-relative-block tp-info-nc cnt_hvr_\"><div class=\"info-box-bg-box tpgb-trans-linear \"><div class=\"service-media text-left vertical-center\"><div class=\"m-r-16 style-1  \"><div class=\"info-icon-content\"><div class=\"service-icon-wrap tpgb-trans-linear\"><span class=\"service-icon tpgb-trans-linear  icon-rounded\"><i class=\"fas fa-phone-alt\"><\/i><\/span><\/div><\/div><\/div><div class=\"service-content\"><a href=\"#\" class=\"service-title tpgb-trans-linear\"   >Detalhes para contato<\/a><div class=\"service-desc tpgb-trans-linear\">0664 989 69 04\u2028<br>0699 794 64 01<\/div><\/div><\/div><\/div><div class=\"infobox-overlay-color tpgb-trans-linear\"><\/div><\/div><\/div><\/div>\n\n\n<hr class=\"wp-block-separator has-text-color has-alpha-channel-opacity has-background\" style=\"background-color:#2f2f2f;color:#2f2f2f\"\/>\n\n\n<div class=\"tpgb-infobox tpgb-relative-block tpgb-trans-linear tpgb-block-d212_158  info-box-style-1 \" ><div class=\"post-inner-loop \"><div class=\"info-box-inner tpgb-trans-linear tpgb_cnt_hvr_effect tpgb-relative-block tp-info-nc cnt_hvr_\"><div class=\"info-box-bg-box tpgb-trans-linear \"><div class=\"service-media text-left vertical-center\"><div class=\"m-r-16 style-1  \"><div class=\"info-icon-content\"><div class=\"service-icon-wrap tpgb-trans-linear\"><span class=\"service-icon tpgb-trans-linear  icon-rounded\"><i class=\"fas fa-envelope\"><\/i><\/span><\/div><\/div><\/div><div class=\"service-content\"><a href=\"#\" class=\"service-title tpgb-trans-linear\"   >Email <\/a><div class=\"service-desc tpgb-trans-linear\">info.tattoo@example.com\u2028<br>tattoomuse23@yahoo.com<\/div><\/div><\/div><\/div><div class=\"infobox-overlay-color tpgb-trans-linear\"><\/div><\/div><\/div><\/div>\n<\/div>\n<\/div><\/div>\n<\/div><\/div>","protected":false},"excerpt":{"rendered":"","protected":false},"author":1,"featured_media":0,"parent":0,"menu_order":0,"comment_status":"closed","ping_status":"closed","template":"","meta":{"tpgb_global_settings":"","footnotes":""},"class_list":["post-158","page","type-page","status-publish","hentry"],"tpgb_featured_images":null,"tpgb_post_meta_info":{"get_date":"junho 24, 2025","get_modified_date":"junho 29, 2025","author_name":"Fotografos","author_url":"https:\/\/digitalbusinessdeveloper.com\/fotografos\/author\/miron8547\/","author_email":"one.business.bom@gmail.com","author_website":"https:\/\/digitalbusinessdeveloper.com\/fotografos","author_description":"","author_facebook":"","author_twitter":"","author_instagram":"","author_role":["administrator"],"author_firstname":"","author_lastname":"","user_login":"Miron8547@","author_avatar":"<img alt='' src='https:\/\/secure.gravatar.com\/avatar\/5924486c3e144a515ef457360cd44db83137ba2cf95df35d5b293beccc0fee9d?s=200&#038;d=mm&#038;r=g' srcset='https:\/\/secure.gravatar.com\/avatar\/5924486c3e144a515ef457360cd44db83137ba2cf95df35d5b293beccc0fee9d?s=400&#038;d=mm&#038;r=g 2x' class='avatar avatar-200 photo' height='200' width='200' loading='lazy' decoding='async'\/>","author_avatar_url":"https:\/\/secure.gravatar.com\/avatar\/5924486c3e144a515ef457360cd44db83137ba2cf95df35d5b293beccc0fee9d?s=96&d=mm&r=g","comment_count":0,"post_likes":0,"post_views":0},"tpgb_post_category":[],"_links":{"self":[{"href":"https:\/\/digitalbusinessdeveloper.com\/fotografos\/wp-json\/wp\/v2\/pages\/158","targetHints":{"allow":["GET"]}}],"collection":[{"href":"https:\/\/digitalbusinessdeveloper.com\/fotografos\/wp-json\/wp\/v2\/pages"}],"about":[{"href":"https:\/\/digitalbusinessdeveloper.com\/fotografos\/wp-json\/wp\/v2\/types\/page"}],"author":[{"embeddable":true,"href":"https:\/\/digitalbusinessdeveloper.com\/fotografos\/wp-json\/wp\/v2\/users\/1"}],"replies":[{"embeddable":true,"href":"https:\/\/digitalbusinessdeveloper.com\/fotografos\/wp-json\/wp\/v2\/comments?post=158"}],"version-history":[{"count":4,"href":"https:\/\/digitalbusinessdeveloper.com\/fotografos\/wp-json\/wp\/v2\/pages\/158\/revisions"}],"predecessor-version":[{"id":294,"href":"https:\/\/digitalbusinessdeveloper.com\/fotografos\/wp-json\/wp\/v2\/pages\/158\/revisions\/294"}],"wp:attachment":[{"href":"https:\/\/digitalbusinessdeveloper.com\/fotografos\/wp-json\/wp\/v2\/media?parent=158"}],"curies":[{"name":"wp","href":"https:\/\/api.w.org\/{rel}","templated":true}]}}