{"id":152,"date":"2025-06-24T21:30:13","date_gmt":"2025-06-24T21:30:13","guid":{"rendered":"https:\/\/digitalbusinessdeveloper.com\/fotografos\/services-tattoomuse\/"},"modified":"2025-06-29T20:19:26","modified_gmt":"2025-06-29T20:19:26","slug":"servicos","status":"publish","type":"page","link":"https:\/\/digitalbusinessdeveloper.com\/fotografos\/servicos\/","title":{"rendered":"Servi\u00e7os"},"content":{"rendered":"<div  class=\"tpgb-container-row tpgb-block-89b8_152    alignfull  tpgb-container-inline  tpgb-container-wide \" data-id=\"89b8_152 \"   ><div class=\"tpgb-cont-in\">\n\n<h1 class=\"wp-block-tpgb-tp-heading tp-core-heading tpgb-block-6649_152\">Conhe\u00e7a Nosso Servi\u00e7o<\/h1>\n\n\n<div id=\"HeroSec\" class=\"tpgb-container-row tpgb-block-2a34_152    alignfull  tpgb-container-inline  tpgb-container-full \" data-id=\"2a34_152 \"   >\n\n<div class=\"wp-block-tpgb-tp-image tpgb-image tpgb-block-46ba_152\"><figure class=\"tpgb-figure\"><img decoding=\"async\" width=\"558\" height=\"358\" src=\"https:\/\/digitalbusinessdeveloper.com\/fotografos\/wp-content\/uploads\/2025\/06\/service-img-one.png\" alt=\"\" class=\"tpgb-img-inner wp-image-19\" loading=\"lazy\" srcset=\"https:\/\/digitalbusinessdeveloper.com\/fotografos\/wp-content\/uploads\/2025\/06\/service-img-one.png 558w, https:\/\/digitalbusinessdeveloper.com\/fotografos\/wp-content\/uploads\/2025\/06\/service-img-one-300x192.png 300w\" sizes=\"auto, (max-width: 558px) 100vw, 558px\" \/><\/figure><\/div>\n\n\n<div class=\"tpgb-infobox tpgb-relative-block tpgb-trans-linear tpgb-block-6ea0_152  info-box-style-1 \" ><div class=\"post-inner-loop \"><div class=\"info-box-inner tpgb-trans-linear tpgb_cnt_hvr_effect tpgb-relative-block tp-info-nc cnt_hvr_\"><div class=\"info-box-bg-box tpgb-trans-linear \"><div class=\"service-media text-left \"><div class=\"m-r-16 style-1  \"><div class=\"info-icon-content\"><div class=\"service-icon-wrap tpgb-trans-linear\"><img decoding=\"async\" src=\"https:\/\/digitalbusinessdeveloper.com\/fotografos\/wp-content\/uploads\/2025\/06\/number-one-img.svg\" class=\"service-icon tpgb-trans-linear\" alt=\"Info Box\" \/><\/div><\/div><\/div><div class=\"service-content\"><h3 class=\"service-title tpgb-trans-linear\">Design de Tatuagem<\/h3><div class=\"service-desc tpgb-trans-linear\">O design de tatuagem \u00e9 uma jornada cativante e art\u00edstica que permite \u00e0s pessoas transformar suas ideias, hist\u00f3rias e sentimentos em obras duradouras de arte corporal. Na TattooMuse, celebramos a arte e a criatividade envolvidas na cria\u00e7\u00e3o dessas express\u00f5es \u00fanicas e pessoais.<\/div><div class=\"infobox-btn-block \"><div class=\"tpgb-adv-button button-style-8\"><a class=\"button-link-wrap\"  href=\"#\"     >Saiba Mais<\/a><\/div><\/div><\/div><\/div><\/div><div class=\"infobox-overlay-color tpgb-trans-linear\"><\/div><\/div><\/div><\/div>\n<\/div>\n\n<div  class=\"tpgb-container-row tpgb-block-c965_152    alignfull  tpgb-container-inline  tpgb-container-full \" data-id=\"c965_152 \"   >\n\n<div class=\"wp-block-tpgb-tp-image tpgb-image tpgb-block-964f_152\"><figure class=\"tpgb-figure\"><img decoding=\"async\" width=\"558\" height=\"358\" src=\"https:\/\/digitalbusinessdeveloper.com\/fotografos\/wp-content\/uploads\/2025\/06\/service-img-two.png\" alt=\"\" class=\"tpgb-img-inner wp-image-49\" loading=\"lazy\" srcset=\"https:\/\/digitalbusinessdeveloper.com\/fotografos\/wp-content\/uploads\/2025\/06\/service-img-two.png 558w, https:\/\/digitalbusinessdeveloper.com\/fotografos\/wp-content\/uploads\/2025\/06\/service-img-two-300x192.png 300w\" sizes=\"auto, (max-width: 558px) 100vw, 558px\" \/><\/figure><\/div>\n\n\n<div class=\"tpgb-infobox tpgb-relative-block tpgb-trans-linear tpgb-block-3a46_152  info-box-style-1 \" ><div class=\"post-inner-loop \"><div class=\"info-box-inner tpgb-trans-linear tpgb_cnt_hvr_effect tpgb-relative-block tp-info-nc cnt_hvr_\"><div class=\"info-box-bg-box tpgb-trans-linear \"><div class=\"service-media text-left \"><div class=\"m-r-16 style-1  \"><div class=\"info-icon-content\"><div class=\"service-icon-wrap tpgb-trans-linear\"><img decoding=\"async\" src=\"https:\/\/digitalbusinessdeveloper.com\/fotografos\/wp-content\/uploads\/2025\/06\/number-two-img.svg\" class=\"service-icon tpgb-trans-linear\" alt=\"Info Box\" \/><\/div><\/div><\/div><div class=\"service-content\"><h3 class=\"service-title tpgb-trans-linear\">Arte da Perfura\u00e7\u00e3o<\/h3><div class=\"service-desc tpgb-trans-linear\">O piercing \u00e9 uma forma atemporal de adornar o corpo que transcende culturas e gera\u00e7\u00f5es. \u00c9 uma forma de arte que permite \u00e0s pessoas expressar sua individualidade, real\u00e7ar sua beleza e celebrar sua singularidade. Na TattooMuse, abra\u00e7amos a arte da perfura\u00e7\u00e3o como um poderoso meio de autoexpress\u00e3o.<\/div><div class=\"infobox-btn-block \"><div class=\"tpgb-adv-button button-style-8\"><a class=\"button-link-wrap\"  href=\"#\"     >Saiba Mais<\/a><\/div><\/div><\/div><\/div><\/div><div class=\"infobox-overlay-color tpgb-trans-linear\"><\/div><\/div><\/div><\/div>\n<\/div>\n\n<div  class=\"tpgb-container-row tpgb-block-2f86_152    alignfull  tpgb-container-inline  tpgb-container-full \" data-id=\"2f86_152 \"   >\n\n<div class=\"wp-block-tpgb-tp-image tpgb-image tpgb-block-be22_152\"><figure class=\"tpgb-figure\"><img decoding=\"async\" width=\"558\" height=\"358\" src=\"https:\/\/digitalbusinessdeveloper.com\/fotografos\/wp-content\/uploads\/2025\/06\/Service-img-three.png\" alt=\"\" class=\"tpgb-img-inner wp-image-60\" loading=\"lazy\" srcset=\"https:\/\/digitalbusinessdeveloper.com\/fotografos\/wp-content\/uploads\/2025\/06\/Service-img-three.png 558w, https:\/\/digitalbusinessdeveloper.com\/fotografos\/wp-content\/uploads\/2025\/06\/Service-img-three-300x192.png 300w\" sizes=\"auto, (max-width: 558px) 100vw, 558px\" \/><\/figure><\/div>\n\n\n<div class=\"tpgb-infobox tpgb-relative-block tpgb-trans-linear tpgb-block-5c7c_152  info-box-style-1 \" ><div class=\"post-inner-loop \"><div class=\"info-box-inner tpgb-trans-linear tpgb_cnt_hvr_effect tpgb-relative-block tp-info-nc cnt_hvr_\"><div class=\"info-box-bg-box tpgb-trans-linear \"><div class=\"service-media text-left \"><div class=\"m-r-16 style-1  \"><div class=\"info-icon-content\"><div class=\"service-icon-wrap tpgb-trans-linear\"><img decoding=\"async\" src=\"https:\/\/digitalbusinessdeveloper.com\/fotografos\/wp-content\/uploads\/2025\/06\/number-three-img.svg\" class=\"service-icon tpgb-trans-linear\" alt=\"Info Box\" \/><\/div><\/div><\/div><div class=\"service-content\"><h3 class=\"service-title tpgb-trans-linear\">Tatuagem Tribal<\/h3><div class=\"service-desc tpgb-trans-linear\">As tatuagens tribais t\u00eam suas ra\u00edzes em v\u00e1rias culturas ind\u00edgenas ao redor do mundo, incluindo os Maori da Nova Zel\u00e2ndia, os polin\u00e9sios, os nativos americanos e muitos outros. Cada cultura possui suas tradi\u00e7\u00f5es distintas de tatuagens tribais, com s\u00edmbolos e padr\u00f5es que refletem sua heran\u00e7a, cren\u00e7as e hist\u00f3rias.<\/div><div class=\"infobox-btn-block \"><div class=\"tpgb-adv-button button-style-8\"><a class=\"button-link-wrap\"  href=\"#\"     >Saiba Mais<\/a><\/div><\/div><\/div><\/div><\/div><div class=\"infobox-overlay-color tpgb-trans-linear\"><\/div><\/div><\/div><\/div>\n<\/div>\n\n<div  class=\"tpgb-container-row tpgb-block-7266_152    alignfull  tpgb-container-inline  tpgb-container-full \" data-id=\"7266_152 \"   >\n\n<div class=\"wp-block-tpgb-tp-image tpgb-image tpgb-block-98c0_152\"><figure class=\"tpgb-figure\"><img decoding=\"async\" width=\"558\" height=\"358\" src=\"https:\/\/digitalbusinessdeveloper.com\/fotografos\/wp-content\/uploads\/2025\/06\/body-piercing-right-img.png\" alt=\"\" class=\"tpgb-img-inner wp-image-74\" loading=\"lazy\" srcset=\"https:\/\/digitalbusinessdeveloper.com\/fotografos\/wp-content\/uploads\/2025\/06\/body-piercing-right-img.png 558w, https:\/\/digitalbusinessdeveloper.com\/fotografos\/wp-content\/uploads\/2025\/06\/body-piercing-right-img-300x192.png 300w\" sizes=\"auto, (max-width: 558px) 100vw, 558px\" \/><\/figure><\/div>\n\n\n<div class=\"tpgb-infobox tpgb-relative-block tpgb-trans-linear tpgb-block-5335_152  info-box-style-1 \" ><div class=\"post-inner-loop \"><div class=\"info-box-inner tpgb-trans-linear tpgb_cnt_hvr_effect tpgb-relative-block tp-info-nc cnt_hvr_\"><div class=\"info-box-bg-box tpgb-trans-linear \"><div class=\"service-media text-left \"><div class=\"m-r-16 style-1  \"><div class=\"info-icon-content\"><div class=\"service-icon-wrap tpgb-trans-linear\"><img decoding=\"async\" src=\"https:\/\/digitalbusinessdeveloper.com\/fotografos\/wp-content\/uploads\/2025\/06\/number-four-img.svg\" class=\"service-icon tpgb-trans-linear\" alt=\"Info Box\" \/><\/div><\/div><\/div><div class=\"service-content\"><h3 class=\"service-title tpgb-trans-linear\">Perfura\u00e7\u00e3o Corporal<\/h3><div class=\"service-desc tpgb-trans-linear\">Na TattooMuse, a perfura\u00e7\u00e3o corporal \u00e9 uma forma ancestral de autoexpress\u00e3o e adorno que transcende tempo e cultura. \u00c9 uma pr\u00e1tica que permite \u00e0s pessoas personalizar seus corpos, celebrar sua singularidade e abra\u00e7ar seu pr\u00f3prio estilo. Convidamos voc\u00ea a fazer parte da nossa vibrante comunidade de piercing.<\/div><div class=\"infobox-btn-block \"><div class=\"tpgb-adv-button button-style-8\"><a class=\"button-link-wrap\"  href=\"#\"     >Saiba Mais<\/a><\/div><\/div><\/div><\/div><\/div><div class=\"infobox-overlay-color tpgb-trans-linear\"><\/div><\/div><\/div><\/div>\n<\/div>\n<\/div><\/div>","protected":false},"excerpt":{"rendered":"","protected":false},"author":1,"featured_media":0,"parent":0,"menu_order":0,"comment_status":"closed","ping_status":"closed","template":"","meta":{"tpgb_global_settings":"","footnotes":""},"class_list":["post-152","page","type-page","status-publish","hentry"],"tpgb_featured_images":null,"tpgb_post_meta_info":{"get_date":"junho 24, 2025","get_modified_date":"junho 29, 2025","author_name":"Fotografos","author_url":"https:\/\/digitalbusinessdeveloper.com\/fotografos\/author\/miron8547\/","author_email":"one.business.bom@gmail.com","author_website":"https:\/\/digitalbusinessdeveloper.com\/fotografos","author_description":"","author_facebook":"","author_twitter":"","author_instagram":"","author_role":["administrator"],"author_firstname":"","author_lastname":"","user_login":"Miron8547@","author_avatar":"<img alt='' src='https:\/\/secure.gravatar.com\/avatar\/5924486c3e144a515ef457360cd44db83137ba2cf95df35d5b293beccc0fee9d?s=200&#038;d=mm&#038;r=g' srcset='https:\/\/secure.gravatar.com\/avatar\/5924486c3e144a515ef457360cd44db83137ba2cf95df35d5b293beccc0fee9d?s=400&#038;d=mm&#038;r=g 2x' class='avatar avatar-200 photo' height='200' width='200' loading='lazy' decoding='async'\/>","author_avatar_url":"https:\/\/secure.gravatar.com\/avatar\/5924486c3e144a515ef457360cd44db83137ba2cf95df35d5b293beccc0fee9d?s=96&d=mm&r=g","comment_count":0,"post_likes":0,"post_views":0},"tpgb_post_category":[],"_links":{"self":[{"href":"https:\/\/digitalbusinessdeveloper.com\/fotografos\/wp-json\/wp\/v2\/pages\/152","targetHints":{"allow":["GET"]}}],"collection":[{"href":"https:\/\/digitalbusinessdeveloper.com\/fotografos\/wp-json\/wp\/v2\/pages"}],"about":[{"href":"https:\/\/digitalbusinessdeveloper.com\/fotografos\/wp-json\/wp\/v2\/types\/page"}],"author":[{"embeddable":true,"href":"https:\/\/digitalbusinessdeveloper.com\/fotografos\/wp-json\/wp\/v2\/users\/1"}],"replies":[{"embeddable":true,"href":"https:\/\/digitalbusinessdeveloper.com\/fotografos\/wp-json\/wp\/v2\/comments?post=152"}],"version-history":[{"count":5,"href":"https:\/\/digitalbusinessdeveloper.com\/fotografos\/wp-json\/wp\/v2\/pages\/152\/revisions"}],"predecessor-version":[{"id":290,"href":"https:\/\/digitalbusinessdeveloper.com\/fotografos\/wp-json\/wp\/v2\/pages\/152\/revisions\/290"}],"wp:attachment":[{"href":"https:\/\/digitalbusinessdeveloper.com\/fotografos\/wp-json\/wp\/v2\/media?parent=152"}],"curies":[{"name":"wp","href":"https:\/\/api.w.org\/{rel}","templated":true}]}}