{"id":53,"date":"2025-06-21T20:18:32","date_gmt":"2025-06-21T20:18:32","guid":{"rendered":"https:\/\/digitalbusinessdeveloper.com\/estetica\/service-details-relaxnest\/"},"modified":"2025-06-29T18:52:10","modified_gmt":"2025-06-29T18:52:10","slug":"servico-1","status":"publish","type":"page","link":"https:\/\/digitalbusinessdeveloper.com\/estetica\/servico-1\/","title":{"rendered":"Servi\u00e7o 1"},"content":{"rendered":"<div  class=\"tpgb-container-row tpgb-block-1e95_53    alignfull  tpgb-container-inline  tpgb-container-wide \" data-id=\"1e95_53 \"   ><div class=\"tpgb-cont-in\"><\/div><\/div>\n\n<div  class=\"tpgb-container-row tpgb-block-3c3e_53    alignfull  tpgb-container-inline  tpgb-container-wide \" data-id=\"3c3e_53 \"   ><div class=\"tpgb-cont-in\">\n\n<h2 class=\"wp-block-tpgb-tp-heading tp-core-heading tpgb-block-d4bb_53\">Tratamentos Faciais<\/h2>\n\n\n<div  class=\"tpgb-container-row tpgb-block-2bb6_53    alignwide  tpgb-container-inline  tpgb-container-wide \" data-id=\"2bb6_53 \"   ><div class=\"tpgb-cont-in\">\n<div  class=\"tpgb-container-row tpgb-block-0eb4_53    alignfull  tpgb-container-inline  tpgb-container-full \" data-id=\"0eb4_53 \"   >\n\n<div class=\"wp-block-tpgb-tp-image tpgb-image tpgb-block-c8bf_53\"><figure class=\"tpgb-figure\"><img decoding=\"async\" width=\"703\" height=\"906\" src=\"https:\/\/digitalbusinessdeveloper.com\/estetica\/wp-content\/uploads\/2025\/06\/image-4.png\" alt=\"\" class=\"tpgb-img-inner wp-image-32\" loading=\"lazy\" srcset=\"https:\/\/digitalbusinessdeveloper.com\/estetica\/wp-content\/uploads\/2025\/06\/image-4.png 703w, https:\/\/digitalbusinessdeveloper.com\/estetica\/wp-content\/uploads\/2025\/06\/image-4-233x300.png 233w\" sizes=\"auto, (max-width: 703px) 100vw, 703px\" \/><\/figure><\/div>\n\n<\/div>\n\n<div  class=\"tpgb-container-row tpgb-block-ae7a_53    alignfull   tpgb-container-full \" data-id=\"ae7a_53 \"   >\n<div class=\"tpgb-container-col tpgb-block-1ebf_53 \" data-id=\"1ebf_53\"  >\n\n<h3 class=\"wp-block-tpgb-tp-heading tp-core-heading tpgb-block-4f4f_53\">Servi\u00e7os<\/h3>\n\n\n\n<div class=\"tpgb-accordion tpgb-block-1418_53\"><div class=\"tpgb-accor-wrap\" data-type=\"accordion\" role=\"tablist\"><div class=\"tpgb-accor-item tpgb-relative-block\"><div class=\"tpgb-accordion-header tpgb-trans-linear-before text-left\" id=\"tpag-tab-title-1418_531\" role=\"tab\" data-tab=\"1\" aria-controls=\"tpag-tab-title-1418_531\"><span class=\"accordion-title-icon-wrap\"><h3 class=\"accordion-title\">Tratamentos Faciais<\/h3><\/span><div class=\"accordion-toggle-icon\"><span class=\"close-toggle-icon toggle-icon\"><i class=\"fas fa-arrow-right\"><\/i><\/span><span class=\"open-toggle-icon toggle-icon\"><i class=\"fas fa-arrow-right\"><\/i><\/span><\/div><\/div><div id=\"tpag-tab-content-1418_531\" class=\"tpgb-accordion-content\" role=\"tabpanel\" data-tab=\"1\" aria-labelledby=\"tpag-tab-title-1418_531\"><div class=\"tpgb-content-editor text-left\"><\/div><\/div><\/div><div class=\"tpgb-accor-item tpgb-relative-block\"><div class=\"tpgb-accordion-header tpgb-trans-linear-before text-left\" id=\"tpag-tab-title-1418_532\" role=\"tab\" data-tab=\"2\" aria-controls=\"tpag-tab-title-1418_532\"><span class=\"accordion-title-icon-wrap\"><h3 class=\"accordion-title\">Massagem com Aromaterapia<\/h3><\/span><div class=\"accordion-toggle-icon\"><span class=\"close-toggle-icon toggle-icon\"><i class=\"fas fa-arrow-right\"><\/i><\/span><span class=\"open-toggle-icon toggle-icon\"><i class=\"fas fa-arrow-right\"><\/i><\/span><\/div><\/div><div id=\"tpag-tab-content-1418_532\" class=\"tpgb-accordion-content\" role=\"tabpanel\" data-tab=\"2\" aria-labelledby=\"tpag-tab-title-1418_532\"><div class=\"tpgb-content-editor text-left\"><\/div><\/div><\/div><div class=\"tpgb-accor-item tpgb-relative-block\"><div class=\"tpgb-accordion-header tpgb-trans-linear-before text-left\" id=\"tpag-tab-title-1418_533\" role=\"tab\" data-tab=\"3\" aria-controls=\"tpag-tab-title-1418_533\"><span class=\"accordion-title-icon-wrap\"><h3 class=\"accordion-title\">Esfolia\u00e7\u00f5es Corporais<\/h3><\/span><div class=\"accordion-toggle-icon\"><span class=\"close-toggle-icon toggle-icon\"><i class=\"fas fa-arrow-right\"><\/i><\/span><span class=\"open-toggle-icon toggle-icon\"><i class=\"fas fa-arrow-right\"><\/i><\/span><\/div><\/div><div id=\"tpag-tab-content-1418_533\" class=\"tpgb-accordion-content\" role=\"tabpanel\" data-tab=\"3\" aria-labelledby=\"tpag-tab-title-1418_533\"><div class=\"tpgb-content-editor text-left\"><\/div><\/div><\/div><div class=\"tpgb-accor-item tpgb-relative-block\"><div class=\"tpgb-accordion-header tpgb-trans-linear-before text-left\" id=\"tpag-tab-title-1418_534\" role=\"tab\" data-tab=\"4\" aria-controls=\"tpag-tab-title-1418_534\"><span class=\"accordion-title-icon-wrap\"><h3 class=\"accordion-title\">Terapia com Pedras Quentes<\/h3><\/span><div class=\"accordion-toggle-icon\"><span class=\"close-toggle-icon toggle-icon\"><i class=\"fas fa-arrow-right\"><\/i><\/span><span class=\"open-toggle-icon toggle-icon\"><i class=\"fas fa-arrow-right\"><\/i><\/span><\/div><\/div><div id=\"tpag-tab-content-1418_534\" class=\"tpgb-accordion-content\" role=\"tabpanel\" data-tab=\"4\" aria-labelledby=\"tpag-tab-title-1418_534\"><div class=\"tpgb-content-editor text-left\"><\/div><\/div><\/div><div class=\"tpgb-accor-item tpgb-relative-block\"><div class=\"tpgb-accordion-header tpgb-trans-linear-before text-left\" id=\"tpag-tab-title-1418_535\" role=\"tab\" data-tab=\"5\" aria-controls=\"tpag-tab-title-1418_535\"><span class=\"accordion-title-icon-wrap\"><h3 class=\"accordion-title\">Reflexologia<\/h3><\/span><div class=\"accordion-toggle-icon\"><span class=\"close-toggle-icon toggle-icon\"><i class=\"fas fa-arrow-right\"><\/i><\/span><span class=\"open-toggle-icon toggle-icon\"><i class=\"fas fa-arrow-right\"><\/i><\/span><\/div><\/div><div id=\"tpag-tab-content-1418_535\" class=\"tpgb-accordion-content\" role=\"tabpanel\" data-tab=\"5\" aria-labelledby=\"tpag-tab-title-1418_535\"><div class=\"tpgb-content-editor text-left\"><\/div><\/div><\/div><div class=\"tpgb-accor-item tpgb-relative-block\"><div class=\"tpgb-accordion-header tpgb-trans-linear-before text-left\" id=\"tpag-tab-title-1418_536\" role=\"tab\" data-tab=\"6\" aria-controls=\"tpag-tab-title-1418_536\"><span class=\"accordion-title-icon-wrap\"><h3 class=\"accordion-title\">Terapia para Costas e Pesco\u00e7o<\/h3><\/span><div class=\"accordion-toggle-icon\"><span class=\"close-toggle-icon toggle-icon\"><i class=\"fas fa-arrow-right\"><\/i><\/span><span class=\"open-toggle-icon toggle-icon\"><i class=\"fas fa-arrow-right\"><\/i><\/span><\/div><\/div><div id=\"tpag-tab-content-1418_536\" class=\"tpgb-accordion-content\" role=\"tabpanel\" data-tab=\"6\" aria-labelledby=\"tpag-tab-title-1418_536\"><div class=\"tpgb-content-editor text-left\"><\/div><\/div><\/div><\/div><\/div>\n\n<\/div>\n\n<div class=\"tpgb-container-col tpgb-block-57f7_53 \" data-id=\"57f7_53\"  >\n\n<h3 class=\"wp-block-tpgb-tp-heading tp-core-heading tpgb-block-528f_53\">Agende uma Consulta \u2192<br><\/h3>\n\n<\/div>\n<\/div>\n<\/div><\/div>\n\n<div  class=\"tpgb-container-row tpgb-block-c8d7_53    alignwide  tpgb-container-inline  tpgb-container-wide \" data-id=\"c8d7_53 \"   ><div class=\"tpgb-cont-in\">\n\n<div class=\"tpgb-pro-paragraph tpgb-block-3369_53\"><div class=\"pro-paragraph-inner\"><p>Os tratamentos faciais s\u00e3o uma parte essencial dos cuidados com a pele, proporcionando nutri\u00e7\u00e3o profunda, hidrata\u00e7\u00e3o e relaxamento para a sua pele. Esses tratamentos s\u00e3o desenvolvidos para atender a diversos tipos de pele e preocupa\u00e7\u00f5es, garantindo uma experi\u00eancia personalizada que aborda necessidades espec\u00edficas. Seja lidando com ressecamento, acne, envelhecimento ou apenas buscando um brilho renovado, as limpezas faciais podem ajudar a restaurar o equil\u00edbrio e a vitalidade da sua pele.<\/p><\/div><\/div>\n\n\n<div  class=\"tpgb-container-row tpgb-block-b03b_53    alignwide  tpgb-container-inline  tpgb-container-wide \" data-id=\"b03b_53 \"   ><div class=\"tpgb-cont-in\">\n\n<h4 class=\"wp-block-tpgb-tp-heading tp-core-heading tpgb-block-4a28_53\">1. Limpeza Profunda e Esfolia\u00e7\u00e3o:<\/h4>\n\n\n\n<div class=\"tpgb-pro-paragraph tpgb-block-db68_53\"><div class=\"pro-paragraph-inner\"><p>Uma etapa crucial em qualquer tratamento facial, a limpeza profunda remove sujeira, \u00f3leo e res\u00edduos de maquiagem que podem obstruir os poros. Em seguida, vem a esfolia\u00e7\u00e3o, que elimina as c\u00e9lulas mortas da pele e promove o crescimento de novas c\u00e9lulas. Esse processo n\u00e3o apenas limpa a pele, mas tamb\u00e9m melhora sua textura e luminosidade.<\/p><\/div><\/div>\n\n\n\n<h4 class=\"wp-block-tpgb-tp-heading tp-core-heading tpgb-block-a3a8_53\">2. Hidrata\u00e7\u00e3o e Nutri\u00e7\u00e3o:<\/h4>\n\n\n\n<div class=\"tpgb-pro-paragraph tpgb-block-282e_53\"><div class=\"pro-paragraph-inner\"><p>A hidrata\u00e7\u00e3o \u00e9 vital para manter a pele saud\u00e1vel. Durante um tratamento facial, s\u00e3o aplicados produtos hidratantes para restaurar a umidade e prevenir o ressecamento. Os tratamentos faciais hidratantes ajudam a repor a barreira natural de hidrata\u00e7\u00e3o da pele, deixando-a macia, suave e vi\u00e7osa.<\/p><\/div><\/div>\n\n\n\n<h4 class=\"wp-block-tpgb-tp-heading tp-core-heading tpgb-block-f816_53\">3. Tratamentos Faciais Personalizados:<\/h4>\n\n\n\n<div class=\"tpgb-pro-paragraph tpgb-block-26f7_53\"><div class=\"pro-paragraph-inner\"><p>Os tratamentos faciais podem ser personalizados para atender a preocupa\u00e7\u00f5es espec\u00edficas da pele. Seja para tratamentos anti-idade que reduzem linhas finas, faciais para acne que eliminam as erup\u00e7\u00f5es ou tratamentos calmantes para peles sens\u00edveis, os tratamentos faciais s\u00e3o desenvolvidos para atender \u00e0s necessidades individuais. M\u00e1scaras e s\u00e9runs especiais s\u00e3o usados para tratar essas preocupa\u00e7\u00f5es e promover uma pele mais jovem e clara.<\/p><\/div><\/div>\n\n\n\n<h4 class=\"wp-block-tpgb-tp-heading tp-core-heading tpgb-block-4bf6_53\">4. Relaxamento e Al\u00edvio do Estresse:<\/h4>\n\n\n\n<div class=\"tpgb-pro-paragraph tpgb-block-35a1_53\"><div class=\"pro-paragraph-inner\"><p>Al\u00e9m dos cuidados com a pele, os tratamentos faciais oferecem uma experi\u00eancia relaxante. As t\u00e9cnicas suaves de massagem usadas durante o tratamento ajudam a reduzir a tens\u00e3o no rosto, pesco\u00e7o e ombros. Isso melhora a circula\u00e7\u00e3o, promove a drenagem linf\u00e1tica e deixa voc\u00ea se sentindo renovado e revitalizado. Os tratamentos faciais n\u00e3o s\u00e3o apenas um luxo, mas uma necessidade para uma pele saud\u00e1vel e radiante. Eles proporcionam benef\u00edcios duradouros, garantindo que sua pele permane\u00e7a vibrante e jovem.<\/p><\/div><\/div>\n\n<\/div><\/div>\n\n<div  class=\"tpgb-container-row tpgb-block-004e_53    alignwide  tpgb-container-inline  tpgb-container-wide \" data-id=\"004e_53 \"   ><div class=\"tpgb-cont-in\">\n\n<div class=\"wp-block-tpgb-tp-image tpgb-image tpgb-block-b710_53\"><figure class=\"tpgb-figure\"><img decoding=\"async\" width=\"352\" height=\"378\" src=\"https:\/\/digitalbusinessdeveloper.com\/estetica\/wp-content\/uploads\/2025\/06\/image-1-1.png\" alt=\"\" class=\"tpgb-img-inner wp-image-44\" loading=\"lazy\" srcset=\"https:\/\/digitalbusinessdeveloper.com\/estetica\/wp-content\/uploads\/2025\/06\/image-1-1.png 352w, https:\/\/digitalbusinessdeveloper.com\/estetica\/wp-content\/uploads\/2025\/06\/image-1-1-279x300.png 279w\" sizes=\"auto, (max-width: 352px) 100vw, 352px\" \/><\/figure><\/div>\n\n\n\n<div class=\"wp-block-tpgb-tp-image tpgb-image tpgb-block-1e3f_53\"><figure class=\"tpgb-figure\"><img decoding=\"async\" width=\"352\" height=\"378\" src=\"https:\/\/digitalbusinessdeveloper.com\/estetica\/wp-content\/uploads\/2025\/06\/image-2-2.png\" alt=\"\" class=\"tpgb-img-inner wp-image-47\" loading=\"lazy\" srcset=\"https:\/\/digitalbusinessdeveloper.com\/estetica\/wp-content\/uploads\/2025\/06\/image-2-2.png 352w, https:\/\/digitalbusinessdeveloper.com\/estetica\/wp-content\/uploads\/2025\/06\/image-2-2-279x300.png 279w\" sizes=\"auto, (max-width: 352px) 100vw, 352px\" \/><\/figure><\/div>\n\n\n\n<div class=\"wp-block-tpgb-tp-image tpgb-image tpgb-block-acab_53\"><figure class=\"tpgb-figure\"><img decoding=\"async\" width=\"352\" height=\"378\" src=\"https:\/\/digitalbusinessdeveloper.com\/estetica\/wp-content\/uploads\/2025\/06\/image-3-2.png\" alt=\"\" class=\"tpgb-img-inner wp-image-50\" loading=\"lazy\" srcset=\"https:\/\/digitalbusinessdeveloper.com\/estetica\/wp-content\/uploads\/2025\/06\/image-3-2.png 352w, https:\/\/digitalbusinessdeveloper.com\/estetica\/wp-content\/uploads\/2025\/06\/image-3-2-279x300.png 279w\" sizes=\"auto, (max-width: 352px) 100vw, 352px\" \/><\/figure><\/div>\n\n<\/div><\/div>\n\n<div  class=\"tpgb-container-row tpgb-block-0074_53    alignwide  tpgb-container-inline  tpgb-container-wide \" data-id=\"0074_53 \"   ><div class=\"tpgb-cont-in\">\n<div class=\"tpgb-stylist-list tpgb-relative-block tpgb-block-b6a9_53  align-left  \" ><div class=\"tpgb-icon-list-items d-flex-center\"><div id=\"tooltip69ece2ffcc968\" class=\"tpgb-icon-list-item tp-repeater-item-e304 active\"  ><div class=\"tpgb-icon-list-icon\"><img decoding=\"async\" src=\"https:\/\/digitalbusinessdeveloper.com\/estetica\/wp-content\/uploads\/2025\/06\/check_circle_FILL1_wght400_GRAD0_opsz48-1.svg\" class=\"attachment-full size-full\" alt=\"check_circle_FILL1_wght400_GRAD0_opsz48 1\" \/><\/div><div class=\"tpgb-icon-list-text\"><p>Remove impurezas e c\u00e9lulas mortas da pele, deixando seu rosto renovado.<\/p><\/div><\/div><div id=\"tooltip69ece2ffcc991\" class=\"tpgb-icon-list-item tp-repeater-item-0 \"  ><div class=\"tpgb-icon-list-icon\"><img decoding=\"async\" src=\"https:\/\/digitalbusinessdeveloper.com\/estetica\/wp-content\/uploads\/2025\/06\/check_circle_FILL1_wght400_GRAD0_opsz48-1.svg\" class=\"attachment-full size-full\" alt=\"check_circle_FILL1_wght400_GRAD0_opsz48 1\" \/><\/div><div class=\"tpgb-icon-list-text\"><p>Massagens suaves durante os tratamentos faciais promovem relaxamento e circula\u00e7\u00e3o.<\/p><\/div><\/div><\/div><\/div>\n\n<div class=\"tpgb-stylist-list tpgb-relative-block tpgb-block-3902_53  align-left  \" ><div class=\"tpgb-icon-list-items d-flex-center\"><div id=\"tooltip69ece2ffcca51\" class=\"tpgb-icon-list-item tp-repeater-item-e304 active\"  ><div class=\"tpgb-icon-list-icon\"><img decoding=\"async\" src=\"https:\/\/digitalbusinessdeveloper.com\/estetica\/wp-content\/uploads\/2025\/06\/check_circle_FILL1_wght400_GRAD0_opsz48-1.svg\" class=\"attachment-full size-full\" alt=\"check_circle_FILL1_wght400_GRAD0_opsz48 1\" \/><\/div><div class=\"tpgb-icon-list-text\"><p>Restaura o equil\u00edbrio da hidrata\u00e7\u00e3o para proporcionar \u00e0 sua pele um brilho saud\u00e1vel e radiante.<\/p><\/div><\/div><div id=\"tooltip69ece2ffcca6b\" class=\"tpgb-icon-list-item tp-repeater-item-0 \"  ><div class=\"tpgb-icon-list-icon\"><img decoding=\"async\" src=\"https:\/\/digitalbusinessdeveloper.com\/estetica\/wp-content\/uploads\/2025\/06\/check_circle_FILL1_wght400_GRAD0_opsz48-1.svg\" class=\"attachment-full size-full\" alt=\"check_circle_FILL1_wght400_GRAD0_opsz48 1\" \/><\/div><div class=\"tpgb-icon-list-text\"><p>Tratamentos personalizados para acne, anti-idade e peles sens\u00edveis.<\/p><\/div><\/div><\/div><\/div>\n<\/div><\/div>\n<\/div><\/div>\n<\/div><\/div>","protected":false},"excerpt":{"rendered":"","protected":false},"author":1,"featured_media":0,"parent":0,"menu_order":0,"comment_status":"closed","ping_status":"closed","template":"","meta":{"tpgb_global_settings":"","footnotes":""},"class_list":["post-53","page","type-page","status-publish","hentry"],"tpgb_featured_images":null,"tpgb_post_meta_info":{"get_date":"21 de junho de 2025","get_modified_date":"29 de junho de 2025","author_name":"Est\u00e9tica","author_url":"https:\/\/digitalbusinessdeveloper.com\/estetica\/author\/miron8547\/","author_email":"one.business.bom@gmail.com","author_website":"https:\/\/digitalbusinessdeveloper.com\/estetica","author_description":"","author_facebook":"","author_twitter":"","author_instagram":"","author_role":["administrator"],"author_firstname":"","author_lastname":"","user_login":"Miron8547@","author_avatar":"<img alt='' src='https:\/\/secure.gravatar.com\/avatar\/5924486c3e144a515ef457360cd44db83137ba2cf95df35d5b293beccc0fee9d?s=200&#038;d=mm&#038;r=g' srcset='https:\/\/secure.gravatar.com\/avatar\/5924486c3e144a515ef457360cd44db83137ba2cf95df35d5b293beccc0fee9d?s=400&#038;d=mm&#038;r=g 2x' class='avatar avatar-200 photo' height='200' width='200' loading='lazy' decoding='async'\/>","author_avatar_url":"https:\/\/secure.gravatar.com\/avatar\/5924486c3e144a515ef457360cd44db83137ba2cf95df35d5b293beccc0fee9d?s=96&d=mm&r=g","comment_count":0,"post_likes":0,"post_views":0},"tpgb_post_category":[],"_links":{"self":[{"href":"https:\/\/digitalbusinessdeveloper.com\/estetica\/wp-json\/wp\/v2\/pages\/53","targetHints":{"allow":["GET"]}}],"collection":[{"href":"https:\/\/digitalbusinessdeveloper.com\/estetica\/wp-json\/wp\/v2\/pages"}],"about":[{"href":"https:\/\/digitalbusinessdeveloper.com\/estetica\/wp-json\/wp\/v2\/types\/page"}],"author":[{"embeddable":true,"href":"https:\/\/digitalbusinessdeveloper.com\/estetica\/wp-json\/wp\/v2\/users\/1"}],"replies":[{"embeddable":true,"href":"https:\/\/digitalbusinessdeveloper.com\/estetica\/wp-json\/wp\/v2\/comments?post=53"}],"version-history":[{"count":9,"href":"https:\/\/digitalbusinessdeveloper.com\/estetica\/wp-json\/wp\/v2\/pages\/53\/revisions"}],"predecessor-version":[{"id":204,"href":"https:\/\/digitalbusinessdeveloper.com\/estetica\/wp-json\/wp\/v2\/pages\/53\/revisions\/204"}],"wp:attachment":[{"href":"https:\/\/digitalbusinessdeveloper.com\/estetica\/wp-json\/wp\/v2\/media?parent=53"}],"curies":[{"name":"wp","href":"https:\/\/api.w.org\/{rel}","templated":true}]}}