{"id":63,"date":"2025-06-22T20:02:44","date_gmt":"2025-06-22T20:02:44","guid":{"rendered":"https:\/\/digitalbusinessdeveloper.com\/constutoras\/about-us-fixpro\/"},"modified":"2025-06-22T21:55:36","modified_gmt":"2025-06-22T21:55:36","slug":"quem-somos","status":"publish","type":"page","link":"https:\/\/digitalbusinessdeveloper.com\/constutoras\/quem-somos\/","title":{"rendered":"Quem Somos"},"content":{"rendered":"<div  class=\"tpgb-container-row tpgb-block-953d_63    alignfull  tpgb-container-inline  tpgb-container-full \" data-id=\"953d_63 \"   >\n<div  class=\"tpgb-container-row tpgb-block-86af_63  tpgb-section-height-min-height   alignwide  tpgb-container-inline  tpgb-container-wide \" data-id=\"86af_63 \"   ><div class=\"tpgb-cont-in\">\n<div  class=\"tpgb-heading-title tpgb-relative-block heading_style tpgb-block-bba3_63  heading-style-1\"><div class=\"sub-style\"><div class=\"head-title \"><h1 class=\"heading-title\">Quem<span class=\"title-s \"> Somos<\/span><\/h1><\/div><div class=\"sub-heading \"><p class=\"heading-sub-title\">Descubra a hist\u00f3ria por tr\u00e1s da FixPro e nosso compromisso inabal\u00e1vel com servi\u00e7os de qualidade. Com anos de experi\u00eancia, garantimos que cada reparo seja feito corretamente na primeira vez.<\/p><\/div><\/div><\/div>\n<\/div><\/div>\n<\/div>\n\n<div  class=\"tpgb-container-row tpgb-block-8fb6_63    alignwide  tpgb-container-inline  tpgb-container-wide \" data-id=\"8fb6_63 \"   ><div class=\"tpgb-cont-in\">\n<div  class=\"tpgb-heading-title tpgb-relative-block heading_style tpgb-block-c131_63  heading-style-1\"><div class=\"sub-style\"><div class=\"head-title \"><h5 class=\"heading-title\">Quem Somos<\/h5><\/div><div class=\"sub-heading \"><h2 class=\"heading-sub-title\">Seus Parceiros Confi\u00e1veis na FixPro Solutions<\/h2><\/div><\/div><\/div>\n\n<div  class=\"tpgb-container-row tpgb-block-dad0_63    alignfull   tpgb-container-full \" data-id=\"dad0_63 \"   >\n<div class=\"tpgb-container-col tpgb-block-beb7_63 \" data-id=\"beb7_63\"  >\n\n<div class=\"wp-block-tpgb-tp-image tpgb-image tpgb-block-0c47_63\"><figure class=\"tpgb-figure\"><img decoding=\"async\" width=\"557\" height=\"378\" src=\"https:\/\/digitalbusinessdeveloper.com\/constutoras\/wp-content\/uploads\/2025\/06\/Solutions.png\" alt=\"\" class=\"tpgb-img-inner wp-image-20\" loading=\"lazy\" srcset=\"https:\/\/digitalbusinessdeveloper.com\/constutoras\/wp-content\/uploads\/2025\/06\/Solutions.png 557w, https:\/\/digitalbusinessdeveloper.com\/constutoras\/wp-content\/uploads\/2025\/06\/Solutions-300x204.png 300w\" sizes=\"auto, (max-width: 557px) 100vw, 557px\" \/><\/figure><\/div>\n\n<\/div>\n\n<div class=\"tpgb-container-col tpgb-block-0a99_63 \" data-id=\"0a99_63\"  >\n<div  class=\"tpgb-heading-title tpgb-relative-block heading_style tpgb-block-0846_63  heading-style-2\"><div class=\"sub-style\"><div class=\"head-title \"><h3 class=\"heading-title\">Parceiro Confi\u00e1vel com Mais de 20 Anos de Excel\u00eancia<\/h3><\/div><div class=\"sub-heading \"><p class=\"heading-sub-title\">Na FixPro, somos mais do que apenas um servi\u00e7o de reparos \u2014 somos seus especialistas de confian\u00e7a para consertos e melhorias residenciais. Nossa equipe de profissionais qualificados \u00e9 dedicada a oferecer solu\u00e7\u00f5es de alta qualidade com precis\u00e3o e cuidado.<\/p><\/div><\/div><\/div>\n\n<div class=\"tpgb-infobox tpgb-relative-block tpgb-trans-linear tpgb-block-541f_63  info-box-style-1 \" ><div class=\"post-inner-loop \"><div class=\"info-box-inner tpgb-trans-linear tpgb_cnt_hvr_effect tpgb-relative-block tp-info-nc cnt_hvr_\"><div class=\"info-box-bg-box tpgb-trans-linear \"><div class=\"service-media text-left \"><div class=\"m-r-16 style-1  \"><div class=\"info-icon-content\"><div class=\"service-icon-wrap tpgb-trans-linear\"><img decoding=\"async\" src=\"https:\/\/digitalbusinessdeveloper.com\/constutoras\/wp-content\/uploads\/2025\/06\/info-box-1.svg\" class=\"service-icon tpgb-trans-linear\" alt=\"Info Box\" \/><\/div><\/div><\/div><div class=\"service-content\"><div class=\"service-title tpgb-trans-linear\">Anos de Experi\u00eancia<\/div><div class=\"service-desc tpgb-trans-linear\">Beneficie-se de profissionais qualificados com um hist\u00f3rico comprovado na presta\u00e7\u00e3o de servi\u00e7os excepcionais de reparos e manuten\u00e7\u00e3o.<\/div><\/div><\/div><\/div><div class=\"infobox-overlay-color tpgb-trans-linear\"><\/div><\/div><\/div><\/div>\n\n<div class=\"tpgb-infobox tpgb-relative-block tpgb-trans-linear tpgb-block-a90f_63  info-box-style-1 \" ><div class=\"post-inner-loop \"><div class=\"info-box-inner tpgb-trans-linear tpgb_cnt_hvr_effect tpgb-relative-block tp-info-nc cnt_hvr_\"><div class=\"info-box-bg-box tpgb-trans-linear \"><div class=\"service-media text-left \"><div class=\"m-r-16 style-1  \"><div class=\"info-icon-content\"><div class=\"service-icon-wrap tpgb-trans-linear\"><img decoding=\"async\" src=\"https:\/\/digitalbusinessdeveloper.com\/constutoras\/wp-content\/uploads\/2025\/06\/info-box-2.svg\" class=\"service-icon tpgb-trans-linear\" alt=\"Info Box\" \/><\/div><\/div><\/div><div class=\"service-content\"><div class=\"service-title tpgb-trans-linear\">Servi\u00e7os R\u00e1pidos<\/div><div class=\"service-desc tpgb-trans-linear\">Experimente solu\u00e7\u00f5es r\u00e1pidas e eficientes para todas as suas necessidades de reparo, exatamente quando voc\u00ea precisar.<\/div><\/div><\/div><\/div><div class=\"infobox-overlay-color tpgb-trans-linear\"><\/div><\/div><\/div><\/div>\n<\/div>\n<\/div>\n<\/div><\/div>\n\n<div  class=\"tpgb-container-row tpgb-block-286e_63    alignwide   tpgb-container-wide \" data-id=\"286e_63 \"   ><div class=\"tpgb-cont-in\">\n<div class=\"tpgb-container-col tpgb-block-fa8d_63 \" data-id=\"fa8d_63\"  >\n<div  class=\"tpgb-heading-title tpgb-relative-block heading_style tpgb-block-cda1_63  heading-style-1\"><div class=\"sub-style\"><div class=\"head-title \"><h5 class=\"heading-title\">Expertise<\/h5><\/div><div class=\"sub-heading \"><h2 class=\"heading-sub-title\">Solu\u00e7\u00f5es Profissionais ao Seu Servi\u00e7o<\/h2><\/div><\/div><\/div>\n\n<div  class=\"tpgb-container-row tpgb-block-72a4_63    alignfull  tpgb-container-inline  tpgb-container-full \" data-id=\"72a4_63 \"   >\n<div class=\"tpgb-progress-bar tpgb-relative-block tpgb-block-1eff_63  \" ><div class=\"progress-bar-media\"><div class=\"prog-title prog-icon\"><span class=\"progres-ims\"><\/span><span class=\"progress-bar-title \">Servi\u00e7os Regulares<\/span><\/div><h5 class=\"counter-number\"><span class=\"theserivce-milestone-number icon-milestone\">100<\/span><span class=\"theserivce-milestone-symbol\">%<\/span><\/h5><\/div><div class=\"progress-bar-skill skill-fill small\"><div class=\"progress-bar-skill-bar-filled\" data-width=\"100%\"><\/div><\/div><\/div>\n\n<div class=\"tpgb-progress-bar tpgb-relative-block tpgb-block-5796_63  \" ><div class=\"progress-bar-media\"><div class=\"prog-title prog-icon\"><span class=\"progres-ims\"><\/span><span class=\"progress-bar-title \">Detec\u00e7\u00e3o de Vazamentos<\/span><\/div><h5 class=\"counter-number\"><span class=\"theserivce-milestone-number icon-milestone\">100<\/span><span class=\"theserivce-milestone-symbol\">%<\/span><\/h5><\/div><div class=\"progress-bar-skill skill-fill small\"><div class=\"progress-bar-skill-bar-filled\" data-width=\"100%\"><\/div><\/div><\/div>\n\n<div class=\"tpgb-progress-bar tpgb-relative-block tpgb-block-14da_63  \" ><div class=\"progress-bar-media\"><div class=\"prog-title prog-icon\"><span class=\"progres-ims\"><\/span><span class=\"progress-bar-title \">Reparo de Canos<\/span><\/div><h5 class=\"counter-number\"><span class=\"theserivce-milestone-number icon-milestone\">100<\/span><span class=\"theserivce-milestone-symbol\">%<\/span><\/h5><\/div><div class=\"progress-bar-skill skill-fill small\"><div class=\"progress-bar-skill-bar-filled\" data-width=\"100%\"><\/div><\/div><\/div>\n<\/div>\n<\/div>\n\n<div class=\"tpgb-container-col tpgb-block-ea05_63 \" data-id=\"ea05_63\"  ><\/div>\n<\/div><\/div>\n\n<div  class=\"tpgb-container-row tpgb-block-c3ed_63    alignfull  tpgb-container-inline  tpgb-container-full \" data-id=\"c3ed_63 \"   >\n<div  class=\"tpgb-container-row tpgb-block-e647_63    alignwide  tpgb-container-inline  tpgb-container-wide \" data-id=\"e647_63 \"   ><div class=\"tpgb-cont-in\">\n<div  class=\"tpgb-heading-title tpgb-relative-block heading_style tpgb-block-53eb_63  heading-style-1\"><div class=\"sub-style\"><div class=\"head-title \"><h5 class=\"heading-title\">Servi\u00e7os<\/h5><\/div><div class=\"sub-heading \"><h2 class=\"heading-sub-title\">Solu\u00e7\u00f5es Abrangentes para Todas as Necessidades de Reparos<\/h2><\/div><\/div><\/div>\n\n<div  class=\"tpgb-container-row tpgb-block-67d4_63    alignfull  tpgb-container-inline  tpgb-container-full \" data-id=\"67d4_63 \"   >\n<div class=\"tpgb-infobox tpgb-relative-block tpgb-trans-linear tpgb-block-b136_63  info-box-style-3 \" ><div class=\"post-inner-loop \"><div class=\"info-box-inner tpgb-trans-linear tpgb_cnt_hvr_effect tpgb-relative-block tp-info-nc cnt_hvr_\"><div class=\"info-box-bg-box tpgb-trans-linear \"><div class=\"text-alignment\"><div class=\"style-3\"><div class=\"info-icon-content\"><div class=\"service-icon-wrap tpgb-trans-linear\"><img decoding=\"async\" src=\"https:\/\/digitalbusinessdeveloper.com\/constutoras\/wp-content\/uploads\/2025\/06\/Service-1.svg\" class=\"service-icon tpgb-trans-linear\" alt=\"Info Box\" \/><\/div><\/div><h4 class=\"service-title tpgb-trans-linear\">Servi\u00e7os Regulares<\/h4><div class=\"service-desc tpgb-trans-linear\">Nossos servi\u00e7os regulares garantem que sua casa permane\u00e7a em \u00f3timo estado, oferecendo manuten\u00e7\u00e3o constante e cuidados especializados para resultados duradouros.\n<\/div><\/div><\/div><\/div><div class=\"infobox-overlay-color tpgb-trans-linear\"><\/div><\/div><\/div><\/div>\n\n<div class=\"tpgb-infobox tpgb-relative-block tpgb-trans-linear tpgb-block-c4b4_63  info-box-style-3 \" ><div class=\"post-inner-loop \"><div class=\"info-box-inner tpgb-trans-linear tpgb_cnt_hvr_effect tpgb-relative-block tp-info-nc cnt_hvr_\"><div class=\"info-box-bg-box tpgb-trans-linear \"><div class=\"text-alignment\"><div class=\"style-3\"><div class=\"info-icon-content\"><div class=\"service-icon-wrap tpgb-trans-linear\"><img decoding=\"async\" src=\"https:\/\/digitalbusinessdeveloper.com\/constutoras\/wp-content\/uploads\/2025\/06\/Service-2-1.svg\" class=\"service-icon tpgb-trans-linear\" alt=\"Info Box\" \/><\/div><\/div><h4 class=\"service-title tpgb-trans-linear\">Reparo de Canos<\/h4><div class=\"service-desc tpgb-trans-linear\">Nosso servi\u00e7o de reparo de canos conserta vazamentos rapidamente e garante o fluxo adequado de \u00e1gua, prevenindo danos maiores \u00e0 sua casa. Confie em nossos especialistas para solu\u00e7\u00f5es eficazes.\n<\/div><\/div><\/div><\/div><div class=\"infobox-overlay-color tpgb-trans-linear\"><\/div><\/div><\/div><\/div>\n\n<div class=\"tpgb-infobox tpgb-relative-block tpgb-trans-linear tpgb-block-b8c0_63  info-box-style-3 \" ><div class=\"post-inner-loop \"><div class=\"info-box-inner tpgb-trans-linear tpgb_cnt_hvr_effect tpgb-relative-block tp-info-nc cnt_hvr_\"><div class=\"info-box-bg-box tpgb-trans-linear \"><div class=\"text-alignment\"><div class=\"style-3\"><div class=\"info-icon-content\"><div class=\"service-icon-wrap tpgb-trans-linear\"><img decoding=\"async\" src=\"https:\/\/digitalbusinessdeveloper.com\/constutoras\/wp-content\/uploads\/2025\/06\/Service-3.svg\" class=\"service-icon tpgb-trans-linear\" alt=\"Info Box\" \/><\/div><\/div><h4 class=\"service-title tpgb-trans-linear\">Detec\u00e7\u00e3o de Vazamentos<\/h4><div class=\"service-desc tpgb-trans-linear\">Nosso servi\u00e7o de detec\u00e7\u00e3o de vazamentos utiliza ferramentas avan\u00e7adas para localizar vazamentos ocultos, economizando seu tempo e prevenindo danos caros causados pela \u00e1gua.\n<\/div><\/div><\/div><\/div><div class=\"infobox-overlay-color tpgb-trans-linear\"><\/div><\/div><\/div><\/div>\n<\/div>\n<\/div><\/div>\n<\/div>\n\n<div  class=\"tpgb-container-row tpgb-block-4f60_63    alignwide  tpgb-container-inline  tpgb-container-wide \" data-id=\"4f60_63 \"   ><div class=\"tpgb-cont-in\">\n<div  class=\"tpgb-heading-title tpgb-relative-block heading_style tpgb-block-44bb_63  heading-style-1\"><div class=\"sub-style\"><div class=\"head-title \"><h5 class=\"heading-title\">Equipe<\/h5><\/div><div class=\"sub-heading \"><h2 class=\"heading-sub-title\">Conhe\u00e7a Nossa Equipe de Especialistas FixPro<\/h2><\/div><\/div><\/div>\n\n<div  class=\"tpgb-wrap-aa93_63  tpgb-wrap-fw \"  ><div id=\"aa93_63\" class=\"tpgb-block-aa93_63 tpgb-relative-block  tpgb-team-member-list team-style-1  \" data-style=\"style-1\" data-layout=\"grid\" data-id=\"aa93_63\"><div class=\"post-loop-inner tpgb-row\"><div class=\"grid-item tpgb-col-12 tpgb-col-lg-4 tpgb-col-md-4 tpgb-col-sm-12\"><div class=\"team-list-content tpgb-trans-linear\"><div class=\"post-content-image\"><a href=\"#\"  aria-label=\"Jerry S. Schreiner\"><div class=\"tpgb-team-profile\"><span class=\"thumb-wrap\"><img loading=\"lazy\" decoding=\"async\" width=\"312\" height=\"352\" src=\"https:\/\/digitalbusinessdeveloper.com\/constutoras\/wp-content\/uploads\/2025\/06\/Team-1-1.png\" class=\"attachment-full size-full\" alt=\"Team 1\" srcset=\"https:\/\/digitalbusinessdeveloper.com\/constutoras\/wp-content\/uploads\/2025\/06\/Team-1-1.png 312w, https:\/\/digitalbusinessdeveloper.com\/constutoras\/wp-content\/uploads\/2025\/06\/Team-1-1-266x300.png 266w\" sizes=\"auto, (max-width: 312px) 100vw, 312px\" \/><\/span><\/div><\/a><div class=\"tpgb-team-social-content\"><div class=\"tpgb-team-social-list\"><\/div><\/div><\/div><div class=\"post-content-bottom\"><h3 class=\"tpgb-post-title\"><a href=\"#\" >Jerry S. Schreiner<\/a><\/h3><div class=\"tpgb-member-designation\">Gerentes de Projetos<\/div><\/div><\/div><\/div><div class=\"grid-item tpgb-col-12 tpgb-col-lg-4 tpgb-col-md-4 tpgb-col-sm-12\"><div class=\"team-list-content tpgb-trans-linear\"><div class=\"post-content-image\"><a href=\"#\"  aria-label=\"Ignacio W. Cooper\"><div class=\"tpgb-team-profile\"><span class=\"thumb-wrap\"><img loading=\"lazy\" decoding=\"async\" width=\"312\" height=\"352\" src=\"https:\/\/digitalbusinessdeveloper.com\/constutoras\/wp-content\/uploads\/2025\/06\/Team-2.png\" class=\"attachment-full size-full\" alt=\"Team 2\" srcset=\"https:\/\/digitalbusinessdeveloper.com\/constutoras\/wp-content\/uploads\/2025\/06\/Team-2.png 312w, https:\/\/digitalbusinessdeveloper.com\/constutoras\/wp-content\/uploads\/2025\/06\/Team-2-266x300.png 266w\" sizes=\"auto, (max-width: 312px) 100vw, 312px\" \/><\/span><\/div><\/a><div class=\"tpgb-team-social-content\"><div class=\"tpgb-team-social-list\"><\/div><\/div><\/div><div class=\"post-content-bottom\"><h3 class=\"tpgb-post-title\"><a href=\"#\" >Ignacio W. Cooper<\/a><\/h3><div class=\"tpgb-member-designation\">Gerente Geral<\/div><\/div><\/div><\/div><div class=\"grid-item tpgb-col-12 tpgb-col-lg-4 tpgb-col-md-4 tpgb-col-sm-12\"><div class=\"team-list-content tpgb-trans-linear\"><div class=\"post-content-image\"><a href=\"#\"  aria-label=\"Ronald T. Prather\"><div class=\"tpgb-team-profile\"><span class=\"thumb-wrap\"><img loading=\"lazy\" decoding=\"async\" width=\"312\" height=\"352\" src=\"https:\/\/digitalbusinessdeveloper.com\/constutoras\/wp-content\/uploads\/2025\/06\/Team-3.png\" class=\"attachment-full size-full\" alt=\"Team 3\" srcset=\"https:\/\/digitalbusinessdeveloper.com\/constutoras\/wp-content\/uploads\/2025\/06\/Team-3.png 312w, https:\/\/digitalbusinessdeveloper.com\/constutoras\/wp-content\/uploads\/2025\/06\/Team-3-266x300.png 266w\" sizes=\"auto, (max-width: 312px) 100vw, 312px\" \/><\/span><\/div><\/a><div class=\"tpgb-team-social-content\"><div class=\"tpgb-team-social-list\"><\/div><\/div><\/div><div class=\"post-content-bottom\"><h3 class=\"tpgb-post-title\"><a href=\"#\" >Ronald T. Prather<\/a><\/h3><div class=\"tpgb-member-designation\">Especialistas em Reparos<\/div><\/div><\/div><\/div><\/div><\/div><\/div>\n<\/div><\/div>","protected":false},"excerpt":{"rendered":"","protected":false},"author":1,"featured_media":0,"parent":0,"menu_order":0,"comment_status":"closed","ping_status":"closed","template":"","meta":{"tpgb_global_settings":"","footnotes":""},"class_list":["post-63","page","type-page","status-publish","hentry"],"tpgb_featured_images":null,"tpgb_post_meta_info":{"get_date":"22 de junho de 2025","get_modified_date":"22 de junho de 2025","author_name":"Constutoras","author_url":"https:\/\/digitalbusinessdeveloper.com\/constutoras\/author\/miron8547\/","author_email":"one.business.bom@gmail.com","author_website":"https:\/\/digitalbusinessdeveloper.com\/constutoras","author_description":"","author_facebook":"","author_twitter":"","author_instagram":"","author_role":["administrator"],"author_firstname":"","author_lastname":"","user_login":"Miron8547@","author_avatar":"<img alt='' src='https:\/\/secure.gravatar.com\/avatar\/5924486c3e144a515ef457360cd44db83137ba2cf95df35d5b293beccc0fee9d?s=200&#038;d=mm&#038;r=g' srcset='https:\/\/secure.gravatar.com\/avatar\/5924486c3e144a515ef457360cd44db83137ba2cf95df35d5b293beccc0fee9d?s=400&#038;d=mm&#038;r=g 2x' class='avatar avatar-200 photo' height='200' width='200' loading='lazy' decoding='async'\/>","author_avatar_url":"https:\/\/secure.gravatar.com\/avatar\/5924486c3e144a515ef457360cd44db83137ba2cf95df35d5b293beccc0fee9d?s=96&d=mm&r=g","comment_count":0,"post_likes":0,"post_views":0},"tpgb_post_category":[],"_links":{"self":[{"href":"https:\/\/digitalbusinessdeveloper.com\/constutoras\/wp-json\/wp\/v2\/pages\/63","targetHints":{"allow":["GET"]}}],"collection":[{"href":"https:\/\/digitalbusinessdeveloper.com\/constutoras\/wp-json\/wp\/v2\/pages"}],"about":[{"href":"https:\/\/digitalbusinessdeveloper.com\/constutoras\/wp-json\/wp\/v2\/types\/page"}],"author":[{"embeddable":true,"href":"https:\/\/digitalbusinessdeveloper.com\/constutoras\/wp-json\/wp\/v2\/users\/1"}],"replies":[{"embeddable":true,"href":"https:\/\/digitalbusinessdeveloper.com\/constutoras\/wp-json\/wp\/v2\/comments?post=63"}],"version-history":[{"count":5,"href":"https:\/\/digitalbusinessdeveloper.com\/constutoras\/wp-json\/wp\/v2\/pages\/63\/revisions"}],"predecessor-version":[{"id":163,"href":"https:\/\/digitalbusinessdeveloper.com\/constutoras\/wp-json\/wp\/v2\/pages\/63\/revisions\/163"}],"wp:attachment":[{"href":"https:\/\/digitalbusinessdeveloper.com\/constutoras\/wp-json\/wp\/v2\/media?parent=63"}],"curies":[{"name":"wp","href":"https:\/\/api.w.org\/{rel}","templated":true}]}}