{"id":52,"date":"2025-06-22T20:02:38","date_gmt":"2025-06-22T20:02:38","guid":{"rendered":"https:\/\/digitalbusinessdeveloper.com\/constutoras\/contact-us-fixpro\/"},"modified":"2025-06-29T19:37:44","modified_gmt":"2025-06-29T19:37:44","slug":"contato","status":"publish","type":"page","link":"https:\/\/digitalbusinessdeveloper.com\/constutoras\/contato\/","title":{"rendered":"Contato"},"content":{"rendered":"<div  class=\"tpgb-container-row tpgb-block-953d_52    alignfull  tpgb-container-inline  tpgb-container-full \" data-id=\"953d_52 \"   >\n<div  class=\"tpgb-container-row tpgb-block-86af_52  tpgb-section-height-min-height   alignwide  tpgb-container-inline  tpgb-container-wide \" data-id=\"86af_52 \"   ><div class=\"tpgb-cont-in\">\n<div  class=\"tpgb-heading-title tpgb-relative-block heading_style tpgb-block-bba3_52  heading-style-1\"><div class=\"sub-style\"><div class=\"head-title \"><h1 class=\"heading-title\">Contato<\/h1><\/div><div class=\"sub-heading \"><p class=\"heading-sub-title\">Entre em contato conosco para todas as suas necessidades de servi\u00e7os gerais e reparos dom\u00e9sticos. Estamos aqui para ajudar voc\u00ea de forma r\u00e1pida e profissional.<\/p><\/div><\/div><\/div>\n<\/div><\/div>\n<\/div>\n\n<div  class=\"tpgb-container-row tpgb-block-0c43_52    alignwide   tpgb-container-wide \" data-id=\"0c43_52 \"   ><div class=\"tpgb-cont-in\">\n<div class=\"tpgb-container-col tpgb-block-5e61_52 \" data-id=\"5e61_52\"  >\n\n<div class=\"wp-block-tpgb-tp-image tpgb-image tpgb-block-5588_52\"><figure class=\"tpgb-figure\"><img decoding=\"async\" width=\"544\" height=\"712\" src=\"https:\/\/digitalbusinessdeveloper.com\/constutoras\/wp-content\/uploads\/2025\/06\/image.png\" alt=\"\" class=\"tpgb-img-inner wp-image-29\" loading=\"lazy\" srcset=\"https:\/\/digitalbusinessdeveloper.com\/constutoras\/wp-content\/uploads\/2025\/06\/image.png 544w, https:\/\/digitalbusinessdeveloper.com\/constutoras\/wp-content\/uploads\/2025\/06\/image-229x300.png 229w\" sizes=\"auto, (max-width: 544px) 100vw, 544px\" \/><\/figure><\/div>\n\n<\/div>\n\n<div class=\"tpgb-container-col tpgb-block-0cbf_52 \" data-id=\"0cbf_52\"  >\n<div class=\"tp-form-block nxt-style-1 tpgb-relative-block tpgb-block-f081_52 \" data-block-id=\"f081_52\"><form id=\"\" class=\"nxt-form\" data-formdata=eTBxVnVhWFQ0SjVnbmswcnZTVXAvVXVFZUhNSWtYaGV0b2JHdXpCZWxOQnVjMTJLUlFjQ1JKQWswWDBJaEx4cUsydGw2VngyS0J1WHBSdnFqVmFmYlZ6K29WZW95QzRpdHJxc2JVajFObWRpV05VVlRpTC83TFErMFF2MlNHeGduVTlncVJLdWtscHZ1S1o3OHRZY3pGb0tIV2JXMUJtQit3a1RBMkprNzFFdi95V1MxaTVIVTI0S21ndHVvMFluVkxpN3p5NGlaV0VzeGVYUzhsYVlGWGVUOUFvSnpRNEI3Tnovbkw4bnl6RmQ3dmZhR3dnRjA3Y2ZtNlBDeFI1YQ==  data-actionOption=\"[{&quot;value&quot;: &quot;Email&quot;, &quot;label&quot;: &quot;Email&quot;}]\">\n\n<div class=\"tp-form-name-field tpgb-block-74b0_52\"><div class=\"nxt-name-input\"><label class=\"nxt-name-label \">Nome Completo<\/label><div class=\"nxt-input-container\"><input class=\"nxt-name-richtext\" type=\"text\" placeholder=\"Nome Completo\" data-required=\"false\" autocomplete=\"off\" name=\"text-field\" maxlength=\"\"\/><\/div><span class=\"nxt-error-show\" data-error-message=\"This field is required.\" data-name-validation=\"false\"><\/span><\/div><\/div>\n\n\n\n<div class=\"tp-form-name-field tpgb-block-5598_52\"><div class=\"nxt-name-input\"><label class=\"nxt-name-label \"><\/label><div class=\"nxt-input-container\"><input class=\"nxt-name-richtext\" type=\"text\" placeholder=\"\u00daltimo Nome\" data-required=\"false\" autocomplete=\"off\" name=\"text-field\" maxlength=\"\"\/><\/div><span class=\"nxt-error-show\" data-error-message=\"This field is required.\" data-name-validation=\"false\"><\/span><\/div><\/div>\n\n\n\n<div class=\"tp-form-email-field tpgb-block-d7ed_52 \"><div class=\"nxt-email-input\"><label class=\"nxt-email-label required\">Email<\/label><div class=\"nxt-input-container\"><input type=\"email\" placeholder=\"Digite seu email\" class=\"nxt-email-richtext\" data-required=\"true\" autocomplete=\"off\" name=\"email\"\/><\/div><span class=\"nxt-error-email\" data-error-message=\"This field is required.\"><\/span><\/div><\/div>\n\n\n\n<div class=\"nxt-number-field tpgb-block-531e_52 \"><div class=\"nxt-number-input\"><label class=\"nxt-number-label \">N\u00famero de telefone<\/label><div class=\"nxt-input-container\"><input type=\"number\" placeholder=\"Digite um n\u00famero de 10 d\u00edgitos\" class=\"nxt-number-richtext\" max=\"\" min=\"\" name=\"number\" data-required=\"false\" oninput=\"javascript: if (this.value.length &gt; this.maxLength) this.value = this.value.slice(0, this.maxLength);\" maxlength=\"15\"\/><\/div><span class=\"nxt-error-number\" data-error-message=\"This field is required.\"><\/span><\/div><\/div>\n\n\n\n<div class=\"tp-form-name-field tpgb-block-eea3_52\"><div class=\"nxt-name-input\"><label class=\"nxt-name-label \">Assunto<\/label><div class=\"nxt-input-container\"><input class=\"nxt-name-richtext\" type=\"text\" placeholder=\"Escreva o assunto\" data-required=\"false\" autocomplete=\"off\" name=\"text-field\" maxlength=\"\"\/><\/div><span class=\"nxt-error-show\" data-error-message=\"This field is required.\" data-name-validation=\"false\"><\/span><\/div><\/div>\n\n\n\n<div class=\"tp-form-message-field tpgb-block-7cb0_52 \"><div class=\"nxt-message-input\"><label class=\"nxt-message-label \">Sua mensagem<\/label><textarea placeholder=\"Escreva aqui...\" class=\"nxt-message-richtext\" data-required=\"false\" autocomplete=\"off\" rows=\"2\" name=\"message\"><\/textarea><span class=\"nxt-message-error\" data-error-message=\"This field is required.\"><\/span><\/div><\/div>\n\n\n\n<div class=\"nxt-submit-button tpgb-block-5b09_52 nxt-btn-block\"><button type=\"submit\" class=\"nxt-submit\"><span class=\"nxt-button-svg \"><i class=\"nxt-btn-symbol fas fa-arrow-right\"><\/i><\/span><span class=\"nxt-btn-text\">Enviar mensagem<\/span><span class=\"nxt-loader\"><\/span><\/button><\/div>\n\n <\/form><span class=\"nxt-success-message\" data-success-message=\"Thank you for your message. It has been sent.\"><\/span><\/div>\n<\/div>\n<\/div><\/div>","protected":false},"excerpt":{"rendered":"","protected":false},"author":1,"featured_media":0,"parent":0,"menu_order":0,"comment_status":"closed","ping_status":"closed","template":"","meta":{"tpgb_global_settings":"","footnotes":""},"class_list":["post-52","page","type-page","status-publish","hentry"],"tpgb_featured_images":null,"tpgb_post_meta_info":{"get_date":"22 de junho de 2025","get_modified_date":"29 de junho de 2025","author_name":"Constutoras","author_url":"https:\/\/digitalbusinessdeveloper.com\/constutoras\/author\/miron8547\/","author_email":"one.business.bom@gmail.com","author_website":"https:\/\/digitalbusinessdeveloper.com\/constutoras","author_description":"","author_facebook":"","author_twitter":"","author_instagram":"","author_role":["administrator"],"author_firstname":"","author_lastname":"","user_login":"Miron8547@","author_avatar":"<img alt='' src='https:\/\/secure.gravatar.com\/avatar\/5924486c3e144a515ef457360cd44db83137ba2cf95df35d5b293beccc0fee9d?s=200&#038;d=mm&#038;r=g' srcset='https:\/\/secure.gravatar.com\/avatar\/5924486c3e144a515ef457360cd44db83137ba2cf95df35d5b293beccc0fee9d?s=400&#038;d=mm&#038;r=g 2x' class='avatar avatar-200 photo' height='200' width='200' loading='lazy' decoding='async'\/>","author_avatar_url":"https:\/\/secure.gravatar.com\/avatar\/5924486c3e144a515ef457360cd44db83137ba2cf95df35d5b293beccc0fee9d?s=96&d=mm&r=g","comment_count":0,"post_likes":0,"post_views":0},"tpgb_post_category":[],"_links":{"self":[{"href":"https:\/\/digitalbusinessdeveloper.com\/constutoras\/wp-json\/wp\/v2\/pages\/52","targetHints":{"allow":["GET"]}}],"collection":[{"href":"https:\/\/digitalbusinessdeveloper.com\/constutoras\/wp-json\/wp\/v2\/pages"}],"about":[{"href":"https:\/\/digitalbusinessdeveloper.com\/constutoras\/wp-json\/wp\/v2\/types\/page"}],"author":[{"embeddable":true,"href":"https:\/\/digitalbusinessdeveloper.com\/constutoras\/wp-json\/wp\/v2\/users\/1"}],"replies":[{"embeddable":true,"href":"https:\/\/digitalbusinessdeveloper.com\/constutoras\/wp-json\/wp\/v2\/comments?post=52"}],"version-history":[{"count":6,"href":"https:\/\/digitalbusinessdeveloper.com\/constutoras\/wp-json\/wp\/v2\/pages\/52\/revisions"}],"predecessor-version":[{"id":275,"href":"https:\/\/digitalbusinessdeveloper.com\/constutoras\/wp-json\/wp\/v2\/pages\/52\/revisions\/275"}],"wp:attachment":[{"href":"https:\/\/digitalbusinessdeveloper.com\/constutoras\/wp-json\/wp\/v2\/media?parent=52"}],"curies":[{"name":"wp","href":"https:\/\/api.w.org\/{rel}","templated":true}]}}