{"id":181,"date":"2025-06-22T21:55:36","date_gmt":"2025-06-22T21:55:36","guid":{"rendered":"https:\/\/digitalbusinessdeveloper.com\/constutoras\/?page_id=181"},"modified":"2025-06-22T21:59:53","modified_gmt":"2025-06-22T21:59:53","slug":"regiao-1","status":"publish","type":"page","link":"https:\/\/digitalbusinessdeveloper.com\/constutoras\/regiao-1\/","title":{"rendered":"Regi\u00e3o 1"},"content":{"rendered":"<div  class=\"tpgb-container-row tpgb-block-953d_181    alignfull  tpgb-container-inline  tpgb-container-full \" data-id=\"953d_181 \"   >\n<div  class=\"tpgb-container-row tpgb-block-86af_181  tpgb-section-height-min-height   alignwide  tpgb-container-inline  tpgb-container-wide \" data-id=\"86af_181 \"   ><div class=\"tpgb-cont-in\">\n<div  class=\"tpgb-heading-title tpgb-relative-block heading_style tpgb-block-bba3_181  heading-style-1\"><div class=\"sub-style\"><div class=\"head-title \"><h1 class=\"heading-title\">Servi\u00e7o<span class=\"title-s \"> Oferecidos<\/span><\/h1><\/div><div class=\"sub-heading \"><p class=\"heading-sub-title\">Explore nossa ampla variedade de servi\u00e7os profissionais de reparos e manuten\u00e7\u00e3o residencial. De encanamento a trabalhos el\u00e9tricos, oferecemos solu\u00e7\u00f5es confi\u00e1veis e personalizadas para suas necessidades.<\/p><\/div><\/div><\/div>\n<\/div><\/div>\n<\/div>\n\n<div  class=\"tpgb-container-row tpgb-block-4379_181    alignwide  tpgb-container-inline  tpgb-container-wide \" data-id=\"4379_181 \"   ><div class=\"tpgb-cont-in\">\n<div  class=\"tpgb-heading-title tpgb-relative-block heading_style tpgb-block-c131_181  heading-style-1\"><div class=\"sub-style\"><div class=\"head-title \"><h5 class=\"heading-title\">Servi\u00e7os em <strong>Lagoa da Concei\u00e7\u00e3o<\/strong> (Florian\u00f3polis)<\/h5><\/div><div class=\"sub-heading \"><h2 class=\"heading-sub-title\"><strong>Lagoa da Concei\u00e7\u00e3o<\/strong> (Florian\u00f3polis)<\/h2><\/div><\/div><\/div>\n\n<div  class=\"tpgb-container-row tpgb-block-67d4_181    alignfull  tpgb-container-inline  tpgb-container-full \" data-id=\"67d4_181 \"   >\n<div class=\"tpgb-infobox tpgb-relative-block tpgb-trans-linear tpgb-block-b136_181  info-box-style-3 \" ><div class=\"post-inner-loop \"><div class=\"info-box-inner tpgb-trans-linear tpgb_cnt_hvr_effect tpgb-relative-block tp-info-nc cnt_hvr_\"><div class=\"info-box-bg-box tpgb-trans-linear \"><div class=\"text-alignment\"><div class=\"style-3\"><div class=\"info-icon-content\"><div class=\"service-icon-wrap tpgb-trans-linear\"><img decoding=\"async\" src=\"https:\/\/digitalbusinessdeveloper.com\/constutoras\/wp-content\/uploads\/2025\/06\/Service-page-1.svg\" class=\"service-icon tpgb-trans-linear\" alt=\"Info Box\" \/><\/div><\/div><h4 class=\"service-title tpgb-trans-linear\">Servi\u00e7os Regulares<\/h4><div class=\"service-desc tpgb-trans-linear\">Nossos servi\u00e7os regulares garantem que sua casa se mantenha em \u00f3timo estado, oferecendo manuten\u00e7\u00e3o constante e cuidados especializados para resultados duradouros.<\/div><\/div><\/div><\/div><div class=\"infobox-overlay-color tpgb-trans-linear\"><\/div><\/div><\/div><\/div>\n\n<div class=\"tpgb-infobox tpgb-relative-block tpgb-trans-linear tpgb-block-c4b4_181  info-box-style-3 \" ><div class=\"post-inner-loop \"><div class=\"info-box-inner tpgb-trans-linear tpgb_cnt_hvr_effect tpgb-relative-block tp-info-nc cnt_hvr_\"><div class=\"info-box-bg-box tpgb-trans-linear \"><div class=\"text-alignment\"><div class=\"style-3\"><div class=\"info-icon-content\"><div class=\"service-icon-wrap tpgb-trans-linear\"><img decoding=\"async\" src=\"https:\/\/digitalbusinessdeveloper.com\/constutoras\/wp-content\/uploads\/2025\/06\/Service-page-2.svg\" class=\"service-icon tpgb-trans-linear\" alt=\"Info Box\" \/><\/div><\/div><h4 class=\"service-title tpgb-trans-linear\">Reparo de Canos<\/h4><div class=\"service-desc tpgb-trans-linear\">Nosso servi\u00e7o de reparo de tubula\u00e7\u00f5es corrige rapidamente vazamentos e garante o fluxo adequado de \u00e1gua, prevenindo danos adicionais \u00e0 sua casa. Confie em nossos especialistas para solu\u00e7\u00f5es.<\/div><\/div><\/div><\/div><div class=\"infobox-overlay-color tpgb-trans-linear\"><\/div><\/div><\/div><\/div>\n\n<div class=\"tpgb-infobox tpgb-relative-block tpgb-trans-linear tpgb-block-b8c0_181  info-box-style-3 \" ><div class=\"post-inner-loop \"><div class=\"info-box-inner tpgb-trans-linear tpgb_cnt_hvr_effect tpgb-relative-block tp-info-nc cnt_hvr_\"><div class=\"info-box-bg-box tpgb-trans-linear \"><div class=\"text-alignment\"><div class=\"style-3\"><div class=\"info-icon-content\"><div class=\"service-icon-wrap tpgb-trans-linear\"><img decoding=\"async\" src=\"https:\/\/digitalbusinessdeveloper.com\/constutoras\/wp-content\/uploads\/2025\/06\/Service-page-3.svg\" class=\"service-icon tpgb-trans-linear\" alt=\"Info Box\" \/><\/div><\/div><h4 class=\"service-title tpgb-trans-linear\">Detec\u00e7\u00e3o de Vazamentos<\/h4><div class=\"service-desc tpgb-trans-linear\">Nosso servi\u00e7o de detec\u00e7\u00e3o de vazamentos utiliza ferramentas avan\u00e7adas para localizar vazamentos ocultos, economizando seu tempo e prevenindo danos caros causados pela \u00e1gua.<\/div><\/div><\/div><\/div><div class=\"infobox-overlay-color tpgb-trans-linear\"><\/div><\/div><\/div><\/div>\n<\/div>\n\n<div  class=\"tpgb-container-row tpgb-block-ab5e_181    alignfull  tpgb-container-inline  tpgb-container-full \" data-id=\"ab5e_181 \"   >\n<div class=\"tpgb-infobox tpgb-relative-block tpgb-trans-linear tpgb-block-47fb_181  info-box-style-3 \" ><div class=\"post-inner-loop \"><div class=\"info-box-inner tpgb-trans-linear tpgb_cnt_hvr_effect tpgb-relative-block tp-info-nc cnt_hvr_\"><div class=\"info-box-bg-box tpgb-trans-linear \"><div class=\"text-alignment\"><div class=\"style-3\"><div class=\"info-icon-content\"><div class=\"service-icon-wrap tpgb-trans-linear\"><img decoding=\"async\" src=\"https:\/\/digitalbusinessdeveloper.com\/constutoras\/wp-content\/uploads\/2025\/06\/Service-page-4.svg\" class=\"service-icon tpgb-trans-linear\" alt=\"Info Box\" \/><\/div><\/div><h4 class=\"service-title tpgb-trans-linear\">Servi\u00e7os de Carpintaria<\/h4><div class=\"service-desc tpgb-trans-linear\">Solu\u00e7\u00f5es de carpintaria especializadas e personalizadas para suas necessidades. De reparos a cria\u00e7\u00f5es sob medida, entregamos trabalho de qualidade para sua casa ou escrit\u00f3rio.<\/div><\/div><\/div><\/div><div class=\"infobox-overlay-color tpgb-trans-linear\"><\/div><\/div><\/div><\/div>\n\n<div class=\"tpgb-infobox tpgb-relative-block tpgb-trans-linear tpgb-block-a26a_181  info-box-style-3 \" ><div class=\"post-inner-loop \"><div class=\"info-box-inner tpgb-trans-linear tpgb_cnt_hvr_effect tpgb-relative-block tp-info-nc cnt_hvr_\"><div class=\"info-box-bg-box tpgb-trans-linear \"><div class=\"text-alignment\"><div class=\"style-3\"><div class=\"info-icon-content\"><div class=\"service-icon-wrap tpgb-trans-linear\"><img decoding=\"async\" src=\"https:\/\/digitalbusinessdeveloper.com\/constutoras\/wp-content\/uploads\/2025\/06\/Service-page-5.svg\" class=\"service-icon tpgb-trans-linear\" alt=\"Info Box\" \/><\/div><\/div><h4 class=\"service-title tpgb-trans-linear\">Servi\u00e7os de Pintura<\/h4><div class=\"service-desc tpgb-trans-linear\">Transforme seus espa\u00e7os com nossos servi\u00e7os de pintura profissional. Garantimos acabamentos impec\u00e1veis e cores vibrantes para cada ambiente.<\/div><\/div><\/div><\/div><div class=\"infobox-overlay-color tpgb-trans-linear\"><\/div><\/div><\/div><\/div>\n\n<div class=\"tpgb-infobox tpgb-relative-block tpgb-trans-linear tpgb-block-9037_181  info-box-style-3 \" ><div class=\"post-inner-loop \"><div class=\"info-box-inner tpgb-trans-linear tpgb_cnt_hvr_effect tpgb-relative-block tp-info-nc cnt_hvr_\"><div class=\"info-box-bg-box tpgb-trans-linear \"><div class=\"text-alignment\"><div class=\"style-3\"><div class=\"info-icon-content\"><div class=\"service-icon-wrap tpgb-trans-linear\"><img decoding=\"async\" src=\"https:\/\/digitalbusinessdeveloper.com\/constutoras\/wp-content\/uploads\/2025\/06\/Service-page-6.svg\" class=\"service-icon tpgb-trans-linear\" alt=\"Info Box\" \/><\/div><\/div><h4 class=\"service-title tpgb-trans-linear\">Servi\u00e7os Eletr\u00f4nicos<\/h4><div class=\"service-desc tpgb-trans-linear\">Servi\u00e7os eletr\u00f4nicos especializados para manter seus dispositivos funcionando perfeitamente. De reparos a instala\u00e7\u00f5es, cuidamos de tudo.<\/div><\/div><\/div><\/div><div class=\"infobox-overlay-color tpgb-trans-linear\"><\/div><\/div><\/div><\/div>\n<\/div>\n<\/div><\/div>","protected":false},"excerpt":{"rendered":"","protected":false},"author":1,"featured_media":0,"parent":0,"menu_order":0,"comment_status":"closed","ping_status":"closed","template":"","meta":{"tpgb_global_settings":"","footnotes":""},"class_list":["post-181","page","type-page","status-publish","hentry"],"tpgb_featured_images":null,"tpgb_post_meta_info":{"get_date":"22 de junho de 2025","get_modified_date":"22 de junho de 2025","author_name":"Constutoras","author_url":"https:\/\/digitalbusinessdeveloper.com\/constutoras\/author\/miron8547\/","author_email":"one.business.bom@gmail.com","author_website":"https:\/\/digitalbusinessdeveloper.com\/constutoras","author_description":"","author_facebook":"","author_twitter":"","author_instagram":"","author_role":["administrator"],"author_firstname":"","author_lastname":"","user_login":"Miron8547@","author_avatar":"<img alt='' src='https:\/\/secure.gravatar.com\/avatar\/5924486c3e144a515ef457360cd44db83137ba2cf95df35d5b293beccc0fee9d?s=200&#038;d=mm&#038;r=g' srcset='https:\/\/secure.gravatar.com\/avatar\/5924486c3e144a515ef457360cd44db83137ba2cf95df35d5b293beccc0fee9d?s=400&#038;d=mm&#038;r=g 2x' class='avatar avatar-200 photo' height='200' width='200' loading='lazy' decoding='async'\/>","author_avatar_url":"https:\/\/secure.gravatar.com\/avatar\/5924486c3e144a515ef457360cd44db83137ba2cf95df35d5b293beccc0fee9d?s=96&d=mm&r=g","comment_count":0,"post_likes":0,"post_views":0},"tpgb_post_category":[],"_links":{"self":[{"href":"https:\/\/digitalbusinessdeveloper.com\/constutoras\/wp-json\/wp\/v2\/pages\/181","targetHints":{"allow":["GET"]}}],"collection":[{"href":"https:\/\/digitalbusinessdeveloper.com\/constutoras\/wp-json\/wp\/v2\/pages"}],"about":[{"href":"https:\/\/digitalbusinessdeveloper.com\/constutoras\/wp-json\/wp\/v2\/types\/page"}],"author":[{"embeddable":true,"href":"https:\/\/digitalbusinessdeveloper.com\/constutoras\/wp-json\/wp\/v2\/users\/1"}],"replies":[{"embeddable":true,"href":"https:\/\/digitalbusinessdeveloper.com\/constutoras\/wp-json\/wp\/v2\/comments?post=181"}],"version-history":[{"count":2,"href":"https:\/\/digitalbusinessdeveloper.com\/constutoras\/wp-json\/wp\/v2\/pages\/181\/revisions"}],"predecessor-version":[{"id":187,"href":"https:\/\/digitalbusinessdeveloper.com\/constutoras\/wp-json\/wp\/v2\/pages\/181\/revisions\/187"}],"wp:attachment":[{"href":"https:\/\/digitalbusinessdeveloper.com\/constutoras\/wp-json\/wp\/v2\/media?parent=181"}],"curies":[{"name":"wp","href":"https:\/\/api.w.org\/{rel}","templated":true}]}}